{"id":1889,"date":"2022-08-11T13:57:45","date_gmt":"2022-08-11T11:57:45","guid":{"rendered":"https:\/\/wp.unil.ch\/hrp\/?page_id=1889"},"modified":"2024-11-08T13:51:33","modified_gmt":"2024-11-08T12:51:33","slug":"diffusion-des-resultats-et-communication","status":"publish","type":"page","link":"https:\/\/wp.unil.ch\/hrp\/en\/diffusion-des-resultats-et-communication\/","title":{"rendered":"Results dissemination &amp; communication"},"content":{"rendered":"<figure class=\"wp-block-image size-full is-resized\" id=\"analyse\"><img alt=\"\" loading=\"lazy\" decoding=\"async\" width=\"1238\" height=\"373\" src=\"http:\/\/wp.unil.ch\/hrp\/files\/2022\/09\/results.png\" class=\"wp-image-1840\" style=\"width:310px;height:93px\" srcset=\"https:\/\/wp.unil.ch\/hrp\/files\/2022\/09\/results.png 1238w, https:\/\/wp.unil.ch\/hrp\/files\/2022\/09\/results-300x90.png 300w, https:\/\/wp.unil.ch\/hrp\/files\/2022\/09\/results-1024x309.png 1024w, https:\/\/wp.unil.ch\/hrp\/files\/2022\/09\/results-768x231.png 768w, https:\/\/wp.unil.ch\/hrp\/files\/2022\/09\/results-18x5.png 18w, https:\/\/wp.unil.ch\/hrp\/files\/2022\/09\/results-540x163.png 540w, https:\/\/wp.unil.ch\/hrp\/files\/2022\/09\/results-1080x325.png 1080w\" sizes=\"auto, (max-width: 1238px) 100vw, 1238px\" \/><\/figure>\n\n\n\n<p style=\"font-size:45px\">1. Data analysis<\/p>\n\n\n\n<div class=\"wp-block-columns is-layout-flex wp-container-core-columns-is-layout-9d6595d7 wp-block-columns-is-layout-flex\">\n<div class=\"wp-block-column is-layout-flow wp-block-column-is-layout-flow\"><\/div>\n\n\n\n<div class=\"wp-block-column is-layout-flow wp-block-column-is-layout-flow\" style=\"flex-basis:85%\">\n<p class=\"justifier\" style=\"font-size:20px\">The healthcare research platform staff can perform or help you in performing a <strong>wide range of statistical analyses<\/strong>. The platform is experienced in doing analyses for systematic reviews (i.e. meta-analysis, meta-regressions, network meta-analysis), evaluations of measurement properties (reliability, measurement error, agreement, diagnostic test accuracy, exploratory and confirmatory factor analyses, etc.), analysis of associations, causal inference analyses, structural equation modeling, analyses of case-control studies, cohort studies or randomized controlled trials (parallel design, cross-over, clustered). If you would like to perform the analysis yourself, the platform can assist you with checklists, code templates, interpretation-guides, error detection procedures, etc. The platform puts an emphasis on <strong>reproducible analyses<\/strong>, i.e. that all steps are documented with executable code.<\/p>\n\n\n\n<p class=\"justifier\" style=\"font-size:20px\">If you would like to<strong> make the data available<\/strong> along with your manuscript, the platform can help you to make sure that the data do not allow the identification of individuals, and can assist you in the production of meta-data so that data and meta-data both fulfill the <strong>FAIR principles <\/strong>(i.e. data and meta-data should be Findable, Accessible, Interoperable and Reusable  (see also services related to the Data Management Plan (DMP)).<\/p>\n\n\n\n<p><\/p>\n\n\n\n<p><\/p>\n<\/div>\n\n\n\n<div class=\"wp-block-column is-layout-flow wp-block-column-is-layout-flow\"><\/div>\n<\/div>\n\n\n\n<div style=\"height:90px\" aria-hidden=\"true\" id=\"redaction\" class=\"wp-block-spacer\"><\/div>\n\n\n\n<p style=\"font-size:45px\">2. Writing of reports, scientific articles, etc.<\/p>\n\n\n\n<div class=\"wp-block-columns is-layout-flex wp-container-core-columns-is-layout-9d6595d7 wp-block-columns-is-layout-flex\">\n<div class=\"wp-block-column is-layout-flow wp-block-column-is-layout-flow\"><\/div>\n\n\n\n<div class=\"wp-block-column is-layout-flow wp-block-column-is-layout-flow\" style=\"flex-basis:85%\">\n<div class=\"wp-block-group is-vertical is-layout-flex wp-container-core-group-is-layout-8cf370e7 wp-block-group-is-layout-flex\">\n<p class=\"justifier\" style=\"font-size:20px\">La plateforme de recherche en soins peut vous guider dans la r\u00e9daction de protocoles de recherche, de demandes de subventions ou de soumissions au comit\u00e9 d&rsquo;\u00e9thique. Pour la <strong>writing of reports and scientific manuscripts<\/strong>, the platform can provide various tools and services such as tools and advice to <strong>identify the best matching journals to increase the chances of acceptance<\/strong> and to make sure that the article is <strong>read by the target audience<\/strong>. La plateforme peut vous aider \u00e0 produire des tableaux et des figures, y compris le formatage demand\u00e9 par la revue cible correspondante. Elle peut r\u00e9viser votre manuscrit conform\u00e9ment aux lignes directrices applicables aux rapports. Elle peut \u00e9galement vous fournir des outils pour les contr\u00f4les anti-plagiat ou vous aider \u00e0 r\u00e9soudre les probl\u00e8mes de licence (par exemple, obtenir l&rsquo;autorisation de r\u00e9utiliser une figure, trouver la licence appropri\u00e9e pour votre manuscrit).<\/p>\n\n\n\n<p class=\"justifier\" style=\"font-size:20px\"><a rel=\"noreferrer noopener\" href=\"https:\/\/wp.unil.ch\/hrp\/en\/nous-contacter\/\" data-type=\"page\" data-id=\"187\" target=\"_blank\">Please contact the platform to discuss your needs<\/a>.<\/p>\n<\/div>\n\n\n\n<p><\/p>\n<\/div>\n\n\n\n<div class=\"wp-block-column is-layout-flow wp-block-column-is-layout-flow\"><\/div>\n<\/div>\n\n\n\n<div style=\"height:100px\" aria-hidden=\"true\" class=\"wp-block-spacer\"><\/div>\n\n\n<div class=\"wp-block-image\">\n<figure class=\"aligncenter size-full is-resized\"><a href=\"https:\/\/wp.unil.ch\/hrp\/en\/prestations\/\"><img alt=\"\" loading=\"lazy\" decoding=\"async\" width=\"467\" height=\"534\" src=\"http:\/\/wp.unil.ch\/hrp\/files\/2022\/07\/Monitor_textEN.png\" class=\"wp-image-1667\" style=\"width:234px;height:267px\" srcset=\"https:\/\/wp.unil.ch\/hrp\/files\/2022\/07\/Monitor_textEN.png 467w, https:\/\/wp.unil.ch\/hrp\/files\/2022\/07\/Monitor_textEN-262x300.png 262w, https:\/\/wp.unil.ch\/hrp\/files\/2022\/07\/Monitor_textEN-10x12.png 10w\" sizes=\"auto, (max-width: 467px) 100vw, 467px\" \/><\/a><\/figure>\n<\/div>","protected":false},"excerpt":{"rendered":"<p>1. Analyse des donn\u00e9es Le personnel de la plateforme de recherche en soins peut effectuer ou vous aider \u00e0 effectuer un large \u00e9ventail d&rsquo;analyses statistiques. La plateforme est&hellip;<\/p>","protected":false},"author":1002441,"featured_media":2260,"parent":0,"menu_order":0,"comment_status":"closed","ping_status":"closed","template":"template-full-width-cover.php","meta":{"_seopress_robots_primary_cat":"","_seopress_titles_title":"","_seopress_titles_desc":"","_seopress_robots_index":"","footnotes":""},"class_list":["post-1889","page","type-page","status-publish","has-post-thumbnail"],"_links":{"self":[{"href":"https:\/\/wp.unil.ch\/hrp\/en\/wp-json\/wp\/v2\/pages\/1889","targetHints":{"allow":["GET"]}}],"collection":[{"href":"https:\/\/wp.unil.ch\/hrp\/en\/wp-json\/wp\/v2\/pages"}],"about":[{"href":"https:\/\/wp.unil.ch\/hrp\/en\/wp-json\/wp\/v2\/types\/page"}],"author":[{"embeddable":true,"href":"https:\/\/wp.unil.ch\/hrp\/en\/wp-json\/wp\/v2\/users\/1002441"}],"replies":[{"embeddable":true,"href":"https:\/\/wp.unil.ch\/hrp\/en\/wp-json\/wp\/v2\/comments?post=1889"}],"version-history":[{"count":1,"href":"https:\/\/wp.unil.ch\/hrp\/en\/wp-json\/wp\/v2\/pages\/1889\/revisions"}],"predecessor-version":[{"id":3257,"href":"https:\/\/wp.unil.ch\/hrp\/en\/wp-json\/wp\/v2\/pages\/1889\/revisions\/3257"}],"wp:featuredmedia":[{"embeddable":true,"href":"https:\/\/wp.unil.ch\/hrp\/en\/wp-json\/wp\/v2\/media\/2260"}],"wp:attachment":[{"href":"https:\/\/wp.unil.ch\/hrp\/en\/wp-json\/wp\/v2\/media?parent=1889"}],"curies":[{"name":"wp","href":"https:\/\/api.w.org\/{rel}","templated":true}]}}