{"id":1886,"date":"2022-08-11T13:57:14","date_gmt":"2022-08-11T11:57:14","guid":{"rendered":"https:\/\/wp.unil.ch\/hrp\/?page_id=1886"},"modified":"2022-09-12T12:29:05","modified_gmt":"2022-09-12T10:29:05","slug":"conduite-detude-et-operations","status":"publish","type":"page","link":"https:\/\/wp.unil.ch\/hrp\/en\/conduite-detude-et-operations\/","title":{"rendered":"Study conduct &amp; operations"},"content":{"rendered":"<figure class=\"wp-block-image size-full is-resized\"><img alt=\"\" loading=\"lazy\" decoding=\"async\" src=\"http:\/\/wp.unil.ch\/hrp\/files\/2022\/09\/study_conduct.png\" class=\"wp-image-1839\" width=\"464\" height=\"94\" srcset=\"https:\/\/wp.unil.ch\/hrp\/files\/2022\/09\/study_conduct.png 1854w, https:\/\/wp.unil.ch\/hrp\/files\/2022\/09\/study_conduct-300x61.png 300w, https:\/\/wp.unil.ch\/hrp\/files\/2022\/09\/study_conduct-1024x207.png 1024w, https:\/\/wp.unil.ch\/hrp\/files\/2022\/09\/study_conduct-768x155.png 768w, https:\/\/wp.unil.ch\/hrp\/files\/2022\/09\/study_conduct-1536x310.png 1536w, https:\/\/wp.unil.ch\/hrp\/files\/2022\/09\/study_conduct-18x4.png 18w, https:\/\/wp.unil.ch\/hrp\/files\/2022\/09\/study_conduct-540x109.png 540w, https:\/\/wp.unil.ch\/hrp\/files\/2022\/09\/study_conduct-1080x218.png 1080w\" sizes=\"auto, (max-width: 464px) 100vw, 464px\" \/><\/figure>\n\n\n\n<div style=\"height:29px\" aria-hidden=\"true\" class=\"wp-block-spacer\"><\/div>\n\n\n\n<div class=\"wp-block-columns is-layout-flex wp-container-core-columns-is-layout-9d6595d7 wp-block-columns-is-layout-flex\">\n<div class=\"wp-block-column is-layout-flow wp-block-column-is-layout-flow\"><\/div>\n\n\n\n<div class=\"wp-block-column is-layout-flow wp-block-column-is-layout-flow\" style=\"flex-basis:85%\">\n<div class=\"wp-block-group justifier is-vertical is-layout-flex wp-container-core-group-is-layout-8cf370e7 wp-block-group-is-layout-flex\">\n<div class=\"wp-block-group justifier is-vertical is-layout-flex wp-container-core-group-is-layout-8cf370e7 wp-block-group-is-layout-flex\">\n<p class=\"justifier translation-block\" style=\"font-size:20px\">The healthcare research platform can support you <strong>throughout the conduct of the study<\/strong>. This includes various stages, including <strong>preparation, activation, conduct<\/strong> but also <strong>closure<\/strong> and <strong>archiving<\/strong> of the study.<\/p>\n\n\n\n<p style=\"font-size:20px\">The platform <strong>adapts to your expectations<\/strong> by intervening during the entire process of conducting the study or only for certain specific stages. For each step, <strong>documents summarising the tasks to be carried out<\/strong> and the <strong>operational documents<\/strong> will be <strong>at your disposal<\/strong>.<\/p>\n\n\n\n<p style=\"font-size:20px\">In order to best define your needs, <a href=\"https:\/\/wp.unil.ch\/hrp\/en\/nous-contacter\/\" data-type=\"page\" data-id=\"187\" target=\"_blank\" rel=\"noreferrer noopener\">please contact the platform.<\/a><\/p>\n<\/div>\n<\/div>\n<\/div>\n\n\n\n<div class=\"wp-block-column is-layout-flow wp-block-column-is-layout-flow\"><\/div>\n<\/div>\n\n\n\n<div style=\"height:100px\" aria-hidden=\"true\" class=\"wp-block-spacer\"><\/div>\n\n\n<div class=\"wp-block-image\">\n<figure class=\"aligncenter size-full is-resized\"><a href=\"https:\/\/wp.unil.ch\/hrp\/en\/prestations\/\"><img alt=\"\" loading=\"lazy\" decoding=\"async\" src=\"http:\/\/wp.unil.ch\/hrp\/files\/2022\/07\/Monitor_textEN.png\" class=\"wp-image-1667\" width=\"234\" height=\"267\" srcset=\"https:\/\/wp.unil.ch\/hrp\/files\/2022\/07\/Monitor_textEN.png 467w, https:\/\/wp.unil.ch\/hrp\/files\/2022\/07\/Monitor_textEN-262x300.png 262w, https:\/\/wp.unil.ch\/hrp\/files\/2022\/07\/Monitor_textEN-10x12.png 10w\" sizes=\"auto, (max-width: 234px) 100vw, 234px\" \/><\/a><\/figure>\n<\/div>","protected":false},"excerpt":{"rendered":"<p>La plateforme de recherche en soins peut vous apporter son soutien tout au long de la conduite d\u2019\u00e9tude. Celle-ci comprend diff\u00e9rentes \u00e9tapes dont la pr\u00e9paration, l\u2019activation, la conduite&hellip;<\/p>","protected":false},"author":1002441,"featured_media":2260,"parent":0,"menu_order":0,"comment_status":"closed","ping_status":"closed","template":"template-full-width-cover.php","meta":{"_seopress_robots_primary_cat":"","_seopress_titles_title":"","_seopress_titles_desc":"","_seopress_robots_index":"","footnotes":""},"class_list":["post-1886","page","type-page","status-publish","has-post-thumbnail"],"_links":{"self":[{"href":"https:\/\/wp.unil.ch\/hrp\/en\/wp-json\/wp\/v2\/pages\/1886","targetHints":{"allow":["GET"]}}],"collection":[{"href":"https:\/\/wp.unil.ch\/hrp\/en\/wp-json\/wp\/v2\/pages"}],"about":[{"href":"https:\/\/wp.unil.ch\/hrp\/en\/wp-json\/wp\/v2\/types\/page"}],"author":[{"embeddable":true,"href":"https:\/\/wp.unil.ch\/hrp\/en\/wp-json\/wp\/v2\/users\/1002441"}],"replies":[{"embeddable":true,"href":"https:\/\/wp.unil.ch\/hrp\/en\/wp-json\/wp\/v2\/comments?post=1886"}],"version-history":[{"count":0,"href":"https:\/\/wp.unil.ch\/hrp\/en\/wp-json\/wp\/v2\/pages\/1886\/revisions"}],"wp:featuredmedia":[{"embeddable":true,"href":"https:\/\/wp.unil.ch\/hrp\/en\/wp-json\/wp\/v2\/media\/2260"}],"wp:attachment":[{"href":"https:\/\/wp.unil.ch\/hrp\/en\/wp-json\/wp\/v2\/media?parent=1886"}],"curies":[{"name":"wp","href":"https:\/\/api.w.org\/{rel}","templated":true}]}}