{"id":183,"date":"2022-05-18T09:59:44","date_gmt":"2022-05-18T07:59:44","guid":{"rendered":"https:\/\/wp.unil.ch\/hrp\/?page_id=183"},"modified":"2024-11-08T14:33:51","modified_gmt":"2024-11-08T13:33:51","slug":"prestations","status":"publish","type":"page","link":"https:\/\/wp.unil.ch\/hrp\/en\/prestations\/","title":{"rendered":"Service center"},"content":{"rendered":"<div class=\"wp-block-columns is-layout-flex wp-container-core-columns-is-layout-9d6595d7 wp-block-columns-is-layout-flex\">\n<div class=\"wp-block-column is-layout-flow wp-block-column-is-layout-flow\">\n<figure class=\"wp-block-image size-large\"><img alt=\"\" loading=\"lazy\" decoding=\"async\" width=\"1024\" height=\"254\" src=\"http:\/\/wp.unil.ch\/hrp\/files\/2022\/09\/study_design_planing.png\" class=\"wp-image-1837\" srcset=\"https:\/\/wp.unil.ch\/hrp\/files\/2022\/09\/study_design_planing.png 1509w, https:\/\/wp.unil.ch\/hrp\/files\/2022\/09\/study_design_planing-300x74.png 300w, https:\/\/wp.unil.ch\/hrp\/files\/2022\/09\/study_design_planing-1024x254.png 1024w, https:\/\/wp.unil.ch\/hrp\/files\/2022\/09\/study_design_planing-768x190.png 768w, https:\/\/wp.unil.ch\/hrp\/files\/2022\/09\/study_design_planing-18x4.png 18w, https:\/\/wp.unil.ch\/hrp\/files\/2022\/09\/study_design_planing-540x134.png 540w, https:\/\/wp.unil.ch\/hrp\/files\/2022\/09\/study_design_planing-1080x268.png 1080w\" sizes=\"auto, (max-width: 1024px) 100vw, 1024px\" \/><\/figure>\n<\/div>\n\n\n\n<div class=\"wp-block-column is-layout-flow wp-block-column-is-layout-flow\">\n<figure class=\"wp-block-image size-large\"><img alt=\"\" loading=\"lazy\" decoding=\"async\" width=\"1024\" height=\"207\" src=\"http:\/\/wp.unil.ch\/hrp\/files\/2022\/09\/study_conduct.png\" class=\"wp-image-1839\" srcset=\"https:\/\/wp.unil.ch\/hrp\/files\/2022\/09\/study_conduct.png 1854w, https:\/\/wp.unil.ch\/hrp\/files\/2022\/09\/study_conduct-300x61.png 300w, https:\/\/wp.unil.ch\/hrp\/files\/2022\/09\/study_conduct-1024x207.png 1024w, https:\/\/wp.unil.ch\/hrp\/files\/2022\/09\/study_conduct-768x155.png 768w, https:\/\/wp.unil.ch\/hrp\/files\/2022\/09\/study_conduct-1536x310.png 1536w, https:\/\/wp.unil.ch\/hrp\/files\/2022\/09\/study_conduct-18x4.png 18w, https:\/\/wp.unil.ch\/hrp\/files\/2022\/09\/study_conduct-540x109.png 540w, https:\/\/wp.unil.ch\/hrp\/files\/2022\/09\/study_conduct-1080x218.png 1080w\" sizes=\"auto, (max-width: 1024px) 100vw, 1024px\" \/><\/figure>\n<\/div>\n\n\n\n<div class=\"wp-block-column is-layout-flow wp-block-column-is-layout-flow\">\n<figure class=\"wp-block-image size-large\"><img alt=\"\" loading=\"lazy\" decoding=\"async\" width=\"1024\" height=\"309\" src=\"http:\/\/wp.unil.ch\/hrp\/files\/2022\/09\/results.png\" class=\"wp-image-1840\" srcset=\"https:\/\/wp.unil.ch\/hrp\/files\/2022\/09\/results.png 1238w, https:\/\/wp.unil.ch\/hrp\/files\/2022\/09\/results-300x90.png 300w, https:\/\/wp.unil.ch\/hrp\/files\/2022\/09\/results-1024x309.png 1024w, https:\/\/wp.unil.ch\/hrp\/files\/2022\/09\/results-768x231.png 768w, https:\/\/wp.unil.ch\/hrp\/files\/2022\/09\/results-18x5.png 18w, https:\/\/wp.unil.ch\/hrp\/files\/2022\/09\/results-540x163.png 540w, https:\/\/wp.unil.ch\/hrp\/files\/2022\/09\/results-1080x325.png 1080w\" sizes=\"auto, (max-width: 1024px) 100vw, 1024px\" \/><\/figure>\n<\/div>\n<\/div>\n\n\n\n<div class=\"wp-block-columns is-layout-flex wp-container-core-columns-is-layout-9d6595d7 wp-block-columns-is-layout-flex\">\n<div class=\"wp-block-column is-layout-flow wp-block-column-is-layout-flow\" style=\"flex-basis:40%\">\n<div class=\"wp-block-group is-vertical is-content-justification-left is-layout-flex wp-container-core-group-is-layout-c0ca7d81 wp-block-group-is-layout-flex\">\n<p class=\"has-primary-color has-text-color\" style=\"font-size:20px\"><a href=\"https:\/\/wp.unil.ch\/hrp\/en\/design-detude-et-planification\/#contrats\" data-type=\"URL\" data-id=\"https:\/\/wp.unil.ch\/hrp\/design-detude-et-planification\/#contrats\">1. Contracts, funding and budget <\/a><\/p>\n\n\n\n<p class=\"has-primary-color has-text-color\" style=\"font-size:20px\"><a href=\"https:\/\/wp.unil.ch\/hrp\/en\/design-detude-et-planification\/#metho\" data-type=\"URL\" data-id=\"https:\/\/wp.unil.ch\/hrp\/design-detude-et-planification\/#metho\">2. Methodology and statistics<\/a><\/p>\n\n\n\n<p class=\"has-primary-color has-text-color\" style=\"font-size:20px\"><a href=\"https:\/\/wp.unil.ch\/hrp\/en\/design-detude-et-planification\/#gestion\" data-type=\"URL\" data-id=\"https:\/\/wp.unil.ch\/hrp\/design-detude-et-planification\/#gestion\">3. Research data management<\/a><\/p>\n<\/div>\n<\/div>\n\n\n\n<div class=\"wp-block-column is-layout-flow wp-block-column-is-layout-flow\" style=\"flex-basis:45%\">\n<div class=\"wp-block-group is-vertical is-content-justification-left is-layout-flex wp-container-core-group-is-layout-c0ca7d81 wp-block-group-is-layout-flex\">\n<p class=\"has-primary-color has-text-color\" style=\"font-size:20px\"><a href=\"https:\/\/wp.unil.ch\/hrp\/en\/conduite-detude-et-operations\/\" data-type=\"page\" data-id=\"1886\">1. Study preparation<\/a><\/p>\n\n\n\n<p class=\"has-primary-color has-text-color\" style=\"font-size:20px\"><a href=\"https:\/\/wp.unil.ch\/hrp\/en\/conduite-detude-et-operations\/\" data-type=\"page\" data-id=\"1886\">2. Study activation and conduct<\/a><\/p>\n\n\n\n<p class=\"has-primary-color has-text-color\" style=\"font-size:20px\"><a href=\"https:\/\/wp.unil.ch\/hrp\/en\/conduite-detude-et-operations\/\" data-type=\"page\" data-id=\"1886\">3. Study close out and archiving<\/a><\/p>\n<\/div>\n<\/div>\n\n\n\n<div class=\"wp-block-column is-layout-flow wp-block-column-is-layout-flow\" style=\"flex-basis:30%\">\n<div class=\"wp-block-group is-vertical is-layout-flex wp-container-core-group-is-layout-8cf370e7 wp-block-group-is-layout-flex\">\n<p class=\"has-primary-color has-text-color\" style=\"font-size:20px\"><a href=\"https:\/\/wp.unil.ch\/hrp\/en\/diffusion-des-resultats-et-communication\/#analyse\" data-type=\"URL\" data-id=\"https:\/\/wp.unil.ch\/hrp\/diffusion-des-resultats-et-communication\/#analyse\">1. Data analysis<\/a><\/p>\n\n\n\n<p class=\"has-primary-color has-text-color\" style=\"font-size:20px\"><a href=\"https:\/\/wp.unil.ch\/hrp\/en\/diffusion-des-resultats-et-communication\/#redaction\" data-type=\"URL\" data-id=\"https:\/\/wp.unil.ch\/hrp\/diffusion-des-resultats-et-communication\/#redaction\">2. Writing of reports, scientific articles, etc.<\/a><\/p>\n<\/div>\n<\/div>\n<\/div>\n\n\n\n<div style=\"height:2px\" aria-hidden=\"true\" class=\"wp-block-spacer\"><\/div>\n\n\n\n<div class=\"wp-block-group is-vertical is-content-justification-center is-layout-flex wp-container-core-group-is-layout-4b2eccd6 wp-block-group-is-layout-flex\">\n<p class=\"has-text-align-center w4 has-primary-color has-text-color has-background has-normal-font-size\" style=\"background-color:#ededed\"><a href=\"https:\/\/wp.unil.ch\/hrp\/en\/monitoring\/\" data-type=\"page\" data-id=\"1892\">Monitoring management<em> (only ClinO &amp; ClinO-MD)<\/em><\/a><\/p>\n\n\n\n<p class=\"has-text-align-center w4 has-primary-color has-text-color has-background has-normal-font-size\" style=\"background-color:#ededed\"><a href=\"https:\/\/wp.unil.ch\/hrp\/en\/qualite\/\" data-type=\"page\" data-id=\"1895\">Quality assurance system<\/a><\/p>\n\n\n\n<p class=\"has-text-align-center w4 has-primary-color has-text-color has-background has-normal-font-size\" style=\"background-color:#ededed\"><a href=\"https:\/\/wp.unil.ch\/hrp\/en\/gestion-de-projet\/\" data-type=\"page\" data-id=\"2154\">Project management<\/a><\/p>\n<\/div>\n\n\n\n<div class=\"wp-block-buttons is-layout-flex wp-block-buttons-is-layout-flex\"><\/div>\n\n\n\n<div class=\"wp-block-columns is-layout-flex wp-container-core-columns-is-layout-9d6595d7 wp-block-columns-is-layout-flex\">\n<div class=\"wp-block-column is-layout-flow wp-block-column-is-layout-flow\"><\/div>\n\n\n\n<div class=\"wp-block-column is-layout-flow wp-block-column-is-layout-flow\" style=\"flex-basis:85%\">\n<div class=\"wp-block-group justifier is-vertical is-layout-flex wp-container-core-group-is-layout-8cf370e7 wp-block-group-is-layout-flex\">\n<p class=\"has-primary-color has-text-color\" style=\"font-size:36px\"><strong>Rates<\/strong><\/p>\n\n\n\n<p style=\"font-size:20px\">The healthcare research platform offers<strong> <\/strong>conseils<strong> <\/strong>par t\u00e9l\u00e9phone ou par courriel, et \u00e9value vos besoins pour votre projet de recherche.<\/p>\n\n\n\n<p style=\"font-size:20px\" class=\"translation-block\">It should be noted that for <strong>students of the IUFRS, most services are free of charge<\/strong>, i.e. the development of the project to bring it to submission (design and methodology (including statistics), development and revision of documents, development of the database such as REDCap etc.)<\/p>\n\n\n\n<p style=\"font-size:20px\">For the <strong>different partners<\/strong>, the <strong>services<\/strong> will be invoiced either at an hourly rate or according to a lump sum arrangement to be agreed.<\/p>\n\n\n\n<p style=\"font-size:20px\"><a href=\"https:\/\/wp.unil.ch\/hrp\/en\/nous-contacter\/\" data-type=\"page\" data-id=\"187\" target=\"_blank\" rel=\"noreferrer noopener\">Contact the healthcare research platform.<\/a><\/p>\n<\/div>\n<\/div>\n\n\n\n<div class=\"wp-block-column is-layout-flow wp-block-column-is-layout-flow\"><\/div>\n<\/div>\n\n\n\n<div style=\"height:75px\" aria-hidden=\"true\" class=\"wp-block-spacer\"><\/div>\n\n\n\n<div class=\"wp-block-group\"><div class=\"wp-block-group__inner-container is-layout-flow wp-block-group-is-layout-flow\">\n<div class=\"wp-block-columns is-layout-flex wp-container-core-columns-is-layout-9d6595d7 wp-block-columns-is-layout-flex\">\n<div class=\"wp-block-column is-layout-flow wp-block-column-is-layout-flow\"><\/div>\n\n\n\n<div class=\"wp-block-column is-layout-flow wp-block-column-is-layout-flow\">\n<div class=\"wp-block-group is-vertical is-content-justification-center is-layout-flex wp-container-core-group-is-layout-4b2eccd6 wp-block-group-is-layout-flex\">\n<figure class=\"wp-block-image size-medium is-resized\"><a href=\"https:\/\/wp.unil.ch\/hrp\/en\/nous-contacter\/\" target=\"_blank\" rel=\"noreferrer noopener\"><img alt=\"\" loading=\"lazy\" decoding=\"async\" width=\"300\" height=\"300\" src=\"https:\/\/wp.unil.ch\/hrp\/files\/2022\/06\/question-edited-300x300.jpg\" class=\"wp-image-953\" style=\"width:225px;height:225px\" srcset=\"https:\/\/wp.unil.ch\/hrp\/files\/2022\/06\/question-edited-300x300.jpg 300w, https:\/\/wp.unil.ch\/hrp\/files\/2022\/06\/question-edited-150x150.jpg 150w, https:\/\/wp.unil.ch\/hrp\/files\/2022\/06\/question-edited-12x12.jpg 12w, https:\/\/wp.unil.ch\/hrp\/files\/2022\/06\/question-edited-540x539.jpg 540w, https:\/\/wp.unil.ch\/hrp\/files\/2022\/06\/question-edited.jpg 721w\" sizes=\"auto, (max-width: 300px) 100vw, 300px\" \/><\/a><\/figure>\n\n\n\n<p class=\"has-text-align-center has-background-color has-buttons-background-background-color has-text-color has-background\"><a href=\"https:\/\/wp.unil.ch\/hrp\/en\/nous-contacter\/\" data-type=\"page\" data-id=\"187\" target=\"_blank\" rel=\"noreferrer noopener\">I can't find what I'm looking for<\/a><\/p>\n\n\n\n<div class=\"wp-block-group\"><div class=\"wp-block-group__inner-container is-layout-flow wp-block-group-is-layout-flow\">\n<div class=\"wp-block-buttons is-layout-flex wp-block-buttons-is-layout-flex\"><\/div>\n<\/div><\/div>\n<\/div>\n<\/div>\n\n\n\n<div class=\"wp-block-column is-layout-flow wp-block-column-is-layout-flow\"><\/div>\n<\/div>\n<\/div><\/div>","protected":false},"excerpt":{"rendered":"<p>1. Contrats, financement et budget 2. M\u00e9thodologie et statistique 3. Gestion des donn\u00e9es de recherche 1. Pr\u00e9paration de l&rsquo;\u00e9tude 2. Activation et conduite d&rsquo;\u00e9tude 3. Cl\u00f4ture de l&rsquo;\u00e9tude&hellip;<\/p>","protected":false},"author":1002441,"featured_media":2260,"parent":0,"menu_order":0,"comment_status":"closed","ping_status":"closed","template":"template-full-width-cover.php","meta":{"_seopress_robots_primary_cat":"","_seopress_titles_title":"","_seopress_titles_desc":"","_seopress_robots_index":"","footnotes":""},"class_list":["post-183","page","type-page","status-publish","has-post-thumbnail"],"_links":{"self":[{"href":"https:\/\/wp.unil.ch\/hrp\/en\/wp-json\/wp\/v2\/pages\/183","targetHints":{"allow":["GET"]}}],"collection":[{"href":"https:\/\/wp.unil.ch\/hrp\/en\/wp-json\/wp\/v2\/pages"}],"about":[{"href":"https:\/\/wp.unil.ch\/hrp\/en\/wp-json\/wp\/v2\/types\/page"}],"author":[{"embeddable":true,"href":"https:\/\/wp.unil.ch\/hrp\/en\/wp-json\/wp\/v2\/users\/1002441"}],"replies":[{"embeddable":true,"href":"https:\/\/wp.unil.ch\/hrp\/en\/wp-json\/wp\/v2\/comments?post=183"}],"version-history":[{"count":4,"href":"https:\/\/wp.unil.ch\/hrp\/en\/wp-json\/wp\/v2\/pages\/183\/revisions"}],"predecessor-version":[{"id":3264,"href":"https:\/\/wp.unil.ch\/hrp\/en\/wp-json\/wp\/v2\/pages\/183\/revisions\/3264"}],"wp:featuredmedia":[{"embeddable":true,"href":"https:\/\/wp.unil.ch\/hrp\/en\/wp-json\/wp\/v2\/media\/2260"}],"wp:attachment":[{"href":"https:\/\/wp.unil.ch\/hrp\/en\/wp-json\/wp\/v2\/media?parent=183"}],"curies":[{"name":"wp","href":"https:\/\/api.w.org\/{rel}","templated":true}]}}