{"id":179,"date":"2022-05-18T09:58:54","date_gmt":"2022-05-18T07:58:54","guid":{"rendered":"https:\/\/wp.unil.ch\/hrp\/?page_id=179"},"modified":"2025-06-30T14:44:09","modified_gmt":"2025-06-30T12:44:09","slug":"a-propos","status":"publish","type":"page","link":"https:\/\/wp.unil.ch\/hrp\/en\/a-propos\/","title":{"rendered":"About us"},"content":{"rendered":"<p class=\"has-text-color\" style=\"color:#92ada0;font-size:50px\">The Healthcare Research Platform at the IUFRS <strong>is...<\/strong><\/p>\n\n\n\n<div class=\"wp-block-group alignfull ext editor:no-inserter ext-py-lg add-remove-above-space ext-my-0 has-buttons-text-background-color has-background is-horizontal is-layout-flex wp-container-core-group-is-layout-8a84367c wp-block-group-is-layout-flex\">\n<div class=\"wp-block-columns alignwide editor:no-inserter tablet:fullwidth-cols ext-mt-0 ext-mb-0 tablet:ext-mb-base has-light-background-background-color has-background is-layout-flex wp-container-core-columns-is-layout-9d6595d7 wp-block-columns-is-layout-flex\">\n<div class=\"wp-block-column is-layout-flow wp-block-column-is-layout-flow\" style=\"flex-basis:10%\"><\/div>\n\n\n\n<div class=\"wp-block-column is-vertically-aligned-center has-background-color has-light-background-background-color has-text-color has-background is-layout-flow wp-block-column-is-layout-flow\" style=\"flex-basis:30%\">\n<div class=\"wp-block-group alignwide is-vertical is-content-justification-center is-layout-flex wp-container-core-group-is-layout-4b2eccd6 wp-block-group-is-layout-flex\">\n<div class=\"wp-block-group alignwide is-vertical is-content-justification-center is-layout-flex wp-container-core-group-is-layout-4b2eccd6 wp-block-group-is-layout-flex\">\n<h3 class=\"wp-block-heading alignwide has-text-align-center ext-my-base ext-p-0 has-buttons-text-color has-text-color\" id=\"01\" style=\"font-size:150px\">30<sup>+<\/sup><\/h3>\n\n\n\n<p class=\"has-text-align-center ext-mt-0, justifier has-background-color has-text-color has-large-font-size\">Active research projects<\/p>\n<\/div>\n<\/div>\n<\/div>\n\n\n\n<div class=\"wp-block-column is-layout-flow wp-block-column-is-layout-flow\" style=\"flex-basis:10%\"><\/div>\n\n\n\n<div class=\"wp-block-column is-layout-flow wp-block-column-is-layout-flow\" style=\"flex-basis:24.6%\">\n<div class=\"wp-block-group alignwide is-vertical is-content-justification-center is-layout-flex wp-container-core-group-is-layout-4b2eccd6 wp-block-group-is-layout-flex\">\n<h3 class=\"wp-block-heading alignwide has-text-align-center ext-my-base ext-p-0 has-white-color has-text-color\" id=\"02\" style=\"font-size:150px\"><\/h3>\n<\/div>\n<\/div>\n\n\n\n<div class=\"wp-block-column is-layout-flow wp-block-column-is-layout-flow\" style=\"flex-basis:10%\"><\/div>\n<\/div>\n\n\n\n<div class=\"wp-block-columns is-layout-flex wp-container-core-columns-is-layout-9d6595d7 wp-block-columns-is-layout-flex\">\n<div class=\"wp-block-column is-layout-flow wp-block-column-is-layout-flow\" style=\"flex-basis:10%\"><\/div>\n\n\n\n<div class=\"wp-block-column is-layout-flow wp-block-column-is-layout-flow\" style=\"flex-basis:85%\">\n<p class=\"justifier\" style=\"font-size:26px\"><strong>Our platform, created in 2021<\/strong> and attached to the management of the Institute of Higher Education and Research in Healthcare (IUFRS) <strong>is dedicated to research in nursing<\/strong>. With its own organization and qualified and dedicated personnel, it <strong>supports research activities<\/strong> and its<strong> valorization<\/strong>.<\/p>\n\n\n\n<p class=\"justifier add-remove-bottom-space\" style=\"font-size:26px\">It has the capacity to<strong> provide services<\/strong> in nursing research to inside and outside partners of the IUFRS, and actively contributes to its activity within the IUFRS by coordinating more than 30 research projects per year.<\/p>\n<\/div>\n\n\n\n<div class=\"wp-block-column is-layout-flow wp-block-column-is-layout-flow\" style=\"flex-basis:10%\"><\/div>\n<\/div>\n<\/div>\n\n\n\n<p class=\"has-text-color\" style=\"color:#5aa9a6;font-size:50px\">The Healthcare Research Platform <strong>aims to<\/strong> :<\/p>\n\n\n\n<div class=\"wp-block-columns alignfull has-background-color has-text-color has-background is-layout-flex wp-container-core-columns-is-layout-9d6595d7 wp-block-columns-is-layout-flex\" style=\"background:linear-gradient(156deg,rgb(182,205,194) 0%,rgb(158,201,197) 0%,rgb(89,166,164) 63%)\">\n<div class=\"wp-block-column is-layout-flow wp-block-column-is-layout-flow\" style=\"flex-basis:5%\"><\/div>\n\n\n\n<div class=\"wp-block-column is-vertically-aligned-top is-layout-flow wp-block-column-is-layout-flow\" style=\"flex-basis:22%\">\n<div class=\"wp-block-group is-vertical is-content-justification-center is-layout-flex wp-container-core-group-is-layout-4b2eccd6 wp-block-group-is-layout-flex\">\n<h2 class=\"wp-block-heading has-text-align-left has-background-color has-text-color\" style=\"font-size:48px\">Improve quality and efficiency<\/h2>\n\n\n\n<p class=\"justifier\">of research in the field of healthcare<\/p>\n<\/div>\n<\/div>\n\n\n\n<div class=\"wp-block-column is-layout-flow wp-block-column-is-layout-flow\" style=\"flex-basis:10%\"><\/div>\n\n\n\n<div class=\"wp-block-column is-vertically-aligned-top is-layout-flow wp-block-column-is-layout-flow\" style=\"flex-basis:22%\">\n<div class=\"wp-block-group is-vertical is-layout-flex wp-container-core-group-is-layout-8cf370e7 wp-block-group-is-layout-flex\">\n<div class=\"wp-block-group is-vertical is-content-justification-center is-layout-flex wp-container-core-group-is-layout-4b2eccd6 wp-block-group-is-layout-flex\">\n<div class=\"wp-block-group is-vertical is-layout-flex wp-container-core-group-is-layout-8cf370e7 wp-block-group-is-layout-flex\">\n<h2 class=\"wp-block-heading has-text-align-left has-buttons-text-color has-text-color\" style=\"font-size:48px\">Facilitate exchanges<\/h2>\n\n\n\n<p class=\"justifier\">between researchers, by giving them the opportunity to collaborate more around structuring projects and common topics<\/p>\n<\/div>\n<\/div>\n<\/div>\n<\/div>\n\n\n\n<div class=\"wp-block-column is-layout-flow wp-block-column-is-layout-flow\" style=\"flex-basis:10%\"><\/div>\n\n\n\n<div class=\"wp-block-column is-vertically-aligned-top is-layout-flow wp-block-column-is-layout-flow\" style=\"flex-basis:28%\">\n<div class=\"wp-block-group is-vertical is-content-justification-center is-layout-flex wp-container-core-group-is-layout-4b2eccd6 wp-block-group-is-layout-flex\">\n<div class=\"wp-block-group is-vertical is-content-justification-center is-layout-flex wp-container-core-group-is-layout-4b2eccd6 wp-block-group-is-layout-flex\">\n<h2 class=\"wp-block-heading has-text-align-left has-buttons-text-color has-text-color\" style=\"font-size:48px\">Promote interdisciplinarity<\/h2>\n\n\n\n<p>of interfaces, collaborative approaches and methodological innovations<\/p>\n<\/div>\n<\/div>\n<\/div>\n\n\n\n<div class=\"wp-block-column is-layout-flow wp-block-column-is-layout-flow\" style=\"flex-basis:5%\"><\/div>\n<\/div>\n\n\n\n<div style=\"height:30px\" aria-hidden=\"true\" class=\"wp-block-spacer\"><\/div>\n\n\n\n<div class=\"wp-block-columns is-layout-flex wp-container-core-columns-is-layout-9d6595d7 wp-block-columns-is-layout-flex\">\n<div class=\"wp-block-column is-layout-flow wp-block-column-is-layout-flow\">\n<div class=\"wp-block-columns is-layout-flex wp-container-core-columns-is-layout-9d6595d7 wp-block-columns-is-layout-flex\">\n<div class=\"wp-block-column is-layout-flow wp-block-column-is-layout-flow\">\n<figure class=\"wp-block-image size-full\"><a href=\"https:\/\/wp.unil.ch\/hrp\/en\/les-etapes-a-suivre-pour-creer-mon-projet\/\"><img alt=\"\" loading=\"lazy\" decoding=\"async\" width=\"467\" height=\"534\" src=\"http:\/\/wp.unil.ch\/hrp\/files\/2022\/07\/Clipboard_textEN-2.png\" class=\"wp-image-1665\" srcset=\"https:\/\/wp.unil.ch\/hrp\/files\/2022\/07\/Clipboard_textEN-2.png 467w, https:\/\/wp.unil.ch\/hrp\/files\/2022\/07\/Clipboard_textEN-2-262x300.png 262w, https:\/\/wp.unil.ch\/hrp\/files\/2022\/07\/Clipboard_textEN-2-10x12.png 10w\" sizes=\"auto, (max-width: 467px) 100vw, 467px\" \/><\/a><\/figure>\n<\/div>\n\n\n\n<div class=\"wp-block-column is-layout-flow wp-block-column-is-layout-flow\">\n<figure class=\"wp-block-image size-full\"><a href=\"https:\/\/wp.unil.ch\/hrp\/en\/prestations\/\"><img alt=\"\" loading=\"lazy\" decoding=\"async\" width=\"467\" height=\"534\" src=\"http:\/\/wp.unil.ch\/hrp\/files\/2022\/07\/Monitor_textEN.png\" class=\"wp-image-1667\" srcset=\"https:\/\/wp.unil.ch\/hrp\/files\/2022\/07\/Monitor_textEN.png 467w, https:\/\/wp.unil.ch\/hrp\/files\/2022\/07\/Monitor_textEN-262x300.png 262w, https:\/\/wp.unil.ch\/hrp\/files\/2022\/07\/Monitor_textEN-10x12.png 10w\" sizes=\"auto, (max-width: 467px) 100vw, 467px\" \/><\/a><\/figure>\n<\/div>\n<\/div>\n<\/div>\n\n\n\n<div class=\"wp-block-column is-layout-flow wp-block-column-is-layout-flow\">\n<div class=\"wp-block-columns is-layout-flex wp-container-core-columns-is-layout-9d6595d7 wp-block-columns-is-layout-flex\">\n<div class=\"wp-block-column is-layout-flow wp-block-column-is-layout-flow\">\n<figure class=\"wp-block-image size-full\"><a href=\"https:\/\/wp.unil.ch\/hrp\/en\/equipe\/\"><img alt=\"\" loading=\"lazy\" decoding=\"async\" width=\"467\" height=\"534\" src=\"http:\/\/wp.unil.ch\/hrp\/files\/2022\/07\/Carnet_textEN.png\" class=\"wp-image-1668\" title=\"\" srcset=\"https:\/\/wp.unil.ch\/hrp\/files\/2022\/07\/Carnet_textEN.png 467w, https:\/\/wp.unil.ch\/hrp\/files\/2022\/07\/Carnet_textEN-262x300.png 262w, https:\/\/wp.unil.ch\/hrp\/files\/2022\/07\/Carnet_textEN-10x12.png 10w\" sizes=\"auto, (max-width: 467px) 100vw, 467px\" \/><\/a><\/figure>\n<\/div>\n\n\n\n<div class=\"wp-block-column is-layout-flow wp-block-column-is-layout-flow\">\n<figure class=\"wp-block-image size-full\"><a href=\"https:\/\/wp.unil.ch\/hrp\/en\/nous-contacter\/\" target=\"_blank\" rel=\"noreferrer noopener\"><img alt=\"\" loading=\"lazy\" decoding=\"async\" width=\"467\" height=\"534\" src=\"https:\/\/wp.unil.ch\/hrp\/files\/2022\/07\/Contacts_text.png\" class=\"wp-image-1672\" srcset=\"https:\/\/wp.unil.ch\/hrp\/files\/2022\/07\/Contacts_text.png 467w, https:\/\/wp.unil.ch\/hrp\/files\/2022\/07\/Contacts_text-262x300.png 262w, https:\/\/wp.unil.ch\/hrp\/files\/2022\/07\/Contacts_text-10x12.png 10w\" sizes=\"auto, (max-width: 467px) 100vw, 467px\" \/><\/a><\/figure>\n<\/div>\n<\/div>\n<\/div>\n<\/div>","protected":false},"excerpt":{"rendered":"<p>La Plateforme de Recherche en Soins \u00e0 l&rsquo;IUFRS c&rsquo;est&#8230; 30+ Projets de recherche actifs Cr\u00e9\u00e9e en 2021 et rattach\u00e9e \u00e0 la direction de l\u2019Institut Universitaire de Formation et&hellip;<\/p>","protected":false},"author":1002441,"featured_media":2260,"parent":0,"menu_order":0,"comment_status":"closed","ping_status":"closed","template":"template-full-width-cover.php","meta":{"_seopress_robots_primary_cat":"","_seopress_titles_title":"","_seopress_titles_desc":"","_seopress_robots_index":"","footnotes":""},"class_list":["post-179","page","type-page","status-publish","has-post-thumbnail"],"_links":{"self":[{"href":"https:\/\/wp.unil.ch\/hrp\/en\/wp-json\/wp\/v2\/pages\/179","targetHints":{"allow":["GET"]}}],"collection":[{"href":"https:\/\/wp.unil.ch\/hrp\/en\/wp-json\/wp\/v2\/pages"}],"about":[{"href":"https:\/\/wp.unil.ch\/hrp\/en\/wp-json\/wp\/v2\/types\/page"}],"author":[{"embeddable":true,"href":"https:\/\/wp.unil.ch\/hrp\/en\/wp-json\/wp\/v2\/users\/1002441"}],"replies":[{"embeddable":true,"href":"https:\/\/wp.unil.ch\/hrp\/en\/wp-json\/wp\/v2\/comments?post=179"}],"version-history":[{"count":1,"href":"https:\/\/wp.unil.ch\/hrp\/en\/wp-json\/wp\/v2\/pages\/179\/revisions"}],"predecessor-version":[{"id":3368,"href":"https:\/\/wp.unil.ch\/hrp\/en\/wp-json\/wp\/v2\/pages\/179\/revisions\/3368"}],"wp:featuredmedia":[{"embeddable":true,"href":"https:\/\/wp.unil.ch\/hrp\/en\/wp-json\/wp\/v2\/media\/2260"}],"wp:attachment":[{"href":"https:\/\/wp.unil.ch\/hrp\/en\/wp-json\/wp\/v2\/media?parent=179"}],"curies":[{"name":"wp","href":"https:\/\/api.w.org\/{rel}","templated":true}]}}