{"id":127,"date":"2018-03-27T14:53:20","date_gmt":"2018-03-27T12:53:20","guid":{"rendered":"http:\/\/wp.unil.ch\/hmg\/?page_id=127"},"modified":"2022-12-23T11:06:58","modified_gmt":"2022-12-23T10:06:58","slug":"media","status":"publish","type":"page","link":"https:\/\/wp.unil.ch\/hmg\/media\/","title":{"rendered":"Media"},"content":{"rendered":"\n<figure class=\"wp-block-table\"><table><tbody><tr><td class=\"has-text-align-center\" data-align=\"center\"><img alt=\"\" loading=\"lazy\" decoding=\"async\" width=\"403\" height=\"125\" class=\"wp-image-857\" style=\"width: 100px\" src=\"https:\/\/wp.unil.ch\/hmg\/files\/2022\/12\/index.png\" alt=\"\" srcset=\"https:\/\/wp.unil.ch\/hmg\/files\/2022\/12\/index.png 403w, https:\/\/wp.unil.ch\/hmg\/files\/2022\/12\/index-300x93.png 300w\" sizes=\"auto, (max-width: 403px) 100vw, 403px\" \/><\/td><td>28.08.2022<\/td><td><a href=\"https:\/\/wp.unil.ch\/hmg\/files\/2022\/12\/Pages_2_3_Le_Matin_Dimanche_2022-08-28.pdf\" data-type=\"URL\" data-id=\"https:\/\/wp.unil.ch\/hmg\/files\/2022\/12\/Pages_2_3_Le_Matin_Dimanche_2022-08-28.pdf\">Au Mont-Fort, la fonte record du glacier menace le ski<\/a><\/td><\/tr><tr><td class=\"has-text-align-center\" data-align=\"center\"><img alt=\"\" decoding=\"async\" class=\"wp-image-347 aligncenter\" src=\"https:\/\/wp.unil.ch\/hmg\/files\/2018\/04\/t\u00e9l\u00e9chargement-2-150x104.png\" alt=\"\" width=\"35%\" height=\"35%\"><\/td><td>20.06.2020<\/td><td><a href=\"https:\/\/www.rts.ch\/info\/monde\/11401519-victime-du-rechauffement-climatique-la-fonte-du-permafrost-l-amplifie.html\" target=\"_blank\" rel=\"noopener noreferrer\">Victime du r\u00e9chauffement climatique, la fonte du permafrost l&rsquo;amplifie<\/a><\/td><\/tr><tr><td class=\"has-text-align-center\" data-align=\"center\"><img alt=\"\" decoding=\"async\" class=\"wp-image-347 aligncenter\" src=\"https:\/\/wp.unil.ch\/hmg\/files\/2018\/04\/t\u00e9l\u00e9chargement-2-150x104.png\" alt=\"\" width=\"35%\" height=\"35%\"><\/td><td>18.10.2019<\/td><td><a href=\"https:\/\/www.rts.ch\/play\/radio\/cqfd\/audio\/rencontre-avec-christophe-lambiel-un-specialiste-du-pergelisol?id=10758402\" target=\"_blank\" rel=\"noopener noreferrer\">CQFD. Rencontre avec Christophe Lambiel, un sp\u00e9cialiste du perg\u00e9lisol<\/a><\/td><\/tr><tr><td class=\"has-text-align-center\" data-align=\"center\"><img alt=\"\" decoding=\"async\" class=\"wp-image-347 aligncenter\" src=\"https:\/\/wp.unil.ch\/hmg\/files\/2018\/04\/t\u00e9l\u00e9chargement-2-150x104.png\" alt=\"\" width=\"35%\" height=\"35%\"><\/td><td>24.09.2019<\/td><td><a href=\"https:\/\/www.rts.ch\/play\/tv\/19h30\/video\/la-fonte-du-permafrost-est-au-cur-du-rapport-du-giec-et-alarme-la-communaute-scientifique-?id=10734486\" target=\"_blank\" rel=\"noopener noreferrer\">Le 19h30. La fonte du permafrost est au c\u0153ur du rapport du GIEC et alarme la communaut\u00e9 scientifique<\/a><\/td><\/tr><tr><td class=\"has-text-align-center\" data-align=\"center\"><img alt=\"\" decoding=\"async\" class=\"wp-image-347 aligncenter\" src=\"https:\/\/wp.unil.ch\/hmg\/files\/2018\/04\/t\u00e9l\u00e9chargement-2-150x104.png\" alt=\"\" width=\"35%\" height=\"35%\"><\/td><td>26.03.2019<\/td><td><a href=\"https:\/\/www.rts.ch\/play\/radio\/linvite-du-12h30\/audio\/les-invites-du-12h30-christian-berrut-et-christophe-lambiel-realisent-le-film-1818-debacle-du-gietro?id=10300474\" target=\"_blank\" rel=\"noopener noreferrer\">1818, la d\u00e9b\u00e2cle du Gi\u00e9tro<\/a><\/td><\/tr><tr><td class=\"has-text-align-center\" data-align=\"center\"><img alt=\"\" decoding=\"async\" class=\"wp-image-347 aligncenter\" src=\"https:\/\/wp.unil.ch\/hmg\/files\/2018\/04\/t\u00e9l\u00e9chargement-2-150x104.png\" alt=\"\" width=\"35%\" height=\"35%\"><\/td><td>23.10.2018<\/td><td><a href=\"https:\/\/www.facebook.com\/NouvoFR\/videos\/276920866280862\/\" target=\"_blank\" rel=\"noopener noreferrer\">Les Alpes \u00e0 sec 3\/3<\/a><\/td><\/tr><tr><td class=\"has-text-align-center\" data-align=\"center\"><img alt=\"\" decoding=\"async\" class=\"wp-image-347 aligncenter\" src=\"https:\/\/wp.unil.ch\/hmg\/files\/2018\/10\/le-nouvelliste.png\" alt=\"\" width=\"70%\" height=\"70%\"><\/td><td>23.10.2018<\/td><td><a href=\"https:\/\/wp.unil.ch\/hmg\/files\/2018\/10\/tsanfleuron.jpg\" target=\"_blank\" rel=\"noopener noreferrer\">Le glacier du Tsanfleuron<\/a><\/td><\/tr><tr><td class=\"has-text-align-center\" data-align=\"center\"><img alt=\"\" decoding=\"async\" class=\"wp-image-347 aligncenter\" src=\"https:\/\/wp.unil.ch\/hmg\/files\/2018\/04\/Logo_Le_Temps_Schweiz.svg_-1-300x55.png\" alt=\"\" width=\"70%\" height=\"70%\"><\/td><td>08.07.2018<\/td><td><a href=\"https:\/\/wp.unil.ch\/hmg\/files\/2018\/11\/Le-Temps-08.07.2018.jpg\" target=\"_blank\" rel=\"noopener noreferrer\">Le glacier qui terrorisait le Valais est \u00e0 l&rsquo;agonie<\/a><\/td><\/tr><tr><td class=\"has-text-align-center\" data-align=\"center\"><img alt=\"\" decoding=\"async\" class=\"wp-image-347 aligncenter\" src=\"https:\/\/wp.unil.ch\/hmg\/files\/2018\/10\/le-nouvelliste.png\" alt=\"\" width=\"70%\" height=\"70%\"><\/td><td>16.06.2018<\/td><td><a href=\"https:\/\/wp.unil.ch\/hmg\/files\/2018\/11\/Le-Nouvelliste-16.06.2018.jpg\" target=\"_blank\" rel=\"noopener noreferrer\">Le Gi\u00e9tro faisait peur, deux si\u00e8cles plus tard il meurt<\/a><\/td><\/tr><tr><td class=\"has-text-align-center\" data-align=\"center\"><img alt=\"\" decoding=\"async\" class=\"wp-image-347 aligncenter\" src=\"https:\/\/wp.unil.ch\/hmg\/files\/2018\/04\/t\u00e9l\u00e9chargement-2-150x104.png\" alt=\"\" width=\"35%\" height=\"35%\"><\/td><td>23.09.2017<\/td><td><a href=\"https:\/\/www.rts.ch\/play\/radio\/quinze-minutes\/audio\/quinze-minutes-montagne-comment-vit-on-dans-les-zones-a-risque?id=8923145&amp;station=a9e7621504c6959e35c3ecbe7f6bed0446cdf8da&amp;LanCode=37\" target=\"_blank\" rel=\"noopener noreferrer\">Quinze minutes &#8211; Montagne: comment vit-on dans les zones \u00e0 risque?<\/a><\/td><\/tr><tr><td class=\"has-text-align-center\" data-align=\"center\"><img alt=\"\" decoding=\"async\" class=\"aligncenter wp-image-341\" src=\"https:\/\/wp.unil.ch\/hmg\/files\/2018\/04\/canal9-300x150.png\" alt=\"\" width=\"80%\" height=\"80%\" srcset=\"https:\/\/wp.unil.ch\/hmg\/files\/2018\/04\/canal9-300x150.png 300w, https:\/\/wp.unil.ch\/hmg\/files\/2018\/04\/canal9.png 317w\" sizes=\"(max-width: 300px) 100vw, 300px\" \/><\/td><td>05.09.2017<\/td><td><a href=\"https:\/\/canal9.ch\/dangers-naturels-doit-on-craindre-une-hausse-des-risques-en-valais-40-sites-sont-sous-surveillance\/\" target=\"_blank\" rel=\"noopener noreferrer\">Dangers naturels: doit-on craindre une hausse des risques? En Valais, 40 sites sont sous surveillance<\/a><\/td><\/tr><tr><td class=\"has-text-align-center\" data-align=\"center\"><img alt=\"\" decoding=\"async\" class=\"aligncenter wp-image-349\" src=\"https:\/\/wp.unil.ch\/hmg\/files\/2018\/04\/Logo_Le_Temps_Schweiz.svg_-1-300x55.png\" alt=\"\" width=\"70%\" height=\"70%\" srcset=\"https:\/\/wp.unil.ch\/hmg\/files\/2018\/04\/Logo_Le_Temps_Schweiz.svg_-1-300x55.png 300w, https:\/\/wp.unil.ch\/hmg\/files\/2018\/04\/Logo_Le_Temps_Schweiz.svg_-1-768x140.png 768w, https:\/\/wp.unil.ch\/hmg\/files\/2018\/04\/Logo_Le_Temps_Schweiz.svg_-1-1024x186.png 1024w, https:\/\/wp.unil.ch\/hmg\/files\/2018\/04\/Logo_Le_Temps_Schweiz.svg_-1.png 2000w\" sizes=\"(max-width: 300px) 100vw, 300px\" \/><\/td><td>25.08.2017<\/td><td><a href=\"https:\/\/www.letemps.ch\/suisse\/bondo-alpes-souffrent-rechauffement-climatique\" target=\"_blank\" rel=\"noopener noreferrer\">A Bondo, les Alpes souffrent du r\u00e9chauffement climatique<\/a><\/td><\/tr><tr><td class=\"has-text-align-center\" data-align=\"center\"><img alt=\"\" decoding=\"async\" class=\"aligncenter wp-image-349\" src=\"https:\/\/wp.unil.ch\/hmg\/files\/2018\/04\/Logo_Le_Temps_Schweiz.svg_-1-300x55.png\" alt=\"\" width=\"70%\" height=\"70%\" srcset=\"https:\/\/wp.unil.ch\/hmg\/files\/2018\/04\/Logo_Le_Temps_Schweiz.svg_-1-300x55.png 300w, https:\/\/wp.unil.ch\/hmg\/files\/2018\/04\/Logo_Le_Temps_Schweiz.svg_-1-768x140.png 768w, https:\/\/wp.unil.ch\/hmg\/files\/2018\/04\/Logo_Le_Temps_Schweiz.svg_-1-1024x186.png 1024w, https:\/\/wp.unil.ch\/hmg\/files\/2018\/04\/Logo_Le_Temps_Schweiz.svg_-1.png 2000w\" sizes=\"(max-width: 300px) 100vw, 300px\" \/><\/td><td>07.07.2017<\/td><td><a href=\"https:\/\/www.letemps.ch\/suisse\/glacier-terrorisait-valais-lagonie\" target=\"_blank\" rel=\"noopener noreferrer\">Le glacier qui terrorisait le Valais est \u00e0 l\u2019agonie<\/a><\/td><\/tr><tr><td class=\"has-text-align-center\" data-align=\"center\"><img alt=\"\" decoding=\"async\" class=\"aligncenter wp-image-342\" src=\"https:\/\/wp.unil.ch\/hmg\/files\/2018\/04\/g\u00e9n\u00e9ration_plus-1-300x60.png\" alt=\"\" width=\"65%\" height=\"65%\" srcset=\"https:\/\/wp.unil.ch\/hmg\/files\/2018\/04\/g\u00e9n\u00e9ration_plus-1-300x60.png 300w, https:\/\/wp.unil.ch\/hmg\/files\/2018\/04\/g\u00e9n\u00e9ration_plus-1.png 400w\" sizes=\"(max-width: 300px) 100vw, 300px\" \/><\/td><td>01.07.2017<\/td><td><a href=\"https:\/\/generations-plus.ch\/?q=magazine\/loisirsmaison\/tourisme\/la-magie-f%C3%A9erique-des-glaciers-de-patagonie\" target=\"_blank\" rel=\"noopener noreferrer\">La magie f\u00e9erique des glaciers de Patagonie<\/a><\/td><\/tr><tr><td class=\"has-text-align-center\" data-align=\"center\"><img alt=\"\" decoding=\"async\" class=\"aligncenter wp-image-349\" src=\"https:\/\/wp.unil.ch\/hmg\/files\/2018\/04\/Logo_Le_Temps_Schweiz.svg_-1-300x55.png\" alt=\"\" width=\"70%\" height=\"70%\" srcset=\"https:\/\/wp.unil.ch\/hmg\/files\/2018\/04\/Logo_Le_Temps_Schweiz.svg_-1-300x55.png 300w, https:\/\/wp.unil.ch\/hmg\/files\/2018\/04\/Logo_Le_Temps_Schweiz.svg_-1-768x140.png 768w, https:\/\/wp.unil.ch\/hmg\/files\/2018\/04\/Logo_Le_Temps_Schweiz.svg_-1-1024x186.png 1024w, https:\/\/wp.unil.ch\/hmg\/files\/2018\/04\/Logo_Le_Temps_Schweiz.svg_-1.png 2000w\" sizes=\"(max-width: 300px) 100vw, 300px\" \/><\/td><td>19.11.2015<\/td><td><a href=\"https:\/\/www.letemps.ch\/suisse\/rechauffement-climatique-transforme-alpes\" target=\"_blank\" rel=\"noopener noreferrer\">Comment le r\u00e9chauffement climatique transforme les Alpes<\/a><\/td><\/tr><tr><td class=\"has-text-align-center\" data-align=\"center\"><img alt=\"\" decoding=\"async\" class=\"wp-image-347 aligncenter\" src=\"https:\/\/wp.unil.ch\/hmg\/files\/2018\/04\/t\u00e9l\u00e9chargement-2-150x104.png\" alt=\"\" width=\"35%\" height=\"35%\"><\/td><td>28.08.2015<\/td><td><a href=\"https:\/\/www.rts.ch\/play\/tv\/19h30\/video\/climat-la-canicule-a-rechauffe-le-permafrost?id=7037969&amp;station=a9e7621504c6959e35c3ecbe7f6bed0446cdf8da\" target=\"_blank\" rel=\"noopener noreferrer\">Climat: la canicule a r\u00e9chauff\u00e9 le permafrost<\/a><\/td><\/tr><tr><td class=\"has-text-align-center\" data-align=\"center\"><img alt=\"\" decoding=\"async\" class=\"wp-image-347 aligncenter\" src=\"https:\/\/wp.unil.ch\/hmg\/files\/2018\/04\/t\u00e9l\u00e9chargement-2-150x104.png\" alt=\"\" width=\"35%\" height=\"35%\"><\/td><td>22.07.2015<\/td><td><a href=\"https:\/\/www.rts.ch\/play\/radio\/cqfd\/audio\/quand-la-montagne-seffrite?id=6925275&amp;station=a9e7621504c6959e35c3ecbe7f6bed0446cdf8da\" target=\"_blank\" rel=\"noopener noreferrer\">Quand la montagne s&rsquo;effrite?<\/a><\/td><\/tr><tr><td class=\"has-text-align-center\" data-align=\"center\"><img alt=\"\" decoding=\"async\" class=\"aligncenter wp-image-352 size-full\" src=\"https:\/\/wp.unil.ch\/hmg\/files\/2018\/04\/youtube.png\" alt=\"\" width=\"55%\" height=\"55%\"><\/td><td>18.01.2013<\/td><td><a href=\"https:\/\/www.youtube.com\/watch?v=bw-13tdI44E\" target=\"_blank\" rel=\"noopener noreferrer\">Rencontres au fil de l\u2019eau<\/a><\/td><\/tr><\/tbody><\/table><\/figure>\n","protected":false},"excerpt":{"rendered":"<p>28.08.2022 Au Mont-Fort, la fonte record du glacier menace le ski 20.06.2020 Victime du r\u00e9chauffement climatique, la fonte du permafrost l&rsquo;amplifie 18.10.2019 CQFD. Rencontre avec Christophe Lambiel, un sp\u00e9cialiste du perg\u00e9lisol 24.09.2019 Le 19h30. La fonte du permafrost est au c\u0153ur du rapport du GIEC et alarme la communaut\u00e9 scientifique 26.03.2019 1818, la d\u00e9b\u00e2cle du &hellip; <\/p>\n<p class=\"link-more\"><a href=\"https:\/\/wp.unil.ch\/hmg\/media\/\" class=\"more-link\">Continuer la lecture<span class=\"screen-reader-text\"> de &laquo;&nbsp;Media&nbsp;&raquo;<\/span><\/a><\/p>\n","protected":false},"author":1001739,"featured_media":0,"parent":0,"menu_order":5,"comment_status":"closed","ping_status":"closed","template":"","meta":{"_seopress_robots_primary_cat":"","_seopress_titles_title":"","_seopress_titles_desc":"","_seopress_robots_index":"","footnotes":""},"class_list":["post-127","page","type-page","status-publish"],"_links":{"self":[{"href":"https:\/\/wp.unil.ch\/hmg\/wp-json\/wp\/v2\/pages\/127","targetHints":{"allow":["GET"]}}],"collection":[{"href":"https:\/\/wp.unil.ch\/hmg\/wp-json\/wp\/v2\/pages"}],"about":[{"href":"https:\/\/wp.unil.ch\/hmg\/wp-json\/wp\/v2\/types\/page"}],"author":[{"embeddable":true,"href":"https:\/\/wp.unil.ch\/hmg\/wp-json\/wp\/v2\/users\/1001739"}],"replies":[{"embeddable":true,"href":"https:\/\/wp.unil.ch\/hmg\/wp-json\/wp\/v2\/comments?post=127"}],"version-history":[{"count":0,"href":"https:\/\/wp.unil.ch\/hmg\/wp-json\/wp\/v2\/pages\/127\/revisions"}],"wp:attachment":[{"href":"https:\/\/wp.unil.ch\/hmg\/wp-json\/wp\/v2\/media?parent=127"}],"curies":[{"name":"wp","href":"https:\/\/api.w.org\/{rel}","templated":true}]}}