{"id":998,"date":"2018-05-30T16:13:56","date_gmt":"2018-05-30T14:13:56","guid":{"rendered":"http:\/\/wp.unil.ch\/histoireparlesdonnees\/?page_id=998"},"modified":"2018-06-11T15:59:36","modified_gmt":"2018-06-11T13:59:36","slug":"les-femmes-dans-le-domaine-industriel-pendant-les-periodes-de-guerre","status":"publish","type":"page","link":"https:\/\/wp.unil.ch\/histoireparlesdonnees\/les-travaux-2017-2018\/les-femmes-dans-le-domaine-industriel-pendant-les-periodes-de-guerre\/","title":{"rendered":"Les femmes dans le domaine industriel pendant les p\u00e9riodes de guerre"},"content":{"rendered":"<p><em>Boris Zbinden &amp; Alvaro Pinedo<\/em><\/p>\n<p class=\"Standard\" style=\"text-align: justify;text-indent: .5in\"><span lang=\"FR-CH\">On conna\u00eet tous le clich\u00e9 familial du si\u00e8cle pr\u00e9c\u00e9dent : un couple o\u00f9 l&#8217;homme travaille et la femme, au foyer, s&#8217;occupe des t\u00e2ches m\u00e9nag\u00e8res et des enfants. Ce mod\u00e8le, combattu par les f\u00e9ministes, ne repr\u00e9sente plus une majorit\u00e9 de nos jours<a href=\"#_ftn1\" name=\"_ftnref1\">[1]<\/a>. Si le nombre de femmes au foyer a diminu\u00e9 cela signifie que le nombre de femmes qui travaillent a proportionnellement augment\u00e9. Le but de notre travail, est de voir quelle proportion a pris cette hausse dans le domaine industriel et plus particuli\u00e8rement pendant les guerres. Cette \u00e9tude est effectu\u00e9e en utilisant comme source les archives de la <em>Gazette de Lausanne<\/em> et du <em>Journal de Gen\u00e8ve <\/em>correspondant aux deux p\u00e9riodes de guerre mondiale.<\/span><\/p>\n<p>Sommaire\u00a0:<\/p>\n<ul>\n<li><a href=\"https:\/\/wp.unil.ch\/histoireparlesdonnees\/les-travaux-2017-2018\/les-femmes-dans-le-domaine-industriel-pendant-les-periodes-de-guerre\/contexte\/\">Contexte<\/a><\/li>\n<li><a href=\"https:\/\/wp.unil.ch\/histoireparlesdonnees\/les-travaux-2017-2018\/les-femmes-dans-le-domaine-industriel-pendant-les-periodes-de-guerre\/methodologie\/\">M\u00e9thodologie<\/a><\/li>\n<li><a href=\"https:\/\/wp.unil.ch\/histoireparlesdonnees\/les-travaux-2017-2018\/les-femmes-dans-le-domaine-industriel-pendant-les-periodes-de-guerre\/analyses\/\">Analyses<\/a>\n<ul>\n<li><a href=\"https:\/\/wp.unil.ch\/histoireparlesdonnees\/les-travaux-2017-2018\/les-femmes-dans-le-domaine-industriel-pendant-les-periodes-de-guerre\/analyses\/hypotheses\/\">Hypoth\u00e8ses<\/a><\/li>\n<li><a href=\"https:\/\/wp.unil.ch\/histoireparlesdonnees\/les-travaux-2017-2018\/les-femmes-dans-le-domaine-industriel-pendant-les-periodes-de-guerre\/analyses\/analyse-generale\/\">Analyse G\u00e9n\u00e9rale<\/a><\/li>\n<li><a href=\"https:\/\/wp.unil.ch\/histoireparlesdonnees\/les-travaux-2017-2018\/les-femmes-dans-le-domaine-industriel-pendant-les-periodes-de-guerre\/analyses\/analyses-approfondies\/\">Analyses Approfondies<\/a><\/li>\n<li><a href=\"https:\/\/wp.unil.ch\/histoireparlesdonnees\/analyse-thematique-industrie-militaire\/\">Analyse Th\u00e9matique : Industrie Militaire<\/a><\/li>\n<\/ul>\n<\/li>\n<li><a href=\"https:\/\/wp.unil.ch\/histoireparlesdonnees\/les-travaux-2017-2018\/les-femmes-dans-le-domaine-industriel-pendant-les-periodes-de-guerre\/conclusion\/\">Conclusion<\/a><\/li>\n<li><a href=\"https:\/\/wp.unil.ch\/histoireparlesdonnees\/les-travaux-2017-2018\/les-femmes-dans-le-domaine-industriel-pendant-les-periodes-de-guerre\/bibliographie\/\">Bibliographie<\/a><\/li>\n<\/ul>\n<p><a href=\"#_ftnref1\" name=\"_ftn1\">[1]<\/a>RAMBAL Julie, <em>La femme au foyer, m\u00e9nag\u00e8re triomphante,<\/em> Le Temps, 17 Janvier 2017<\/p>\n","protected":false},"excerpt":{"rendered":"<p>Boris Zbinden &amp; Alvaro Pinedo On conna\u00eet tous le clich\u00e9 familial du si\u00e8cle pr\u00e9c\u00e9dent : un couple o\u00f9 l&#8217;homme travaille et la femme, au foyer, s&#8217;occupe des t\u00e2ches m\u00e9nag\u00e8res et des enfants. Ce mod\u00e8le, combattu par les f\u00e9ministes, ne repr\u00e9sente<\/p>\n","protected":false},"author":1001612,"featured_media":0,"parent":912,"menu_order":0,"comment_status":"closed","ping_status":"closed","template":"","meta":{"_seopress_robots_primary_cat":"","_seopress_titles_title":"","_seopress_titles_desc":"","_seopress_robots_index":"","footnotes":""},"class_list":["post-998","page","type-page","status-publish"],"_links":{"self":[{"href":"https:\/\/wp.unil.ch\/histoireparlesdonnees\/wp-json\/wp\/v2\/pages\/998","targetHints":{"allow":["GET"]}}],"collection":[{"href":"https:\/\/wp.unil.ch\/histoireparlesdonnees\/wp-json\/wp\/v2\/pages"}],"about":[{"href":"https:\/\/wp.unil.ch\/histoireparlesdonnees\/wp-json\/wp\/v2\/types\/page"}],"author":[{"embeddable":true,"href":"https:\/\/wp.unil.ch\/histoireparlesdonnees\/wp-json\/wp\/v2\/users\/1001612"}],"replies":[{"embeddable":true,"href":"https:\/\/wp.unil.ch\/histoireparlesdonnees\/wp-json\/wp\/v2\/comments?post=998"}],"version-history":[{"count":0,"href":"https:\/\/wp.unil.ch\/histoireparlesdonnees\/wp-json\/wp\/v2\/pages\/998\/revisions"}],"up":[{"embeddable":true,"href":"https:\/\/wp.unil.ch\/histoireparlesdonnees\/wp-json\/wp\/v2\/pages\/912"}],"wp:attachment":[{"href":"https:\/\/wp.unil.ch\/histoireparlesdonnees\/wp-json\/wp\/v2\/media?parent=998"}],"curies":[{"name":"wp","href":"https:\/\/api.w.org\/{rel}","templated":true}]}}