{"id":981,"date":"2018-05-23T19:01:22","date_gmt":"2018-05-23T17:01:22","guid":{"rendered":"http:\/\/wp.unil.ch\/histoireparlesdonnees\/?page_id=981"},"modified":"2018-05-31T12:16:09","modified_gmt":"2018-05-31T10:16:09","slug":"annexes","status":"publish","type":"page","link":"https:\/\/wp.unil.ch\/histoireparlesdonnees\/les-travaux-2017-2018\/perception-des-actions-des-femmes-politiques-suisses-par-la-presse-romande-de-1971-a-1998\/annexes\/","title":{"rendered":"Annexes"},"content":{"rendered":"<h4><strong>Listes de mots-clefs &#8230;<\/strong><\/h4>\n<p>&nbsp;<\/p>\n<h4>.. sur le th\u00e8me de l&#8217;\u00e9ducation<\/h4>\n<p><span style=\"font-weight: 400\">enseignement<\/span><\/p>\n<p><span style=\"font-weight: 400\">enseigner<\/span><\/p>\n<p><span style=\"font-weight: 400\">enseignant<\/span><\/p>\n<p><span style=\"font-weight: 400\">\u00e9ducatif<\/span><\/p>\n<p><span style=\"font-weight: 400\">\u00e9ducative <\/span><\/p>\n<p><span style=\"font-weight: 400\">\u00e9ducation<\/span><\/p>\n<p><span style=\"font-weight: 400\">p\u00e9dagogie<\/span><\/p>\n<p><span style=\"font-weight: 400\">p\u00e9dagogique<\/span><\/p>\n<p><span style=\"font-weight: 400\">instruction<\/span><\/p>\n<p><span style=\"font-weight: 400\">apprentissage<\/span><\/p>\n<p><span style=\"font-weight: 400\">apprendre<\/span><\/p>\n<p><span style=\"font-weight: 400\">scolaire<\/span><\/p>\n<p><span style=\"font-weight: 400\">scolarit\u00e9 <\/span><\/p>\n<p><span style=\"font-weight: 400\">formation<\/span><\/p>\n<p><span style=\"font-weight: 400\">jeunesse<\/span><\/p>\n<p><span style=\"font-weight: 400\">enfance<\/span><\/p>\n<p><span style=\"font-weight: 400\">\u00e9duquer<\/span><\/p>\n<p><span style=\"font-weight: 400\">universitaire<\/span><\/p>\n<p><span style=\"font-weight: 400\">alphab\u00e9tisation<\/span><\/p>\n<p><span style=\"font-weight: 400\">enseignant<\/span><\/p>\n<p><span style=\"font-weight: 400\">maturit\u00e9<\/span><\/p>\n<p><span style=\"font-weight: 400\">gymnase<\/span><\/p>\n<p><span style=\"font-weight: 400\">universit\u00e9<\/span><\/p>\n<p><span style=\"font-weight: 400\">\u00e9cole<\/span><\/p>\n<p><span style=\"font-weight: 400\">\u00e9l\u00e8ve<\/span><\/p>\n<p><span style=\"font-weight: 400\">civisme<\/span><\/p>\n<p><span style=\"font-weight: 400\">civique<\/span><\/p>\n<p><span style=\"font-weight: 400\">facult\u00e9<\/span><\/p>\n<p><span style=\"font-weight: 400\">\u00e9tudiant<\/span><\/p>\n<p><span style=\"font-weight: 400\">instituteur<\/span><\/p>\n<p><span style=\"font-weight: 400\">professeur<\/span><\/p>\n<p><span style=\"font-weight: 400\">connaissance<\/span><\/p>\n<p><span style=\"font-weight: 400\">acad\u00e9mie<\/span><\/p>\n<p><span style=\"font-weight: 400\">campus<\/span><\/p>\n<p><span style=\"font-weight: 400\">examen<\/span><\/p>\n<p><span style=\"font-weight: 400\">analphab\u00e9tisme<\/span><\/p>\n<p><span style=\"font-weight: 400\">instruire<\/span><\/p>\n<p><span style=\"font-weight: 400\">dipl\u00f4me<\/span><\/p>\n<p>&nbsp;<\/p>\n<p>&nbsp;<\/p>\n<h4><b>&#8230; sur le th\u00e8me des relations internationales<\/b><span style=\"font-weight: 400\"><br \/>\n<\/span><\/h4>\n<p>&nbsp;<\/p>\n<p><span style=\"font-weight: 400\">coop\u00e9ration<\/span><\/p>\n<p><span style=\"font-weight: 400\">international<\/span><\/p>\n<p><span style=\"font-weight: 400\">paix<\/span><\/p>\n<p><span style=\"font-weight: 400\">congr\u00e8s<\/span><\/p>\n<p><span style=\"font-weight: 400\">mondial<\/span><\/p>\n<p><span style=\"font-weight: 400\">national<\/span><\/p>\n<p><span style=\"font-weight: 400\">ONG<\/span><\/p>\n<p><span style=\"font-weight: 400\">humanitaire<\/span><\/p>\n<p><span style=\"font-weight: 400\">\u00e9change<\/span><\/p>\n<p><span style=\"font-weight: 400\">europ\u00e9en<\/span><\/p>\n<p><span style=\"font-weight: 400\">ONU<\/span><\/p>\n<p><span style=\"font-weight: 400\">Bruxelles<\/span><\/p>\n<p><span style=\"font-weight: 400\">FMI<\/span><\/p>\n<p><span style=\"font-weight: 400\">financier<\/span><\/p>\n<p><span style=\"font-weight: 400\">pays <\/span><\/p>\n<p><span style=\"font-weight: 400\">f\u00e9d\u00e9ration<\/span><\/p>\n<p><span style=\"font-weight: 400\">\u00e9conomie<\/span><\/p>\n<p><span style=\"font-weight: 400\">relations<\/span><\/p>\n<p><span style=\"font-weight: 400\">internationales<\/span><\/p>\n<p><span style=\"font-weight: 400\">Banque<\/span><\/p>\n<p><span style=\"font-weight: 400\">partenariat<\/span><\/p>\n<p><span style=\"font-weight: 400\">Haye<\/span><\/p>\n<p><span style=\"font-weight: 400\">terrorisme<\/span><\/p>\n<p><span style=\"font-weight: 400\">armement<\/span><\/p>\n<p><span style=\"font-weight: 400\">Angleterre<\/span><\/p>\n<p><span style=\"font-weight: 400\">conflit<\/span><\/p>\n<p><span style=\"font-weight: 400\">europe<\/span><\/p>\n<p><span style=\"font-weight: 400\">multilat\u00e9ral<\/span><\/p>\n<p><span style=\"font-weight: 400\">OMS<\/span><\/p>\n<p><span style=\"font-weight: 400\">Shanghai<\/span><\/p>\n<p><span style=\"font-weight: 400\">\u00c9tats-Unis<\/span><\/p>\n<p><span style=\"font-weight: 400\">int\u00e9rieur<\/span><\/p>\n<p><span style=\"font-weight: 400\">protectionnisme<\/span><\/p>\n<p><span style=\"font-weight: 400\">nucl\u00e9aire<\/span><\/p>\n<p><span style=\"font-weight: 400\">euro<\/span><\/p>\n<p><span style=\"font-weight: 400\">libre-\u00e9change<\/span><\/p>\n<p><span style=\"font-weight: 400\">multinational<\/span><\/p>\n<p><span style=\"font-weight: 400\">ext\u00e9rieur<\/span><\/p>\n<p><span style=\"font-weight: 400\">externe<\/span><\/p>\n<p><span style=\"font-weight: 400\">inter\u00e9tatique<\/span><\/p>\n<p><span style=\"font-weight: 400\">interpays<\/span><\/p>\n<p><span style=\"font-weight: 400\">n\u00e9gociation<\/span><\/p>\n<p><span style=\"font-weight: 400\">neutralit\u00e9<\/span><\/p>\n<p><span style=\"font-weight: 400\">terroriste<\/span><span style=\"font-weight: 400\"><br \/>\n<\/span><\/p>\n<h3><\/h3>\n<h4><strong>&#8230; sur le th\u00e8me des femmes<\/strong><span style=\"font-weight: 400\"><br \/>\n<\/span><\/h4>\n<p>&nbsp;<\/p>\n<p><span style=\"font-weight: 400\">porteuse<\/span><\/p>\n<p><span style=\"font-weight: 400\">repr\u00e9sentante<\/span><\/p>\n<p><span style=\"font-weight: 400\">directrice<\/span><\/p>\n<p><span style=\"font-weight: 400\">d\u00e9put\u00e9e<\/span><\/p>\n<p><span style=\"font-weight: 400\">Suissesse<\/span><\/p>\n<p><span style=\"font-weight: 400\">\u00c9lue<\/span><\/p>\n<p><span style=\"font-weight: 400\">ambassadrice<\/span><\/p>\n<p><span style=\"font-weight: 400\">garante<\/span><\/p>\n<p><span style=\"font-weight: 400\">pr\u00e9sidente<\/span><\/p>\n<p><span style=\"font-weight: 400\">candidate<\/span><\/p>\n<p><span style=\"font-weight: 400\">adjointe<\/span><\/p>\n<p><span style=\"font-weight: 400\">conseill\u00e8re <\/span><\/p>\n<p><span style=\"font-weight: 400\">s\u00e9natrice<\/span><\/p>\n<p><span style=\"font-weight: 400\">Dreifuss<\/span><\/p>\n<p><span style=\"font-weight: 400\">Berenstein-Wavre<\/span><\/p>\n<p><span style=\"font-weight: 400\">Burnand<\/span><\/p>\n<p><span style=\"font-weight: 400\">Brunschwig Graf<\/span><\/p>\n<p><span style=\"font-weight: 400\">Christinat<\/span><\/p>\n<p><span style=\"font-weight: 400\">Dusong<\/span><\/p>\n<p><span style=\"font-weight: 400\">Fetz<\/span><\/p>\n<p><span style=\"font-weight: 400\">Friedli<\/span><\/p>\n<p><span style=\"font-weight: 400\">Girardin<\/span><\/p>\n<p><span style=\"font-weight: 400\">Huguenin<\/span><\/p>\n<p><span style=\"font-weight: 400\">Jaggi<\/span><\/p>\n<p><span style=\"font-weight: 400\">Kammacher<\/span><\/p>\n<p><span style=\"font-weight: 400\">Lieberherr<\/span><\/p>\n<p><span style=\"font-weight: 400\">Meier<\/span><\/p>\n<p><span style=\"font-weight: 400\">Nanchen<\/span><\/p>\n<p><span style=\"font-weight: 400\">Sandoz<\/span><\/p>\n<p><span style=\"font-weight: 400\">Semadeni<\/span><\/p>\n<p><span style=\"font-weight: 400\">Simmen<\/span><\/p>\n<p><span style=\"font-weight: 400\">Willener<\/span><\/p>\n<p><span style=\"font-weight: 400\">Kopp<\/span><\/p>\n<p><span style=\"font-weight: 400\">Mme<\/span><span style=\"font-weight: 400\"><br \/>\n<\/span><\/p>\n<p>&nbsp;<\/p>\n<p style=\"text-align: center\"><a href=\"https:\/\/wp.unil.ch\/histoireparlesdonnees\/les-travaux-2017-2018\/perception-des-actions-des-femmes-politiques-suisses-par-la-presse-romande-de-1971-a-1998\/bibliographie\/\">&lt; pr\u00e9c\u00e9dent<\/a><\/p>\n","protected":false},"excerpt":{"rendered":"<p>Listes de mots-clefs &#8230; &nbsp; .. sur le th\u00e8me de l&#8217;\u00e9ducation enseignement enseigner enseignant \u00e9ducatif \u00e9ducative \u00e9ducation p\u00e9dagogie p\u00e9dagogique instruction apprentissage apprendre scolaire scolarit\u00e9 formation jeunesse enfance \u00e9duquer universitaire alphab\u00e9tisation enseignant maturit\u00e9 gymnase universit\u00e9 \u00e9cole \u00e9l\u00e8ve civisme civique facult\u00e9 \u00e9tudiant<\/p>\n","protected":false},"author":1001612,"featured_media":0,"parent":956,"menu_order":0,"comment_status":"closed","ping_status":"closed","template":"","meta":{"_seopress_robots_primary_cat":"","_seopress_titles_title":"","_seopress_titles_desc":"","_seopress_robots_index":"","footnotes":""},"class_list":["post-981","page","type-page","status-publish"],"_links":{"self":[{"href":"https:\/\/wp.unil.ch\/histoireparlesdonnees\/wp-json\/wp\/v2\/pages\/981","targetHints":{"allow":["GET"]}}],"collection":[{"href":"https:\/\/wp.unil.ch\/histoireparlesdonnees\/wp-json\/wp\/v2\/pages"}],"about":[{"href":"https:\/\/wp.unil.ch\/histoireparlesdonnees\/wp-json\/wp\/v2\/types\/page"}],"author":[{"embeddable":true,"href":"https:\/\/wp.unil.ch\/histoireparlesdonnees\/wp-json\/wp\/v2\/users\/1001612"}],"replies":[{"embeddable":true,"href":"https:\/\/wp.unil.ch\/histoireparlesdonnees\/wp-json\/wp\/v2\/comments?post=981"}],"version-history":[{"count":0,"href":"https:\/\/wp.unil.ch\/histoireparlesdonnees\/wp-json\/wp\/v2\/pages\/981\/revisions"}],"up":[{"embeddable":true,"href":"https:\/\/wp.unil.ch\/histoireparlesdonnees\/wp-json\/wp\/v2\/pages\/956"}],"wp:attachment":[{"href":"https:\/\/wp.unil.ch\/histoireparlesdonnees\/wp-json\/wp\/v2\/media?parent=981"}],"curies":[{"name":"wp","href":"https:\/\/api.w.org\/{rel}","templated":true}]}}