{"id":978,"date":"2018-05-23T18:58:01","date_gmt":"2018-05-23T16:58:01","guid":{"rendered":"http:\/\/wp.unil.ch\/histoireparlesdonnees\/?page_id=978"},"modified":"2018-05-31T12:12:13","modified_gmt":"2018-05-31T10:12:13","slug":"bibliographie","status":"publish","type":"page","link":"https:\/\/wp.unil.ch\/histoireparlesdonnees\/les-travaux-2017-2018\/perception-des-actions-des-femmes-politiques-suisses-par-la-presse-romande-de-1971-a-1998\/bibliographie\/","title":{"rendered":"Bibliographie"},"content":{"rendered":"<p><span style=\"font-weight: 400\">ACHIN Catherine &amp; LEVEQUE Sandrine, <\/span><i><span style=\"font-weight: 400\">Femmes en politique, <\/span><\/i><span style=\"font-weight: 400\">Paris<\/span><i><span style=\"font-weight: 400\">, <\/span><\/i><span style=\"font-weight: 400\">La d\u00e9couverte, 2016.<\/span><\/p>\n<p><span style=\"font-weight: 400\">BALLMER-CAO Thanh-Huyen &amp; WENGER Ruth, <\/span><i><span style=\"font-weight: 400\">L&#8217;\u00e9lite politique f\u00e9minine en Suisse, <\/span><\/i><span style=\"font-weight: 400\">Zurich, Seismo, 1989.<\/span><\/p>\n<p><span style=\"font-weight: 400\">LE BRAS-CHOPARD \u00a0Armelle &amp; MOSSULZ-LAVAU \u00a0Janine, <\/span><i><span style=\"font-weight: 400\">Les Femmes et la politique, \u00a0<\/span><\/i><span style=\"font-weight: 400\">Paris<\/span><b>, <\/b><i><span style=\"font-weight: 400\">\u00a0<\/span><\/i><span style=\"font-weight: 400\">L\u2019Harmatan, 1997.<\/span><\/p>\n<p><span style=\"font-weight: 400\">SCHIBLER Thomas, \u201cDreifuss, Ruth\u201d, <\/span><i><span style=\"font-weight: 400\">Dictionnaire Historique de la Suisse<\/span><\/i><span style=\"font-weight: 400\">, 09\/2009 \u00a0[En ligne]<\/span><a href=\"https:\/\/www.hls-dhs-dss.ch\/\"><span style=\"font-weight: 400\">https:\/\/www.hls-dhs-dss.ch\/<\/span><\/a><\/p>\n<p>&nbsp;<\/p>\n<p style=\"text-align: center\"><a href=\"https:\/\/wp.unil.ch\/histoireparlesdonnees\/les-travaux-2017-2018\/perception-des-actions-des-femmes-politiques-suisses-par-la-presse-romande-de-1971-a-1998\/conclusion\/\">&lt; pr\u00e9c\u00e9dent<\/a>\u00a0 \u00a0 |\u00a0 \u00a0 <a href=\"https:\/\/wp.unil.ch\/histoireparlesdonnees\/les-travaux-2017-2018\/perception-des-actions-des-femmes-politiques-suisses-par-la-presse-romande-de-1971-a-1998\/annexes\/\">suivant &gt;<\/a><\/p>\n","protected":false},"excerpt":{"rendered":"<p>ACHIN Catherine &amp; LEVEQUE Sandrine, Femmes en politique, Paris, La d\u00e9couverte, 2016. BALLMER-CAO Thanh-Huyen &amp; WENGER Ruth, L&#8217;\u00e9lite politique f\u00e9minine en Suisse, Zurich, Seismo, 1989. LE BRAS-CHOPARD \u00a0Armelle &amp; MOSSULZ-LAVAU \u00a0Janine, Les Femmes et la politique, \u00a0Paris, \u00a0L\u2019Harmatan, 1997. SCHIBLER<\/p>\n","protected":false},"author":1001612,"featured_media":0,"parent":956,"menu_order":0,"comment_status":"closed","ping_status":"closed","template":"","meta":{"_seopress_robots_primary_cat":"","_seopress_titles_title":"","_seopress_titles_desc":"","_seopress_robots_index":"","footnotes":""},"class_list":["post-978","page","type-page","status-publish"],"_links":{"self":[{"href":"https:\/\/wp.unil.ch\/histoireparlesdonnees\/wp-json\/wp\/v2\/pages\/978","targetHints":{"allow":["GET"]}}],"collection":[{"href":"https:\/\/wp.unil.ch\/histoireparlesdonnees\/wp-json\/wp\/v2\/pages"}],"about":[{"href":"https:\/\/wp.unil.ch\/histoireparlesdonnees\/wp-json\/wp\/v2\/types\/page"}],"author":[{"embeddable":true,"href":"https:\/\/wp.unil.ch\/histoireparlesdonnees\/wp-json\/wp\/v2\/users\/1001612"}],"replies":[{"embeddable":true,"href":"https:\/\/wp.unil.ch\/histoireparlesdonnees\/wp-json\/wp\/v2\/comments?post=978"}],"version-history":[{"count":0,"href":"https:\/\/wp.unil.ch\/histoireparlesdonnees\/wp-json\/wp\/v2\/pages\/978\/revisions"}],"up":[{"embeddable":true,"href":"https:\/\/wp.unil.ch\/histoireparlesdonnees\/wp-json\/wp\/v2\/pages\/956"}],"wp:attachment":[{"href":"https:\/\/wp.unil.ch\/histoireparlesdonnees\/wp-json\/wp\/v2\/media?parent=978"}],"curies":[{"name":"wp","href":"https:\/\/api.w.org\/{rel}","templated":true}]}}