{"id":975,"date":"2018-05-23T18:56:48","date_gmt":"2018-05-23T16:56:48","guid":{"rendered":"http:\/\/wp.unil.ch\/histoireparlesdonnees\/?page_id=975"},"modified":"2018-05-31T12:10:54","modified_gmt":"2018-05-31T10:10:54","slug":"conclusion","status":"publish","type":"page","link":"https:\/\/wp.unil.ch\/histoireparlesdonnees\/les-travaux-2017-2018\/perception-des-actions-des-femmes-politiques-suisses-par-la-presse-romande-de-1971-a-1998\/conclusion\/","title":{"rendered":"Conclusion"},"content":{"rendered":"<p><span style=\"font-weight: 400\">Gr\u00e2ce \u00e0 notre bibliographie de d\u00e9part, l&#8217;\u00e9ducation et les relations internationales semblaient \u00eatre des th\u00e9matiques judicieusement choisies pour effectuer les analyses. Finalement, il s&#8217;av\u00e8re que nos hypoth\u00e8ses de recherche n\u2019ont pas \u00e9t\u00e9 valid\u00e9es par nos recherches. <\/span><\/p>\n<p><span style=\"font-weight: 400\">Les analyses men\u00e9es sur le corpus des articles en rapport avec l&#8217;\u00e9ducation et les relations internationales, brassent beaucoup de sujets mais ne donnent que peu de r\u00e9sultats. Il reste difficile de donner des conclusions pr\u00e9cises et correctement construites.<\/span><\/p>\n<p><span style=\"font-weight: 400\">Cette absence de r\u00e9sultat provient peut \u00eatre du fait que notre bibliographie soit en grand partie constitu\u00e9e d\u2019oeuvres fran\u00e7aises. Les Suissesses ayant eu le droit de vote plus tardivement que les Fran\u00e7aises, ceci explique peut \u00eatre le fait que les actions des femmes politiques suisses soient tr\u00e8s peu perceptibles dans les ann\u00e9es 1970 \u00e0 1990.<\/span><\/p>\n<p><span style=\"font-weight: 400\">Notre deuxi\u00e8me axe d\u2019analyse portant sur Ruth Dreifuss permet n\u00e9anmoins de fournir plusieurs \u00e9l\u00e9ments de r\u00e9ponse. Gr\u00e2ce \u00e0 notre analyse qualitative men\u00e9e sur plusieurs articles, il s\u2019av\u00e8re que la presse romande reste neutre quant aux actions men\u00e9es par Ruth Dreifuss et son sexe n\u2019influence en rien les critiques port\u00e9es \u00e0 son encontre.<\/span><\/p>\n<p><span style=\"font-weight: 400\">Gr\u00e2ce \u00e0 ces deux analyses, nous pouvons donc conclure que d\u00fb \u00e0 la sous-repr\u00e9sentation des femmes dans la presse romande, il reste difficile d\u2019apporter une r\u00e9ponse pr\u00e9cise \u00e0 notre probl\u00e9matique. N\u00e9anmoins, certaines personnalit\u00e9s telle que Ruth Dreifuss permettent de montrer que le Journal de Gen\u00e8ve et la Gazette De Lausanne relatent de mani\u00e8re neutre les actions de femmes politiques.<\/span><\/p>\n<p>&nbsp;<\/p>\n<p style=\"text-align: center\"><a href=\"https:\/\/wp.unil.ch\/histoireparlesdonnees\/les-travaux-2017-2018\/perception-des-actions-des-femmes-politiques-suisses-par-la-presse-romande-de-1971-a-1998\/analyse-des-thematiques-de-leducation-et-de-la-politique-etrangere\/\">&lt; pr\u00e9c\u00e9dent<\/a>\u00a0 \u00a0 |\u00a0 \u00a0 <a href=\"https:\/\/wp.unil.ch\/histoireparlesdonnees\/les-travaux-2017-2018\/perception-des-actions-des-femmes-politiques-suisses-par-la-presse-romande-de-1971-a-1998\/bibliographie\/\">suivant &gt;<\/a><\/p>\n","protected":false},"excerpt":{"rendered":"<p>Gr\u00e2ce \u00e0 notre bibliographie de d\u00e9part, l&#8217;\u00e9ducation et les relations internationales semblaient \u00eatre des th\u00e9matiques judicieusement choisies pour effectuer les analyses. Finalement, il s&#8217;av\u00e8re que nos hypoth\u00e8ses de recherche n\u2019ont pas \u00e9t\u00e9 valid\u00e9es par nos recherches. Les analyses men\u00e9es sur<\/p>\n","protected":false},"author":1001612,"featured_media":0,"parent":956,"menu_order":0,"comment_status":"closed","ping_status":"closed","template":"","meta":{"_seopress_robots_primary_cat":"","_seopress_titles_title":"","_seopress_titles_desc":"","_seopress_robots_index":"","footnotes":""},"class_list":["post-975","page","type-page","status-publish"],"_links":{"self":[{"href":"https:\/\/wp.unil.ch\/histoireparlesdonnees\/wp-json\/wp\/v2\/pages\/975","targetHints":{"allow":["GET"]}}],"collection":[{"href":"https:\/\/wp.unil.ch\/histoireparlesdonnees\/wp-json\/wp\/v2\/pages"}],"about":[{"href":"https:\/\/wp.unil.ch\/histoireparlesdonnees\/wp-json\/wp\/v2\/types\/page"}],"author":[{"embeddable":true,"href":"https:\/\/wp.unil.ch\/histoireparlesdonnees\/wp-json\/wp\/v2\/users\/1001612"}],"replies":[{"embeddable":true,"href":"https:\/\/wp.unil.ch\/histoireparlesdonnees\/wp-json\/wp\/v2\/comments?post=975"}],"version-history":[{"count":0,"href":"https:\/\/wp.unil.ch\/histoireparlesdonnees\/wp-json\/wp\/v2\/pages\/975\/revisions"}],"up":[{"embeddable":true,"href":"https:\/\/wp.unil.ch\/histoireparlesdonnees\/wp-json\/wp\/v2\/pages\/956"}],"wp:attachment":[{"href":"https:\/\/wp.unil.ch\/histoireparlesdonnees\/wp-json\/wp\/v2\/media?parent=975"}],"curies":[{"name":"wp","href":"https:\/\/api.w.org\/{rel}","templated":true}]}}