{"id":972,"date":"2018-05-23T18:55:10","date_gmt":"2018-05-23T16:55:10","guid":{"rendered":"http:\/\/wp.unil.ch\/histoireparlesdonnees\/?page_id=972"},"modified":"2018-05-31T12:08:35","modified_gmt":"2018-05-31T10:08:35","slug":"analyse-des-thematiques-de-leducation-et-de-la-politique-etrangere","status":"publish","type":"page","link":"https:\/\/wp.unil.ch\/histoireparlesdonnees\/les-travaux-2017-2018\/perception-des-actions-des-femmes-politiques-suisses-par-la-presse-romande-de-1971-a-1998\/analyse-des-thematiques-de-leducation-et-de-la-politique-etrangere\/","title":{"rendered":"Analyse des th\u00e9matiques de l&#8217;\u00e9ducation et de la politique \u00e9trang\u00e8re"},"content":{"rendered":"<p><span style=\"font-weight: 400\">Lors de l&#8217;\u00e9laboration de notre probl\u00e9matique, nous avons identifi\u00e9 le domaine de l&#8217;\u00e9ducation comme plus facilement confi\u00e9 aux femmes<\/span><span style=\"font-weight: 400\"> contrairement aux relations internationales qui s\u2019apparentent plut\u00f4t \u00e0 un domaine largement domin\u00e9 par les hommes<\/span><span style=\"font-weight: 400\">. Nous proc\u00e9dons donc au d\u00e9coupage du corpus en deux sous-corpus \u00e0 l\u2019aide de mots-clefs<\/span><span style=\"font-weight: 400\"> : le premier contenant 1500 articles en rapport avec l\u2019\u00e9ducation et le second de 4182 articles \u00e9voquant les relations internationales.<\/span><\/p>\n<p><span style=\"font-weight: 400\">Nous pouvons d\u2019ores et d\u00e9j\u00e0 remarquer une diff\u00e9rence non n\u00e9gligeable entre ces deux aspects de la politique. La presse ne semble porter que peu d&#8217;int\u00e9r\u00eat au domaine de l&#8217;\u00e9ducation contrairement aux relations internationales.<\/span><\/p>\n<h4><\/h4>\n<h4><strong>Le d\u00e9sint\u00e9ressement de la presse pour la politique \u00e9ducative<\/strong><\/h4>\n<p><span style=\"font-weight: 400\">La mutation des mod\u00e8les d\u2019enseignement religieux dans la plupart des cantons suisses dans les ann\u00e9es 1990 implique une forte repr\u00e9sentation de la religion dans les articles de journaux \u00e0 cette m\u00eame p\u00e9riode et biaise notre analyse en masquant potentiellement des classes. Nous avons donc d\u00e9cid\u00e9 d\u2019effectuer notre recherche seulement entre les ann\u00e9es 1971 et 1989.<\/span><\/p>\n<p><span style=\"font-weight: 400\">En effectuant une analyse de Reinert sur le corpus de l&#8217;\u00e9ducation, nous obtenons cinq classes. La principale regroupe l\u2019ensemble des termes en rapport avec l\u2019\u00e9ducation tels que \u201censeignement\u201d, \u201cformation\u201d ou encore \u201c\u00e9l\u00e8ve\u201d tr\u00e8s fortement li\u00e9 aux concepts de d\u00e9veloppement et d&#8217;\u00e9galit\u00e9, mais il est encore difficile de faire appara\u00eetre la dimension \u201cfemme en tant que politicienne\u201d dans les r\u00e9sultats obtenus.<\/span><\/p>\n<figure id=\"attachment_960\" aria-describedby=\"caption-attachment-960\" style=\"width: 1074px\" class=\"wp-caption alignnone\"><img alt=\"\" loading=\"lazy\" decoding=\"async\" class=\"wp-image-960 size-full\" src=\"https:\/\/wp.unil.ch\/histoireparlesdonnees\/files\/2018\/05\/p4-edu.png\" alt=\"\" width=\"1074\" height=\"814\" srcset=\"https:\/\/wp.unil.ch\/histoireparlesdonnees\/files\/2018\/05\/p4-edu.png 1074w, https:\/\/wp.unil.ch\/histoireparlesdonnees\/files\/2018\/05\/p4-edu-300x227.png 300w, https:\/\/wp.unil.ch\/histoireparlesdonnees\/files\/2018\/05\/p4-edu-768x582.png 768w, https:\/\/wp.unil.ch\/histoireparlesdonnees\/files\/2018\/05\/p4-edu-1024x776.png 1024w\" sizes=\"auto, (max-width: 1074px) 100vw, 1074px\" \/><figcaption id=\"caption-attachment-960\" class=\"wp-caption-text\">Figure 3 : Analyse de Reinert du sous-corpus \u00e9ducation<\/figcaption><\/figure>\n<p>&nbsp;<\/p>\n<h4><b>Les femmes politiques et l&#8217;\u00e9ducation<\/b><\/h4>\n<p><span style=\"font-weight: 400\">Dans cette partie, nous ne conservons que les articles issus du sous-corpus \u00e9ducation ayant un rapport avec les femmes en politique. Nous avons, pour cela, \u00e9labor\u00e9 une nouvelle liste de mots-clefs<\/span><span style=\"font-weight: 400\"> contenant le nom de plusieurs femmes politiques suisses et ainsi que des termes tels que \u201cpr\u00e9sidente\u201d, \u201cconseill\u00e8re\u201d ou encore \u201ccandidate\u201d.<\/span><\/p>\n<p><span style=\"font-weight: 400\">L\u2019analyse des 139 articles avec la m\u00e9thode de Reinert nous permet d\u2019obtenir 6 classes. La premi\u00e8re est largement associ\u00e9e aux hommes avec comme terme principal \u201cconseiller\u201d et plusieurs noms propres tels que \u201cJean\u201d ou encore \u201cPierre\u201d. Bien que l\u2019\u00e9ducation soit un secteur de la politique dans lequel les femmes sont repr\u00e9sent\u00e9e, nous notons tout de m\u00eame une forte pr\u00e9sence d\u2019hommes dans ce domaine.<\/span><\/p>\n<figure id=\"attachment_961\" aria-describedby=\"caption-attachment-961\" style=\"width: 1062px\" class=\"wp-caption alignnone\"><img alt=\"\" loading=\"lazy\" decoding=\"async\" class=\"size-full wp-image-961\" src=\"https:\/\/wp.unil.ch\/histoireparlesdonnees\/files\/2018\/05\/p4-edu-femme.png\" alt=\"\" width=\"1062\" height=\"782\" srcset=\"https:\/\/wp.unil.ch\/histoireparlesdonnees\/files\/2018\/05\/p4-edu-femme.png 1062w, https:\/\/wp.unil.ch\/histoireparlesdonnees\/files\/2018\/05\/p4-edu-femme-300x221.png 300w, https:\/\/wp.unil.ch\/histoireparlesdonnees\/files\/2018\/05\/p4-edu-femme-768x566.png 768w, https:\/\/wp.unil.ch\/histoireparlesdonnees\/files\/2018\/05\/p4-edu-femme-1024x754.png 1024w\" sizes=\"auto, (max-width: 1062px) 100vw, 1062px\" \/><figcaption id=\"caption-attachment-961\" class=\"wp-caption-text\">Figure 4 : Analyse de Reinert du sous-corpus \u00e9ducation avec la dimension \u2018femme\u2019<\/figcaption><\/figure>\n<p><span style=\"font-weight: 400\">Les femmes, bien que moins repr\u00e9sent\u00e9es, apparaissent dans une classe li\u00e9e<\/span> <span style=\"font-weight: 400\">aux mots \u201cd\u00e9veloppement\u201d, \u201cprobl\u00e8me\u201d ,\u201d\u00e9galit\u00e9\u201d et \u201cimportant\u201d. Nous pourrions penser alors que les femmes jouent un r\u00f4le d\u00e9cisif dans l\u2019\u00e9ducation et leurs actions ne sont, \u00e0 priori, pas vues d\u2019un mauvais oeil par la presse suisse. Cependant, suite \u00e0 une lecture rapide des articles retenus, le mot \u201cfemme\u201d est pour la plupart du temps mentionn\u00e9 dans des phrases de type \u201c\u00e9galit\u00e9 hommes femmes\u201d ou encore \u201csage-femme\u201d. Ce mot ne fait que rarement r\u00e9f\u00e9rence \u00e0 une \u201cfemme politique\u201d.<\/span><\/p>\n<p>&nbsp;<\/p>\n<h4><strong>La politique \u00e9trang\u00e8res des femmes politiques peu perceptible \u00e0 travers la presse<\/strong><\/h4>\n<p><span style=\"font-weight: 400\">Concernant les relations internationales, nous avons r\u00e9alis\u00e9 une premi\u00e8re analyse de Reinert du sous-corpus contenant les articles traitant des relations internationales. Nous observons 8 classes dont une premi\u00e8re classe rattach\u00e9e \u00e0 la finance (dollar, banque, taux). Une seconde en rapport avec les conflits (arm\u00e9e, paix) et une troisi\u00e8me sur le th\u00e8me de l\u2019\u00e9conomie internationale. Aucune de ces 8 classes ne fait ressortir de mani\u00e8re cat\u00e9gorique la pr\u00e9sence ou non de femmes dans ce domaine. Les hommes ne sont d\u2019ailleurs pas plus repr\u00e9sent\u00e9s.<\/span><\/p>\n<figure id=\"attachment_962\" aria-describedby=\"caption-attachment-962\" style=\"width: 988px\" class=\"wp-caption alignnone\"><img alt=\"\" loading=\"lazy\" decoding=\"async\" class=\"size-full wp-image-962\" src=\"https:\/\/wp.unil.ch\/histoireparlesdonnees\/files\/2018\/05\/p4-rl.png\" alt=\"\" width=\"988\" height=\"720\" srcset=\"https:\/\/wp.unil.ch\/histoireparlesdonnees\/files\/2018\/05\/p4-rl.png 988w, https:\/\/wp.unil.ch\/histoireparlesdonnees\/files\/2018\/05\/p4-rl-300x219.png 300w, https:\/\/wp.unil.ch\/histoireparlesdonnees\/files\/2018\/05\/p4-rl-768x560.png 768w\" sizes=\"auto, (max-width: 988px) 100vw, 988px\" \/><figcaption id=\"caption-attachment-962\" class=\"wp-caption-text\">Figure 5 : Analyse de Reinert du sous-corpus relations internationales<\/figcaption><\/figure>\n<p>&nbsp;<\/p>\n<h4>Les femmes et la politique \u00e9trang\u00e8re<\/h4>\n<p><span style=\"font-weight: 400\">Dans cette partie, nous ne conservons que les articles issus du sous-corpus des relations internationales et ayant un lien avec les femmes en politique. Le traitement des 162 articles gr\u00e2ce \u00e0 la m\u00e9thode de Reinert fait appara\u00eetre 6 classes dont les principales sont li\u00e9es \u00e0 la finance et \u00e0 l&#8217;Europe. Nous pouvons difficilement faire appara\u00eetre les actions des femmes politiques suisses en ce qui concerne la politique \u00e9trang\u00e8re.<\/span><\/p>\n<figure id=\"attachment_963\" aria-describedby=\"caption-attachment-963\" style=\"width: 1046px\" class=\"wp-caption alignnone\"><img alt=\"\" loading=\"lazy\" decoding=\"async\" class=\"size-full wp-image-963\" src=\"https:\/\/wp.unil.ch\/histoireparlesdonnees\/files\/2018\/05\/p4-rl-femmes.png\" alt=\"\" width=\"1046\" height=\"762\" srcset=\"https:\/\/wp.unil.ch\/histoireparlesdonnees\/files\/2018\/05\/p4-rl-femmes.png 1046w, https:\/\/wp.unil.ch\/histoireparlesdonnees\/files\/2018\/05\/p4-rl-femmes-300x219.png 300w, https:\/\/wp.unil.ch\/histoireparlesdonnees\/files\/2018\/05\/p4-rl-femmes-768x559.png 768w, https:\/\/wp.unil.ch\/histoireparlesdonnees\/files\/2018\/05\/p4-rl-femmes-1024x746.png 1024w\" sizes=\"auto, (max-width: 1046px) 100vw, 1046px\" \/><figcaption id=\"caption-attachment-963\" class=\"wp-caption-text\">Figure 6 : Analyse de Reinert du sous-corpus des relations internationales<\/figcaption><\/figure>\n<p>&nbsp;<\/p>\n<p style=\"text-align: center\"><a href=\"https:\/\/wp.unil.ch\/histoireparlesdonnees\/les-travaux-2017-2018\/perception-des-actions-des-femmes-politiques-suisses-par-la-presse-romande-de-1971-a-1998\/ruth-dreifuss\/\">&lt; pr\u00e9c\u00e9dent<\/a>\u00a0 \u00a0 |\u00a0 \u00a0 <a href=\"https:\/\/wp.unil.ch\/histoireparlesdonnees\/les-travaux-2017-2018\/perception-des-actions-des-femmes-politiques-suisses-par-la-presse-romande-de-1971-a-1998\/conclusion\/\">suivant &gt;<\/a><\/p>\n<p>&nbsp;<\/p>\n<p>&nbsp;<\/p>\n","protected":false},"excerpt":{"rendered":"<p>Lors de l&#8217;\u00e9laboration de notre probl\u00e9matique, nous avons identifi\u00e9 le domaine de l&#8217;\u00e9ducation comme plus facilement confi\u00e9 aux femmes contrairement aux relations internationales qui s\u2019apparentent plut\u00f4t \u00e0 un domaine largement domin\u00e9 par les hommes. Nous proc\u00e9dons donc au d\u00e9coupage du<\/p>\n","protected":false},"author":1001612,"featured_media":0,"parent":956,"menu_order":0,"comment_status":"closed","ping_status":"closed","template":"","meta":{"_seopress_robots_primary_cat":"","_seopress_titles_title":"","_seopress_titles_desc":"","_seopress_robots_index":"","footnotes":""},"class_list":["post-972","page","type-page","status-publish"],"_links":{"self":[{"href":"https:\/\/wp.unil.ch\/histoireparlesdonnees\/wp-json\/wp\/v2\/pages\/972","targetHints":{"allow":["GET"]}}],"collection":[{"href":"https:\/\/wp.unil.ch\/histoireparlesdonnees\/wp-json\/wp\/v2\/pages"}],"about":[{"href":"https:\/\/wp.unil.ch\/histoireparlesdonnees\/wp-json\/wp\/v2\/types\/page"}],"author":[{"embeddable":true,"href":"https:\/\/wp.unil.ch\/histoireparlesdonnees\/wp-json\/wp\/v2\/users\/1001612"}],"replies":[{"embeddable":true,"href":"https:\/\/wp.unil.ch\/histoireparlesdonnees\/wp-json\/wp\/v2\/comments?post=972"}],"version-history":[{"count":0,"href":"https:\/\/wp.unil.ch\/histoireparlesdonnees\/wp-json\/wp\/v2\/pages\/972\/revisions"}],"up":[{"embeddable":true,"href":"https:\/\/wp.unil.ch\/histoireparlesdonnees\/wp-json\/wp\/v2\/pages\/956"}],"wp:attachment":[{"href":"https:\/\/wp.unil.ch\/histoireparlesdonnees\/wp-json\/wp\/v2\/media?parent=972"}],"curies":[{"name":"wp","href":"https:\/\/api.w.org\/{rel}","templated":true}]}}