{"id":969,"date":"2018-05-23T18:48:17","date_gmt":"2018-05-23T16:48:17","guid":{"rendered":"http:\/\/wp.unil.ch\/histoireparlesdonnees\/?page_id=969"},"modified":"2018-05-31T12:05:11","modified_gmt":"2018-05-31T10:05:11","slug":"ruth-dreifuss","status":"publish","type":"page","link":"https:\/\/wp.unil.ch\/histoireparlesdonnees\/les-travaux-2017-2018\/perception-des-actions-des-femmes-politiques-suisses-par-la-presse-romande-de-1971-a-1998\/ruth-dreifuss\/","title":{"rendered":"Ruth Dreifuss"},"content":{"rendered":"<p style=\"text-align: left\"><span style=\"font-weight: 400\">Dans le but de r\u00e9pondre \u00e0 notre probl\u00e9matique, nous avons d\u00e9cid\u00e9 d\u2019\u00e9tudier le parcours d\u2019une femme politique suisse: Ruth Dreifuss. Nous avons fait le choix de nous concentrer sur ce personnage politique car elle reste encore aujourd\u2019hui, l\u2019une des femmes politiques les plus connues en Suisse et une figure embl\u00e9matique.<\/span><\/p>\n<p style=\"text-align: left\"><span style=\"font-weight: 400\">Ruth Dreifuss est membre du parti socialiste suisse. De 1981 \u00e0 1993, elle est secr\u00e9taire de l\u2019union syndicale suisse. Elle se consacre notamment aux questions d\u2019assurances sociales, aux pr\u00e9occupations f\u00e9minines, ainsi qu\u2019aux relations avec l\u2019organisation internationale du travail. En 1993, elle devient la seconde femme \u00e9lue au Conseil F\u00e9d\u00e9ral, apr\u00e8s Elisabeth Kopp en 1984. Ses grandes r\u00e9formes sont de l\u2019ordre social avec, par exemple, la r\u00e9forme de l&#8217;assurance maladie (LAMal) lors de la votation du 4 d\u00e9cembre 1994 et de l\u2019assurance vieillesse et survivants (AVS) le 25 juin 1995. Le 9 d\u00e9cembre 1999 elle devient la premi\u00e8re femme \u00e0 \u00eatre \u00e9lue pr\u00e9sidente de la Conf\u00e9d\u00e9ration Suisse<\/span><span style=\"font-weight: 400\">.<\/span><\/p>\n<h4><strong>Domaines politiques dans lesquels Ruth Dreifuss est la plus repr\u00e9sent\u00e9e <\/strong><\/h4>\n<p><span style=\"font-weight: 400\">Dans un premier temps, nous avons extrait un sous-corpus de 2646 articles \u00e9voquant la politique de Ruth Dreifuss. Afin d\u2019obtenir un aper\u00e7u des th\u00e8mes en rapport avec la politicienne, nous avons r\u00e9alis\u00e9 plusieurs analyses de Reinert. Chacune d\u2019entre elles porte sur le m\u00eame corpus mais avec un nombre de classes maximal diff\u00e9rent \u00e0 chaque fois. Nous avons fait cela dans le but d\u2019\u00e9viter que certaines classes ne soient cach\u00e9es ou inclues dans d\u2019autres alors qu\u2019elles pourraient \u00e9ventuellement appara\u00eetre en autorisant un nombre de classes sup\u00e9rieur. Pour un maximum de 20 classes nous en obtenons 9. L\u2019une d\u2019entre elle repr\u00e9sentant clairement Mme Dreifuss.<\/span><\/p>\n<p>&nbsp;<\/p>\n<figure id=\"attachment_959\" aria-describedby=\"caption-attachment-959\" style=\"width: 1242px\" class=\"wp-caption alignnone\"><img alt=\"\" loading=\"lazy\" decoding=\"async\" class=\"wp-image-959 size-full\" src=\"https:\/\/wp.unil.ch\/histoireparlesdonnees\/files\/2018\/05\/p3-dendo-ruth.png\" alt=\"\" width=\"1242\" height=\"890\" srcset=\"https:\/\/wp.unil.ch\/histoireparlesdonnees\/files\/2018\/05\/p3-dendo-ruth.png 1242w, https:\/\/wp.unil.ch\/histoireparlesdonnees\/files\/2018\/05\/p3-dendo-ruth-300x215.png 300w, https:\/\/wp.unil.ch\/histoireparlesdonnees\/files\/2018\/05\/p3-dendo-ruth-768x550.png 768w, https:\/\/wp.unil.ch\/histoireparlesdonnees\/files\/2018\/05\/p3-dendo-ruth-1024x734.png 1024w\" sizes=\"auto, (max-width: 1242px) 100vw, 1242px\" \/><figcaption id=\"caption-attachment-959\" class=\"wp-caption-text\">Figure 1 : Analyse de Reinert du sous-corpus Ruth Dreifuss<\/figcaption><\/figure>\n<p><span style=\"font-weight: 400\">Afin d\u2019obtenir plus d\u2019informations quant \u00e0 l\u2019apparition de ces classes au cours des ann\u00e9es, nous effectuons une analyse chi2 sur la variable ann\u00e9e. Tout d\u2019abord, int\u00e9ressons nous \u00e0 la classe 3 en rapport avec le terme \u201c\u00e9lection\u201d. Cette classe survient clairement pendant l\u2019ann\u00e9e 1993. Ce r\u00e9sultat co\u00efncide tr\u00e8s bien avec l\u2019\u00e9lection de Ruth Dreifuss au poste de membre du conseil g\u00e9n\u00e9ral. De plus, la classe 7 regroupant les termes \u201cassurance\u201d, \u201csocial\u201d, ou encore \u201cmaladie\u201d est visible majoritairement au cours de l\u2019ann\u00e9e 1995. De la m\u00eame mani\u00e8re, cette apparition est ais\u00e9ment justifiable par la r\u00e9forme de l\u2019assurance maladie et de l\u2019assurance vieillesse sur cette m\u00eame p\u00e9riode. Pareillement, la classe 2 en rapport avec le \u201ctravail\u201d est largement repr\u00e9sent\u00e9e \u00e0 partir du d\u00e9but des ann\u00e9es 1980 jusqu\u2019au d\u00e9but des ann\u00e9es 1990. Au cours de cette p\u00e9riode, Ruth Dreifuss est secr\u00e9taire de l\u2019Union syndicale suisse et est en relation avec l\u2019Organisation internationale du travail. Toutes ces informations nous permettent de confirmer la coh\u00e9rence du sous-corpus avec le parcours politique de Ruth Dreifuss. Cependant, il reste encore difficile d\u2019obtenir quelques impressions de la presse romande sur la politicienne cibl\u00e9e et encore plus sur les femmes politiques en g\u00e9n\u00e9ral. Afin d\u2019\u00e9viter de filtrer le corpus une nouvelle fois, ce qui limiterait encore le nombre d\u2019articles, nous nous tournons vers une analyse qualitative pour tenter de r\u00e9pondre \u00e0 la probl\u00e9matique.<\/span><\/p>\n<figure id=\"attachment_958\" aria-describedby=\"caption-attachment-958\" style=\"width: 1190px\" class=\"wp-caption alignnone\"><img alt=\"\" loading=\"lazy\" decoding=\"async\" class=\"wp-image-958 size-full\" src=\"https:\/\/wp.unil.ch\/histoireparlesdonnees\/files\/2018\/05\/p3-chi2-ruth.png\" alt=\"\" width=\"1190\" height=\"442\" srcset=\"https:\/\/wp.unil.ch\/histoireparlesdonnees\/files\/2018\/05\/p3-chi2-ruth.png 1190w, https:\/\/wp.unil.ch\/histoireparlesdonnees\/files\/2018\/05\/p3-chi2-ruth-300x111.png 300w, https:\/\/wp.unil.ch\/histoireparlesdonnees\/files\/2018\/05\/p3-chi2-ruth-768x285.png 768w, https:\/\/wp.unil.ch\/histoireparlesdonnees\/files\/2018\/05\/p3-chi2-ruth-1024x380.png 1024w\" sizes=\"auto, (max-width: 1190px) 100vw, 1190px\" \/><figcaption id=\"caption-attachment-958\" class=\"wp-caption-text\">Figure 2 : Analyse chi2 sur la variable ann\u00e9e pour le sous-corpus Ruth Dreifuss<\/figcaption><\/figure>\n<p>&nbsp;<\/p>\n<h4><strong>La r\u00e9forme de 1994 sur LAMal par Ruth Dreifuss<\/strong><\/h4>\n<p><span style=\"font-weight: 400\">Nous avons d\u00e9cid\u00e9 de r\u00e9aliser notre analyse qualitative sur les articles en rapport avec la r\u00e9forme de l&#8217;assurance maladie (LAMal) de 1994. Comme nous l\u2019a montr\u00e9 l\u2019annexe 2, cette r\u00e9forme semble avoir g\u00e9n\u00e9r\u00e9e \u00e9norm\u00e9ment d\u2019articles et l\u2019\u00e9tude de ces derniers est, \u00e0 priori, un bon moyen de d\u00e9terminer le regard que porte la presse romande sur Ruth Dreifuss en tant que femme politique. Nous gardons n\u00e9anmoins \u00e0 l\u2019esprit qu\u2019il ne faut non pas analyser les actions de cette femme en tant que personne mais en tant que femme politique afin d\u2019apporter plus de sens et de pr\u00e9cision \u00e0 notre analyse quantitative. Nous avons ainsi retenu un total de 64 articles en rapport avec cette r\u00e9forme et comportant le nom de Mme Dreifuss. Les sujets du \u201cremboursement des \u00e9chographies de routine par l\u2019assurance maladie\u201d ou encore de \u201cl\u2019acc\u00e8s aux m\u00e9dicaments contre le sida\u201d semblent \u00eatre au coeur du d\u00e9bat et g\u00e9n\u00e8rent \u00e9norm\u00e9ment de discussions. Nous pouvons par exemple relever une premi\u00e8re citation \u201cLes associations de lutte contre le sida somment Ruth Dreifuss de se \u00ab r\u00e9veiller \u00bb<\/span><span style=\"font-weight: 400\">\u201d<\/span><span style=\"font-weight: 400\"> montrant bien l\u2019agacement de certaines personnes. N\u00e9anmoins d\u2019autres semblent plus positives quant aux actions de la politicienne: \u201cA l&#8217;\u00e9vidence, Mme Dreifuss tente de faire bouger les choses. Mais sa bonne foi se heurte au syst\u00e8me qui, quoi qu&#8217;elle en dise, demeure inad\u00e9quat face \u00e0 l&#8217;urgence du moment\u201d<\/span><span style=\"font-weight: 400\">. De plus, Ruth Dreifuss s\u2019attaque \u00e0 un probl\u00e8me ardent qui semble depuis longtemps avoir \u00e9t\u00e9 d\u00e9laiss\u00e9 par ses pr\u00e9d\u00e9cesseurs: \u201cle choc apr\u00e8s plus de quatre-vingts ans d&#8217;hibernation, l&#8217;assurance maladie a enfil\u00e9 ses habits neufs en janvier de cette ann\u00e9e\u201d<\/span><span style=\"font-weight: 400\">. Les articles que nous avons pu lire ne sont en aucun cas inond\u00e9s de critiques port\u00e9es \u00e0 l\u2019encontre de Mme Dreifuss en tant que \u201cfemme politique\u201d. Bien que plusieurs d\u2019entre eux pr\u00e9sentent des preuves de m\u00e9contentement de la part de\u00a0<\/span><span style=\"font-weight: 400\">certains partis, le sexe de la politicienne n\u2019affecte en rien le jugement port\u00e9 par la presse romande. L\u2019ensemble des textes issus du Journal De Gen\u00e8ve semble d\u2019ailleurs \u00eatre favorables \u00e0 la politique men\u00e9e par la conseill\u00e8re g\u00e9n\u00e9rale. Nous pouvons donc apporter un \u00e9l\u00e9ment de r\u00e9ponse \u00e0 notre probl\u00e9matique. Les femmes, au travers de l\u2019exemple de Ruth Dreifuss, semblent \u00eatre consid\u00e9r\u00e9es comme l\u2019\u00e9gal des hommes par la presse romande, et la diff\u00e9rence de sexe n\u2019affecte en rien la vision des journaux tels que le Journal De Gen\u00e8ve ou la Gazette De Lausanne.<\/span><\/p>\n<p>&nbsp;<\/p>\n<p style=\"text-align: center\"><a href=\"https:\/\/wp.unil.ch\/histoireparlesdonnees\/les-travaux-2017-2018\/perception-des-actions-des-femmes-politiques-suisses-par-la-presse-romande-de-1971-a-1998\/introduction\/\">&lt; pr\u00e9c\u00e9dent<\/a>\u00a0 \u00a0 |\u00a0 \u00a0 <a href=\"https:\/\/wp.unil.ch\/histoireparlesdonnees\/les-travaux-2017-2018\/perception-des-actions-des-femmes-politiques-suisses-par-la-presse-romande-de-1971-a-1998\/analyse-des-thematiques-de-leducation-et-de-la-politique-etrangere\/\">suivant &gt;<\/a><\/p>\n","protected":false},"excerpt":{"rendered":"<p>Dans le but de r\u00e9pondre \u00e0 notre probl\u00e9matique, nous avons d\u00e9cid\u00e9 d\u2019\u00e9tudier le parcours d\u2019une femme politique suisse: Ruth Dreifuss. Nous avons fait le choix de nous concentrer sur ce personnage politique car elle reste encore aujourd\u2019hui, l\u2019une des femmes<\/p>\n","protected":false},"author":1001612,"featured_media":0,"parent":956,"menu_order":0,"comment_status":"closed","ping_status":"closed","template":"","meta":{"_seopress_robots_primary_cat":"","_seopress_titles_title":"","_seopress_titles_desc":"","_seopress_robots_index":"","footnotes":""},"class_list":["post-969","page","type-page","status-publish"],"_links":{"self":[{"href":"https:\/\/wp.unil.ch\/histoireparlesdonnees\/wp-json\/wp\/v2\/pages\/969","targetHints":{"allow":["GET"]}}],"collection":[{"href":"https:\/\/wp.unil.ch\/histoireparlesdonnees\/wp-json\/wp\/v2\/pages"}],"about":[{"href":"https:\/\/wp.unil.ch\/histoireparlesdonnees\/wp-json\/wp\/v2\/types\/page"}],"author":[{"embeddable":true,"href":"https:\/\/wp.unil.ch\/histoireparlesdonnees\/wp-json\/wp\/v2\/users\/1001612"}],"replies":[{"embeddable":true,"href":"https:\/\/wp.unil.ch\/histoireparlesdonnees\/wp-json\/wp\/v2\/comments?post=969"}],"version-history":[{"count":0,"href":"https:\/\/wp.unil.ch\/histoireparlesdonnees\/wp-json\/wp\/v2\/pages\/969\/revisions"}],"up":[{"embeddable":true,"href":"https:\/\/wp.unil.ch\/histoireparlesdonnees\/wp-json\/wp\/v2\/pages\/956"}],"wp:attachment":[{"href":"https:\/\/wp.unil.ch\/histoireparlesdonnees\/wp-json\/wp\/v2\/media?parent=969"}],"curies":[{"name":"wp","href":"https:\/\/api.w.org\/{rel}","templated":true}]}}