{"id":965,"date":"2018-05-23T18:41:59","date_gmt":"2018-05-23T16:41:59","guid":{"rendered":"http:\/\/wp.unil.ch\/histoireparlesdonnees\/?page_id=965"},"modified":"2018-05-31T12:02:34","modified_gmt":"2018-05-31T10:02:34","slug":"introduction","status":"publish","type":"page","link":"https:\/\/wp.unil.ch\/histoireparlesdonnees\/les-travaux-2017-2018\/perception-des-actions-des-femmes-politiques-suisses-par-la-presse-romande-de-1971-a-1998\/introduction\/","title":{"rendered":"Introduction"},"content":{"rendered":"<p><span style=\"font-weight: 400\">A partir de 1971, la Suisse a permis aux femmes d\u2019avoir un engagement plus significatif dans la vie publique via le droit de vote et le droit d&#8217;\u00e9ligibilit\u00e9. En quelques d\u00e9cennies, les femmes ont r\u00e9ussi \u00e0 s\u2019imposer au pouvoir et sont, aujourd\u2019hui, de plus en plus nombreuses sur la sc\u00e8ne politique. La participation des femmes au pouvoir entra\u00eene un changement social mettant l\u2019accent sur des domaines sur lesquels vont leur pr\u00e9f\u00e9rence. Les secteurs d&#8217;int\u00e9r\u00eats des \u00e9lues se situent principalement dans l\u2019\u00e9ducation, l\u2019enseignement, les affaires sociales,<\/span><span style=\"font-weight: 400\"> la s\u00e9curit\u00e9, et la sant\u00e9; en revanche, elles ne portent en g\u00e9n\u00e9ral que peu d\u2019importance \u00e0 la d\u00e9fense nationale, la politique \u00e9trang\u00e8re, la justice et l\u2019emploi.<\/span><\/p>\n<p><span style=\"font-weight: 400\">Le cas de Ruth Dreifuss peut \u00eatre pris comme r\u00e9f\u00e9rence. En 1993, elle devient la seconde femme \u00e9lue au Conseil F\u00e9d\u00e9ral. Ses grandes r\u00e9formes sont de l\u2019ordre social avec, par exemple, la r\u00e9forme de l&#8217;assurance maladie (LAMal) en 1994 et de l\u2019assurance vieillesse et survivants (AVS) en 1995. En 1999, elle devient la premi\u00e8re femme \u00e0 \u00eatre \u00e9lue pr\u00e9sidente de la Conf\u00e9d\u00e9ration Suisse<\/span><span style=\"font-weight: 400\">.<\/span><\/p>\n<p><span style=\"font-weight: 400\">Notre sujet traite de la perception d\u2019une partie de la presse Suisse romande (Gazette de Lausanne, le Journal de Gen\u00e8ve et le Nouveau Quotidien) sur les actions des femmes politiques suisses dans certains domaines. Dans le cadre de cette \u00e9tude, nous d\u00e9buterons notre recherche \u00e0 partir de l\u2019accession au droit de vote par les femmes en Suisse en 1971 jusqu\u2019\u00e0 la fin du XX\u00e8me si\u00e8cle.<\/span><\/p>\n<p><span style=\"font-weight: 400\">Pour r\u00e9pondre \u00e0 ces questions, nous limiterons notre \u00e9tude \u00e0 certains domaines d\u2019actions, \u00e0 savoir la perception des d\u00e9cisions prises en mati\u00e8re de politique internationale en opposition au th\u00e8me de l\u2019\u00e9ducation qui est, quant \u00e0 lui, un domaine plus volontiers r\u00e9serv\u00e9 et confi\u00e9 aux femmes, ou encore \u00e0 \u00a0travers les actions d\u2019une des figures embl\u00e9matiques de la politique Suisse: Ruth Dreifuss.<\/span><\/p>\n<h4><b>M\u00e9thode d\u2019analyse<\/b><\/h4>\n<p><span style=\"font-weight: 400\">Dans un premier temps, nous \u00e9tudierons les articles en rapport avec Ruth Dreifuss. Nous essaierons pour cela, gr\u00e2ce \u00e0 une analyse quantitative, de rendre compte des impressions dominantes que porte la presse sur la politicienne. Nous r\u00e9aliserons \u00e9galement une analyse qualitative en rapport avec la r\u00e9forme de LAMal (Assurance Maladie) de 1994 afin d\u2019affiner nos conclusions. Dans un second temps,nos recherches porteront sur deux domaines\u00a0<\/span><span style=\"font-weight: 400\">politiques en particulier: la politique \u00e9ducative et les relations internationales. Nous analyserons seulement les articles ayant un rapport avec les femmes afin de relever le jugement de la presse romande.<\/span><\/p>\n<p>&nbsp;<\/p>\n<p style=\"text-align: center\"><a href=\"https:\/\/wp.unil.ch\/histoireparlesdonnees\/les-travaux-2017-2018\/perception-des-actions-des-femmes-politiques-suisses-par-la-presse-romande-de-1971-a-1998\/\">&lt; pr\u00e9c\u00e9dent\u00a0<\/a> \u00a0 |\u00a0 \u00a0 <a href=\"https:\/\/wp.unil.ch\/histoireparlesdonnees\/les-travaux-2017-2018\/perception-des-actions-des-femmes-politiques-suisses-par-la-presse-romande-de-1971-a-1998\/ruth-dreifuss\/\">suivant &gt;<\/a><\/p>\n","protected":false},"excerpt":{"rendered":"<p>A partir de 1971, la Suisse a permis aux femmes d\u2019avoir un engagement plus significatif dans la vie publique via le droit de vote et le droit d&#8217;\u00e9ligibilit\u00e9. En quelques d\u00e9cennies, les femmes ont r\u00e9ussi \u00e0 s\u2019imposer au pouvoir et<\/p>\n","protected":false},"author":1001612,"featured_media":0,"parent":956,"menu_order":0,"comment_status":"closed","ping_status":"closed","template":"","meta":{"_seopress_robots_primary_cat":"","_seopress_titles_title":"","_seopress_titles_desc":"","_seopress_robots_index":"","footnotes":""},"class_list":["post-965","page","type-page","status-publish"],"_links":{"self":[{"href":"https:\/\/wp.unil.ch\/histoireparlesdonnees\/wp-json\/wp\/v2\/pages\/965","targetHints":{"allow":["GET"]}}],"collection":[{"href":"https:\/\/wp.unil.ch\/histoireparlesdonnees\/wp-json\/wp\/v2\/pages"}],"about":[{"href":"https:\/\/wp.unil.ch\/histoireparlesdonnees\/wp-json\/wp\/v2\/types\/page"}],"author":[{"embeddable":true,"href":"https:\/\/wp.unil.ch\/histoireparlesdonnees\/wp-json\/wp\/v2\/users\/1001612"}],"replies":[{"embeddable":true,"href":"https:\/\/wp.unil.ch\/histoireparlesdonnees\/wp-json\/wp\/v2\/comments?post=965"}],"version-history":[{"count":0,"href":"https:\/\/wp.unil.ch\/histoireparlesdonnees\/wp-json\/wp\/v2\/pages\/965\/revisions"}],"up":[{"embeddable":true,"href":"https:\/\/wp.unil.ch\/histoireparlesdonnees\/wp-json\/wp\/v2\/pages\/956"}],"wp:attachment":[{"href":"https:\/\/wp.unil.ch\/histoireparlesdonnees\/wp-json\/wp\/v2\/media?parent=965"}],"curies":[{"name":"wp","href":"https:\/\/api.w.org\/{rel}","templated":true}]}}