{"id":956,"date":"2018-05-23T18:38:34","date_gmt":"2018-05-23T16:38:34","guid":{"rendered":"http:\/\/wp.unil.ch\/histoireparlesdonnees\/?page_id=956"},"modified":"2018-05-31T12:17:02","modified_gmt":"2018-05-31T10:17:02","slug":"perception-des-actions-des-femmes-politiques-suisses-par-la-presse-romande-de-1971-a-1998","status":"publish","type":"page","link":"https:\/\/wp.unil.ch\/histoireparlesdonnees\/les-travaux-2017-2018\/perception-des-actions-des-femmes-politiques-suisses-par-la-presse-romande-de-1971-a-1998\/","title":{"rendered":"Perception des actions des femmes politiques suisses par la presse romande de 1971 \u00e0 1998."},"content":{"rendered":"<p><span style=\"font-weight: 400\">Auteurs: Mathilde Mareite, R\u00e9mi Colliard, Aur\u00e9lien Vouaillat<\/span><\/p>\n<p><img alt=\"\" loading=\"lazy\" decoding=\"async\" class=\"alignnone size-full wp-image-957\" src=\"https:\/\/wp.unil.ch\/histoireparlesdonnees\/files\/2018\/05\/p1.png\" alt=\"\" width=\"1044\" height=\"576\" srcset=\"https:\/\/wp.unil.ch\/histoireparlesdonnees\/files\/2018\/05\/p1.png 1044w, https:\/\/wp.unil.ch\/histoireparlesdonnees\/files\/2018\/05\/p1-300x166.png 300w, https:\/\/wp.unil.ch\/histoireparlesdonnees\/files\/2018\/05\/p1-768x424.png 768w, https:\/\/wp.unil.ch\/histoireparlesdonnees\/files\/2018\/05\/p1-1024x565.png 1024w, https:\/\/wp.unil.ch\/histoireparlesdonnees\/files\/2018\/05\/p1-600x330.png 600w\" sizes=\"auto, (max-width: 1044px) 100vw, 1044px\" \/><\/p>\n<p><span style=\"font-weight: 400\">Dans cet article, nous analysons le sentiment de la presse romande vis-\u00e0-vis des actions des femmes politiques suisses de 1971 \u00e0 1998, en particulier gr\u00e2ce aux archives du Journal de Gen\u00e8ve de la Gazette de Lausanne et du Nouveau Quotidien. Pour ce faire, nous avons r\u00e9alis\u00e9 des analyses de Reinert sur diff\u00e9rents corpus d\u2019articles est effectu\u00e9e avec l\u2019aide du logiciel Iramuteq.<\/span><\/p>\n<p>&nbsp;<\/p>\n<h4>Table des mati\u00e8res<\/h4>\n<ul>\n<li><a href=\"\/\/wp.unil.ch\/histoireparlesdonnees\/les-travaux-2017-2018\/perception-des-actions-des-femmes-politiques-suisses-par-la-presse-romande-de-1971-a-1998\/introduction\/\">Introduction<\/a><\/li>\n<li>R\u00e9sultats de l&#8217;analyse\n<ul>\n<li><a href=\"https:\/\/wp.unil.ch\/histoireparlesdonnees\/les-travaux-2017-2018\/perception-des-actions-des-femmes-politiques-suisses-par-la-presse-romande-de-1971-a-1998\/ruth-dreifuss\/\">Ruth Dreifuss<\/a><\/li>\n<li><a href=\"https:\/\/wp.unil.ch\/histoireparlesdonnees\/les-travaux-2017-2018\/perception-des-actions-des-femmes-politiques-suisses-par-la-presse-romande-de-1971-a-1998\/analyse-des-thematiques-de-leducation-et-de-la-politique-etrangere\/\">Comparaison sur les th\u00e9matiques de l&#8217;\u00e9ducation et des relations internationales<\/a><\/li>\n<\/ul>\n<\/li>\n<li><a href=\"https:\/\/wp.unil.ch\/histoireparlesdonnees\/les-travaux-2017-2018\/perception-des-actions-des-femmes-politiques-suisses-par-la-presse-romande-de-1971-a-1998\/conclusion\/\">Conclusion<\/a><\/li>\n<li><a href=\"https:\/\/wp.unil.ch\/histoireparlesdonnees\/les-travaux-2017-2018\/perception-des-actions-des-femmes-politiques-suisses-par-la-presse-romande-de-1971-a-1998\/bibliographie\/\">Bibliographie<\/a><\/li>\n<li><a href=\"https:\/\/wp.unil.ch\/histoireparlesdonnees\/les-travaux-2017-2018\/perception-des-actions-des-femmes-politiques-suisses-par-la-presse-romande-de-1971-a-1998\/annexes\/\">Annexes<\/a><\/li>\n<\/ul>\n<p>&nbsp;<\/p>\n<p style=\"text-align: center\"><a href=\"https:\/\/wp.unil.ch\/histoireparlesdonnees\/les-travaux-2017-2018\/perception-des-actions-des-femmes-politiques-suisses-par-la-presse-romande-de-1971-a-1998\/introduction\/\">suivant &gt;<\/a><\/p>\n","protected":false},"excerpt":{"rendered":"<p>Auteurs: Mathilde Mareite, R\u00e9mi Colliard, Aur\u00e9lien Vouaillat Dans cet article, nous analysons le sentiment de la presse romande vis-\u00e0-vis des actions des femmes politiques suisses de 1971 \u00e0 1998, en particulier gr\u00e2ce aux archives du Journal de Gen\u00e8ve de la<\/p>\n","protected":false},"author":1001612,"featured_media":0,"parent":912,"menu_order":0,"comment_status":"closed","ping_status":"closed","template":"","meta":{"_seopress_robots_primary_cat":"","_seopress_titles_title":"","_seopress_titles_desc":"","_seopress_robots_index":"","footnotes":""},"class_list":["post-956","page","type-page","status-publish"],"_links":{"self":[{"href":"https:\/\/wp.unil.ch\/histoireparlesdonnees\/wp-json\/wp\/v2\/pages\/956","targetHints":{"allow":["GET"]}}],"collection":[{"href":"https:\/\/wp.unil.ch\/histoireparlesdonnees\/wp-json\/wp\/v2\/pages"}],"about":[{"href":"https:\/\/wp.unil.ch\/histoireparlesdonnees\/wp-json\/wp\/v2\/types\/page"}],"author":[{"embeddable":true,"href":"https:\/\/wp.unil.ch\/histoireparlesdonnees\/wp-json\/wp\/v2\/users\/1001612"}],"replies":[{"embeddable":true,"href":"https:\/\/wp.unil.ch\/histoireparlesdonnees\/wp-json\/wp\/v2\/comments?post=956"}],"version-history":[{"count":0,"href":"https:\/\/wp.unil.ch\/histoireparlesdonnees\/wp-json\/wp\/v2\/pages\/956\/revisions"}],"up":[{"embeddable":true,"href":"https:\/\/wp.unil.ch\/histoireparlesdonnees\/wp-json\/wp\/v2\/pages\/912"}],"wp:attachment":[{"href":"https:\/\/wp.unil.ch\/histoireparlesdonnees\/wp-json\/wp\/v2\/media?parent=956"}],"curies":[{"name":"wp","href":"https:\/\/api.w.org\/{rel}","templated":true}]}}