{"id":928,"date":"2018-05-23T18:00:18","date_gmt":"2018-05-23T16:00:18","guid":{"rendered":"http:\/\/wp.unil.ch\/histoireparlesdonnees\/?page_id=928"},"modified":"2018-05-23T18:27:03","modified_gmt":"2018-05-23T16:27:03","slug":"analyse","status":"publish","type":"page","link":"https:\/\/wp.unil.ch\/histoireparlesdonnees\/les-travaux-2017-2018\/suffrage-feminin-evolution-de-sa-perception-a-travers-les-archives-du-journal-de-geneve-et-de-la-gazette-de-lausanne\/analyse\/","title":{"rendered":"Analyse"},"content":{"rendered":"<h4>Comparaison des journaux<\/h4>\n<h4><a href=\"https:\/\/wp.unil.ch\/histoireparlesdonnees\/files\/2018\/05\/years_results_journaux.png\"><img alt=\"\" loading=\"lazy\" decoding=\"async\" class=\"alignnone size-medium wp-image-931\" src=\"https:\/\/wp.unil.ch\/histoireparlesdonnees\/files\/2018\/05\/years_results_journaux-300x118.png\" alt=\"\" width=\"300\" height=\"118\" srcset=\"https:\/\/wp.unil.ch\/histoireparlesdonnees\/files\/2018\/05\/years_results_journaux-300x118.png 300w, https:\/\/wp.unil.ch\/histoireparlesdonnees\/files\/2018\/05\/years_results_journaux-768x301.png 768w, https:\/\/wp.unil.ch\/histoireparlesdonnees\/files\/2018\/05\/years_results_journaux-1024x401.png 1024w, https:\/\/wp.unil.ch\/histoireparlesdonnees\/files\/2018\/05\/years_results_journaux.png 1617w\" sizes=\"auto, (max-width: 300px) 100vw, 300px\" \/><\/a><\/h4>\n<p><span style=\"font-weight: 400\">Nous d\u00e9butons notre analyse des m\u00e9tadonn\u00e9es en comparant la longueur et le nombre d\u2019articles contenus dans le corpus principal[<a href=\"https:\/\/wp.unil.ch\/histoireparlesdonnees\/files\/2018\/05\/years_results_journaux.png\">Fig.1<\/a>]. Une diff\u00e9rence de tendance entre ces deux journaux ressort de cette comparaison. En effet, si le nombre d\u2019articles consacr\u00e9s au droit de vote des femmes est significativement sup\u00e9rieur dans le Journal de Gen\u00e8ve (JDG), jusqu\u2019\u00e0 six fois plus \u00e9lev\u00e9, la longueur des articles y est consid\u00e9rablement plus courte. Il n\u2019est toutefois pas possible d\u2019en d\u00e9duire une r\u00e9flexion plus pouss\u00e9e sur le sujet dans le journal vaudois. En effet, de nombreux articles se consacrent \u00e0 d\u2019autres sujets et ne font que mentionner le th\u00e8me au d\u00e9tour d\u2019une phrase. Deux \u00e9l\u00e9ments ressortent n\u00e9anmoins de cette analyse. Premi\u00e8rement, le nombre d\u2019articles par ann\u00e9es diminue au cours du temps, probablement d\u00fb au fait que le sujet entre dans les m\u0153urs apr\u00e8s l\u2019acceptation du vote et ne soit plus un sujet d\u2019actualit\u00e9. La pr\u00e9sence de cycles s\u2019explique en consid\u00e9rant les faits historiques. La place de la femme dans la vie civile et \u00e9conomique s\u2019\u00e9tant consid\u00e9rablement accrue suite \u00e0 la Premi\u00e8re Guerre mondiale, et la premi\u00e8re vague de votations qui s\u2019en suivit, expliquent ais\u00e9ment la grande fr\u00e9quence d\u2019apparition du th\u00e8me dans les journaux dans les ann\u00e9es 1920-1930. Le climat de crise \u00e9conomique et la mont\u00e9e du fascisme expliquent le creux des ann\u00e9es 1930-1939. Cela se r\u00e9percute surtout sur la GDL avec un minimum d\u2019un article en 1938. D\u2019importants pics ponctuent les ann\u00e9es qui suivent. Le premier, en 1940, est en corr\u00e9lation avec la deuxi\u00e8me vague de votations cantonales, qui a d\u00e9but\u00e9 \u00e0 Gen\u00e8ve. Le JDG y consacre le plus grand nombre d\u2019articles de son histoire. La Deuxi\u00e8me Guerre mondiale \u00e9clipse le sujet et ce n\u2019est qu\u2019\u00e0 partir de 1946 que rejaillissent les pics. Notons \u00e9galement un important pic pr\u00e9sent dans les deux journaux en 1959, ann\u00e9e de la premi\u00e8re votation f\u00e9d\u00e9rale ainsi que de nombreuses votations cantonales. <\/span><\/p>\n<p>&nbsp;<\/p>\n<p><span style=\"font-weight: 400\">Particuli\u00e8rement int\u00e9ressant est l\u2019absence de pic prononc\u00e9 en l\u2019an 1971, ann\u00e9e o\u00f9 le droit de vote des femmes a \u00e9t\u00e9 accord\u00e9 au niveau f\u00e9d\u00e9ral. Cet \u00e9v\u00e9nement, qui semblerait \u00e0 priori \u00eatre le point culminant de la lutte pour l\u2019obtention du droit des femmes, ne ressort pas dans les m\u00e9tadonn\u00e9es du corpus. Ce constat pourrait motiver un nouveau travail de recherche. <\/span><\/p>\n<p>&nbsp;<\/p>\n<p><span style=\"font-weight: 400\">En r\u00e9sum\u00e9, l\u2019analyse de tendance associ\u00e9e aux \u00e9v\u00e9nements historiques montre un d\u00e9clin de la m\u00e9diatisation du suffrage f\u00e9minin, notamment apr\u00e8s la premi\u00e8re vague d\u2019acceptations. La nature de notre m\u00e9thode d\u2019analyse ainsi que le changement dans le style des articles ne nous permettent pas de tirer davantage de conclusions en ne nous basant que sur les m\u00e9tadonn\u00e9es. Une analyse lexicale est n\u00e9cessaire \u00e0 la poursuite de la discussion. \u00a0<\/span><\/p>\n<p>&nbsp;<\/p>\n<h4>Analyse du language<\/h4>\n<figure id=\"attachment_940\" aria-describedby=\"caption-attachment-940\" style=\"width: 150px\" class=\"wp-caption alignnone\"><a href=\"https:\/\/wp.unil.ch\/histoireparlesdonnees\/files\/2018\/05\/53-71.png\"><img alt=\"\" loading=\"lazy\" decoding=\"async\" class=\"size-thumbnail wp-image-940\" src=\"https:\/\/wp.unil.ch\/histoireparlesdonnees\/files\/2018\/05\/53-71-150x150.png\" alt=\"\" width=\"150\" height=\"150\" srcset=\"https:\/\/wp.unil.ch\/histoireparlesdonnees\/files\/2018\/05\/53-71-150x150.png 150w, https:\/\/wp.unil.ch\/histoireparlesdonnees\/files\/2018\/05\/53-71-230x230.png 230w, https:\/\/wp.unil.ch\/histoireparlesdonnees\/files\/2018\/05\/53-71-365x365.png 365w\" sizes=\"auto, (max-width: 150px) 100vw, 150px\" \/><\/a><figcaption id=\"caption-attachment-940\" class=\"wp-caption-text\">Dendogramme 1953-1971<\/figcaption><\/figure>\n<figure id=\"attachment_939\" aria-describedby=\"caption-attachment-939\" style=\"width: 150px\" class=\"wp-caption alignnone\"><a href=\"https:\/\/wp.unil.ch\/histoireparlesdonnees\/files\/2018\/05\/40-53.png\"><img alt=\"\" loading=\"lazy\" decoding=\"async\" class=\"size-thumbnail wp-image-939\" src=\"https:\/\/wp.unil.ch\/histoireparlesdonnees\/files\/2018\/05\/40-53-150x150.png\" alt=\"\" width=\"150\" height=\"150\" srcset=\"https:\/\/wp.unil.ch\/histoireparlesdonnees\/files\/2018\/05\/40-53-150x150.png 150w, https:\/\/wp.unil.ch\/histoireparlesdonnees\/files\/2018\/05\/40-53-230x230.png 230w, https:\/\/wp.unil.ch\/histoireparlesdonnees\/files\/2018\/05\/40-53-365x365.png 365w\" sizes=\"auto, (max-width: 150px) 100vw, 150px\" \/><\/a><figcaption id=\"caption-attachment-939\" class=\"wp-caption-text\">Dendogramme 1940-1953<\/figcaption><\/figure>\n<figure id=\"attachment_938\" aria-describedby=\"caption-attachment-938\" style=\"width: 150px\" class=\"wp-caption alignnone\"><a href=\"https:\/\/wp.unil.ch\/histoireparlesdonnees\/files\/2018\/05\/20-40.png\"><img alt=\"\" loading=\"lazy\" decoding=\"async\" class=\"size-thumbnail wp-image-938\" src=\"https:\/\/wp.unil.ch\/histoireparlesdonnees\/files\/2018\/05\/20-40-150x150.png\" alt=\"\" width=\"150\" height=\"150\" srcset=\"https:\/\/wp.unil.ch\/histoireparlesdonnees\/files\/2018\/05\/20-40-150x150.png 150w, https:\/\/wp.unil.ch\/histoireparlesdonnees\/files\/2018\/05\/20-40-230x230.png 230w, https:\/\/wp.unil.ch\/histoireparlesdonnees\/files\/2018\/05\/20-40-365x365.png 365w\" sizes=\"auto, (max-width: 150px) 100vw, 150px\" \/><\/a><figcaption id=\"caption-attachment-938\" class=\"wp-caption-text\">Dendogramme de 1920 \u00e0 1940<\/figcaption><\/figure>\n<p><span style=\"font-weight: 400\">Nous nous int\u00e9ressons \u00e0 l\u2019\u00e9volution du langage entre 1920 et 1971, date \u00e0 laquelle les premi\u00e8res votations ont eu lieu, et ou le dernier canton obtient le droit de vote des femmes, respectivement. L\u2019analyse se porte uniquement sur les articles contenant \u00ab suffrage f\u00e9minin \u00bb, \u00ab droit des femmes \u00bb et \u00ab vote des femmes \u00bb dans la <\/span><i><span style=\"font-weight: 400\">GDL <\/span><\/i><span style=\"font-weight: 400\">et le <\/span><i><span style=\"font-weight: 400\">JDG<\/span><\/i><span style=\"font-weight: 400\">. Nous comparons les classes de mots entre les diff\u00e9rentes p\u00e9riodes du corpus pour faire ressortir un \u00e9ventuel changement de perception sur le sujet. L\u2019analyse a \u00e9t\u00e9 effectu\u00e9e en laissant l\u2019algorithme ressortir au plus six diff\u00e9rentes classes par sous-corpus. \u00a0<\/span><\/p>\n<p><span style=\"font-weight: 400\">Entre 1920 et 1940, le logiciel nous fournit quatre classes de mots, dont la premi\u00e8re fait \u00e9cho aux premiers \u00ab votes \u00bb cantonaux et \u00ab projets \u00bb concernant le suffrage f\u00e9minin. Les deuxi\u00e8mes et troisi\u00e8mes classes font davantage r\u00e9f\u00e9rence aux enjeux politiques et aux r\u00f4les des femmes dans la \u00ab famille \u00bb. La forte pr\u00e9sence du terme \u00ab f\u00e9ministe \u00bb se rapporte \u00e0 la \u00ab <\/span><i><span style=\"font-weight: 400\">Chronique<\/span><\/i><span style=\"font-weight: 400\">?<\/span><i><span style=\"font-weight: 400\"> f\u00e9ministe \u00bb<\/span><\/i><span style=\"font-weight: 400\"> propos\u00e9s par la GDL au milieu des ann\u00e9es 20 qui raconte, de mani\u00e8re subjective, les avanc\u00e9es g\u00e9n\u00e9rales de la lutte pour l\u2019\u00e9galit\u00e9 des sexes en politique \u00e0 l\u2019\u00e9tranger, et ironise sur la lenteur de la politique suisse. Cette chronique fera l\u2019objet d\u2019une analyse plus pr\u00e9cise dans la prochaine partie. La quatri\u00e8me classe fait r\u00e9f\u00e9rence \u00e0 des faits divers. L\u2019\u00e9vocation du suffrage f\u00e9minin a donc r\u00e9guli\u00e8rement lieu dans une liste de courts articles. Ce sujet ressort donc plus comme un sujet annexe, auquel on accorde une courte chronique, que comme un v\u00e9ritable d\u00e9bat de soci\u00e9t\u00e9. \u00a0<\/span><b>\u00a0<\/b><\/p>\n<p><span style=\"font-weight: 400\">Entre 1940 et 1953, la plupart des classes de mots restent les m\u00eames. Nous retrouvons toujours la classe concernant les votes cantonaux et droit de femmes ; la classe sur la \u00ab famille \u00bb a cependant \u00e9volu\u00e9e. En effet, plusieurs termes font r\u00e9f\u00e9rence aux r\u00f4les des femmes durant la Seconde Guerre mondiale, dont leur \u00ab responsabilit\u00e9 \u00bb de maintenir les \u00ab t\u00e2ches \u00bb m\u00e9nag\u00e8res et l\u2019\u00e9conomie du pays en ressortent. Finalement, l\u2019apparition d\u2019une nouvelle classe, dans laquelle le terme \u00ab argument \u00bb prime, montre qu\u2019il y a une prise de position. Les termes de la sixi\u00e8me classe, d\u00e9crivant des lieux publics et faisant appara\u00eetre le personnage d\u2019Antoinette \u201cQuinche\u201d, laissent supposer que des d\u00e9bats ont commenc\u00e9 \u00e0 s\u2019organiser autour du suffrage f\u00e9minin. Le sujet passe donc d\u2019un sujet annexe \u00e0 un sujet \u00e0 d\u00e9bats.<\/span><\/p>\n<p><span style=\"font-weight: 400\">A partir des ann\u00e9es 1950, il est difficile d\u2019observer un changement de pens\u00e9e \u00e0 l\u2019aide de cette m\u00e9thode. En effet, la majorit\u00e9 des mots des classes en rapport au droit de vote restent les m\u00eames. Toutefois, nous pouvons observer une augmentation des citations des cantons comme Vaud Neuch\u00e2tel ou Gen\u00e8ve dans les journaux jusqu\u2019en 1960, refl\u00e9tant un int\u00e9r\u00eat marquant pour la premi\u00e8re votation f\u00e9d\u00e9rale de 1959. <\/span><\/p>\n<h4><strong>Analyse qualitative, l\u2019exemple de La <i>Chronique f\u00e9ministe<\/i> de la Gazette de Lausanne<\/strong><\/h4>\n<p><span style=\"font-weight: 400\">Un point curieux ressort \u00e9galement des dendogrammes. La forte pr\u00e9sence du terme <\/span><i><span style=\"font-weight: 400\">f\u00e9ministe<\/span><\/i><span style=\"font-weight: 400\"> dans le premier dendogramme, et sa totale disparition dans les prochains soul\u00e8ve une interrogation. Une analyse qualitative a permis la d\u00e9couverte de la <\/span><i><span style=\"font-weight: 400\">Chronique f\u00e9ministe<\/span><\/i><span style=\"font-weight: 400\"> des ann\u00e9es 1920. Cette chronique appara\u00eet pour la premi\u00e8re fois au milieu de l\u2019ann\u00e9e 1922 et se termine en 1930. Il est int\u00e9ressant de relever que la chronique f\u00e9ministe existait d\u00e9j\u00e0 sous le nom de \u201c<\/span><i><span style=\"font-weight: 400\">Chronique f\u00e9minine<\/span><\/i><span style=\"font-weight: 400\">\u201d dont sa premi\u00e8re parution date du 24 novembre 1912. La Gazette de Lausanne explique \u00e0 ses lecteurs que \u00ab<\/span><i><span style=\"font-weight: 400\">\u00a0\u00e0? la demande de <\/span><\/i><b><i>l\u2019Association vaudoise pour le suffrage f\u00e9minin<\/i><\/b><i><span style=\"font-weight: 400\">, la r\u00e9daction de la Gazette de Lausanne a aimablement consenti \u00e0 publier <\/span><\/i><b><i>r\u00e9guli\u00e8rement<\/i><\/b><i><span style=\"font-weight: 400\"> une chronique f\u00e9minine<\/span><\/i><span style=\"font-weight: 400\">\u00a0\u00bb. En suppl\u00e9ant l\u2019adjectif f\u00e9minine par f\u00e9ministe, le journal expose davantage la notion de lutte pour les droits de la femme par les femmes. Mais, le contenu de la chronique \u00e9volue-t-il avec son changement de nom ? La fr\u00e9quence de publication \u00e9volue-t-elle\u00a0?<\/span><\/p>\n<p><span style=\"font-weight: 400\">Les publications de la <\/span><i><span style=\"font-weight: 400\">Chronique f\u00e9minine <\/span><\/i><span style=\"font-weight: 400\">sont tr\u00e8s \u00e9parses. Les premiers articles soulignent l\u2019avanc\u00e9e des droits des femmes, mais ne sont pas publi\u00e9s de mani\u00e8re r\u00e9guli\u00e8re. Seuls des \u00e9v\u00e9nements importants sont relat\u00e9s dans la chronique. A partir des ann\u00e9es 1922, les publications deviennent de plus en plus abondantes jusqu\u2019au changement du nom de la chronique. La <\/span><i><span style=\"font-weight: 400\">Chronique f\u00e9minine <\/span><\/i><span style=\"font-weight: 400\">traite de la place des femmes dans la soci\u00e9t\u00e9 dans un contexte de guerre et appuie sur l\u2019importance de l\u2019\u00e9galit\u00e9 politique entre hommes et femmes.<\/span><\/p>\n<blockquote><p><span style=\"font-weight: 400\">\u00ab <\/span><i><span style=\"font-weight: 400\">[\u2026]\u00a0L\u2019influence combin\u00e9e des femmes de tous les pays constituent une des principales forces pour <\/span><\/i><b><i>pr\u00e9venir la guerre<\/i><\/b><i><span style=\"font-weight: 400\"> [\u2026]\u00a0les femmes ne pourront \u00eatre pleinement responsables et ne pourront exercer d\u2019influence efficace que lorsqu&#8217;elles auront les <\/span><\/i><b><i>m\u00eames droits politiques<\/i><\/b><i><span style=\"font-weight: 400\"> que les hommes, [\u2026] le congr\u00e8s international des femmes demande pour elles le suffrage politique<\/span><\/i><span style=\"font-weight: 400\">\u00a0<\/span><span style=\"font-weight: 400\">\u00bb,<\/span><\/p><\/blockquote>\n<p style=\"text-align: right\"><i><span style=\"font-weight: 400\">GDL<\/span><\/i><span style=\"font-weight: 400\">, 27.06.1915<\/span><\/p>\n<blockquote><p><span style=\"font-weight: 400\">\u00ab<\/span> <i><span style=\"font-weight: 400\">Les femmes de partout ont compris mieux qu&#8217;elles ne l\u2019avaient jamais encore fait jusqu\u2019 ici l\u2019immense part de <\/span><\/i><b><i>responsabilit\u00e9<\/i><\/b><i><span style=\"font-weight: 400\"> qu&#8217;elles ont dans la marche des \u00e9v\u00e9nements et la <\/span><\/i><b><i>mission<\/i><\/b><i><span style=\"font-weight: 400\"> qui leur incombe au sein de la <\/span><\/i><b><i>soci\u00e9t\u00e9<\/i><\/b><i><span style=\"font-weight: 400\">\u00a0<\/span><\/i><span style=\"font-weight: 400\">\u00bb, <\/span><\/p><\/blockquote>\n<p style=\"text-align: right\"><i><span style=\"font-weight: 400\">GDL<\/span><\/i><span style=\"font-weight: 400\">, 31.10.1915.<\/span><\/p>\n<p>&nbsp;<\/p>\n<p><span style=\"font-weight: 400\">En ce qui concerne les publications de la <\/span><i><span style=\"font-weight: 400\">Chronique f\u00e9ministe<\/span><\/i><span style=\"font-weight: 400\">, elles<\/span> <span style=\"font-weight: 400\">restent bimensuelles entre 1922 et 1924. Les articles sont de petites histoires m\u00ealant informations et anecdotes, qui permettent de d\u00e9dramatiser, sans doute, l\u2019ancien contexte de guerre, et de revenir \u00e0 une vie plus normale, tout en informant les lecteurs et les lectrices des avanc\u00e9es des droits des femmes en Suisse et dans le monde. M\u00eame si le suffrage f\u00e9minin est noy\u00e9 dans les fioritures de la chronique, il appara\u00eet de mani\u00e8re r\u00e9currente. De plus, la chronique est ponctu\u00e9e d\u2019articles de fonds, ce qui permet aux lecteurs et aux lectrices de se rappeler de l\u2019importance de cette lutte et de se positionner. Cependant, la direction de pens\u00e9e de la chronique est fortement d\u00e9pendante de l\u2019auteur, et peut \u00eatre ressentie de mani\u00e8re m\u00e9prisante envers les femmes. La <\/span><i><span style=\"font-weight: 400\">GDL<\/span><\/i><span style=\"font-weight: 400\"> semble avoir laiss\u00e9 beaucoup de libert\u00e9 aux auteurs. Une analyse plus d\u00e9taill\u00e9e sur cette chronique nous informerait peut-\u00eatre de l\u2019\u00e9volution d\u2019abord progressiste puis conservateur d\u2019apr\u00e8s-guerre de la perception du suffrage f\u00e9minin.<\/span><\/p>\n<blockquote><p><span style=\"font-weight: 400\">\u00ab\u00a0<\/span><i><span style=\"font-weight: 400\">Parce que le soleil, entre deux av\u00e8res, fait flamber la gloire blonde des noisetiers que f\u00e9vrier \u00e0 fleuris, [&#8230;] voici le printemps qui vient. [\u2026] Combien encore jusqu\u2019au triomphe du <\/span><\/i><b><i>f\u00e9minisme<\/i><\/b><i><span style=\"font-weight: 400\"> auquel nous travaillons avec foi\u00a0? [\u2026] Une grande <\/span><\/i><b><i>injustice<\/i><\/b><i><span style=\"font-weight: 400\"> vient d\u2019\u00eatre commise \u00e0 l\u2019\u00e9gard des femmes zurichoises. Le 18 f\u00e9vrier, les zurichois leur ont refus\u00e9 le droit de faire partie des commissions d\u2019\u00e9cole, d\u2019\u00e9glise, d\u2019assistance et de tutelle.<\/span><\/i><span style=\"font-weight: 400\">\u00a0<\/span><span style=\"font-weight: 400\">\u00bb, <\/span><\/p><\/blockquote>\n<p style=\"text-align: right\"><i><span style=\"font-weight: 400\">GDL<\/span><\/i><span style=\"font-weight: 400\">, 5.03.1923<\/span><\/p>\n<p>&nbsp;<\/p>\n<p><a href=\"https:\/\/wp.unil.ch\/histoireparlesdonnees\/les-travaux-2017-2018\/suffrage-feminin-evolution-de-sa-perception-a-travers-les-archives-du-journal-de-geneve-et-de-la-gazette-de-lausanne\/conclusion\/\">Lire la suite<\/a><\/p>\n<h3>Sommaire<\/h3>\n<p><a href=\"https:\/\/wp.unil.ch\/histoireparlesdonnees\/les-travaux-2017-2018\/suffrage-feminin-evolution-de-sa-perception-a-travers-les-archives-du-journal-de-geneve-et-de-la-gazette-de-lausanne\/contextualisation-historique\/\">1 Contexte historique<\/a><\/p>\n<p><a href=\"https:\/\/wp.unil.ch\/histoireparlesdonnees\/les-travaux-2017-2018\/suffrage-feminin-evolution-de-sa-perception-a-travers-les-archives-du-journal-de-geneve-et-de-la-gazette-de-lausanne\/le-corpus-et-ses-limites\/\">2 Le corpus et ses limites<\/a><\/p>\n<p><a href=\"https:\/\/wp.unil.ch\/histoireparlesdonnees\/les-travaux-2017-2018\/suffrage-feminin-evolution-de-sa-perception-a-travers-les-archives-du-journal-de-geneve-et-de-la-gazette-de-lausanne\/methodologie\/\">3 M\u00e9thodologie<\/a><\/p>\n<p><a href=\"https:\/\/wp.unil.ch\/histoireparlesdonnees\/les-travaux-2017-2018\/suffrage-feminin-evolution-de-sa-perception-a-travers-les-archives-du-journal-de-geneve-et-de-la-gazette-de-lausanne\/analyse\/\">4 Analyse<\/a><\/p>\n<p><a href=\"https:\/\/wp.unil.ch\/histoireparlesdonnees\/les-travaux-2017-2018\/suffrage-feminin-evolution-de-sa-perception-a-travers-les-archives-du-journal-de-geneve-et-de-la-gazette-de-lausanne\/conclusion\/\">5 Conclusion<\/a><\/p>\n<p><a href=\"https:\/\/wp.unil.ch\/histoireparlesdonnees\/les-travaux-2017-2018\/suffrage-feminin-evolution-de-sa-perception-a-travers-les-archives-du-journal-de-geneve-et-de-la-gazette-de-lausanne\/bibliographie\/\">6 Bibliographie<\/a><\/p>\n","protected":false},"excerpt":{"rendered":"<p>Comparaison des journaux Nous d\u00e9butons notre analyse des m\u00e9tadonn\u00e9es en comparant la longueur et le nombre d\u2019articles contenus dans le corpus principal[Fig.1]. Une diff\u00e9rence de tendance entre ces deux journaux ressort de cette comparaison. En effet, si le nombre d\u2019articles<\/p>\n","protected":false},"author":1001612,"featured_media":0,"parent":915,"menu_order":0,"comment_status":"closed","ping_status":"closed","template":"","meta":{"_seopress_robots_primary_cat":"","_seopress_titles_title":"","_seopress_titles_desc":"","_seopress_robots_index":"","footnotes":""},"class_list":["post-928","page","type-page","status-publish"],"_links":{"self":[{"href":"https:\/\/wp.unil.ch\/histoireparlesdonnees\/wp-json\/wp\/v2\/pages\/928","targetHints":{"allow":["GET"]}}],"collection":[{"href":"https:\/\/wp.unil.ch\/histoireparlesdonnees\/wp-json\/wp\/v2\/pages"}],"about":[{"href":"https:\/\/wp.unil.ch\/histoireparlesdonnees\/wp-json\/wp\/v2\/types\/page"}],"author":[{"embeddable":true,"href":"https:\/\/wp.unil.ch\/histoireparlesdonnees\/wp-json\/wp\/v2\/users\/1001612"}],"replies":[{"embeddable":true,"href":"https:\/\/wp.unil.ch\/histoireparlesdonnees\/wp-json\/wp\/v2\/comments?post=928"}],"version-history":[{"count":0,"href":"https:\/\/wp.unil.ch\/histoireparlesdonnees\/wp-json\/wp\/v2\/pages\/928\/revisions"}],"up":[{"embeddable":true,"href":"https:\/\/wp.unil.ch\/histoireparlesdonnees\/wp-json\/wp\/v2\/pages\/915"}],"wp:attachment":[{"href":"https:\/\/wp.unil.ch\/histoireparlesdonnees\/wp-json\/wp\/v2\/media?parent=928"}],"curies":[{"name":"wp","href":"https:\/\/api.w.org\/{rel}","templated":true}]}}