{"id":926,"date":"2018-05-23T17:58:28","date_gmt":"2018-05-23T15:58:28","guid":{"rendered":"http:\/\/wp.unil.ch\/histoireparlesdonnees\/?page_id=926"},"modified":"2018-05-23T18:30:52","modified_gmt":"2018-05-23T16:30:52","slug":"methodologie","status":"publish","type":"page","link":"https:\/\/wp.unil.ch\/histoireparlesdonnees\/les-travaux-2017-2018\/suffrage-feminin-evolution-de-sa-perception-a-travers-les-archives-du-journal-de-geneve-et-de-la-gazette-de-lausanne\/methodologie\/","title":{"rendered":"M\u00e9thodologie"},"content":{"rendered":"<p>Cette partie d\u00e9taille les choix et m\u00e9thodes n\u00e9cessaires \u00e0 l\u2019obtention des r\u00e9sultats. Dans un premier temps, nous motivons nos choix li\u00e9s \u00e0 l\u2019\u00e9laboration des corpus. Dans un deuxi\u00e8me temps, nous d\u00e9taillons notre utilisation de statistiques en lien avec les articles. Finalement, nous pr\u00e9sentons l\u2019algorithme d\u2019analyse lexicale utilis\u00e9.<\/p>\n<h4>S\u00e9lection des articles et \u00e9laboration des sous-corpus<\/h4>\n<p>Nous consacrons notre \u00e9tude sur la p\u00e9riode allant de la premi\u00e8re vague de votations \u00e0 l\u2019acceptation au niveau f\u00e9d\u00e9ral du suffrage f\u00e9minin. Ainsi, les premiers articles de notre corpus se situent en 1920 et s\u2019\u00e9tendent jusqu\u2019en 1971. Parmi tous les articles pr\u00e9sents dans les archives du journal Le Temps, nous conservons uniquement ceux contenant les mots clefs \u00absuffrage f\u00e9minin\u00bb, \u00abvote des femmes\u00bb ou \u00abvote aux femmes\u00bb.<\/p>\n<p>Nous nous int\u00e9ressons \u00e0 une \u00e9volution temporelle de la perception de notre sujet. Il est donc n\u00e9cessaire de d\u00e9composer le corpus en diff\u00e9rentes p\u00e9riodes. Nous avons d\u00e9cid\u00e9 de d\u00e9couper la p\u00e9riode en trois parties, afin de conserver un nombre suffisant d\u2019articles par p\u00e9riode. Ainsi, le premier sous-corpus s\u2019\u00e9tend de 1920 \u00e0 1940, le second de 1940 \u00e0 1953 et le dernier se termine en 1971. Ces choix sont motiv\u00e9s par le contexte historique. Le premier corpus correspond \u00e0 la p\u00e9riode pr\u00e9c\u00e9dant la deuxi\u00e8me vague de votations. Le deuxi\u00e8me contient les ann\u00e9es pr\u00e9c\u00e9dant les premi\u00e8res acceptations cantonales et le dernier les ann\u00e9es jusqu\u2019\u00e0 l\u2019acceptation f\u00e9d\u00e9rale.<\/p>\n<h4>Statistiques<\/h4>\n<p>Le contenu des textes n\u2019est pas le seul moyen d\u2019\u00e9tudier l\u2019\u00e9volution de la perception du suffrage f\u00e9minin. En effet, en admettant l\u2019hypoth\u00e8se que la fr\u00e9quence d\u2019apparition des articles et leur longueur est corr\u00e9l\u00e9e \u00e0 l\u2019importance per\u00e7u dans la soci\u00e9t\u00e9 d\u2019un sujet, leur \u00e9volution pourrait indiquer d\u2019int\u00e9ressants changements de perception au cours du temps.<\/p>\n<h4>Textes<\/h4>\n<p>Une analyse automatique des textes pr\u00e9sents dans le corpus peut offrir un aper\u00e7u des tendances concernant la question du droit de vote des femmes. Nous avons effectu\u00e9 une analyse Reinert sur nos sous-corpus afin d\u2019obtenir les classes de mots apparaissant fr\u00e9quemment simultan\u00e9ment. L\u2019\u00e9volution de ces classes de mots au cours du temps permet d\u2019\u00e9tudier l\u2019\u00e9volution de la perception du suffrage f\u00e9minin.<\/p>\n<p><a href=\"https:\/\/wp.unil.ch\/histoireparlesdonnees\/les-travaux-2017-2018\/suffrage-feminin-evolution-de-sa-perception-a-travers-les-archives-du-journal-de-geneve-et-de-la-gazette-de-lausanne\/analyse\/\">Lire la suite<\/a><\/p>\n<h3>Sommaire<\/h3>\n<p><a href=\"https:\/\/wp.unil.ch\/histoireparlesdonnees\/les-travaux-2017-2018\/suffrage-feminin-evolution-de-sa-perception-a-travers-les-archives-du-journal-de-geneve-et-de-la-gazette-de-lausanne\/contextualisation-historique\/\">1 Contexte historique<\/a><\/p>\n<p><a href=\"https:\/\/wp.unil.ch\/histoireparlesdonnees\/les-travaux-2017-2018\/suffrage-feminin-evolution-de-sa-perception-a-travers-les-archives-du-journal-de-geneve-et-de-la-gazette-de-lausanne\/le-corpus-et-ses-limites\/\">2 Le corpus et ses limites<\/a><\/p>\n<p><a href=\"https:\/\/wp.unil.ch\/histoireparlesdonnees\/les-travaux-2017-2018\/suffrage-feminin-evolution-de-sa-perception-a-travers-les-archives-du-journal-de-geneve-et-de-la-gazette-de-lausanne\/methodologie\/\">3 M\u00e9thodologie<\/a><\/p>\n<p><a href=\"https:\/\/wp.unil.ch\/histoireparlesdonnees\/les-travaux-2017-2018\/suffrage-feminin-evolution-de-sa-perception-a-travers-les-archives-du-journal-de-geneve-et-de-la-gazette-de-lausanne\/analyse\/\">4 Analyse<\/a><\/p>\n<p><a href=\"https:\/\/wp.unil.ch\/histoireparlesdonnees\/les-travaux-2017-2018\/suffrage-feminin-evolution-de-sa-perception-a-travers-les-archives-du-journal-de-geneve-et-de-la-gazette-de-lausanne\/conclusion\/\">5 Conclusion<\/a><\/p>\n<p><a href=\"https:\/\/wp.unil.ch\/histoireparlesdonnees\/les-travaux-2017-2018\/suffrage-feminin-evolution-de-sa-perception-a-travers-les-archives-du-journal-de-geneve-et-de-la-gazette-de-lausanne\/bibliographie\/\">6 Bibliographie<\/a><\/p>\n","protected":false},"excerpt":{"rendered":"<p>Cette partie d\u00e9taille les choix et m\u00e9thodes n\u00e9cessaires \u00e0 l\u2019obtention des r\u00e9sultats. Dans un premier temps, nous motivons nos choix li\u00e9s \u00e0 l\u2019\u00e9laboration des corpus. Dans un deuxi\u00e8me temps, nous d\u00e9taillons notre utilisation de statistiques en lien avec les articles.<\/p>\n","protected":false},"author":1001612,"featured_media":0,"parent":915,"menu_order":0,"comment_status":"closed","ping_status":"closed","template":"","meta":{"_seopress_robots_primary_cat":"","_seopress_titles_title":"","_seopress_titles_desc":"","_seopress_robots_index":"","footnotes":""},"class_list":["post-926","page","type-page","status-publish"],"_links":{"self":[{"href":"https:\/\/wp.unil.ch\/histoireparlesdonnees\/wp-json\/wp\/v2\/pages\/926","targetHints":{"allow":["GET"]}}],"collection":[{"href":"https:\/\/wp.unil.ch\/histoireparlesdonnees\/wp-json\/wp\/v2\/pages"}],"about":[{"href":"https:\/\/wp.unil.ch\/histoireparlesdonnees\/wp-json\/wp\/v2\/types\/page"}],"author":[{"embeddable":true,"href":"https:\/\/wp.unil.ch\/histoireparlesdonnees\/wp-json\/wp\/v2\/users\/1001612"}],"replies":[{"embeddable":true,"href":"https:\/\/wp.unil.ch\/histoireparlesdonnees\/wp-json\/wp\/v2\/comments?post=926"}],"version-history":[{"count":0,"href":"https:\/\/wp.unil.ch\/histoireparlesdonnees\/wp-json\/wp\/v2\/pages\/926\/revisions"}],"up":[{"embeddable":true,"href":"https:\/\/wp.unil.ch\/histoireparlesdonnees\/wp-json\/wp\/v2\/pages\/915"}],"wp:attachment":[{"href":"https:\/\/wp.unil.ch\/histoireparlesdonnees\/wp-json\/wp\/v2\/media?parent=926"}],"curies":[{"name":"wp","href":"https:\/\/api.w.org\/{rel}","templated":true}]}}