{"id":921,"date":"2018-05-23T17:51:17","date_gmt":"2018-05-23T15:51:17","guid":{"rendered":"http:\/\/wp.unil.ch\/histoireparlesdonnees\/?page_id=921"},"modified":"2018-05-23T18:28:03","modified_gmt":"2018-05-23T16:28:03","slug":"bibliographie","status":"publish","type":"page","link":"https:\/\/wp.unil.ch\/histoireparlesdonnees\/les-travaux-2017-2018\/suffrage-feminin-evolution-de-sa-perception-a-travers-les-archives-du-journal-de-geneve-et-de-la-gazette-de-lausanne\/bibliographie\/","title":{"rendered":"Bibliographie"},"content":{"rendered":"<p><span style=\"font-weight: 400\">RUCKSTUHL Lotti, <\/span><i><span style=\"font-weight: 400\">Vers la majorit\u00e9 politique : histoire du suffrage f\u00e9minin en Suisse<\/span><\/i><span style=\"font-weight: 400\">, Bonstetten, Association suisse pour les droits de la femme, 1991.<\/span><\/p>\n<p>&nbsp;<\/p>\n<p><span style=\"font-weight: 400\">STUDER Brigitte, \u00ab\u00a0Suffrage universel et d\u00e9mocratie directe : l\u2019exemple de la Suisse, 1848-1990\u00a0\u00bb in Faur\u00e9 Christine(dir.), <\/span><i><span style=\"font-weight: 400\">Nouvelle encyclop\u00e9die politique et historique des femmes<\/span><\/i><span style=\"font-weight: 400\">, Paris, Les Belles Lettres, 2010.<\/span><\/p>\n<p>&nbsp;<\/p>\n<p><span style=\"font-weight: 400\">VOEGELI Yvonne, <\/span><i><span style=\"font-weight: 400\">le suffrage f\u00e9minin<\/span><\/i><span style=\"font-weight: 400\">, [en ligne]. <\/span><a href=\"https:\/\/www.hls-dhs-dss.ch\/textes\/f\/F10380.php\"><span style=\"font-weight: 400\">https:\/\/www.hls-dhs-dss.ch\/textes\/f\/F10380.php<\/span><\/a><span style=\"font-weight: 400\"> (consult\u00e9 le 18.12.17).<\/span><\/p>\n<p>&nbsp;<\/p>\n<p><span style=\"font-weight: 400\">QUINCHE Antoinette, \u00ab\u00a0Le suffrage f\u00e9minin en Suisse\u00a0\u00bb, <\/span><i><span style=\"font-weight: 400\">Revue fran\u00e7aise de science politique<\/span><\/i><span style=\"font-weight: 400\">, n\u00b03-vol 4, 1954, p. 580-588, [en ligne]. <\/span><a href=\"https:\/\/www.persee.fr\/collection\/rfsp\"><span style=\"font-weight: 400\">https:\/\/www.persee.fr\/collection\/rfsp<\/span><\/a><span style=\"font-weight: 400\"> (consult\u00e9 le 18.12.17).<\/span><\/p>\n<p>&nbsp;<\/p>\n<p><span style=\"font-weight: 400\">RTS archives, <\/span><i><span style=\"font-weight: 400\">Le vote aux femmes<\/span><\/i><span style=\"font-weight: 400\">, 19 septembre 1967, [en ligne].<\/span><\/p>\n<p><a href=\"https:\/\/www.rts.ch\/archives\/recherche\/?q=suffrage%20f%C3%A9minin\"><span style=\"font-weight: 400\">https:\/\/www.rts.ch\/archives\/recherche\/?q=suffrage%20f%C3%A9minin<\/span><\/a><span style=\"font-weight: 400\"> (consult\u00e9 le 18.12.17).<\/span><\/p>\n<p>&nbsp;<\/p>\n<p><span style=\"font-weight: 400\">AUBERT Jean-Fran\u00e7ois, <\/span><i><span style=\"font-weight: 400\">le suffrage f\u00e9minin en Suisse. La Constitution f\u00e9d\u00e9rale sera-t-elle r\u00e9vis\u00e9e\u00a0?, <\/span><\/i><span style=\"font-weight: 400\">[en ligne]. <\/span><a href=\"https:\/\/www.persee.fr\/doc\/rfsp_0035-2950_1958_num_8_2_392466\"><span style=\"font-weight: 400\">https:\/\/www.persee.fr\/doc\/rfsp_0035-2950_1958_num_8_2_392466<\/span><\/a><span style=\"font-weight: 400\"> (consult\u00e9 le 06.05.18).<\/span><\/p>\n<p><span style=\"font-weight: 400\">Site de l\u2019Etat de Vaud, <\/span><i><span style=\"font-weight: 400\">Antoinette Quinche<\/span><\/i><span style=\"font-weight: 400\">, [en ligne]. <\/span><a href=\"https:\/\/www.vd.ch\/themes\/etat-droit-finances\/egalite-entre-les-femmes-et-les-hommes\/engagement-politique\/salle-du-1er-fevrier-1959\/antoinette-quinche\/\"><span style=\"font-weight: 400\">https:\/\/www.vd.ch\/<\/span><\/a><span style=\"font-weight: 400\"> (consult\u00e9 le 06.05.18).<\/span><\/p>\n<p>&nbsp;<\/p>\n<h3>Sommaire<\/h3>\n<p><a href=\"https:\/\/wp.unil.ch\/histoireparlesdonnees\/les-travaux-2017-2018\/suffrage-feminin-evolution-de-sa-perception-a-travers-les-archives-du-journal-de-geneve-et-de-la-gazette-de-lausanne\/contextualisation-historique\/\">1 Contexte historique<\/a><\/p>\n<p><a href=\"https:\/\/wp.unil.ch\/histoireparlesdonnees\/les-travaux-2017-2018\/suffrage-feminin-evolution-de-sa-perception-a-travers-les-archives-du-journal-de-geneve-et-de-la-gazette-de-lausanne\/le-corpus-et-ses-limites\/\">2 Le corpus et ses limites<\/a><\/p>\n<p><a href=\"https:\/\/wp.unil.ch\/histoireparlesdonnees\/les-travaux-2017-2018\/suffrage-feminin-evolution-de-sa-perception-a-travers-les-archives-du-journal-de-geneve-et-de-la-gazette-de-lausanne\/methodologie\/\">3 M\u00e9thodologie<\/a><\/p>\n<p><a href=\"https:\/\/wp.unil.ch\/histoireparlesdonnees\/les-travaux-2017-2018\/suffrage-feminin-evolution-de-sa-perception-a-travers-les-archives-du-journal-de-geneve-et-de-la-gazette-de-lausanne\/analyse\/\">4 Analyse<\/a><\/p>\n<p><a href=\"https:\/\/wp.unil.ch\/histoireparlesdonnees\/les-travaux-2017-2018\/suffrage-feminin-evolution-de-sa-perception-a-travers-les-archives-du-journal-de-geneve-et-de-la-gazette-de-lausanne\/conclusion\/\">5 Conclusion<\/a><\/p>\n<p><a href=\"https:\/\/wp.unil.ch\/histoireparlesdonnees\/les-travaux-2017-2018\/suffrage-feminin-evolution-de-sa-perception-a-travers-les-archives-du-journal-de-geneve-et-de-la-gazette-de-lausanne\/bibliographie\/\">6 Bibliographie<\/a><\/p>\n","protected":false},"excerpt":{"rendered":"<p>RUCKSTUHL Lotti, Vers la majorit\u00e9 politique : histoire du suffrage f\u00e9minin en Suisse, Bonstetten, Association suisse pour les droits de la femme, 1991. &nbsp; STUDER Brigitte, \u00ab\u00a0Suffrage universel et d\u00e9mocratie directe : l\u2019exemple de la Suisse, 1848-1990\u00a0\u00bb in Faur\u00e9 Christine(dir.),<\/p>\n","protected":false},"author":1001612,"featured_media":0,"parent":915,"menu_order":0,"comment_status":"closed","ping_status":"closed","template":"","meta":{"_seopress_robots_primary_cat":"","_seopress_titles_title":"","_seopress_titles_desc":"","_seopress_robots_index":"","footnotes":""},"class_list":["post-921","page","type-page","status-publish"],"_links":{"self":[{"href":"https:\/\/wp.unil.ch\/histoireparlesdonnees\/wp-json\/wp\/v2\/pages\/921","targetHints":{"allow":["GET"]}}],"collection":[{"href":"https:\/\/wp.unil.ch\/histoireparlesdonnees\/wp-json\/wp\/v2\/pages"}],"about":[{"href":"https:\/\/wp.unil.ch\/histoireparlesdonnees\/wp-json\/wp\/v2\/types\/page"}],"author":[{"embeddable":true,"href":"https:\/\/wp.unil.ch\/histoireparlesdonnees\/wp-json\/wp\/v2\/users\/1001612"}],"replies":[{"embeddable":true,"href":"https:\/\/wp.unil.ch\/histoireparlesdonnees\/wp-json\/wp\/v2\/comments?post=921"}],"version-history":[{"count":0,"href":"https:\/\/wp.unil.ch\/histoireparlesdonnees\/wp-json\/wp\/v2\/pages\/921\/revisions"}],"up":[{"embeddable":true,"href":"https:\/\/wp.unil.ch\/histoireparlesdonnees\/wp-json\/wp\/v2\/pages\/915"}],"wp:attachment":[{"href":"https:\/\/wp.unil.ch\/histoireparlesdonnees\/wp-json\/wp\/v2\/media?parent=921"}],"curies":[{"name":"wp","href":"https:\/\/api.w.org\/{rel}","templated":true}]}}