{"id":919,"date":"2018-05-23T17:50:52","date_gmt":"2018-05-23T15:50:52","guid":{"rendered":"http:\/\/wp.unil.ch\/histoireparlesdonnees\/?page_id=919"},"modified":"2018-05-23T18:30:09","modified_gmt":"2018-05-23T16:30:09","slug":"le-corpus-et-ses-limites","status":"publish","type":"page","link":"https:\/\/wp.unil.ch\/histoireparlesdonnees\/les-travaux-2017-2018\/suffrage-feminin-evolution-de-sa-perception-a-travers-les-archives-du-journal-de-geneve-et-de-la-gazette-de-lausanne\/le-corpus-et-ses-limites\/","title":{"rendered":"Le corpus et ses limites"},"content":{"rendered":"<p><span style=\"font-weight: 400\"> Dans un travail commun, le laboratoire d&#8217;humanit\u00e9s digitales de l\u2019Ecole polytechnique f\u00e9d\u00e9rale de Lausanne, <\/span><i><span style=\"font-weight: 400\">Le Temps<\/span><\/i><span style=\"font-weight: 400\"> et la Biblioth\u00e8que nationale suisse ont index\u00e9 les archives susmentionn\u00e9es \u00e0 l\u2019aide des technologies les plus avanc\u00e9es pour les documents historiques[<a title=\"LE TEMPS, Communiqu\u00e9 de presse.\" href=\"https:\/\/labs.letemps.ch\/img\/CP-archives-18032016.pdf\">8<\/a>].<\/span><span style=\"font-weight: 400\"> Une recherche par mots clefs permet de constituer des corpus \u00e0 analyser (voir m\u00e9thodologie). Malheureusement, cette mani\u00e8re de proc\u00e9der est extr\u00eamement sensible aux choix des mots clefs. Certains articles consacr\u00e9s au sujet peuvent \u00eatre absents du corpus si la recherche est trop sp\u00e9cifique, tandis qu\u2019une recherche trop g\u00e9n\u00e9rale inclurait des articles sans rapport avec la question. De plus, il est pour l\u2019instant impossible d\u2019analyser les images pr\u00e9sentes dans les articles. Nos r\u00e9sultats ne tiendront ainsi pas compte des affiches politiques, qui jouent un r\u00f4le important dans les votations. <\/span><\/p>\n<p><span style=\"font-weight: 400\"> Les conclusions tir\u00e9es de l\u2019analyse des donn\u00e9es r\u00e9colt\u00e9es dans le corpus pourront \u00eatre compar\u00e9es avec des ouvrages de litt\u00e9rature secondaire pour confirmer le choix des mots clefs. Nous nous baserons principalement sur le livre de Studer Brigitte, \u00ab Suffrage f\u00e9minin et d\u00e9mocratie directe : l\u2019exemple de la Suisse, 1848-1990 \u00bb[<a title=\"STUDER Brigitte, \u00ab Suffrage universel et d\u00e9mocratie directe : l\u2019exemple de la Suisse, 1848-1990 \u00bb in Faur\u00e9 Christine(dir.), Nouvelle encyclop\u00e9die politique et historique des femmes, Paris, Les Belles Lettres, 2010 \" href=\"https:\/\/wp.unil.ch\/histoireparlesdonnees\/les-travaux-2017-2018\/suffrage-feminin-evolution-de-sa-perception-a-travers-les-archives-du-journal-de-geneve-et-de-la-gazette-de-lausanne\/bibliographie\/\">9<\/a>]<\/span><span style=\"font-weight: 400\"> et celui de Lotti Ruckstuhl \u00ab Vers la majorit\u00e9 politique : histoire du suffrage f\u00e9minin en Suisse. \u00bb[<a title=\"RUCKSTUHL Lotti, Vers la majorit\u00e9 politique : histoire du suffrage f\u00e9minin en Suisse, Bonstetten, Association suisse pour les droits de la femme, 1991. \" href=\"https:\/\/wp.unil.ch\/histoireparlesdonnees\/les-travaux-2017-2018\/suffrage-feminin-evolution-de-sa-perception-a-travers-les-archives-du-journal-de-geneve-et-de-la-gazette-de-lausanne\/bibliographie\/\">10<\/a>]<\/span><span style=\"font-weight: 400\">Des \u00e9l\u00e9ments historiques servant \u00e0 expliquer des pics d\u2019int\u00e9r\u00eat pour ce th\u00e8me dans les journaux pourront \u00eatre trouv\u00e9s dans le dictionnaire historique de la Suisse.[<a title=\"Dictionnaire historique de la Suisse\" href=\"https:\/\/www.hls-dhs-dss.ch\/f\/home\">11<\/a>]<\/span><\/p>\n<p><a href=\"https:\/\/wp.unil.ch\/histoireparlesdonnees\/les-travaux-2017-2018\/suffrage-feminin-evolution-de-sa-perception-a-travers-les-archives-du-journal-de-geneve-et-de-la-gazette-de-lausanne\/methodologie\/\">Lire la suite<\/a><\/p>\n<h3>Sommaire<\/h3>\n<p><a href=\"https:\/\/wp.unil.ch\/histoireparlesdonnees\/les-travaux-2017-2018\/suffrage-feminin-evolution-de-sa-perception-a-travers-les-archives-du-journal-de-geneve-et-de-la-gazette-de-lausanne\/contextualisation-historique\/\">1 Contexte historique<\/a><\/p>\n<p><a href=\"https:\/\/wp.unil.ch\/histoireparlesdonnees\/les-travaux-2017-2018\/suffrage-feminin-evolution-de-sa-perception-a-travers-les-archives-du-journal-de-geneve-et-de-la-gazette-de-lausanne\/le-corpus-et-ses-limites\/\">2 Le corpus et ses limites<\/a><\/p>\n<p><a href=\"https:\/\/wp.unil.ch\/histoireparlesdonnees\/les-travaux-2017-2018\/suffrage-feminin-evolution-de-sa-perception-a-travers-les-archives-du-journal-de-geneve-et-de-la-gazette-de-lausanne\/methodologie\/\">3 M\u00e9thodologie<\/a><\/p>\n<p><a href=\"https:\/\/wp.unil.ch\/histoireparlesdonnees\/les-travaux-2017-2018\/suffrage-feminin-evolution-de-sa-perception-a-travers-les-archives-du-journal-de-geneve-et-de-la-gazette-de-lausanne\/analyse\/\">4 Analyse<\/a><\/p>\n<p><a href=\"https:\/\/wp.unil.ch\/histoireparlesdonnees\/les-travaux-2017-2018\/suffrage-feminin-evolution-de-sa-perception-a-travers-les-archives-du-journal-de-geneve-et-de-la-gazette-de-lausanne\/conclusion\/\">5 Conclusion<\/a><\/p>\n<p><a href=\"https:\/\/wp.unil.ch\/histoireparlesdonnees\/les-travaux-2017-2018\/suffrage-feminin-evolution-de-sa-perception-a-travers-les-archives-du-journal-de-geneve-et-de-la-gazette-de-lausanne\/bibliographie\/\">6 Bibliographie<\/a><\/p>\n","protected":false},"excerpt":{"rendered":"<p>Dans un travail commun, le laboratoire d&#8217;humanit\u00e9s digitales de l\u2019Ecole polytechnique f\u00e9d\u00e9rale de Lausanne, Le Temps et la Biblioth\u00e8que nationale suisse ont index\u00e9 les archives susmentionn\u00e9es \u00e0 l\u2019aide des technologies les plus avanc\u00e9es pour les documents historiques[8]. Une recherche par<\/p>\n","protected":false},"author":1001612,"featured_media":0,"parent":915,"menu_order":0,"comment_status":"closed","ping_status":"closed","template":"","meta":{"_seopress_robots_primary_cat":"","_seopress_titles_title":"","_seopress_titles_desc":"","_seopress_robots_index":"","footnotes":""},"class_list":["post-919","page","type-page","status-publish"],"_links":{"self":[{"href":"https:\/\/wp.unil.ch\/histoireparlesdonnees\/wp-json\/wp\/v2\/pages\/919","targetHints":{"allow":["GET"]}}],"collection":[{"href":"https:\/\/wp.unil.ch\/histoireparlesdonnees\/wp-json\/wp\/v2\/pages"}],"about":[{"href":"https:\/\/wp.unil.ch\/histoireparlesdonnees\/wp-json\/wp\/v2\/types\/page"}],"author":[{"embeddable":true,"href":"https:\/\/wp.unil.ch\/histoireparlesdonnees\/wp-json\/wp\/v2\/users\/1001612"}],"replies":[{"embeddable":true,"href":"https:\/\/wp.unil.ch\/histoireparlesdonnees\/wp-json\/wp\/v2\/comments?post=919"}],"version-history":[{"count":0,"href":"https:\/\/wp.unil.ch\/histoireparlesdonnees\/wp-json\/wp\/v2\/pages\/919\/revisions"}],"up":[{"embeddable":true,"href":"https:\/\/wp.unil.ch\/histoireparlesdonnees\/wp-json\/wp\/v2\/pages\/915"}],"wp:attachment":[{"href":"https:\/\/wp.unil.ch\/histoireparlesdonnees\/wp-json\/wp\/v2\/media?parent=919"}],"curies":[{"name":"wp","href":"https:\/\/api.w.org\/{rel}","templated":true}]}}