{"id":917,"date":"2018-05-23T17:47:57","date_gmt":"2018-05-23T15:47:57","guid":{"rendered":"http:\/\/wp.unil.ch\/histoireparlesdonnees\/?page_id=917"},"modified":"2018-05-23T18:29:30","modified_gmt":"2018-05-23T16:29:30","slug":"contextualisation-historique","status":"publish","type":"page","link":"https:\/\/wp.unil.ch\/histoireparlesdonnees\/les-travaux-2017-2018\/suffrage-feminin-evolution-de-sa-perception-a-travers-les-archives-du-journal-de-geneve-et-de-la-gazette-de-lausanne\/contextualisation-historique\/","title":{"rendered":"Contextualisation historique"},"content":{"rendered":"<p><span style=\"font-weight: 400\"> Une connaissance du contexte historique est indispensable \u00e0 l\u2019interpr\u00e9tation et \u00e0 l\u2019interrogation d\u2019archives. Ainsi, nous d\u00e9butons ce travail en rappelant bri\u00e8vement les faits importants dans lesquels s\u2019inscrit l\u2019histoire du suffrage f\u00e9minin en Suisse.<\/span><\/p>\n<p>&nbsp;<\/p>\n<p><span style=\"font-weight: 400\">En 1893 d\u00e9j\u00e0, des associations pour le droit de vote r\u00e9clament le suffrage f\u00e9minin, puis cr\u00e9ent en 1909 l\u2019Association suisse pour le suffrage f\u00e9minin (ASSF)[<a title=\"VOEGELI Yvonne, le suffrage f\u00e9minin\" href=\"https:\/\/www.hls-dhs-dss.ch\/textes\/f\/F10380.php\">1<\/a>].<\/span><span style=\"font-weight: 400\"> Cette revendication prend de l\u2019importance lors de la Premi\u00e8re Guerre mondiale, qui voit les femmes occuper des m\u00e9tiers usuellement r\u00e9serv\u00e9s aux hommes. Dans les ann\u00e9es 1920, une premi\u00e8re vague de votations cantonales a lieu. Les premi\u00e8res se sont d\u00e9roul\u00e9es \u00e0 Z\u00fcrich et \u00e0 Neuch\u00e2tel, suivies par d\u2019autres cantons jusqu\u2019en 1927[<a title=\"QUINCHE Antoinette, \u00ab Le suffrage f\u00e9minin en Suisse \u00bb, Revue fran\u00e7aise de science politique, n\u00b03-vol 4, 1954, p. 580-588\" href=\"https:\/\/www.persee.fr\/collection\/rfs\">2<\/a>].<\/span><span style=\"font-weight: 400\"> Toutes ces tentatives se sont sold\u00e9es par un \u00e9chec. <\/span><\/p>\n<p>&nbsp;<\/p>\n<p><span style=\"font-weight: 400\"> Dans les ann\u00e9es 1930, l\u2019environnement fasciste et conservateur a tendance \u00e0 renforcer le clivage homme-femme et l\u2019image de la m\u00e8re au foyer[<a title=\"VOEGELI Yvonne, le suffrage f\u00e9minin\" href=\"https:\/\/www.hls-dhs-dss.ch\/textes\/f\/F10380.php\">3<\/a>].<\/span><span style=\"font-weight: 400\"> C\u2019est en 1940 que d\u00e9bute \u00e0 Gen\u00e8ve une deuxi\u00e8me vague de votations et qui dure jusqu\u2019\u00e0 la premi\u00e8re votation f\u00e9d\u00e9rale de 1959. Durant cette p\u00e9riode, la question du service obligatoire des femmes dans la protection civile rel\u00e8ve une in\u00e9galit\u00e9 : pourquoi les femmes devraient-elles \u00eatre soumises \u00e0 de nouvelles obligations avant m\u00eame de pouvoir donner leur avis \u00e0 ce sujet ?[<a title=\"RUCKSTUHL Lotti, Vers la majorit\u00e9 politique : histoire du suffrage f\u00e9minin en Suisse, Bonstetten, Association suisse pour les droits de la femme, 1991, p.95\" href=\"https:\/\/wp.unil.ch\/histoireparlesdonnees\/les-travaux-2017-2018\/suffrage-feminin-evolution-de-sa-perception-a-travers-les-archives-du-journal-de-geneve-et-de-la-gazette-de-lausanne\/bibliographie\/\">4<\/a>] C\u2019est pour cette raison, que le Conseil f\u00e9d\u00e9ral soumet l\u2019objet du suffrage f\u00e9minin en 1959 qui est rejet\u00e9e, mais accept\u00e9e au niveau cantonal par trois cantons romands : Vaud, Neuch\u00e2tel et Gen\u00e8ve. L\u2019avocate Antoinette Quinche, domicili\u00e9e \u00e0 Lausanne, y joue un r\u00f4le particuli\u00e8rement important, en encourageant notamment les femmes vaudoises \u00e0 exiger leur carte de vote en 1957 ou en fondant en 1945 un comit\u00e9 suisse d\u2019action pour le suffrage f\u00e9minin[<a title=\"ETAT DE VAUD, Antoinette Quinche\" href=\"https:\/\/www.vd.ch\/themes\/etat-droit-finances\/egalite-entre-les-femmes-et-les-hommes\/engagement-politique\/salle-du-1er-fevrier-1959\/antoinette-quinche\/\">5<\/a>].<\/span><\/p>\n<p><span style=\"font-weight: 400\">Durant cette p\u00e9riode de changement, de nombreuses associations f\u00e9minines voient le jour et d\u00e9fendent leurs droits politique et social ouvertement. A la fin des ann\u00e9es 1960, dans un contexte social tendu et pendant les r\u00e9voltes estudiantines de mai 68, le Conseil f\u00e9d\u00e9ral est pouss\u00e9 \u00e0 pr\u00e9senter une nouvelle votation. C\u2019est donc en 1971 que la Suisse accorde le droit de vote aux femmes sans trop de surprises, m\u00eame si plusieurs cantons al\u00e9maniques s\u2019opposent encore, notamment le demi-canton Rhodes-Int\u00e9rieures, o\u00f9 la Landsgemeinde continue \u00e0 la rejeter, jusqu\u2019\u00e0 ce que le Tribunal f\u00e9d\u00e9ral oblige \u00e0 interpr\u00e9ter l\u2019article de la Constitution cantonale comme \u00e9tant aussi applicable aux femmes[<a title=\"ETAT DE VAUD, Antoinette Quinche\" href=\"https:\/\/www.vd.ch\/themes\/etat-droit-finances\/egalite-entre-les-femmes-et-les-hommes\/engagement-politique\/salle-du-1er-fevrier-1959\/antoinette-quinche\/\">6<\/a>].<\/span><span style=\"font-weight: 400\"> Ainsi, le \u00ab vieux pays \u00bb [<a title=\"RTS archives, Le vote aux femmes\" href=\"https:\/\/www.rts.ch\/archives\/recherche\/?q=suffrage%20f%C3%A9mini\">7<\/a>] attend 27 ans de plus que la France et 53 ans que l\u2019Allemagne pour accorder cette marque d\u2019\u00e9galit\u00e9 politique \u00e0 tous ses citoyens.<\/span><\/p>\n<p><a href=\"https:\/\/wp.unil.ch\/histoireparlesdonnees\/les-travaux-2017-2018\/suffrage-feminin-evolution-de-sa-perception-a-travers-les-archives-du-journal-de-geneve-et-de-la-gazette-de-lausanne\/le-corpus-et-ses-limites\/\">lire la suite<\/a><\/p>\n<h3>Sommaire<\/h3>\n<p><a href=\"https:\/\/wp.unil.ch\/histoireparlesdonnees\/les-travaux-2017-2018\/suffrage-feminin-evolution-de-sa-perception-a-travers-les-archives-du-journal-de-geneve-et-de-la-gazette-de-lausanne\/contextualisation-historique\/\">1 Contexte historique<\/a><\/p>\n<p><a href=\"https:\/\/wp.unil.ch\/histoireparlesdonnees\/les-travaux-2017-2018\/suffrage-feminin-evolution-de-sa-perception-a-travers-les-archives-du-journal-de-geneve-et-de-la-gazette-de-lausanne\/le-corpus-et-ses-limites\/\">2 Le corpus et ses limites<\/a><\/p>\n<p><a href=\"https:\/\/wp.unil.ch\/histoireparlesdonnees\/les-travaux-2017-2018\/suffrage-feminin-evolution-de-sa-perception-a-travers-les-archives-du-journal-de-geneve-et-de-la-gazette-de-lausanne\/methodologie\/\">3 M\u00e9thodologie<\/a><\/p>\n<p><a href=\"https:\/\/wp.unil.ch\/histoireparlesdonnees\/les-travaux-2017-2018\/suffrage-feminin-evolution-de-sa-perception-a-travers-les-archives-du-journal-de-geneve-et-de-la-gazette-de-lausanne\/analyse\/\">4 Analyse<\/a><\/p>\n<p><a href=\"https:\/\/wp.unil.ch\/histoireparlesdonnees\/les-travaux-2017-2018\/suffrage-feminin-evolution-de-sa-perception-a-travers-les-archives-du-journal-de-geneve-et-de-la-gazette-de-lausanne\/conclusion\/\">5 Conclusion<\/a><\/p>\n<p><a href=\"https:\/\/wp.unil.ch\/histoireparlesdonnees\/les-travaux-2017-2018\/suffrage-feminin-evolution-de-sa-perception-a-travers-les-archives-du-journal-de-geneve-et-de-la-gazette-de-lausanne\/bibliographie\/\">6 Bibliographie<\/a><\/p>\n","protected":false},"excerpt":{"rendered":"<p>Une connaissance du contexte historique est indispensable \u00e0 l\u2019interpr\u00e9tation et \u00e0 l\u2019interrogation d\u2019archives. Ainsi, nous d\u00e9butons ce travail en rappelant bri\u00e8vement les faits importants dans lesquels s\u2019inscrit l\u2019histoire du suffrage f\u00e9minin en Suisse. &nbsp; En 1893 d\u00e9j\u00e0, des associations pour<\/p>\n","protected":false},"author":1001612,"featured_media":0,"parent":915,"menu_order":0,"comment_status":"closed","ping_status":"closed","template":"","meta":{"_seopress_robots_primary_cat":"","_seopress_titles_title":"","_seopress_titles_desc":"","_seopress_robots_index":"","footnotes":""},"class_list":["post-917","page","type-page","status-publish"],"_links":{"self":[{"href":"https:\/\/wp.unil.ch\/histoireparlesdonnees\/wp-json\/wp\/v2\/pages\/917","targetHints":{"allow":["GET"]}}],"collection":[{"href":"https:\/\/wp.unil.ch\/histoireparlesdonnees\/wp-json\/wp\/v2\/pages"}],"about":[{"href":"https:\/\/wp.unil.ch\/histoireparlesdonnees\/wp-json\/wp\/v2\/types\/page"}],"author":[{"embeddable":true,"href":"https:\/\/wp.unil.ch\/histoireparlesdonnees\/wp-json\/wp\/v2\/users\/1001612"}],"replies":[{"embeddable":true,"href":"https:\/\/wp.unil.ch\/histoireparlesdonnees\/wp-json\/wp\/v2\/comments?post=917"}],"version-history":[{"count":0,"href":"https:\/\/wp.unil.ch\/histoireparlesdonnees\/wp-json\/wp\/v2\/pages\/917\/revisions"}],"up":[{"embeddable":true,"href":"https:\/\/wp.unil.ch\/histoireparlesdonnees\/wp-json\/wp\/v2\/pages\/915"}],"wp:attachment":[{"href":"https:\/\/wp.unil.ch\/histoireparlesdonnees\/wp-json\/wp\/v2\/media?parent=917"}],"curies":[{"name":"wp","href":"https:\/\/api.w.org\/{rel}","templated":true}]}}