{"id":915,"date":"2018-05-23T17:28:57","date_gmt":"2018-05-23T15:28:57","guid":{"rendered":"http:\/\/wp.unil.ch\/histoireparlesdonnees\/?page_id=915"},"modified":"2018-05-23T18:25:04","modified_gmt":"2018-05-23T16:25:04","slug":"suffrage-feminin-evolution-de-sa-perception-a-travers-les-archives-du-journal-de-geneve-et-de-la-gazette-de-lausanne","status":"publish","type":"page","link":"https:\/\/wp.unil.ch\/histoireparlesdonnees\/les-travaux-2017-2018\/suffrage-feminin-evolution-de-sa-perception-a-travers-les-archives-du-journal-de-geneve-et-de-la-gazette-de-lausanne\/","title":{"rendered":"Suffrage f\u00e9minin: \u00e9volution de sa perception \u00e0 travers les archives du Journal de Gen\u00e8ve et  de la Gazette de Lausanne"},"content":{"rendered":"<p><span style=\"font-weight: 400\"><em>Par Romain Jacquod, Romain Fournier et Guillaume Verdeau<\/em> <\/span><\/p>\n<p><span style=\"font-weight: 400\">Ce travail a pour but d\u2019analyser l\u2019\u00e9volution de la perception du suffrage f\u00e9minin en Suisse entre 1920 et 1971. Plus particuli\u00e8rement, il s\u2019interroge sur la corr\u00e9lation entre les changements sociopolitiques ayant eu lieu sur cette p\u00e9riode et le traitement du sujet par la presse l\u00e9manique. La p\u00e9riode \u00e9tudi\u00e9e d\u00e9bute avec la premi\u00e8re vague de votations pour l&#8217;octroi du droit de vote aux femmes et se termine avec son acceptation au niveau f\u00e9d\u00e9ral. L\u2019originalit\u00e9 de ce travail r\u00e9side dans sa m\u00e9thodologie de recherche. Nous \u00e9tudions les archives du journal <\/span><i><span style=\"font-weight: 400\">Le Temps<\/span><\/i><span style=\"font-weight: 400\"> \u00e0 l\u2019aide d\u2019outils num\u00e9riques afin d\u2019obtenir des informations quantitatives sur l\u2019\u00e9volution de la perception du suffrage f\u00e9minin dans la presse l\u00e9manique. Ces archives regroupent celles de deux diff\u00e9rents journaux, <\/span><i><span style=\"font-weight: 400\">le Journal de Gen\u00e8ve (JDG)<\/span><\/i><span style=\"font-weight: 400\"> et<\/span><i><span style=\"font-weight: 400\"> la Gazette de Lausanne (GDL)<\/span><\/i><span style=\"font-weight: 400\">, de la fusion desquels est n\u00e9 le journal <\/span><i><span style=\"font-weight: 400\">Le Temps<\/span><\/i><span style=\"font-weight: 400\">. La premi\u00e8re partie de ce travail pr\u00e9sente le sujet dans son contexte historique. La suivante pr\u00e9sente le corpus utilis\u00e9 ainsi que ses limites. Une pr\u00e9sentation de la m\u00e9thodologie employ\u00e9e s\u2019ensuit, avant de conclure avec les r\u00e9sultats de nos analyses.<\/span><\/p>\n<p>&nbsp;<\/p>\n<h3>Sommaire<\/h3>\n<p><a href=\"https:\/\/wp.unil.ch\/histoireparlesdonnees\/les-travaux-2017-2018\/suffrage-feminin-evolution-de-sa-perception-a-travers-les-archives-du-journal-de-geneve-et-de-la-gazette-de-lausanne\/contextualisation-historique\/\">1 Contexte historique<\/a><\/p>\n<p><a href=\"https:\/\/wp.unil.ch\/histoireparlesdonnees\/les-travaux-2017-2018\/suffrage-feminin-evolution-de-sa-perception-a-travers-les-archives-du-journal-de-geneve-et-de-la-gazette-de-lausanne\/le-corpus-et-ses-limites\/\">2 Le corpus et ses limites<\/a><\/p>\n<p><a href=\"https:\/\/wp.unil.ch\/histoireparlesdonnees\/les-travaux-2017-2018\/suffrage-feminin-evolution-de-sa-perception-a-travers-les-archives-du-journal-de-geneve-et-de-la-gazette-de-lausanne\/methodologie\/\">3 M\u00e9thodologie<\/a><\/p>\n<p><a href=\"https:\/\/wp.unil.ch\/histoireparlesdonnees\/les-travaux-2017-2018\/suffrage-feminin-evolution-de-sa-perception-a-travers-les-archives-du-journal-de-geneve-et-de-la-gazette-de-lausanne\/analyse\/\">4 Analyse<\/a><\/p>\n<p><a href=\"https:\/\/wp.unil.ch\/histoireparlesdonnees\/les-travaux-2017-2018\/suffrage-feminin-evolution-de-sa-perception-a-travers-les-archives-du-journal-de-geneve-et-de-la-gazette-de-lausanne\/conclusion\/\">5 Conclusion<\/a><\/p>\n<p><a href=\"https:\/\/wp.unil.ch\/histoireparlesdonnees\/les-travaux-2017-2018\/suffrage-feminin-evolution-de-sa-perception-a-travers-les-archives-du-journal-de-geneve-et-de-la-gazette-de-lausanne\/bibliographie\/\">6 Bibliographie<\/a><\/p>\n","protected":false},"excerpt":{"rendered":"<p>Par Romain Jacquod, Romain Fournier et Guillaume Verdeau Ce travail a pour but d\u2019analyser l\u2019\u00e9volution de la perception du suffrage f\u00e9minin en Suisse entre 1920 et 1971. Plus particuli\u00e8rement, il s\u2019interroge sur la corr\u00e9lation entre les changements sociopolitiques ayant eu<\/p>\n","protected":false},"author":1001612,"featured_media":0,"parent":912,"menu_order":0,"comment_status":"closed","ping_status":"closed","template":"","meta":{"_seopress_robots_primary_cat":"","_seopress_titles_title":"","_seopress_titles_desc":"","_seopress_robots_index":"","footnotes":""},"class_list":["post-915","page","type-page","status-publish"],"_links":{"self":[{"href":"https:\/\/wp.unil.ch\/histoireparlesdonnees\/wp-json\/wp\/v2\/pages\/915","targetHints":{"allow":["GET"]}}],"collection":[{"href":"https:\/\/wp.unil.ch\/histoireparlesdonnees\/wp-json\/wp\/v2\/pages"}],"about":[{"href":"https:\/\/wp.unil.ch\/histoireparlesdonnees\/wp-json\/wp\/v2\/types\/page"}],"author":[{"embeddable":true,"href":"https:\/\/wp.unil.ch\/histoireparlesdonnees\/wp-json\/wp\/v2\/users\/1001612"}],"replies":[{"embeddable":true,"href":"https:\/\/wp.unil.ch\/histoireparlesdonnees\/wp-json\/wp\/v2\/comments?post=915"}],"version-history":[{"count":0,"href":"https:\/\/wp.unil.ch\/histoireparlesdonnees\/wp-json\/wp\/v2\/pages\/915\/revisions"}],"up":[{"embeddable":true,"href":"https:\/\/wp.unil.ch\/histoireparlesdonnees\/wp-json\/wp\/v2\/pages\/912"}],"wp:attachment":[{"href":"https:\/\/wp.unil.ch\/histoireparlesdonnees\/wp-json\/wp\/v2\/media?parent=915"}],"curies":[{"name":"wp","href":"https:\/\/api.w.org\/{rel}","templated":true}]}}