{"id":912,"date":"2018-05-23T17:26:08","date_gmt":"2018-05-23T15:26:08","guid":{"rendered":"http:\/\/wp.unil.ch\/histoireparlesdonnees\/?page_id=912"},"modified":"2024-05-28T10:53:07","modified_gmt":"2024-05-28T08:53:07","slug":"les-travaux-2017-2018","status":"publish","type":"page","link":"https:\/\/wp.unil.ch\/histoireparlesdonnees\/les-travaux-2017-2018\/","title":{"rendered":"Travaux 2017-2018"},"content":{"rendered":"<p>&nbsp;<\/p>\n<ul>\n<li id=\"menu-item-1290\" class=\"menu-item menu-item-type-post_type menu-item-object-page menu-item-1290\"><a href=\"https:\/\/wp.unil.ch\/histoireparlesdonnees\/les-travaux-2017-2018\/etude-de-levolution-des-revendications-feministes-a-travers-mai-68-basee-sur-les-archives-de-la-gazette-de-lausanne-et-du-journal-de-geneve\/\">\u00c9tude de l\u2019\u00e9volution des revendications f\u00e9ministes \u00e0 travers Mai 68 bas\u00e9e sur les archives de la Gazette de Lausanne et du Journal de Gen\u00e8ve<\/a><\/li>\n<li class=\"menu-item menu-item-type-post_type menu-item-object-page menu-item-1290\"><a href=\"https:\/\/wp.unil.ch\/histoireparlesdonnees\/les-travaux-2017-2018\/la-mode-et-le-vetement-feminins-au-xxeme-siecle\/\">La mode et le v\u00eatement f\u00e9minins au XX\u00e8me si\u00e8cle<\/a><\/li>\n<li id=\"menu-item-1291\" class=\"menu-item menu-item-type-post_type menu-item-object-page menu-item-1291\"><a href=\"https:\/\/wp.unil.ch\/histoireparlesdonnees\/les-travaux-2017-2018\/la-perception-du-feminisme-par-la-gazette-de-lausanne-le-journal-de-geneve-et-le-nouveau-quotidien-entre-1958-et-1998\/\">La perception du f\u00e9minisme par la Gazette de Lausanne, le Journal de Gen\u00e8ve et le Nouveau Quotidien entre 1958 et 1998<\/a><\/li>\n<li id=\"menu-item-1292\" class=\"menu-item menu-item-type-post_type menu-item-object-page menu-item-1292\"><a href=\"https:\/\/wp.unil.ch\/histoireparlesdonnees\/les-travaux-2017-2018\/les-femmes-dans-le-domaine-industriel-pendant-les-periodes-de-guerre\/\">Les femmes dans le domaine industriel pendant les p\u00e9riodes de guerre<\/a><\/li>\n<li id=\"menu-item-1293\" class=\"menu-item menu-item-type-post_type menu-item-object-page menu-item-1293\"><a href=\"https:\/\/wp.unil.ch\/histoireparlesdonnees\/les-travaux-2017-2018\/les-violences-contre-les-femmes-et-leurs-representations-dans-les-archives-de-la-gazette-de-lausanne-et-du-journal-de-geneve-de-1900-a-1998\/\">Les violences contre les femmes et leurs repr\u00e9sentations dans les archives de la Gazette de Lausanne et du Journal de Gen\u00e8ve de 1900 \u00e0 1998<\/a><\/li>\n<li id=\"menu-item-1294\" class=\"menu-item menu-item-type-post_type menu-item-object-page menu-item-1294\"><a href=\"https:\/\/wp.unil.ch\/histoireparlesdonnees\/les-travaux-2017-2018\/perception-des-actions-des-femmes-politiques-suisses-par-la-presse-romande-de-1971-a-1998\/\">Perception des actions des femmes politiques suisses par la presse romande de 1971 \u00e0 1998.<\/a><\/li>\n<li id=\"menu-item-1295\" class=\"menu-item menu-item-type-post_type menu-item-object-page menu-item-1295\"><a href=\"https:\/\/wp.unil.ch\/histoireparlesdonnees\/les-travaux-2017-2018\/suffrage-feminin-evolution-de-sa-perception-a-travers-les-archives-du-journal-de-geneve-et-de-la-gazette-de-lausanne\/\">Suffrage f\u00e9minin: \u00e9volution de sa perception \u00e0 travers les archives du Journal de Gen\u00e8ve et de la Gazette de Lausanne<\/a><\/li>\n<\/ul>\n<p>&nbsp;<\/p>\n","protected":false},"excerpt":{"rendered":"<p>&nbsp; \u00c9tude de l\u2019\u00e9volution des revendications f\u00e9ministes \u00e0 travers Mai 68 bas\u00e9e sur les archives de la Gazette de Lausanne et du Journal de Gen\u00e8ve La mode et le v\u00eatement f\u00e9minins au XX\u00e8me si\u00e8cle La perception du f\u00e9minisme par la<\/p>\n","protected":false},"author":1001612,"featured_media":0,"parent":0,"menu_order":0,"comment_status":"closed","ping_status":"closed","template":"","meta":{"_seopress_robots_primary_cat":"","_seopress_titles_title":"","_seopress_titles_desc":"","_seopress_robots_index":"","footnotes":""},"class_list":["post-912","page","type-page","status-publish"],"_links":{"self":[{"href":"https:\/\/wp.unil.ch\/histoireparlesdonnees\/wp-json\/wp\/v2\/pages\/912","targetHints":{"allow":["GET"]}}],"collection":[{"href":"https:\/\/wp.unil.ch\/histoireparlesdonnees\/wp-json\/wp\/v2\/pages"}],"about":[{"href":"https:\/\/wp.unil.ch\/histoireparlesdonnees\/wp-json\/wp\/v2\/types\/page"}],"author":[{"embeddable":true,"href":"https:\/\/wp.unil.ch\/histoireparlesdonnees\/wp-json\/wp\/v2\/users\/1001612"}],"replies":[{"embeddable":true,"href":"https:\/\/wp.unil.ch\/histoireparlesdonnees\/wp-json\/wp\/v2\/comments?post=912"}],"version-history":[{"count":1,"href":"https:\/\/wp.unil.ch\/histoireparlesdonnees\/wp-json\/wp\/v2\/pages\/912\/revisions"}],"predecessor-version":[{"id":2457,"href":"https:\/\/wp.unil.ch\/histoireparlesdonnees\/wp-json\/wp\/v2\/pages\/912\/revisions\/2457"}],"wp:attachment":[{"href":"https:\/\/wp.unil.ch\/histoireparlesdonnees\/wp-json\/wp\/v2\/media?parent=912"}],"curies":[{"name":"wp","href":"https:\/\/api.w.org\/{rel}","templated":true}]}}