{"id":91,"date":"2017-02-27T13:04:41","date_gmt":"2017-02-27T12:04:41","guid":{"rendered":"http:\/\/wp.unil.ch\/histoireparlesdonnees\/?page_id=91"},"modified":"2017-05-24T18:29:25","modified_gmt":"2017-05-24T16:29:25","slug":"evolution-linguistique-du-debat-public-autour-de-limmigration-en-suisse","status":"publish","type":"page","link":"https:\/\/wp.unil.ch\/histoireparlesdonnees\/les-travaux\/evolution-linguistique-du-debat-public-autour-de-limmigration-en-suisse\/","title":{"rendered":"\u00c9volution linguistique du d\u00e9bat public autour de l\u2019immigration en Suisse"},"content":{"rendered":"<ul>\n<li><a href=\"https:\/\/wp.unil.ch\/histoireparlesdonnees\/les-travaux\/evolution-linguistique-du-debat-public-autour-de-limmigration-en-suisse\/\">Introduction<\/a><\/li>\n<li><a href=\"https:\/\/wp.unil.ch\/histoireparlesdonnees\/les-travaux\/evolution-linguistique-du-debat-public-autour-de-limmigration-en-suisse\/contexte\/\">Contexte<\/a><\/li>\n<li><a href=\"https:\/\/wp.unil.ch\/histoireparlesdonnees\/les-travaux\/evolution-linguistique-du-debat-public-autour-de-limmigration-en-suisse\/corpus-et-methodologie\/\">Corpus et m\u00e9thodologie<\/a><\/li>\n<li><a href=\"https:\/\/wp.unil.ch\/histoireparlesdonnees\/les-travaux\/evolution-linguistique-du-debat-public-autour-de-limmigration-en-suisse\/resultats-et-visualisation\/\">R\u00e9sultats et visualisation<\/a><\/li>\n<li><a href=\"https:\/\/wp.unil.ch\/histoireparlesdonnees\/les-travaux\/evolution-linguistique-du-debat-public-autour-de-limmigration-en-suisse\/conclusion\/\">Conclusion<\/a><\/li>\n<\/ul>\n<p>Le d\u00e9bat sur l\u2019immigration occupe r\u00e9guli\u00e8rement le devant de la sc\u00e8ne politique suisse. Il est actuellement encourag\u00e9 par la droite populiste \u00e0 coup de communications et affiches tranchantes, une mani\u00e8re de faire qui prend racine dans une s\u00e9rie d\u2019initiatives populaires d\u00e9pos\u00e9es dans les ann\u00e9es 1960. Les archives du journal <em>Le Temps<\/em> que nous avons \u00e0 notre disposition offrent un reflet m\u00e9diatique de ce d\u00e9bat et constituent un aper\u00e7u journalistique de la mani\u00e8re dont il a \u00e9t\u00e9 men\u00e9 durant la deuxi\u00e8me moiti\u00e9 du 20<sup>\u00e8me<\/sup> si\u00e8cle.<\/p>\n<p>Notre travail consistera \u00e0 mener une \u00e9tude syst\u00e9matique sur ces archives afin de caract\u00e9riser l\u2019\u00e9volution du langage utilis\u00e9 dans le d\u00e9bat public sur l\u2019immigration. En particulier, il s\u2019agira de comprendre si le vocabulaire et les termes mis en avant par les initiatives populaires, qui souvent imposent et rythment la conversation, modifient de mani\u00e8re significative l\u2019ensemble des mots utilis\u00e9s pour parler de l\u2019immigration. Cette approche est inspir\u00e9e la recherche pr\u00e9sent\u00e9e par Vincent Buntinx dans <em>Studying Linguistic Changes on 200 Years of Newspapers<\/em>.<\/p>\n<p>Travail r\u00e9alis\u00e9 par Gina Reuland, Jonas Racine et Augustin Prado.<\/p>\n","protected":false},"excerpt":{"rendered":"<p>Introduction Contexte Corpus et m\u00e9thodologie R\u00e9sultats et visualisation Conclusion Le d\u00e9bat sur l\u2019immigration occupe r\u00e9guli\u00e8rement le devant de la sc\u00e8ne politique suisse. Il est actuellement encourag\u00e9 par la droite populiste \u00e0 coup de communications et affiches tranchantes, une mani\u00e8re de<\/p>\n","protected":false},"author":1001264,"featured_media":0,"parent":17,"menu_order":3,"comment_status":"closed","ping_status":"closed","template":"","meta":{"_seopress_robots_primary_cat":"","_seopress_titles_title":"","_seopress_titles_desc":"","_seopress_robots_index":"","footnotes":""},"class_list":["post-91","page","type-page","status-publish"],"_links":{"self":[{"href":"https:\/\/wp.unil.ch\/histoireparlesdonnees\/wp-json\/wp\/v2\/pages\/91","targetHints":{"allow":["GET"]}}],"collection":[{"href":"https:\/\/wp.unil.ch\/histoireparlesdonnees\/wp-json\/wp\/v2\/pages"}],"about":[{"href":"https:\/\/wp.unil.ch\/histoireparlesdonnees\/wp-json\/wp\/v2\/types\/page"}],"author":[{"embeddable":true,"href":"https:\/\/wp.unil.ch\/histoireparlesdonnees\/wp-json\/wp\/v2\/users\/1001264"}],"replies":[{"embeddable":true,"href":"https:\/\/wp.unil.ch\/histoireparlesdonnees\/wp-json\/wp\/v2\/comments?post=91"}],"version-history":[{"count":0,"href":"https:\/\/wp.unil.ch\/histoireparlesdonnees\/wp-json\/wp\/v2\/pages\/91\/revisions"}],"up":[{"embeddable":true,"href":"https:\/\/wp.unil.ch\/histoireparlesdonnees\/wp-json\/wp\/v2\/pages\/17"}],"wp:attachment":[{"href":"https:\/\/wp.unil.ch\/histoireparlesdonnees\/wp-json\/wp\/v2\/media?parent=91"}],"curies":[{"name":"wp","href":"https:\/\/api.w.org\/{rel}","templated":true}]}}