{"id":81,"date":"2017-02-27T11:00:15","date_gmt":"2017-02-27T10:00:15","guid":{"rendered":"http:\/\/wp.unil.ch\/histoireparlesdonnees\/?page_id=81"},"modified":"2017-05-31T17:29:09","modified_gmt":"2017-05-31T15:29:09","slug":"perceptions-du-conflit-israelo-palestinien-dans-la-gazette-de-lausanne-et-le-journal-de-geneve","status":"publish","type":"page","link":"https:\/\/wp.unil.ch\/histoireparlesdonnees\/les-travaux\/perceptions-du-conflit-israelo-palestinien-dans-la-gazette-de-lausanne-et-le-journal-de-geneve\/","title":{"rendered":"Perceptions du conflit isra\u00e9lo-palestinien dans la <em>Gazette de Lausanne<\/em> et le <em>Journal de Gen\u00e8ve<\/em>"},"content":{"rendered":"<div style=\"background-color: #ffd9f2;padding: 20px 20px\">\n<h2>Table des mati\u00e8res<\/h2>\n<ul style=\"margin-bottom: 0;padding-bottom: 0\">\n<li><a href=\"https:\/\/wp.unil.ch\/histoireparlesdonnees\/les-travaux\/perceptions-du-conflit-israelo-palestinien-dans-la-gazette-de-lausanne-et-le-journal-de-geneve\">Pr\u00e9sentation du projet<\/a><\/li>\n<li><a href=\"https:\/\/wp.unil.ch\/histoireparlesdonnees\/les-travaux\/perceptions-du-conflit-israelo-palestinien-dans-la-gazette-de-lausanne-et-le-journal-de-geneve\/analyse-et-interpretations\/\">Analyse et interpr\u00e9tation<\/a><\/li>\n<li><a href=\"https:\/\/wp.unil.ch\/histoireparlesdonnees\/les-travaux\/perceptions-du-conflit-israelo-palestinien-dans-la-gazette-de-lausanne-et-le-journal-de-geneve\/critique-des-methodes-utilisees\/\">Critiques des m\u00e9thodes utilis\u00e9es<\/a><\/li>\n<li><a href=\"https:\/\/wp.unil.ch\/histoireparlesdonnees\/les-travaux\/perceptions-du-conflit-israelo-palestinien-dans-la-gazette-de-lausanne-et-le-journal-de-geneve\/bibliographie\/\">Bibliographie<\/a><\/li>\n<\/ul>\n<\/div>\n<h2>Pr\u00e9sentation du projet<\/h2>\n<p>Ce projet se propose d\u2019analyser les dispositions de la presse romande vis-\u00e0-vis du conflit isra\u00e9lo-palestinien, en particulier gr\u00e2ce aux archives du <em>Journal de Gen\u00e8ve<\/em> et de la <em>Gazette de Lausanne.<\/em> Pour ce faire, une classification hi\u00e9rarchique descendante r\u00e9cursive du corpus avec Iramuteq est effectu\u00e9e. Les classes cibl\u00e9es sont alors analys\u00e9es avec des statistiques sommaires (sp\u00e9cificit\u00e9, similitude) et une analyse de sentiments quasi-non supervis\u00e9e. Plusieurs visualisations pertinentes sont g\u00e9n\u00e9r\u00e9es, puis interpr\u00e9t\u00e9es dans le cadre historique.<\/p>\n<h3>Contexte historique<\/h3>\n<p>D\u00e8s les premiers congr\u00e8s \u00e0 B\u00e2le (1897), la Suisse joue le r\u00f4le d\u2019h\u00f4te au mouvement sioniste. Les citoyens suisses juifs, relativement int\u00e9gr\u00e9s dans la soci\u00e9t\u00e9, ne partagent pas \u00e0 cette \u00e9poque l\u2019aspiration, r\u00e9pandue parmi les Juifs pers\u00e9cut\u00e9s d\u2019Europe de l\u2019Est, \u00e0 l\u2019ind\u00e9pendance territoriale<a id=\"fnref1\" class=\"footnoteRef\" href=\"#fn1\"><sup>1<\/sup><\/a>, et prennent plut\u00f4t un point de vue neutre vis-\u00e0-vis du sionisme.<a id=\"fnref2\" class=\"footnoteRef\" href=\"#fn2\"><sup>2<\/sup><\/a> Comme \u00e0 d\u2019autres \u00ab\u00a0exil\u00e9s\u00a0\u00bb, la Suisse offre aux sionistes la possibilit\u00e9 de s\u2019organiser et d\u2019effectuer une diplomatie depuis un territoire neutre.<\/p>\n<p>Avec la fin du mandat britannique en Palestine, la d\u00e9claration d\u2019Isra\u00ebl et sa guerre avec les pays arabes voisins, les autorit\u00e9s suisses sont confront\u00e9es \u00e0 la question de la reconnaissance du nouvel\u00a0\u00c9tat qui aura finalement lieu en Janvier 1949. Les neuf mois de d\u00e9lai avant qu\u2019elles ne proc\u00e8dent \u00e0 la reconnaissance (contre quelques jours pour l\u2019Union Sovi\u00e9tique, environ sept mois pour la France et les \u00c9tats-Unis) signalent une approche prudente, voire sceptique de leur part. Dans un <a href=\"https:\/\/dodis.ch\/2910\">protocole<\/a> issu du D\u00e9partement politique f\u00e9d\u00e9ral (pr\u00e9curseur du D\u00e9partement f\u00e9d\u00e9ral des affaires \u00e9trang\u00e8res), ce d\u00e9lai est justifi\u00e9 par le besoin de respecter les normes internationales. En particulier, la vraisemblance d\u2019existence de l\u2019\u00c9tat d\u2019Isra\u00ebl est contest\u00e9e. De plus, la reconnaissance d\u2019Isra\u00ebl est vue comme une prise de parti qui enfreindrait la politique de neutralit\u00e9 suisse. D\u2019autre part, la Conf\u00e9d\u00e9ration b\u00e9n\u00e9ficie de l\u2019ouverture des march\u00e9s dans les pays arabes comme l\u2019\u00c9gypte, qui pourrait \u00eatre remise en question avec les changements territoriaux ou politiques.<\/p>\n<p>Apr\u00e8s la guerre de 1948 s\u2019ensuit une p\u00e9riode d\u2019intensification des relations politiques et \u00e9conomiques entre acteurs suisses et isra\u00e9liens. La neutralit\u00e9 effective de la Suisse par rapport au conflit se heurte de plus en plus \u00e0 une sympathie croissante envers Isra\u00ebl dans l\u2019opinion suisse, notamment<a id=\"fnref3\" class=\"footnoteRef\" href=\"#fn3\"><sup>3<\/sup><\/a> \u00e0 partir de la crise de Suez en 1956. Des \u00e9chos de cette question apparaissent dans la presse suisse, y compris romande, lors de l\u2019affaire Serra. C\u2019est l\u2019affaire ayant lieu en juillet 1964 selon laquelle M. Etienne Serra, alors Chef du Protocole du D\u00e9partement politique f\u00e9d\u00e9ral, aurait tenu des propos antis\u00e9mites lors d\u2019une r\u00e9ception officielle de l\u2019ambassade de Tunisie. Serra est contraint de d\u00e9missionner lorsque l\u2019affaire \u00e9clate dans les m\u00e9dias, en particulier dans les deux journaux \u00e9tudi\u00e9s. Voir aussi <a href=\"https:\/\/dodis.ch\/31716\">Dodis<\/a> sur ce sujet.<\/p>\n<p>L\u2019enthousiasme croissant pour Isra\u00ebl atteint son apog\u00e9e lors de la guerre de Six Jours (5-10 juin 1967) et la victoire \u00e9crasante d\u2019Isra\u00ebl sur ses voisins.<\/p>\n<p><em>A l\u2019aide des archives du Journal de Gen\u00e8ve et de la Gazette de Lausanne, nous \u00e9tudierons la perception et le changement des lignes \u00e9ditoriales vis-\u00e0-vis du conflit isra\u00e9lo-palestinien depuis ses pr\u00e9mices en 1948, jusqu\u2019en 1967, pour voir si la description historique s\u2019y retrouve.<\/em><\/p>\n<h3>Informations sur le corpus et les ressources bibliographiques<\/h3>\n<p>L\u2019analyse digitale que nous effectuons se fonde sur un corpus d\u2019articles extraits de deux journaux\u00a0romands d\u2019opinion, <em>Le Journal de Gen\u00e8ve<\/em> et <em>La Gazette de Lausanne.<\/em> Afin d\u2019affiner notre corpus de textes, nous nous sommes concentr\u00e9s sur les p\u00e9riodes o\u00f9 le sujet isra\u00e9lo-palestinien \u00e9tait le plus trait\u00e9. Nous nous sommes aid\u00e9s de l\u2019histogramme de certains mots cl\u00e9s (voir figure 1).<img loading=\"lazy\" decoding=\"async\" title=\"Histogramme des mots &quot;Isra\u00ebl&quot;, &quot;Arabe&quot;, &quot;Juif&quot; et \u00ab Palestine \u00bb\" src=\"https:\/\/wp.unil.ch\/histoireparlesdonnees\/files\/2017\/02\/1_image1.png\" width=\"600\" height=\"246\" \/><\/p>\n<p><em>Figure 1: Histogramme des mots &#8220;Isra\u00ebl&#8221;, &#8220;Palestine&#8221;, &#8220;Arabe&#8221; et &#8220;Juif&#8221; de 1945 \u00e0 1968<\/em><\/p>\n<p>Nous avons donc restreint le corpus aux ann\u00e9es 1948, 1956-1957 et 1967. Ce choix est aussi justifi\u00e9 par certains \u00e9v\u00e8nements historiques\u00a0\u2014 Guerre d\u2019Ind\u00e9pendance, Crise de Suez et Guerre de Six Jours \u2014 importants au niveau international et impliquant la Suisse en tant qu\u2019observateur mais aussi h\u00f4te des Nations Unies, de la Croix-Rouge, etc. Selon le livre de Jonathan Kreutner, ces dates sont aussi des marqueurs pour l\u2019opinion suisse sur Isra\u00ebl.<\/p>\n<p>Nous essayons de d\u00e9terminer quels facteurs (neutralit\u00e9, diplomatie europ\u00e9enne, int\u00e9r\u00eats \u00e9conomiques) marquent l\u2019opinion suisse sur le conflit. On pense par exemple \u00e0 la politique nationale, les accords commerciaux et strat\u00e9giques avec les pays concern\u00e9s.<\/p>\n<p>Remarquons que les deux journaux en question \u00e0 tendance lib\u00e9rale ciblent essentiellement un public bourgeois, nous menant \u00e0 attendre d\u2019eux peu d\u2019enthousiasme pour les partis de gauche traditionnellement pro-arabes ou le panarabisme nass\u00e9rien. Le statut privil\u00e9gi\u00e9 de la ville de Gen\u00e8ve comme p\u00f4le de la diplomatie peut aussi en principe influencer le point de vue du <em>Journal de Gen\u00e8ve<\/em>. En premier lieu, nous traitons le corpus de mani\u00e8re agnostique aux deux journaux, et \u00e9tudions le biais d\u00fb \u00e0 la ligne \u00e9ditoriale dans l\u2019analyse de sentiments.<\/p>\n<h3>R\u00e9sum\u00e9 de l\u2019analyse effectu\u00e9e<\/h3>\n<p>Nous effectuons une analyse digitale de notre corpus avec plusieurs techniques :<\/p>\n<ul>\n<li style=\"list-style-type: none\">\n<ul>\n<li>En d\u00e9coupant notre corpus en intervalle de temps (comme d\u00e9crit auparavant), et en analysant les champs lexicaux sur ces intervalles.<\/li>\n<li>En analysant avec IRaMuTeq les champs lexicaux attribu\u00e9s aux principaux acteurs du conflit\u00a0: les qualificatifs qui leur sont attribu\u00e9s, le \u00ab\u00a0ton\u00a0\u00bb que prend la r\u00e9daction.<\/li>\n<li>En \u00e9tudiant sous forme de r\u00e9seau, avec Gephi, les relations (par l\u2019interm\u00e9diaire de la mention dans un article) entre les formes.<\/li>\n<li>En effectuant une analyse de sentiments.<\/li>\n<\/ul>\n<\/li>\n<\/ul>\n<p><img vspace=\"10\" \/><\/p>\n<ul>\n<li><a href=\"https:\/\/wp.unil.ch\/histoireparlesdonnees\/les-travaux\/perceptions-du-conflit-israelo-palestinien-dans-la-gazette-de-lausanne-et-le-journal-de-geneve\/analyse-et-interpretations\/\">Page suivante<\/a><\/li>\n<\/ul>\n","protected":false},"excerpt":{"rendered":"<p>Table des mati\u00e8res Pr\u00e9sentation du projet Analyse et interpr\u00e9tation Critiques des m\u00e9thodes utilis\u00e9es Bibliographie Pr\u00e9sentation du projet Ce projet se propose d\u2019analyser les dispositions de la presse romande vis-\u00e0-vis du conflit isra\u00e9lo-palestinien, en particulier gr\u00e2ce aux archives du Journal de<\/p>\n","protected":false},"author":1001264,"featured_media":0,"parent":17,"menu_order":0,"comment_status":"closed","ping_status":"closed","template":"","meta":{"_seopress_robots_primary_cat":"","_seopress_titles_title":"","_seopress_titles_desc":"","_seopress_robots_index":"","footnotes":""},"class_list":["post-81","page","type-page","status-publish"],"_links":{"self":[{"href":"https:\/\/wp.unil.ch\/histoireparlesdonnees\/wp-json\/wp\/v2\/pages\/81","targetHints":{"allow":["GET"]}}],"collection":[{"href":"https:\/\/wp.unil.ch\/histoireparlesdonnees\/wp-json\/wp\/v2\/pages"}],"about":[{"href":"https:\/\/wp.unil.ch\/histoireparlesdonnees\/wp-json\/wp\/v2\/types\/page"}],"author":[{"embeddable":true,"href":"https:\/\/wp.unil.ch\/histoireparlesdonnees\/wp-json\/wp\/v2\/users\/1001264"}],"replies":[{"embeddable":true,"href":"https:\/\/wp.unil.ch\/histoireparlesdonnees\/wp-json\/wp\/v2\/comments?post=81"}],"version-history":[{"count":0,"href":"https:\/\/wp.unil.ch\/histoireparlesdonnees\/wp-json\/wp\/v2\/pages\/81\/revisions"}],"up":[{"embeddable":true,"href":"https:\/\/wp.unil.ch\/histoireparlesdonnees\/wp-json\/wp\/v2\/pages\/17"}],"wp:attachment":[{"href":"https:\/\/wp.unil.ch\/histoireparlesdonnees\/wp-json\/wp\/v2\/media?parent=81"}],"curies":[{"name":"wp","href":"https:\/\/api.w.org\/{rel}","templated":true}]}}