{"id":759,"date":"2017-05-31T18:12:41","date_gmt":"2017-05-31T16:12:41","guid":{"rendered":"http:\/\/wp.unil.ch\/histoireparlesdonnees\/?page_id=759"},"modified":"2017-05-31T19:05:10","modified_gmt":"2017-05-31T17:05:10","slug":"interpretation-des-resultats","status":"publish","type":"page","link":"https:\/\/wp.unil.ch\/histoireparlesdonnees\/les-travaux\/lurss-de-brejnev-vue-par-les-medias-suisses\/interpretation-des-resultats\/","title":{"rendered":"Interpr\u00e9tation des r\u00e9sultats"},"content":{"rendered":"<div style=\"background-color: #eee;padding: 20px 20px;margin: 10px;float: right;width: 300px\">\n<h1 style=\"font-size: 20px;line-height: normal\">L\u2019URSS de Brejnev vue par les m\u00e9dias suisses<\/h1>\n<ul style=\"margin-bottom: 0;padding-bottom: 0\">\n<li><a href=\"https:\/\/wp.unil.ch\/histoireparlesdonnees\/les-travaux\/lurss-de-brejnev-vue-par-les-medias-suisses\/\">Introduction<\/a><\/li>\n<li><a href=\"https:\/\/wp.unil.ch\/histoireparlesdonnees\/les-travaux\/lurss-de-brejnev-vue-par-les-medias-suisses\/contexte-historique\/\">Contexte historique<\/a><\/li>\n<li><a href=\"https:\/\/wp.unil.ch\/histoireparlesdonnees\/les-travaux\/lurss-de-brejnev-vue-par-les-medias-suisses\/methodologie\">M\u00e9thodologie<\/a>\n<ul>\n<li><a href=\"https:\/\/wp.unil.ch\/histoireparlesdonnees\/les-travaux\/lurss-de-brejnev-vue-par-les-medias-suisses\/methodes-numeriques\/\">M\u00e9thodes num\u00e9riques<\/a><\/li>\n<\/ul>\n<\/li>\n<li><a href=\"https:\/\/wp.unil.ch\/histoireparlesdonnees\/les-travaux\/lurss-de-brejnev-vue-par-les-medias-suisses\/interpretation-des-resultats\/\">Interpr\u00e9tation des r\u00e9sultats<\/a><\/li>\n<li><a href=\"https:\/\/wp.unil.ch\/histoireparlesdonnees\/les-travaux\/lurss-de-brejnev-vue-par-les-medias-suisses\/bibliographie\/\">Bibliographie<\/a><\/li>\n<\/ul>\n<\/div>\n<p>Arriv\u00e9s au terme des explications concernant notre m\u00e9thodologie num\u00e9rique, nous sommes maintenant pr\u00eats \u00e0 analyser les r\u00e9sultats obtenus. Nous nous concentrerons sur deux \u00e9v\u00e9nements majeurs de cette p\u00e9riode : le printemps de Prague et la guerre d&#8217;Afghanistan. Le but recherch\u00e9 est d&#8217;exposer l&#8217;opinion des deux journaux dont est constitu\u00e9 notre base de donn\u00e9es.<\/p>\n<p>&nbsp;<\/p>\n<h3>Prague 1968<\/h3>\n<p>Nous commen\u00e7ons par travailler sur un corpus filtr\u00e9 par le mot cl\u00e9 \u00ab Brejnev \u00bb. En appliquant une CHD \u00e0 diff\u00e9rentes p\u00e9riodes du corpus, il est possible d&#8217;extraire diff\u00e9rents th\u00e8mes et de les comparer. En tout, environ 15 \u00e0 20 classes sont produites pour chaque p\u00e9riode correspondant \u00e0 des th\u00e8me tels que \u00ab coop\u00e9ration \u00bb, \u00ab souverainet\u00e9 des \u00e9tats \u00bb, \u00ab d\u00e9sarmement\/armement nucl\u00e9aire \u00bb, \u00ab Etats-Unis \u00bb et \u00ab socialisme \u00bb. Pour donner une id\u00e9e de leur contenu, les figures suivantes montrent leur dendrogramme.<\/p>\n<figure id=\"attachment_763\" aria-describedby=\"caption-attachment-763\" style=\"width: 1920px\" class=\"wp-caption aligncenter\"><img alt=\"\" loading=\"lazy\" decoding=\"async\" class=\"size-full wp-image-763\" src=\"https:\/\/wp.unil.ch\/histoireparlesdonnees\/files\/2017\/05\/05-WhilePrague_Dend-1.png\" alt=\"\" width=\"1920\" height=\"1143\" srcset=\"https:\/\/wp.unil.ch\/histoireparlesdonnees\/files\/2017\/05\/05-WhilePrague_Dend-1.png 1920w, https:\/\/wp.unil.ch\/histoireparlesdonnees\/files\/2017\/05\/05-WhilePrague_Dend-1-300x179.png 300w, https:\/\/wp.unil.ch\/histoireparlesdonnees\/files\/2017\/05\/05-WhilePrague_Dend-1-768x457.png 768w, https:\/\/wp.unil.ch\/histoireparlesdonnees\/files\/2017\/05\/05-WhilePrague_Dend-1-1024x610.png 1024w\" sizes=\"auto, (max-width: 1920px) 100vw, 1920px\" \/><figcaption id=\"caption-attachment-763\" class=\"wp-caption-text\">Fig. 9: Dendogrammes de la CHD pendant(a) et apr\u00e8s(b) le printemps de Prague.<\/figcaption><\/figure>\n<p>Sur la figure 10, des graphes de la classe \u00ab coop\u00e9ration \u00bb ont \u00e9t\u00e9 r\u00e9alis\u00e9s pour les p\u00e9riodes 1968-1969 et 1972-1978.<\/p>\n<figure id=\"attachment_780\" aria-describedby=\"caption-attachment-780\" style=\"width: 1782px\" class=\"wp-caption aligncenter\"><img alt=\"\" loading=\"lazy\" decoding=\"async\" class=\"size-full wp-image-780\" src=\"https:\/\/wp.unil.ch\/histoireparlesdonnees\/files\/2017\/05\/05-WhilePrague_Coop_Simi.png\" alt=\"\" width=\"1782\" height=\"742\" srcset=\"https:\/\/wp.unil.ch\/histoireparlesdonnees\/files\/2017\/05\/05-WhilePrague_Coop_Simi.png 1782w, https:\/\/wp.unil.ch\/histoireparlesdonnees\/files\/2017\/05\/05-WhilePrague_Coop_Simi-300x125.png 300w, https:\/\/wp.unil.ch\/histoireparlesdonnees\/files\/2017\/05\/05-WhilePrague_Coop_Simi-768x320.png 768w, https:\/\/wp.unil.ch\/histoireparlesdonnees\/files\/2017\/05\/05-WhilePrague_Coop_Simi-1024x426.png 1024w, https:\/\/wp.unil.ch\/histoireparlesdonnees\/files\/2017\/05\/05-WhilePrague_Coop_Simi-720x300.png 720w\" sizes=\"auto, (max-width: 1782px) 100vw, 1782px\" \/><figcaption id=\"caption-attachment-780\" class=\"wp-caption-text\">Fig. 10: Graphes de la classe \u00ab coop\u00e9ration \u00bb pendant(a) et apr\u00e8s(b) le printemps de Prague.<\/figcaption><\/figure>\n<p>A premi\u00e8re vue, la classe \u00e9voquant une d\u00e9tente entre les deux blocs est beaucoup plus consistante lors de \u00ab l&#8217;apr\u00e8s-Prague \u00bb. Ceci concorde bien avec l&#8217;historique de mots de la figure 8, dans lequel les occurrences assimil\u00e9es aux mots \u00ab coop\u00e9ration \u00bb, \u00ab paix \u00bb et \u00ab trait\u00e9 \u00bb sont bien plus fr\u00e9quentes lors de cette p\u00e9riode. De plus, on observe une diff\u00e9rence importante dans l&#8217;utilisation du mot \u00ab probl\u00e8me &amp;aquo. Dans le graphe a), ce mot n&#8217;est que tr\u00e8s peu reli\u00e9 et montre un manque de solution. Au contraire, en b), il se connecte \u00e0 des expressions telles que \u00ab solutions \u00bb, \u00ab d\u00e9sarmement \u00bb et \u00ab r\u00e9soudre \u00bb. La p\u00e9riode de 1972 \u00e0 1978, vu par les journaux lib\u00e9raux suisses, correspond donc bien \u00e0 un instant de d\u00e9tente dans les relations internationales, et en particulier avec l&#8217;URSS.<\/p>\n<p>De son c\u00f4t\u00e9, la classe \u00ab conflit \u00bb, propre au corpus des ann\u00e9es 1968 et 1969, rend compte de la menace d&#8217;invasion par l&#8217;URSS et de l&#8217;inqui\u00e9tude de la presse suisse. Mais comment ce th\u00e8me se pr\u00e9sente-t-il ? Pour extraire des articles li\u00e9s \u00e0 certains mots, nous utilisons la fonction \u00ab concordancier \u00bb d&#8217;Iramuteq. Premi\u00e8rement, \u00ab manifestation \u00bb mena au segment :<\/p>\n<p>\u00ab &#8230; les condamnations de l&#8217;intervention arm\u00e9e en tch\u00e9coslovaquie se multiplient \u00e0 part les manifestations qui dans de nombreuses villes suisses affirment la solidarit\u00e9 du peuple suisse avec le peuple tch\u00e9coslovaque. \u00bb<\/p>\n<p>Il appara\u00eet clairement en premier lieu que le peuple suisse d\u00e9sapprouvait l&#8217;intervention de Brejnev dans le pays des \u00ab h\u00e9ros de la libert\u00e9 \u00bb (cit\u00e9 par [2]) qui s&#8217;oppos\u00e8rent \u00e0 Moscou avec le plus d&#8217; \u00ab ind\u00e9pendance t\u00e9m\u00e9raire \u00bb (cit\u00e9 par [7]), l&#8217;analyse confirme ici les propos de ces sources. Claude Altermatt [2] affirme \u00e9galement que la population a su se montrer exceptionnellement chaleureuse avec les r\u00e9fugi\u00e9s tch\u00e8ques et slovaques, nous essayons de confirmer ce fait en fouillant le concordancier de \u00ab r\u00e9fugi\u00e9 \u00bb :<\/p>\n<p>\u00ab La Suisse pr\u00eate \u00e0 accueillir les r\u00e9fugi\u00e9s tch\u00e9coslovaques La Chancellerie f\u00e9d\u00e9rale communique [&#8230;] Les personnes qui se r\u00e9soudront \u00e0 demander asile peuvent compter sur un accueil favorable. \u00bb<\/p>\n<p>\u00ab Le peuple suisse est g\u00e9n\u00e9reux mais, comme tous les peuples favoris\u00e9s, il a la m\u00e9moire courte [&#8230;] Les Genevois offrant des chambres \u00e0 louer se rebiffent souvent quand on leur demande de les mettre \u00e0 la disposition des Tch\u00e9coslovaques. \u00bb<\/p>\n<p>Nous voyons donc que les propos d&#8217;Altermatt doivent tout de m\u00eame \u00eatre nuanc\u00e9s. Ces quelques citations montrent l&#8217;opinion du peuple, clairement du c\u00f4t\u00e9 de la Tch\u00e9coslovaquie, mais nous pouvons \u00e9galement observer la position du pays. Le concordancier de \u00ab opinion \u00bb m\u00e8ne \u00e0 ce segment de texte :<\/p>\n<p>\u00ab Le conseil f\u00e9d\u00e9ral a condamn\u00e9 sans ambages la politique agressive et imp\u00e9rialiste de l&#8217;URSS et il ne fait aucun doute qu&#8217;il a exprim\u00e9 ainsi l&#8217;opinion unanime du peuple suisse \u00bb<\/p>\n<figure id=\"attachment_767\" aria-describedby=\"caption-attachment-767\" style=\"width: 2044px\" class=\"wp-caption aligncenter\"><img alt=\"\" loading=\"lazy\" decoding=\"async\" class=\"size-full wp-image-767\" src=\"https:\/\/wp.unil.ch\/histoireparlesdonnees\/files\/2017\/05\/05-ComWhilePrague_Simi-1.png\" alt=\"\" width=\"2044\" height=\"768\" srcset=\"https:\/\/wp.unil.ch\/histoireparlesdonnees\/files\/2017\/05\/05-ComWhilePrague_Simi-1.png 2044w, https:\/\/wp.unil.ch\/histoireparlesdonnees\/files\/2017\/05\/05-ComWhilePrague_Simi-1-300x113.png 300w, https:\/\/wp.unil.ch\/histoireparlesdonnees\/files\/2017\/05\/05-ComWhilePrague_Simi-1-768x289.png 768w, https:\/\/wp.unil.ch\/histoireparlesdonnees\/files\/2017\/05\/05-ComWhilePrague_Simi-1-1024x385.png 1024w\" sizes=\"auto, (max-width: 2044px) 100vw, 2044px\" \/><figcaption id=\"caption-attachment-767\" class=\"wp-caption-text\">Fig. 11: Graphes de la classe \u00ab communisme\/socialisme \u00bb pendant(a) et apr\u00e8s(b) le printemps de Prague.<\/figcaption><\/figure>\n<p>La figure 11 montre les th\u00e8mes en relations avec les mots principaux \u00ab communisme \u00bb et \u00ab socialiste \u00bb. En b), apr\u00e8s la r\u00e9volte de Prague, une expression en particulier ressort : \u00ab droits de l&#8217;homme \u00bb. Notons qu&#8217;elle n&#8217;apparait aucunement dans la figure 10a. Ainsi, les jounaux suisses tendent \u00e0 montrer que l&#8217;URSS semble plus pr\u00e9occup\u00e9e par les droits de l&#8217;homme pendant la p\u00e9riode de transition que pendant le printemp de Prague. Pour affirmer ce contraste entre avant et apr\u00e8s Prague, nous effectuons un historique des mots en pr\u00e9sence du mot \u00ab URSS \u00bb.<\/p>\n<figure id=\"attachment_618\" aria-describedby=\"caption-attachment-618\" style=\"width: 1142px\" class=\"wp-caption alignleft\"><img alt=\"\" loading=\"lazy\" decoding=\"async\" class=\"size-full wp-image-618\" src=\"https:\/\/wp.unil.ch\/histoireparlesdonnees\/files\/2017\/05\/05-PraguevsPeur_Histo.png\" alt=\"\" width=\"1142\" height=\"473\" srcset=\"https:\/\/wp.unil.ch\/histoireparlesdonnees\/files\/2017\/05\/05-PraguevsPeur_Histo.png 1142w, https:\/\/wp.unil.ch\/histoireparlesdonnees\/files\/2017\/05\/05-PraguevsPeur_Histo-300x124.png 300w, https:\/\/wp.unil.ch\/histoireparlesdonnees\/files\/2017\/05\/05-PraguevsPeur_Histo-768x318.png 768w, https:\/\/wp.unil.ch\/histoireparlesdonnees\/files\/2017\/05\/05-PraguevsPeur_Histo-1024x424.png 1024w\" sizes=\"auto, (max-width: 1142px) 100vw, 1142px\" \/><figcaption id=\"caption-attachment-618\" class=\"wp-caption-text\">Fig. 12 : Historique de certains mots du champs lexical de \u00ab danger \u00bb en pr\u00e9sence du segment \u00ab URSS \u00bb.<\/figcaption><\/figure>\n<p>Comme on peut bien le voir, les pics d&#8217;occurrences pour ces mots sont concordant durant l&#8217;ann\u00e9e 1968. Leur courbe, particuli\u00e8rement celle de Prague, correspond bien \u00e0 un \u00e9v\u00e9nement \u00e9clair, celui du printemps de Prague. Ainsi, les mots appartenant au champ lexical de la menace sont bien plus pr\u00e9sents lors de cette p\u00e9riode et tendent \u00e0 montrer que les journalistes se soucient de la menace que repr\u00e9sente, selon ces deux journaux, l&#8217;Union Sovi\u00e9tique.<\/p>\n<h3>Afghanistan 1979-1984<\/h3>\n<p>Il est \u00e0 remarquer que, \u00e9tant donn\u00e9e la taille de notre corpus, la p\u00e9riode d&#8217;analyse de cet \u00e9v\u00e9nement sera tronqu\u00e9e \u00e0 1979-1984 au lieu de 1979-1989. De mani\u00e8re similaire au printemps de Prague, nous pouvons effectuer un historique d&#8217;occurrences sur un champ lexical identique comme sur la figure 12.<\/p>\n<figure id=\"attachment_608\" aria-describedby=\"caption-attachment-608\" style=\"width: 926px\" class=\"wp-caption alignleft\"><img alt=\"\" loading=\"lazy\" decoding=\"async\" class=\"size-full wp-image-608\" src=\"https:\/\/wp.unil.ch\/histoireparlesdonnees\/files\/2017\/05\/05-Afghan_Histo.png\" alt=\"\" width=\"926\" height=\"456\" srcset=\"https:\/\/wp.unil.ch\/histoireparlesdonnees\/files\/2017\/05\/05-Afghan_Histo.png 926w, https:\/\/wp.unil.ch\/histoireparlesdonnees\/files\/2017\/05\/05-Afghan_Histo-300x148.png 300w, https:\/\/wp.unil.ch\/histoireparlesdonnees\/files\/2017\/05\/05-Afghan_Histo-768x378.png 768w\" sizes=\"auto, (max-width: 926px) 100vw, 926px\" \/><figcaption id=\"caption-attachment-608\" class=\"wp-caption-text\">Fig. 13 : Historique de certains mots du champs lexical de danger en pr\u00e9sence du segment \u00ab URSS \u00bb.<\/figcaption><\/figure>\n<p>\u00c0 nouveau, une augmentation notable des occurrences apparait et concorde avec l&#8217;op\u00e9ration Chtrom-333 et l&#8217;invasion de l&#8217;Afghanistan par l&#8217;URSS. Celle-ci rejoint l&#8217;analyse effectu\u00e9e sur le printemps de Prague et montre bien que les multiples invasions de l&#8217;URSS sont prises comme une menace pour l&#8217;int\u00e9grit\u00e9 de la Suisse. Ce sentiment est certainement d\u00fb \u00e0 la proximit\u00e9 de l&#8217;agresseur par rapport \u00e0 la Suisse, qui ne se trouve point \u00e0 l&#8217;autre bout du monde mais bien en Europe de l&#8217;Est, \u00e0 moins d&#8217;un millier de kilom\u00e8tres.<\/p>\n<p>Afin d&#8217;\u00e9toffer notre analyse, un graphique de similitudes(fig. 5) est appliqu\u00e9 \u00e0 un corpus filtr\u00e9 ne concernant que la relation \u00ab Afghanistan &amp;raquo-\u00ab URSS \u00bb.<\/p>\n<figure id=\"attachment_609\" aria-describedby=\"caption-attachment-609\" style=\"width: 1024px\" class=\"wp-caption alignleft\"><img alt=\"\" loading=\"lazy\" decoding=\"async\" class=\"size-full wp-image-609\" src=\"https:\/\/wp.unil.ch\/histoireparlesdonnees\/files\/2017\/05\/05-Afghan_Simi.png\" alt=\"\" width=\"1024\" height=\"768\" srcset=\"https:\/\/wp.unil.ch\/histoireparlesdonnees\/files\/2017\/05\/05-Afghan_Simi.png 1024w, https:\/\/wp.unil.ch\/histoireparlesdonnees\/files\/2017\/05\/05-Afghan_Simi-300x225.png 300w, https:\/\/wp.unil.ch\/histoireparlesdonnees\/files\/2017\/05\/05-Afghan_Simi-768x576.png 768w\" sizes=\"auto, (max-width: 1024px) 100vw, 1024px\" \/><figcaption id=\"caption-attachment-609\" class=\"wp-caption-text\">Fig. 14 : Analyse de similitudes sur le corpus liant \u00ab Afghanistan \u00bb et \u00ab URSS \u00bb.<\/figcaption><\/figure>\n<p>Comme nous pouvons le voir, le champ lexical dominant est celui de la guerre, fait qui est confirm\u00e9 par une m\u00e9thode Reinert et la pr\u00e9sence claire d&#8217;un classe \u00ab guerre \u00bb. Elle apparait principalement li\u00e9e \u00e0 &#8216;sovi\u00e9tique&#8217;, qui dans ce cas repr\u00e9sente l&#8217;agresseur. En opposition, il existe une forte pr\u00e9sence du th\u00e8me des Etats-Unis, qui lui est plut\u00f4t reli\u00e9 \u00e0 des \u00e9l\u00e9ments comme \u00ab s\u00e9curit\u00e9 \u00bb, \u00ab conseil \u00bb et \u00ab droits de l&#8217;homme \u00bb. Il y a donc une vision diam\u00e9tralement oppos\u00e9e des USA et de l&#8217;URSS sur ces th\u00e8mes : le premier est consid\u00e9r\u00e9 comme d\u00e9fenseur des libert\u00e9s et des droits de l&#8217;homme alors que l&#8217;URSS correspond \u00e0 un danger.?Ainsi, en nous limitant \u00e0 l&#8217;analyse de deux \u00e9v\u00e9nements majeurs de la p\u00e9riode 1962-1984, correspondant au r\u00e8gne de Brejnev, un sentiment de menace et d&#8217;ins\u00e9curit\u00e9 ressort des articles de notre corpus, exception faite de la p\u00e9riode de transistion de 1972 \u00e0 1977, o\u00f9 une multitude de trait\u00e9s furent sign\u00e9s et la tension entre les blocs redescendit. Cette menace est clairement li\u00e9e aux interventions et actions de l&#8217;URSS(fig. 13-14) et montre que, malgr\u00e9 le principe de neutralit\u00e9 de la Suisse, la presse lib\u00e9rale est plut\u00f4t n\u00e9gative face \u00e0 l&#8217;Union Sovi\u00e9tique et \u00e0 ses interventions.<\/p>\n","protected":false},"excerpt":{"rendered":"<p>L\u2019URSS de Brejnev vue par les m\u00e9dias suisses Introduction Contexte historique M\u00e9thodologie M\u00e9thodes num\u00e9riques Interpr\u00e9tation des r\u00e9sultats Bibliographie Arriv\u00e9s au terme des explications concernant notre m\u00e9thodologie num\u00e9rique, nous sommes maintenant pr\u00eats \u00e0 analyser les r\u00e9sultats obtenus. Nous nous concentrerons sur<\/p>\n","protected":false},"author":1001264,"featured_media":0,"parent":179,"menu_order":2,"comment_status":"closed","ping_status":"closed","template":"","meta":{"_seopress_robots_primary_cat":"","_seopress_titles_title":"","_seopress_titles_desc":"","_seopress_robots_index":"","footnotes":""},"class_list":["post-759","page","type-page","status-publish"],"_links":{"self":[{"href":"https:\/\/wp.unil.ch\/histoireparlesdonnees\/wp-json\/wp\/v2\/pages\/759","targetHints":{"allow":["GET"]}}],"collection":[{"href":"https:\/\/wp.unil.ch\/histoireparlesdonnees\/wp-json\/wp\/v2\/pages"}],"about":[{"href":"https:\/\/wp.unil.ch\/histoireparlesdonnees\/wp-json\/wp\/v2\/types\/page"}],"author":[{"embeddable":true,"href":"https:\/\/wp.unil.ch\/histoireparlesdonnees\/wp-json\/wp\/v2\/users\/1001264"}],"replies":[{"embeddable":true,"href":"https:\/\/wp.unil.ch\/histoireparlesdonnees\/wp-json\/wp\/v2\/comments?post=759"}],"version-history":[{"count":0,"href":"https:\/\/wp.unil.ch\/histoireparlesdonnees\/wp-json\/wp\/v2\/pages\/759\/revisions"}],"up":[{"embeddable":true,"href":"https:\/\/wp.unil.ch\/histoireparlesdonnees\/wp-json\/wp\/v2\/pages\/179"}],"wp:attachment":[{"href":"https:\/\/wp.unil.ch\/histoireparlesdonnees\/wp-json\/wp\/v2\/media?parent=759"}],"curies":[{"name":"wp","href":"https:\/\/api.w.org\/{rel}","templated":true}]}}