{"id":703,"date":"2017-05-31T17:32:21","date_gmt":"2017-05-31T15:32:21","guid":{"rendered":"http:\/\/wp.unil.ch\/histoireparlesdonnees\/?page_id=703"},"modified":"2017-05-31T18:19:24","modified_gmt":"2017-05-31T16:19:24","slug":"conclusion","status":"publish","type":"page","link":"https:\/\/wp.unil.ch\/histoireparlesdonnees\/les-travaux\/les-relations-internationales-de-la-suisse-dans-la-une-de-deux-journaux-liberaux-romands\/interpretation\/conclusion\/","title":{"rendered":"Conclusion"},"content":{"rendered":"<h3>Table des mati\u00e8res<\/h3>\n<ul>\n<li><a href=\"https:\/\/wp.unil.ch\/histoireparlesdonnees\/les-travaux\/les-relations-internationales-de-la-suisse-dans-la-une-de-deux-journaux-liberaux-romands\/historique-de-la-presse-romande\/\">Introduction<\/a><\/li>\n<li><a href=\"https:\/\/wp.unil.ch\/histoireparlesdonnees\/les-travaux\/les-relations-internationales-de-la-suisse-dans-la-une-de-deux-journaux-liberaux-romands\/methodologie\/\">M\u00e9thodologie<\/a><\/li>\n<li><a href=\"https:\/\/wp.unil.ch\/histoireparlesdonnees\/les-travaux\/les-relations-internationales-de-la-suisse-dans-la-une-de-deux-journaux-liberaux-romands\/interpretation\/\">Interpr\u00e9tation<\/a>\n<ul>\n<li><a href=\"https:\/\/wp.unil.ch\/histoireparlesdonnees\/les-travaux\/les-relations-internationales-de-la-suisse-dans-la-une-de-deux-journaux-liberaux-romands\/interpretation\/comparaison-entre-les-deux-journaux\/\">Comparaison entre les deux journaux<\/a><\/li>\n<li><a href=\"https:\/\/wp.unil.ch\/histoireparlesdonnees\/les-travaux\/les-relations-internationales-de-la-suisse-dans-la-une-de-deux-journaux-liberaux-romands\/interpretation\/zoom-sur-les-classes\/\">Zoom sur les classes<\/a><\/li>\n<li><a href=\"https:\/\/wp.unil.ch\/histoireparlesdonnees\/les-travaux\/les-relations-internationales-de-la-suisse-dans-la-une-de-deux-journaux-liberaux-romands\/interpretation\/comparaison-avec-le-reste-du-journal\/\">Comparaison avec le reste du journal<\/a><\/li>\n<li><a href=\"https:\/\/wp.unil.ch\/histoireparlesdonnees\/les-travaux\/les-relations-internationales-de-la-suisse-dans-la-une-de-deux-journaux-liberaux-romands\/interpretation\/comparaison-avec-un-journal-socialiste\/\">Comparaison avec un journal socialiste<\/a><\/li>\n<li><a href=\"https:\/\/wp.unil.ch\/histoireparlesdonnees\/les-travaux\/les-relations-internationales-de-la-suisse-dans-la-une-de-deux-journaux-liberaux-romands\/interpretation\/difficultes\/\">Difficult\u00e9s<\/a><\/li>\n<li><a href=\"https:\/\/wp.unil.ch\/histoireparlesdonnees\/les-travaux\/les-relations-internationales-de-la-suisse-dans-la-une-de-deux-journaux-liberaux-romands\/interpretation\/conclusion\/\">Conclusion<\/a><\/li>\n<\/ul>\n<\/li>\n<li><a href=\"https:\/\/wp.unil.ch\/histoireparlesdonnees\/les-travaux\/les-relations-internationales-de-la-suisse-dans-la-une-de-deux-journaux-liberaux-romands\/bibliographie\/\">Bibliographie<\/a><\/li>\n<\/ul>\n<p>&nbsp;<\/p>\n<p>Nos deux journaux appartiennent \u00e0 la presse d\u2019opinion, pour cela, ils accordent une place primordiale aux sujets associ\u00e9s aux relations internationales et \u00e0 la politique, comme nous avons pu le constater gr\u00e2ce \u00e0 la r\u00e9partition des classes trouv\u00e9es par Iramuteq.<\/p>\n<p>Les articles en Une refl\u00e9tant la ligne \u00e9ditoriale du journal sont principalement des analyses et r\u00e9trospectives et dans une moindre mesure des comptes rendus globaux. Plus g\u00e9n\u00e9ralement, les articles laissant une plus grande libert\u00e9 au journaliste ont tendance \u00e0 laisser para\u00eetre les id\u00e9es politiques et ont un pouvoir de persuasion plus \u00e9lev\u00e9s.<\/p>\n<p>Malgr\u00e9 une orientation politique lib\u00e9rale conservatrice, le JDG et GDL restent parfois plus objectifs que d\u2019autres journaux d\u2019opinion tels que le Peuple sur les m\u00eames sujets. Quand ce n\u2019est pas le cas, on remarque facilement la diff\u00e9rence d\u2019opinion entre les deux journaux en comparant la fa\u00e7on dont sont trait\u00e9s les sujets et l\u2019importance accord\u00e9e \u00e0 ceux-ci.<\/p>\n<p>On peut aussi noter que l\u2019importance des sujets d\u00e9pend non seulement de leur contenu, mais aussi de la place accord\u00e9e \u00e0 ceux-ci ainsi que leur position en Une.<\/p>\n<p style=\"text-align: right\"><a href=\"https:\/\/wp.unil.ch\/histoireparlesdonnees\/les-travaux\/les-relations-internationales-de-la-suisse-dans-la-une-de-deux-journaux-liberaux-romands\/bibliographie\/\">-&gt;<\/a><\/p>\n","protected":false},"excerpt":{"rendered":"<p>Table des mati\u00e8res Introduction M\u00e9thodologie Interpr\u00e9tation Comparaison entre les deux journaux Zoom sur les classes Comparaison avec le reste du journal Comparaison avec un journal socialiste Difficult\u00e9s Conclusion Bibliographie &nbsp; Nos deux journaux appartiennent \u00e0 la presse d\u2019opinion, pour cela,<\/p>\n","protected":false},"author":1001264,"featured_media":0,"parent":601,"menu_order":5,"comment_status":"closed","ping_status":"closed","template":"","meta":{"_seopress_robots_primary_cat":"","_seopress_titles_title":"","_seopress_titles_desc":"","_seopress_robots_index":"","footnotes":""},"class_list":["post-703","page","type-page","status-publish"],"_links":{"self":[{"href":"https:\/\/wp.unil.ch\/histoireparlesdonnees\/wp-json\/wp\/v2\/pages\/703","targetHints":{"allow":["GET"]}}],"collection":[{"href":"https:\/\/wp.unil.ch\/histoireparlesdonnees\/wp-json\/wp\/v2\/pages"}],"about":[{"href":"https:\/\/wp.unil.ch\/histoireparlesdonnees\/wp-json\/wp\/v2\/types\/page"}],"author":[{"embeddable":true,"href":"https:\/\/wp.unil.ch\/histoireparlesdonnees\/wp-json\/wp\/v2\/users\/1001264"}],"replies":[{"embeddable":true,"href":"https:\/\/wp.unil.ch\/histoireparlesdonnees\/wp-json\/wp\/v2\/comments?post=703"}],"version-history":[{"count":0,"href":"https:\/\/wp.unil.ch\/histoireparlesdonnees\/wp-json\/wp\/v2\/pages\/703\/revisions"}],"up":[{"embeddable":true,"href":"https:\/\/wp.unil.ch\/histoireparlesdonnees\/wp-json\/wp\/v2\/pages\/601"}],"wp:attachment":[{"href":"https:\/\/wp.unil.ch\/histoireparlesdonnees\/wp-json\/wp\/v2\/media?parent=703"}],"curies":[{"name":"wp","href":"https:\/\/api.w.org\/{rel}","templated":true}]}}