{"id":70,"date":"2017-02-27T10:44:52","date_gmt":"2017-02-27T09:44:52","guid":{"rendered":"http:\/\/wp.unil.ch\/histoireparlesdonnees\/?page_id=70"},"modified":"2017-06-06T18:07:06","modified_gmt":"2017-06-06T16:07:06","slug":"bibiographie","status":"publish","type":"page","link":"https:\/\/wp.unil.ch\/histoireparlesdonnees\/les-travaux\/perception-de-la-decolonisation-et-des-nouvelles-independances-dans-la-gazette-de-lausanne-et-le-journal-de-geneve-durant-la-guerre-froide\/bibiographie\/","title":{"rendered":"Bibliographie"},"content":{"rendered":"<p><a href=\"https:\/\/wp.unil.ch\/histoireparlesdonnees\/les-travaux\/perception-de-la-decolonisation-et-des-nouvelles-independances-dans-la-gazette-de-lausanne-et-le-journal-de-geneve-durant-la-guerre-froide\/\">Accueil<\/a> | <a href=\"https:\/\/wp.unil.ch\/histoireparlesdonnees\/les-travaux\/perception-de-la-decolonisation-et-des-nouvelles-independances-dans-la-gazette-de-lausanne-et-le-journal-de-geneve-durant-la-guerre-froide\/contexte-historique-et-problematique-du-travail\/\">Contexte historique et probl\u00e9matique du travail<\/a> | <a href=\"https:\/\/wp.unil.ch\/histoireparlesdonnees\/les-travaux\/perception-de-la-decolonisation-et-des-nouvelles-independances-dans-la-gazette-de-lausanne-et-le-journal-de-geneve-durant-la-guerre-froide\/methodologie\/\">M\u00e9thodologie<\/a> | <a href=\"https:\/\/wp.unil.ch\/histoireparlesdonnees\/les-travaux\/perception-de-la-decolonisation-et-des-nouvelles-independances-dans-la-gazette-de-lausanne-et-le-journal-de-geneve-durant-la-guerre-froide\/interpretation-des-resultats\/\">Interpr\u00e9tation des r\u00e9sultats<\/a> | <a href=\"https:\/\/wp.unil.ch\/histoireparlesdonnees\/les-travaux\/perception-de-la-decolonisation-et-des-nouvelles-independances-dans-la-gazette-de-lausanne-et-le-journal-de-geneve-durant-la-guerre-froide\/bibiographie\/\">Bibliographie<\/a> | <a href=\"https:\/\/wp.unil.ch\/histoireparlesdonnees\/les-travaux\/perception-de-la-decolonisation-et-des-nouvelles-independances-dans-la-gazette-de-lausanne-et-le-journal-de-geneve-durant-la-guerre-froide\/annexes\/\">Annexes<\/a><\/p>\n<h2><strong>Sources :<\/strong><\/h2>\n<p>Archives num\u00e9ris\u00e9es de la <em>Gazette de Lausanne<\/em> (GDL) et du <em>Journal de Gen\u00e8ve<\/em> (JDG)<\/p>\n<p><a href=\"https:\/\/www.letempsarchives.ch\/\">https:\/\/www.letempsarchives.ch<\/a><\/p>\n<h2><strong>Litt\u00e9rature secondaire :<\/strong><\/h2>\n<p>ALTERMATT, Claude, <em>La politique \u00e9trang\u00e8re de la Suisse pendant la Guerre froide<\/em>, Lausanne : Presses polytechniques et universitaires romandes, 2003.<\/p>\n<p>BOTT, Sandra et al., \u00ab Le r\u00f4le international de la Suisse dans la Guerre froide globale : un \u00e9quilibre pr\u00e9caire \u00bb, <em>Relations internationales,<\/em> 2015\/3 (n\u00b0 163), pp. 3-14.<\/p>\n<p>BOTT, Sandra, GUEX, S\u00e9bastien, ETEMAD, Bouda, <em>Les relations \u00e9conomiques entre la Suisse et l&#8217;Afrique du Sud durant l&#8217;Apartheid (1945-1990)<\/em>, Lausanne : Antipodes, 2005.<\/p>\n<p>CLAVIEN, Alain, <em>Grandeurs et mis\u00e8res de la presse politique : le match Gazette de Lausanne &#8211; Journal de Gen\u00e8ve<\/em>. Lausanne : Antipodes, 2010.<\/p>\n<p>ETEMAD, Bouda, <em>La Possession du monde. Poids et mesures de la colonisation. <\/em>Bruxelles\u00a0: Editions Complexe, 2000.<\/p>\n<p>HUMBERT, Mathieu, \u00ab Une d\u00e9fense discr\u00e8te et flexible des int\u00e9r\u00eats \u00e9conomiques suisses. Les cas du Ghana et du Congo au d\u00e9but de leur ind\u00e9pendance \u00bb, <em>Relations internationales<\/em>, 2015\/3 (n\u00b0 163), pp. 63-80.<\/p>\n<p>MICHEL, Marc, <em>D\u00e9colonisation et \u00e9mergence du tiers monde<\/em>, Hachette\u00a0: Paris, 1993.<\/p>\n<p>PERRENOUD, Marc, \u00ab Aper\u00e7u sur les Suisses de l&#8217;\u00e9tranger et la d\u00e9colonisation en Afrique \u00bb<em>, Etudes et sources, <\/em>vol. 28, 2002, pp. 327-344.<\/p>\n<p>PERRENOUD, Marc, \u00ab Les relations de la Suisse avec l\u2019Afrique lors de la d\u00e9colonisation et des d\u00e9buts de la coop\u00e9ration au d\u00e9veloppement \u00bb, <em>International Development Policy | Revue internationale de politique de d\u00e9veloppement<\/em>, 2010\/1, pp. 81-98.<\/p>\n<p>WIDMER, Sabina, \u00ab D\u2019une \u00ab neutralit\u00e9 abstentionniste \u00bb \u00e0 une solidarit\u00e9 instrumentalis\u00e9e : l\u2019\u00e9tablissement de relations diplomatiques entre la Suisse et le Mozambique \u00bb, <em>Relations internationales<\/em>, 2015\/3 (n\u00b0 163), pp. 81-94.<\/p>\n","protected":false},"excerpt":{"rendered":"<p>Accueil | Contexte historique et probl\u00e9matique du travail | M\u00e9thodologie | Interpr\u00e9tation des r\u00e9sultats | Bibliographie | Annexes Sources : Archives num\u00e9ris\u00e9es de la Gazette de Lausanne (GDL) et du Journal de Gen\u00e8ve (JDG) https:\/\/www.letempsarchives.ch Litt\u00e9rature secondaire : ALTERMATT, Claude,<\/p>\n","protected":false},"author":1001264,"featured_media":0,"parent":68,"menu_order":3,"comment_status":"closed","ping_status":"closed","template":"","meta":{"_seopress_robots_primary_cat":"","_seopress_titles_title":"","_seopress_titles_desc":"","_seopress_robots_index":"","footnotes":""},"class_list":["post-70","page","type-page","status-publish"],"_links":{"self":[{"href":"https:\/\/wp.unil.ch\/histoireparlesdonnees\/wp-json\/wp\/v2\/pages\/70","targetHints":{"allow":["GET"]}}],"collection":[{"href":"https:\/\/wp.unil.ch\/histoireparlesdonnees\/wp-json\/wp\/v2\/pages"}],"about":[{"href":"https:\/\/wp.unil.ch\/histoireparlesdonnees\/wp-json\/wp\/v2\/types\/page"}],"author":[{"embeddable":true,"href":"https:\/\/wp.unil.ch\/histoireparlesdonnees\/wp-json\/wp\/v2\/users\/1001264"}],"replies":[{"embeddable":true,"href":"https:\/\/wp.unil.ch\/histoireparlesdonnees\/wp-json\/wp\/v2\/comments?post=70"}],"version-history":[{"count":0,"href":"https:\/\/wp.unil.ch\/histoireparlesdonnees\/wp-json\/wp\/v2\/pages\/70\/revisions"}],"up":[{"embeddable":true,"href":"https:\/\/wp.unil.ch\/histoireparlesdonnees\/wp-json\/wp\/v2\/pages\/68"}],"wp:attachment":[{"href":"https:\/\/wp.unil.ch\/histoireparlesdonnees\/wp-json\/wp\/v2\/media?parent=70"}],"curies":[{"name":"wp","href":"https:\/\/api.w.org\/{rel}","templated":true}]}}