{"id":699,"date":"2017-05-31T17:32:27","date_gmt":"2017-05-31T15:32:27","guid":{"rendered":"http:\/\/wp.unil.ch\/histoireparlesdonnees\/?page_id=699"},"modified":"2017-05-31T18:38:28","modified_gmt":"2017-05-31T16:38:28","slug":"conclusion","status":"publish","type":"page","link":"https:\/\/wp.unil.ch\/histoireparlesdonnees\/les-travaux\/la-presse-suisse-face-a-des-regimes-autoritaires-lespagne-la-grece-et-le-portugal-au-xxeme-siecle-a-travers-lanalyse-du-journal-de-geneve-et-de-la-gazette-de-lausanne\/conclusion\/","title":{"rendered":"Conclusion"},"content":{"rendered":"<div style=\"background-color: #eee;padding: 20px 20px;margin: 10px;float: right;width: 300px\">\n<h2>Table des mati\u00e8res<\/h2>\n<ul style=\"margin-bottom: 0;padding-bottom: 0\">\n<li><a href=\"https:\/\/wp.unil.ch\/histoireparlesdonnees\/les-travaux\/la-presse-suisse-face-a-des-regimes-autoritaires-lespagne-la-grece-et-le-portugal-au-xxeme-siecle-a-travers-lanalyse-du-journal-de-geneve-et-de-la-gazette-de-lausanne\/?preview_id=117&amp;preview_nonce=bdab984b54&amp;_thumbnail_id=-1&amp;preview=true\">Introduction<\/a><\/li>\n<li><a href=\"https:\/\/wp.unil.ch\/histoireparlesdonnees\/les-travaux\/la-presse-suisse-face-a-des-regimes-autoritaires-lespagne-la-grece-et-le-portugal-au-xxeme-siecle-a-travers-lanalyse-du-journal-de-geneve-et-de-la-gazette-de-lausanne\/lespagne-franquiste-1939-1975\/?preview_id=117&amp;preview_nonce=bdab984b54&amp;_thumbnail_id=-1&amp;preview=true\">L\u2019Espagne franquiste (1939-1975)<\/a><\/li>\n<li><a href=\"https:\/\/wp.unil.ch\/histoireparlesdonnees\/les-travaux\/la-presse-suisse-face-a-des-regimes-autoritaires-lespagne-la-grece-et-le-portugal-au-xxeme-siecle-a-travers-lanalyse-du-journal-de-geneve-et-de-la-gazette-de-lausanne\/le-portugal-lestado-novo-1933-1974\/\">Le Portugal: l&#8217;Estado Novo (1933-1974)<\/a><\/li>\n<li><a href=\"https:\/\/wp.unil.ch\/histoireparlesdonnees\/les-travaux\/la-presse-suisse-face-a-des-regimes-autoritaires-lespagne-la-grece-et-le-portugal-au-xxeme-siecle-a-travers-lanalyse-du-journal-de-geneve-et-de-la-gazette-de-lausanne\/la-grece-la-dictature-des-colonels-1967-1974\/\">La Gr\u00e8ce: La dictature des colonels (1967-1974)<\/a><\/li>\n<li><a href=\"https:\/\/wp.unil.ch\/histoireparlesdonnees\/les-travaux\/la-presse-suisse-face-a-des-regimes-autoritaires-lespagne-la-grece-et-le-portugal-au-xxeme-siecle-a-travers-lanalyse-du-journal-de-geneve-et-de-la-gazette-de-lausanne\/similitudes-et-differences\/\">Similitudes et diff\u00e9rences<\/a><\/li>\n<li><a href=\"https:\/\/wp.unil.ch\/histoireparlesdonnees\/les-travaux\/la-presse-suisse-face-a-des-regimes-autoritaires-lespagne-la-grece-et-le-portugal-au-xxeme-siecle-a-travers-lanalyse-du-journal-de-geneve-et-de-la-gazette-de-lausanne\/methodologie\/\">M\u00e9thodologie<\/a><\/li>\n<li><a href=\"https:\/\/wp.unil.ch\/histoireparlesdonnees\/les-travaux\/la-presse-suisse-face-a-des-regimes-autoritaires-lespagne-la-grece-et-le-portugal-au-xxeme-siecle-a-travers-lanalyse-du-journal-de-geneve-et-de-la-gazette-de-lausanne\/analyse\/\">Analyse<\/a><\/li>\n<li><a href=\"https:\/\/wp.unil.ch\/histoireparlesdonnees\/les-travaux\/la-presse-suisse-face-a-des-regimes-autoritaires-lespagne-la-grece-et-le-portugal-au-xxeme-siecle-a-travers-lanalyse-du-journal-de-geneve-et-de-la-gazette-de-lausanne\/conclusion\/\">Conclusion<\/a><\/li>\n<li><a href=\"https:\/\/wp.unil.ch\/histoireparlesdonnees\/les-travaux\/la-presse-suisse-face-a-des-regimes-autoritaires-lespagne-la-grece-et-le-portugal-au-xxeme-siecle-a-travers-lanalyse-du-journal-de-geneve-et-de-la-gazette-de-lausanne\/bibliographie-indicative\/\">Bibliographie indicative<\/a><\/li>\n<\/ul>\n<\/div>\n<p>L\u2019analyse que nous avons faite dans ce travail permet de mettre en exergue des points importants qui r\u00e9pondent en partie \u00e0 notre probl\u00e9matique. Au-del\u00e0 du cas grec assez \u00e9vident et \u00e9voqu\u00e9 ci-dessus, nous pouvons constater un durcissement de la ligne \u00e9ditoriale des journaux face au r\u00e9gime franquiste au cours du temps. En plus du changement de r\u00e9dacteur en chef (notamment Ren\u00e9 Payot pour le JDG), ce changement est probablement aussi li\u00e9 \u00e0 l&#8217;\u00e9volution des valeurs de libert\u00e9 et d\u00e9mocratie port\u00e9e par divers mouvements au cours de la seconde moiti\u00e9 du XX\u00e8me si\u00e8cle. Au contraire, les analyses ne permettent pas d&#8217;affirmer que les journaux aient \u00e9t\u00e9 critiques face \u00e0 Salazar. Ils se contentent d\u2019informer le lecteur lors de troubles importants, mais il ne semble pas y avoir d&#8217;articles de fond critiquant le r\u00e9gime sur une longue p\u00e9riode. Cela est coh\u00e9rent avec la politique du gouvernement suisse (et de nombreux autres pays) qui ne consid\u00e8re pas le Portugal comme un r\u00e9gime totalitaire et entretient en tout temps des relations cordiales avec ce pays. Cette diff\u00e9rence de traitement entre les deux r\u00e9gimes peut \u00e9galement s&#8217;expliquer par les nombreux immigr\u00e9s espagnols arriv\u00e9s en Suisse dans les ann\u00e9es 60, t\u00e9moins du r\u00e9gime franquiste qui ont pu sensibiliser la population suisse quant \u00e0 la politique de leur pays d\u2019origine, tandis que l&#8217;immigration portugaise qui reste tr\u00e8s faible jusque dans les ann\u00e9es 80, a s\u00fbrement moins influenc\u00e9 les m\u00e9dias pendant la p\u00e9riode \u00e9tudi\u00e9 dans ce travail. Enfin, les r\u00e9sultats tendent \u00e0 montrer que le <em>Journal de Gen\u00e8ve<\/em> \u00e9tait plus complaisant face \u00e0 ces r\u00e9gimes totalitaires que <em>la Gazette de Lausanne<\/em>.<\/p>\n<p>Bien que l&#8217;approche m\u00e9thodologique que nous avons choisie soit assez simple, elle nous a tout de m\u00eame permis de comprendre dans les grandes lignes comment ces r\u00e9gimes \u00e9taient per\u00e7us au cours du temps par ces deux journaux. Cependant, une analyse plus complexe aurait peut-\u00eatre permis de d\u00e9gager d&#8217;autres \u00e9l\u00e9ments. Ainsi, pour la plupart des corpus, Iramuteq n&#8217;a pas mis en \u00e9vidence beaucoup de noms propres, il \u00e9tait donc compliqu\u00e9 de comprendre \u00e0 qui le JdG et la GdL donnaient la parole. La cr\u00e9ation de plusieurs sous-corpus aurait peut-\u00eatre pu donner de meilleurs r\u00e9sultats. Aussi, les analyses de similitudes (notamment les graphes) \u00e9taient difficilement interpr\u00e9tables. Un travail plus \u00ab\u00a0fin\u00a0\u00bb dans la cr\u00e9ation du corpus ou un traitement plus complexe des graphes sur Gephi aurait s\u00fbrement permis de mieux comprendre les champs lexicaux utilis\u00e9s. Enfin, \u00ab\u00a0d\u00e9couper\u00a0\u00bb les corpus par intervalle de temps (par ex. un corpus tous les 10 ans) nous aurait donn\u00e9 de meilleurs r\u00e9sultats de mani\u00e8re g\u00e9n\u00e9rale, notamment pour l&#8217;Espagne et le Portugal.<\/p>\n","protected":false},"excerpt":{"rendered":"<p>Table des mati\u00e8res Introduction L\u2019Espagne franquiste (1939-1975) Le Portugal: l&#8217;Estado Novo (1933-1974) La Gr\u00e8ce: La dictature des colonels (1967-1974) Similitudes et diff\u00e9rences M\u00e9thodologie Analyse Conclusion Bibliographie indicative L\u2019analyse que nous avons faite dans ce travail permet de mettre en exergue<\/p>\n","protected":false},"author":1001264,"featured_media":0,"parent":115,"menu_order":7,"comment_status":"closed","ping_status":"closed","template":"","meta":{"_seopress_robots_primary_cat":"","_seopress_titles_title":"","_seopress_titles_desc":"","_seopress_robots_index":"","footnotes":""},"class_list":["post-699","page","type-page","status-publish"],"_links":{"self":[{"href":"https:\/\/wp.unil.ch\/histoireparlesdonnees\/wp-json\/wp\/v2\/pages\/699","targetHints":{"allow":["GET"]}}],"collection":[{"href":"https:\/\/wp.unil.ch\/histoireparlesdonnees\/wp-json\/wp\/v2\/pages"}],"about":[{"href":"https:\/\/wp.unil.ch\/histoireparlesdonnees\/wp-json\/wp\/v2\/types\/page"}],"author":[{"embeddable":true,"href":"https:\/\/wp.unil.ch\/histoireparlesdonnees\/wp-json\/wp\/v2\/users\/1001264"}],"replies":[{"embeddable":true,"href":"https:\/\/wp.unil.ch\/histoireparlesdonnees\/wp-json\/wp\/v2\/comments?post=699"}],"version-history":[{"count":0,"href":"https:\/\/wp.unil.ch\/histoireparlesdonnees\/wp-json\/wp\/v2\/pages\/699\/revisions"}],"up":[{"embeddable":true,"href":"https:\/\/wp.unil.ch\/histoireparlesdonnees\/wp-json\/wp\/v2\/pages\/115"}],"wp:attachment":[{"href":"https:\/\/wp.unil.ch\/histoireparlesdonnees\/wp-json\/wp\/v2\/media?parent=699"}],"curies":[{"name":"wp","href":"https:\/\/api.w.org\/{rel}","templated":true}]}}