{"id":68,"date":"2017-02-27T10:44:22","date_gmt":"2017-02-27T09:44:22","guid":{"rendered":"http:\/\/wp.unil.ch\/histoireparlesdonnees\/?page_id=68"},"modified":"2017-06-06T18:39:09","modified_gmt":"2017-06-06T16:39:09","slug":"perception-de-la-decolonisation-et-des-nouvelles-independances-dans-la-gazette-de-lausanne-et-le-journal-de-geneve-durant-la-guerre-froide","status":"publish","type":"page","link":"https:\/\/wp.unil.ch\/histoireparlesdonnees\/les-travaux\/perception-de-la-decolonisation-et-des-nouvelles-independances-dans-la-gazette-de-lausanne-et-le-journal-de-geneve-durant-la-guerre-froide\/","title":{"rendered":"Perception de la d\u00e9colonisation et des nouvelles ind\u00e9pendances dans la <em>Gazette de Lausanne<\/em> et le <em>Journal de Gen\u00e8ve<\/em> durant la Guerre froide"},"content":{"rendered":"<p>Par Ari Sarfatis, Christophe Schelling, Ciprian Tomoiag?.<\/p>\n<h3>Table des mati\u00e8res<\/h3>\n<ul>\n<li><a href=\"https:\/\/wp.unil.ch\/histoireparlesdonnees\/les-travaux\/perception-de-la-decolonisation-et-des-nouvelles-independances-dans-la-gazette-de-lausanne-et-le-journal-de-geneve-durant-la-guerre-froide\/contexte-historique-et-problematique-du-travail\/\">Contexte historique et probl\u00e9matique du travail<\/a><\/li>\n<li><a href=\"https:\/\/wp.unil.ch\/histoireparlesdonnees\/les-travaux\/perception-de-la-decolonisation-et-des-nouvelles-independances-dans-la-gazette-de-lausanne-et-le-journal-de-geneve-durant-la-guerre-froide\/methodologie\/\">M\u00e9thodologie<\/a><\/li>\n<li><a href=\"https:\/\/wp.unil.ch\/histoireparlesdonnees\/les-travaux\/perception-de-la-decolonisation-et-des-nouvelles-independances-dans-la-gazette-de-lausanne-et-le-journal-de-geneve-durant-la-guerre-froide\/interpretation-des-resultats\/\">Interpr\u00e9tation des r\u00e9sultats<\/a><\/li>\n<li><a href=\"https:\/\/wp.unil.ch\/histoireparlesdonnees\/les-travaux\/perception-de-la-decolonisation-et-des-nouvelles-independances-dans-la-gazette-de-lausanne-et-le-journal-de-geneve-durant-la-guerre-froide\/bibiographie\/\">Bibliographie<\/a><\/li>\n<li><a href=\"https:\/\/wp.unil.ch\/histoireparlesdonnees\/les-travaux\/perception-de-la-decolonisation-et-des-nouvelles-independances-dans-la-gazette-de-lausanne-et-le-journal-de-geneve-durant-la-guerre-froide\/annexes\/\">Annexes<\/a><\/li>\n<\/ul>\n","protected":false},"excerpt":{"rendered":"<p>Par Ari Sarfatis, Christophe Schelling, Ciprian Tomoiag?. Table des mati\u00e8res Contexte historique et probl\u00e9matique du travail M\u00e9thodologie Interpr\u00e9tation des r\u00e9sultats Bibliographie Annexes<\/p>\n","protected":false},"author":1001264,"featured_media":0,"parent":17,"menu_order":6,"comment_status":"closed","ping_status":"closed","template":"","meta":{"_seopress_robots_primary_cat":"","_seopress_titles_title":"","_seopress_titles_desc":"","_seopress_robots_index":"","footnotes":""},"class_list":["post-68","page","type-page","status-publish"],"_links":{"self":[{"href":"https:\/\/wp.unil.ch\/histoireparlesdonnees\/wp-json\/wp\/v2\/pages\/68","targetHints":{"allow":["GET"]}}],"collection":[{"href":"https:\/\/wp.unil.ch\/histoireparlesdonnees\/wp-json\/wp\/v2\/pages"}],"about":[{"href":"https:\/\/wp.unil.ch\/histoireparlesdonnees\/wp-json\/wp\/v2\/types\/page"}],"author":[{"embeddable":true,"href":"https:\/\/wp.unil.ch\/histoireparlesdonnees\/wp-json\/wp\/v2\/users\/1001264"}],"replies":[{"embeddable":true,"href":"https:\/\/wp.unil.ch\/histoireparlesdonnees\/wp-json\/wp\/v2\/comments?post=68"}],"version-history":[{"count":0,"href":"https:\/\/wp.unil.ch\/histoireparlesdonnees\/wp-json\/wp\/v2\/pages\/68\/revisions"}],"up":[{"embeddable":true,"href":"https:\/\/wp.unil.ch\/histoireparlesdonnees\/wp-json\/wp\/v2\/pages\/17"}],"wp:attachment":[{"href":"https:\/\/wp.unil.ch\/histoireparlesdonnees\/wp-json\/wp\/v2\/media?parent=68"}],"curies":[{"name":"wp","href":"https:\/\/api.w.org\/{rel}","templated":true}]}}