{"id":679,"date":"2017-05-31T17:29:08","date_gmt":"2017-05-31T15:29:08","guid":{"rendered":"http:\/\/wp.unil.ch\/histoireparlesdonnees\/?page_id=679"},"modified":"2017-05-31T18:40:11","modified_gmt":"2017-05-31T16:40:11","slug":"comparaison-avec-un-journal-socialiste","status":"publish","type":"page","link":"https:\/\/wp.unil.ch\/histoireparlesdonnees\/les-travaux\/les-relations-internationales-de-la-suisse-dans-la-une-de-deux-journaux-liberaux-romands\/interpretation\/comparaison-avec-un-journal-socialiste\/","title":{"rendered":"Comparaison avec un journal socialiste"},"content":{"rendered":"<h3>Table des mati\u00e8res<\/h3>\n<ul>\n<li><a href=\"https:\/\/wp.unil.ch\/histoireparlesdonnees\/les-travaux\/les-relations-internationales-de-la-suisse-dans-la-une-de-deux-journaux-liberaux-romands\/historique-de-la-presse-romande\/\">Introduction<\/a><\/li>\n<li><a href=\"https:\/\/wp.unil.ch\/histoireparlesdonnees\/les-travaux\/les-relations-internationales-de-la-suisse-dans-la-une-de-deux-journaux-liberaux-romands\/methodologie\/\">M\u00e9thodologie<\/a><\/li>\n<li><a href=\"https:\/\/wp.unil.ch\/histoireparlesdonnees\/les-travaux\/les-relations-internationales-de-la-suisse-dans-la-une-de-deux-journaux-liberaux-romands\/interpretation\/\">Interpr\u00e9tation<\/a>\n<ul>\n<li><a href=\"https:\/\/wp.unil.ch\/histoireparlesdonnees\/les-travaux\/les-relations-internationales-de-la-suisse-dans-la-une-de-deux-journaux-liberaux-romands\/interpretation\/comparaison-entre-les-deux-journaux\/\">Comparaison entre les deux journaux<\/a><\/li>\n<li><a href=\"https:\/\/wp.unil.ch\/histoireparlesdonnees\/les-travaux\/les-relations-internationales-de-la-suisse-dans-la-une-de-deux-journaux-liberaux-romands\/interpretation\/zoom-sur-les-classes\/\">Zoom sur les classes<\/a><\/li>\n<li><a href=\"https:\/\/wp.unil.ch\/histoireparlesdonnees\/les-travaux\/les-relations-internationales-de-la-suisse-dans-la-une-de-deux-journaux-liberaux-romands\/interpretation\/comparaison-avec-le-reste-du-journal\/\">Comparaison avec le reste du journal<\/a><\/li>\n<li><a href=\"https:\/\/wp.unil.ch\/histoireparlesdonnees\/les-travaux\/les-relations-internationales-de-la-suisse-dans-la-une-de-deux-journaux-liberaux-romands\/interpretation\/comparaison-avec-un-journal-socialiste\/\">Comparaison avec un journal socialiste<\/a><\/li>\n<li><a href=\"https:\/\/wp.unil.ch\/histoireparlesdonnees\/les-travaux\/les-relations-internationales-de-la-suisse-dans-la-une-de-deux-journaux-liberaux-romands\/interpretation\/difficultes\/\">Difficult\u00e9s<\/a><\/li>\n<li><a href=\"https:\/\/wp.unil.ch\/histoireparlesdonnees\/les-travaux\/les-relations-internationales-de-la-suisse-dans-la-une-de-deux-journaux-liberaux-romands\/interpretation\/conclusion\/\">Conclusion<\/a><\/li>\n<\/ul>\n<\/li>\n<li><a href=\"https:\/\/wp.unil.ch\/histoireparlesdonnees\/les-travaux\/les-relations-internationales-de-la-suisse-dans-la-une-de-deux-journaux-liberaux-romands\/bibliographie\/\">Bibliographie<\/a><\/li>\n<\/ul>\n<p>&nbsp;<\/p>\n<p>Dans cette partie, nous nous int\u00e9ressons aux diff\u00e9rences dans le traitement de l\u2019information en Une entre nos deux journaux et un journal socialiste, <em>Le Peuple<\/em>.<\/p>\n<p>Pour commencer, la mise en page des Unes du JDG et de la GDL est tr\u00e8s similaire \u00e0 celles du <em>Peuple<\/em>, il n\u2019y a donc pas de diff\u00e9rence notable. Cependant, nous remarquons quelques diff\u00e9rences au niveau du traitement de l\u2019information, bien que les sujets soient similaires.<\/p>\n<p>Afin d\u2019illustrer nos propos, nous avons d\u00e9cid\u00e9 d\u2019effectuer des comparaisons qualitatives entre le journal socialiste<em> Le Peuple<\/em> et nos deux journaux lib\u00e9raux. Ayant \u00e0 disposition les archives du <em>Peuple<\/em> entre 1939 et 1965, nous avons choisi des \u00e9v\u00e9nements figurant dans nos 3 journaux afin de pouvoir comparer leur contenu (<a href=\"https:\/\/scriptorium.bcu-lausanne.ch\/browse\">https:\/\/scriptorium.bcu-lausanne.ch\/browse<\/a>).<\/p>\n<p>&nbsp;<\/p>\n<h4>13\/02\/1960 : Premi\u00e8re bombe atomique fran\u00e7aise<\/h4>\n<p>Le JDG et la GDL du 15 f\u00e9vrier 1960 commencent par d\u00e9crire le d\u00e9roulement de la mise \u00e0 feu de la premi\u00e8re bombe atomique fran\u00e7aise. Du plus, ils rel\u00e8vent la fiert\u00e9 fran\u00e7aise, puis \u00e9noncent les r\u00e9actions de diff\u00e9rents pays.<\/p>\n<p>Plus pr\u00e9cis\u00e9ment, la GDL consacre un peu moins de la moiti\u00e9 de la Une \u00e0 cet article. De son c\u00f4t\u00e9, le JDG \u00e9voque la bombe atomique fran\u00e7aise dans une petite partie de la Une, cependant, la moiti\u00e9 d\u2019une page dans le journal est consacr\u00e9e aux diff\u00e9rentes r\u00e9actions des autres pays.<\/p>\n<p>A contrario,<em> Le Peuple<\/em> se concentre exclusivement sur les protestations violentes \u00e0 travers le monde et prend la moiti\u00e9 de la Une.<\/p>\n<p>&nbsp;<\/p>\n<h4>19\/12\/1965 : Le G\u00e9n\u00e9ral De Gaulle est r\u00e9\u00e9lu Pr\u00e9sident de la R\u00e9publique<\/h4>\n<p>D\u2019une part, <em>Le Peuple<\/em> du 20 f\u00e9vrier 1965, commence avec un titre relatant de la victoire du g\u00e9n\u00e9ral de Gaulle, tout en haut de la Une. Cependant, le titre \u201cF. Mitterrand obtient 45 % des suffrages\u201d rel\u00e8ve le soutien que portait le journal pour ce candidat. En effet, sachant que ce journal est socialiste, il est \u00e9vident qu\u2019un candidat socialiste soit mis en avant par rapport au g\u00e9n\u00e9ral de Gaulle, m\u00eame s\u2019il a perdu.<\/p>\n<p>D\u2019autre part, la GDL du m\u00eame jour met en \u00e9vidence de mani\u00e8re plus percutante la victoire du g\u00e9n\u00e9ral de Gaulle dans le titre : \u201cDe Gaulle vainqueur\u201d. De plus, l\u2019article prend presque la totalit\u00e9 de la place en Une. On remarque un point de vue beaucoup plus objectif par rapport \u00e0<em> Le Peuple<\/em>. Cependant, le JDG n\u2019aborde les \u00e9lections pr\u00e9sidentielles fran\u00e7aises qu\u2019\u00e0 la fin du journal, sur une page d\u00e9di\u00e9e \u00e0 l\u2019\u00e9lection pr\u00e9sidentielle fran\u00e7aise.<\/p>\n<p>Comme nous pouvons le constater, nos 2 journaux lib\u00e9raux traitent l\u2019information de mani\u00e8re tr\u00e8s similaire contrairement au <em>Peuple<\/em>. En effet, on remarque que le JDG et la GDL sont plus objectifs que <em>Le Peuple<\/em>.<\/p>\n<p style=\"text-align: right\"><a href=\"https:\/\/wp.unil.ch\/histoireparlesdonnees\/les-travaux\/les-relations-internationales-de-la-suisse-dans-la-une-de-deux-journaux-liberaux-romands\/interpretation\/difficultes\/\">-&gt;<\/a><\/p>\n","protected":false},"excerpt":{"rendered":"<p>Table des mati\u00e8res Introduction M\u00e9thodologie Interpr\u00e9tation Comparaison entre les deux journaux Zoom sur les classes Comparaison avec le reste du journal Comparaison avec un journal socialiste Difficult\u00e9s Conclusion Bibliographie &nbsp; Dans cette partie, nous nous int\u00e9ressons aux diff\u00e9rences dans le<\/p>\n","protected":false},"author":1001264,"featured_media":0,"parent":601,"menu_order":3,"comment_status":"closed","ping_status":"closed","template":"","meta":{"_seopress_robots_primary_cat":"","_seopress_titles_title":"","_seopress_titles_desc":"","_seopress_robots_index":"","footnotes":""},"class_list":["post-679","page","type-page","status-publish"],"_links":{"self":[{"href":"https:\/\/wp.unil.ch\/histoireparlesdonnees\/wp-json\/wp\/v2\/pages\/679","targetHints":{"allow":["GET"]}}],"collection":[{"href":"https:\/\/wp.unil.ch\/histoireparlesdonnees\/wp-json\/wp\/v2\/pages"}],"about":[{"href":"https:\/\/wp.unil.ch\/histoireparlesdonnees\/wp-json\/wp\/v2\/types\/page"}],"author":[{"embeddable":true,"href":"https:\/\/wp.unil.ch\/histoireparlesdonnees\/wp-json\/wp\/v2\/users\/1001264"}],"replies":[{"embeddable":true,"href":"https:\/\/wp.unil.ch\/histoireparlesdonnees\/wp-json\/wp\/v2\/comments?post=679"}],"version-history":[{"count":0,"href":"https:\/\/wp.unil.ch\/histoireparlesdonnees\/wp-json\/wp\/v2\/pages\/679\/revisions"}],"up":[{"embeddable":true,"href":"https:\/\/wp.unil.ch\/histoireparlesdonnees\/wp-json\/wp\/v2\/pages\/601"}],"wp:attachment":[{"href":"https:\/\/wp.unil.ch\/histoireparlesdonnees\/wp-json\/wp\/v2\/media?parent=679"}],"curies":[{"name":"wp","href":"https:\/\/api.w.org\/{rel}","templated":true}]}}