{"id":674,"date":"2017-05-31T17:33:46","date_gmt":"2017-05-31T15:33:46","guid":{"rendered":"http:\/\/wp.unil.ch\/histoireparlesdonnees\/?page_id=674"},"modified":"2017-05-31T19:04:53","modified_gmt":"2017-05-31T17:04:53","slug":"methodologie","status":"publish","type":"page","link":"https:\/\/wp.unil.ch\/histoireparlesdonnees\/les-travaux\/lurss-de-brejnev-vue-par-les-medias-suisses\/methodologie\/","title":{"rendered":"M\u00e9thodologie"},"content":{"rendered":"<div style=\"background-color: #eee;padding: 20px 20px;margin: 10px;float: right;width: 300px\">\n<h1 style=\"font-size: 20px;line-height: normal\">L\u2019URSS de Brejnev vue par les m\u00e9dias suisses<\/h1>\n<ul style=\"margin-bottom: 0;padding-bottom: 0\">\n<li><a href=\"https:\/\/wp.unil.ch\/histoireparlesdonnees\/les-travaux\/lurss-de-brejnev-vue-par-les-medias-suisses\/\">Introduction<\/a><\/li>\n<li><a href=\"https:\/\/wp.unil.ch\/histoireparlesdonnees\/les-travaux\/lurss-de-brejnev-vue-par-les-medias-suisses\/contexte-historique\/\">Contexte historique<\/a><\/li>\n<li><a href=\"https:\/\/wp.unil.ch\/histoireparlesdonnees\/les-travaux\/lurss-de-brejnev-vue-par-les-medias-suisses\/methodologie\">M\u00e9thodologie<\/a>\n<ul>\n<li><a href=\"https:\/\/wp.unil.ch\/histoireparlesdonnees\/les-travaux\/lurss-de-brejnev-vue-par-les-medias-suisses\/methodes-numeriques\/\">M\u00e9thodes num\u00e9riques<\/a><\/li>\n<\/ul>\n<\/li>\n<li><a href=\"https:\/\/wp.unil.ch\/histoireparlesdonnees\/les-travaux\/lurss-de-brejnev-vue-par-les-medias-suisses\/interpretation-des-resultats\/\">Interpr\u00e9tation des r\u00e9sultats<\/a><\/li>\n<li><a href=\"https:\/\/wp.unil.ch\/histoireparlesdonnees\/les-travaux\/lurss-de-brejnev-vue-par-les-medias-suisses\/bibliographie\/\">Bibliographie<\/a><\/li>\n<\/ul>\n<\/div>\n<p>Afin d\u2019effectuer une recherche pertinente et efficace, la base de donn\u00e9es, constitu\u00e9e des archives de la Gazette de Lausanne et du Journal de Gen\u00e8ve, doit \u00eatre restreinte en accord avec le contexte historique. Ainsi, seuls les articles parus entre 1962 et 1984 sont pris en compte dans notre analyse. Ils correspondent respectivement \u00e0 la mont\u00e9e au pouvoir de Brejnev et aux ann\u00e9es qui suivent sa mort.?Evidemment, toutes les donn\u00e9es pr\u00e9sentes dans notre corpus ne concernent pas notre sujet et ne sont donc pas utiles. Un filtre \u00e0 base de mots-cl\u00e9s lui est appliqu\u00e9 afin d&#8217;en extraire les articles pertinents. Diff\u00e9rents dictionnaires doivent \u00eatre d\u00e9finis afin de correspondre au mieux aux aspects \u00e9tudi\u00e9s. Une s\u00e9rie de mots, ni exhaustive ni optimale, peut \u00eatre \u00e9tablie pour certains sujets gr\u00e2ce \u00e0 une analyse historique pr\u00e9alable:<\/p>\n<dl style=\"width: 700px;text-align: justify\">\n<dt><strong>Prague<\/strong><\/dt>\n<dd>Prague, Tch\u00e9coslovaquie, tch\u00e8que, Dubcek, Novotny, socialisme \u00e0 visage humain, 1968 <a href=\"https:\/\/wp.unil.ch\/histoireparlesdonnees\/les-travaux\/lurss-de-brejnev-vue-par-les-medias-suisses\/bibliographie\/\">[7]<\/a><\/dd>\n<dt><strong>Afghanistan<\/strong><\/dt>\n<dd>Afghanistan, PDPA (People\u2019s Democratic Party of Afghanistan, cr\u00e9\u00e9 \u00e0 l\u2019\u00e9poque), Bhutto, Taraki, Amin (principaux acteurs (Ouimet 2003)), Chtorm-333 (nom de l\u2019op\u00e9ration), Borissov, Sokolov (principaux g\u00e9n\u00e9raux durant l\u2019invasion)<\/dd>\n<dt><strong>Trait\u00e9s<\/strong><\/dt>\n<dd>d\u00e9sarmement, SALT, Helsinki, non prolif\u00e9ration <a href=\"https:\/\/wp.unil.ch\/histoireparlesdonnees\/les-travaux\/lurss-de-brejnev-vue-par-les-medias-suisses\/bibliographie\/\">[9]<\/a><\/dd>\n<dt><strong>Personnages<\/strong><\/dt>\n<dd>Brejnev, Kossyguine, Sakharov, Andropov, Solj\u00e9nitsyne, Dubcek, Novotny, Kennedy, Lyndon B. Johnson, Richard M. Nixon, Gerald R. Ford, Jimmy Carter, Ronald Reagan, Conseillers F\u00e9d\u00e9raux Suisse<\/dd>\n<\/dl>\n<p>Diff\u00e9rents crit\u00e8res sont utilis\u00e9s lors du filtrage et adapt\u00e9s en fonction de la qualit\u00e9 des r\u00e9sultats donn\u00e9s par une analyse s\u00e9mantique. En voici une liste approximative :<\/p>\n<ul style=\"width: 700px;text-align: justify\">\n<li>\u00ab contenir au moins un mot du dictionnaire \u00bb ; Fig 1,2<\/li>\n<li>\u00ab contenir tous les mots du dictionnaire au moins une fois \u00bb<\/li>\n<li>\u00ab contenir au moins X fois un mot appartenant au dictionnaire \u00bb<\/li>\n<li>\u00ab contenir au moins un mot de chaque dictionnaire \u00bb (si plusieurs dictionnaires); Fig 3<\/li>\n<\/ul>\n<p>De plus, les textes accept\u00e9s sont identifi\u00e9s par plusieurs attributs qui permettent d\u2019affiner leur analyse : la date de publication de l\u2019article, le journal d\u2019origine et le num\u00e9ro de la page o\u00f9 l\u2019article appara\u00eet.<\/p>\n<p>Une m\u00e9thode compl\u00e9mentaire \u00e0 la recherche par mots-cl\u00e9s consiste \u00e0 donner un poids \u00e0 chaque article du corpus en fonction de sa pertinence vis-\u00e0-vis des mots-cl\u00e9s choisis (e.g nombre de mots-cl\u00e9s trouv\u00e9s). Puis, d&#8217;autres logiciels peuvent filtrer ce nouveau corpus en fonction de cette variable. A la diff\u00e9rence de notre premier filtre, tous les articles du corpus sont ici retenus. Ainsi, le r\u00e9sultat est plus complet mais aussi beaucoup plus lourd et long \u00e0 analyser et trier.<\/p>\n","protected":false},"excerpt":{"rendered":"<p>L\u2019URSS de Brejnev vue par les m\u00e9dias suisses Introduction Contexte historique M\u00e9thodologie M\u00e9thodes num\u00e9riques Interpr\u00e9tation des r\u00e9sultats Bibliographie Afin d\u2019effectuer une recherche pertinente et efficace, la base de donn\u00e9es, constitu\u00e9e des archives de la Gazette de Lausanne et du Journal<\/p>\n","protected":false},"author":1001264,"featured_media":0,"parent":179,"menu_order":1,"comment_status":"closed","ping_status":"closed","template":"","meta":{"_seopress_robots_primary_cat":"","_seopress_titles_title":"","_seopress_titles_desc":"","_seopress_robots_index":"","footnotes":""},"class_list":["post-674","page","type-page","status-publish"],"_links":{"self":[{"href":"https:\/\/wp.unil.ch\/histoireparlesdonnees\/wp-json\/wp\/v2\/pages\/674","targetHints":{"allow":["GET"]}}],"collection":[{"href":"https:\/\/wp.unil.ch\/histoireparlesdonnees\/wp-json\/wp\/v2\/pages"}],"about":[{"href":"https:\/\/wp.unil.ch\/histoireparlesdonnees\/wp-json\/wp\/v2\/types\/page"}],"author":[{"embeddable":true,"href":"https:\/\/wp.unil.ch\/histoireparlesdonnees\/wp-json\/wp\/v2\/users\/1001264"}],"replies":[{"embeddable":true,"href":"https:\/\/wp.unil.ch\/histoireparlesdonnees\/wp-json\/wp\/v2\/comments?post=674"}],"version-history":[{"count":0,"href":"https:\/\/wp.unil.ch\/histoireparlesdonnees\/wp-json\/wp\/v2\/pages\/674\/revisions"}],"up":[{"embeddable":true,"href":"https:\/\/wp.unil.ch\/histoireparlesdonnees\/wp-json\/wp\/v2\/pages\/179"}],"wp:attachment":[{"href":"https:\/\/wp.unil.ch\/histoireparlesdonnees\/wp-json\/wp\/v2\/media?parent=674"}],"curies":[{"name":"wp","href":"https:\/\/api.w.org\/{rel}","templated":true}]}}