{"id":673,"date":"2017-05-31T17:24:46","date_gmt":"2017-05-31T15:24:46","guid":{"rendered":"http:\/\/wp.unil.ch\/histoireparlesdonnees\/?page_id=673"},"modified":"2017-05-31T18:32:06","modified_gmt":"2017-05-31T16:32:06","slug":"conclusion","status":"publish","type":"page","link":"https:\/\/wp.unil.ch\/histoireparlesdonnees\/les-travaux\/comparaison-du-traitement-mediatique-de-la-guerre-de-coree-et-de-la-guerre-du-vietnam\/conclusion\/","title":{"rendered":"Conclusion"},"content":{"rendered":"<p align=\"justify\"><span style=\"font-family: Times New Roman,serif\"><span style=\"font-size: medium\"><span style=\"font-family: Calibri,serif\">??L\u2019utilisation des outils num\u00e9riques a permis une analyse rapide et efficace de la diff\u00e9rence de traitement m\u00e9diatique entre la Guerre de Cor\u00e9e et la Guerre du Vietnam. En effet, le traitement informatique a rendu possible la s\u00e9lection et l\u2019\u00e9tude des 27341 articles de nos corpus. Cependant, la s\u00e9lection des articles n\u2019est pas aussi pr\u00e9cise que l\u2019aurait permis un traitement humain. N\u00e9anmoins, ce manque de pr\u00e9cision n\u2019emp\u00eache pas de r\u00e9aliser une analyse efficace des corpus.<\/span><\/span><\/span><\/p>\n<p align=\"justify\"><span style=\"font-family: Times New Roman,serif\"><span style=\"font-size: medium\"><span style=\"font-family: Calibri,serif\">??Ainsi, durant les deux conflits, les journaux illustrent la crainte qui existe en Europe que les guerres deviennent mondiales. En effet, ces deux guerres constituent l\u2019apog\u00e9e des tensions entre les deux blocs de la Guerre Froide. De nombreux pays sont alors tiraill\u00e9s entre l\u2019attachement aux Etats-Unis ou \u00e0 l\u2019URSS et risquent \u00e9galement de devenir le th\u00e9\u00e2tre de conflits. <\/span><\/span><\/span><\/p>\n<p align=\"justify\"><span style=\"font-family: Times New Roman,serif\"><span style=\"font-size: medium\"><span style=\"font-family: Calibri,serif\">??Nous pouvons \u00e9galement remarquer que l\u2019impact politique de ces conflits, notamment sur les \u00e9lections pr\u00e9sidentielles, aux Etats-Unis est tr\u00e8s comment\u00e9. De m\u00eame, les r\u00e9actions des march\u00e9s financiers lors de ces conflits, notamment \u00e0 la bourse de Wall Street, sont report\u00e9es. L\u2019impact de ces guerres sur la soci\u00e9t\u00e9 am\u00e9ricaine semble captiver les lecteurs de ces journaux.<\/span><\/span><\/span><\/p>\n<p align=\"justify\"><span style=\"font-family: Times New Roman,serif\"><span style=\"font-size: medium\"><span style=\"font-family: Calibri,serif\">??Les deux journaux nous pr\u00e9sentent \u00e9galement la mani\u00e8re dont sont r\u00e9solus<\/span><span style=\"font-family: Calibri,serif\">\u00a0<\/span><span style=\"font-family: Calibri,serif\">les conflits.<\/span><span style=\"font-family: Calibri,serif\">\u00a0<\/span><span style=\"font-family: Calibri,serif\">Dans<\/span><span style=\"font-family: Calibri,serif\">\u00a0<\/span><span style=\"font-family: Calibri,serif\">le cas de la Cor\u00e9e, les articles sont plus nombreux apr\u00e8s la fin du conflit que dans le cas du Vietnam. Ceci peut s\u2019expliquer par la place importante<\/span><span style=\"font-family: Calibri,serif\">\u00a0<\/span><span style=\"font-family: Calibri,serif\">de<\/span><span style=\"font-family: Calibri,serif\">\u00a0<\/span><span style=\"font-family: Calibri,serif\">la Suisse dans la<\/span><span style=\"font-family: Calibri,serif\">\u00a0<\/span><span style=\"font-family: Calibri,serif\">r\u00e9solution du conflit en Cor\u00e9e. A l\u2019inverse, pendant la guerre du Vietnam, la Suisse semblait faire preuve<\/span><span style=\"font-family: Calibri,serif\">\u00a0<\/span><span style=\"font-family: Calibri,serif\">de moins d\u2019impartialit\u00e9. Les journaux mettent en cause l\u2019implication<\/span><span style=\"font-family: Calibri,serif\">\u00a0<\/span><span style=\"font-family: Calibri,serif\">am\u00e9ricaine dans le conflit, mais les \u00c9tats-Unis sont tout de m\u00eame consid\u00e9r\u00e9s<\/span><span style=\"font-family: Calibri,serif\">\u00a0<\/span><span style=\"font-family: Calibri,serif\">comme des partenaires \u00e9conomiques<\/span><span style=\"font-family: Calibri,serif\">\u00a0<\/span><span style=\"font-family: Calibri,serif\">privil\u00e9gi\u00e9s.<\/span><span style=\"font-family: Calibri,serif\">\u00a0<\/span><span style=\"font-family: Calibri,serif\">La Suisse s\u2019est ainsi vue \u00e9cart\u00e9e du processus de paix<\/span><span style=\"font-family: Calibri,serif\">\u00a0<\/span><span style=\"font-family: Calibri,serif\">expliquant le plus faible traitement m\u00e9diatique des accords de Paris.<\/span><span style=\"font-family: Calibri,serif\"><br \/>\n<\/span><\/span><\/span><\/p>\n<p align=\"justify\"><span style=\"font-family: Times New Roman,serif\"><span style=\"font-size: medium\"><span style=\"font-family: Calibri,serif\">??Dans l\u2019ensemble, le traitement des deux conflits est tr\u00e8s similaire<\/span><span style=\"font-family: Calibri,serif\">\u00a0<\/span><span style=\"font-family: Calibri,serif\">par les diff\u00e9rents journaux<\/span><span style=\"font-family: Calibri,serif\">\u00a0<\/span><span style=\"font-family: Calibri,serif\">et<\/span><span style=\"font-family: Calibri,serif\">\u00a0<\/span><span style=\"font-family: Calibri,serif\">semble<\/span><span style=\"font-family: Calibri,serif\">\u00a0<\/span><span style=\"font-family: Calibri,serif\">pencher<\/span><span style=\"font-family: Calibri,serif\">\u00a0<\/span><span style=\"font-family: Calibri,serif\">du c\u00f4t\u00e9 des partenaires \u00e9conomiques du bloc de l\u2019Ouest, ce qui en ad\u00e9quation avec la ligne \u00e9ditoriale lib\u00e9rale des deux journaux.<\/span><\/span><\/span><\/p>\n<div style=\"background-color: #eee;padding: 20px 20px\">\n<h2>Table des mati\u00e8res<\/h2>\n<ul style=\"margin-bottom: 0;padding-bottom: 0\">\n<li><a href=\"https:\/\/wp.unil.ch\/histoireparlesdonnees\/les-travaux\/comparaison-du-traitement-mediatique-de-la-guerre-de-coree-et-de-la-guerre-du-vietnam\/\">Comparaison du traitement m\u00e9diatique de la Guerre de Cor\u00e9e et de la Guerre du Vietnam<\/a><\/li>\n<\/ul>\n<ol style=\"margin-bottom: 0;padding-bottom: 0\">\n<li><a href=\"https:\/\/wp.unil.ch\/histoireparlesdonnees\/les-travaux\/comparaison-du-traitement-mediatique-de-la-guerre-de-coree-et-de-la-guerre-du-vietnam\/la-guerre-de-coree\/\">La guerre de Cor\u00e9e<\/a><\/li>\n<li><a href=\"https:\/\/wp.unil.ch\/histoireparlesdonnees\/les-travaux\/comparaison-du-traitement-mediatique-de-la-guerre-de-coree-et-de-la-guerre-du-vietnam\/la-guerre-du-vietnam\/\">La guerre du Vietnam<\/a><\/li>\n<li><a href=\"https:\/\/wp.unil.ch\/histoireparlesdonnees\/les-travaux\/comparaison-du-traitement-mediatique-de-la-guerre-de-coree-et-de-la-guerre-du-vietnam\/definition-des-corpus\/\">D\u00e9finition des corpus<\/a><\/li>\n<li><a href=\"https:\/\/wp.unil.ch\/histoireparlesdonnees\/les-travaux\/comparaison-du-traitement-mediatique-de-la-guerre-de-coree-et-de-la-guerre-du-vietnam\/traitement-informatique\/\">Traitement informatique<\/a><\/li>\n<li><a href=\"https:\/\/wp.unil.ch\/histoireparlesdonnees\/les-travaux\/comparaison-du-traitement-mediatique-de-la-guerre-de-coree-et-de-la-guerre-du-vietnam\/interpretation\/\">Interpr\u00e9tation<\/a>\n<ol>\n<li><a href=\"https:\/\/wp.unil.ch\/histoireparlesdonnees\/les-travaux\/comparaison-du-traitement-mediatique-de-la-guerre-de-coree-et-de-la-guerre-du-vietnam\/interpretation\/guerre-de-coree\/\">Guerre de Cor\u00e9e<\/a><\/li>\n<li><a href=\"https:\/\/wp.unil.ch\/histoireparlesdonnees\/les-travaux\/comparaison-du-traitement-mediatique-de-la-guerre-de-coree-et-de-la-guerre-du-vietnam\/interpretation\/guerre-du-vietnam\/\">Guerre du Vietnam<\/a><\/li>\n<\/ol>\n<\/li>\n<li><a href=\"https:\/\/wp.unil.ch\/histoireparlesdonnees\/les-travaux\/comparaison-du-traitement-mediatique-de-la-guerre-de-coree-et-de-la-guerre-du-vietnam\/conclusion\/\">Conclusion<\/a><\/li>\n<li><a href=\"https:\/\/wp.unil.ch\/histoireparlesdonnees\/les-travaux\/comparaison-du-traitement-mediatique-de-la-guerre-de-coree-et-de-la-guerre-du-vietnam\/bibliographie\/\">Bibliographie<\/a><\/li>\n<\/ol>\n<\/div>\n","protected":false},"excerpt":{"rendered":"<p>??L\u2019utilisation des outils num\u00e9riques a permis une analyse rapide et efficace de la diff\u00e9rence de traitement m\u00e9diatique entre la Guerre de Cor\u00e9e et la Guerre du Vietnam. En effet, le traitement informatique a rendu possible la s\u00e9lection et l\u2019\u00e9tude des<\/p>\n","protected":false},"author":1001264,"featured_media":0,"parent":149,"menu_order":6,"comment_status":"closed","ping_status":"closed","template":"","meta":{"_seopress_robots_primary_cat":"","_seopress_titles_title":"","_seopress_titles_desc":"","_seopress_robots_index":"","footnotes":""},"class_list":["post-673","page","type-page","status-publish"],"_links":{"self":[{"href":"https:\/\/wp.unil.ch\/histoireparlesdonnees\/wp-json\/wp\/v2\/pages\/673","targetHints":{"allow":["GET"]}}],"collection":[{"href":"https:\/\/wp.unil.ch\/histoireparlesdonnees\/wp-json\/wp\/v2\/pages"}],"about":[{"href":"https:\/\/wp.unil.ch\/histoireparlesdonnees\/wp-json\/wp\/v2\/types\/page"}],"author":[{"embeddable":true,"href":"https:\/\/wp.unil.ch\/histoireparlesdonnees\/wp-json\/wp\/v2\/users\/1001264"}],"replies":[{"embeddable":true,"href":"https:\/\/wp.unil.ch\/histoireparlesdonnees\/wp-json\/wp\/v2\/comments?post=673"}],"version-history":[{"count":0,"href":"https:\/\/wp.unil.ch\/histoireparlesdonnees\/wp-json\/wp\/v2\/pages\/673\/revisions"}],"up":[{"embeddable":true,"href":"https:\/\/wp.unil.ch\/histoireparlesdonnees\/wp-json\/wp\/v2\/pages\/149"}],"wp:attachment":[{"href":"https:\/\/wp.unil.ch\/histoireparlesdonnees\/wp-json\/wp\/v2\/media?parent=673"}],"curies":[{"name":"wp","href":"https:\/\/api.w.org\/{rel}","templated":true}]}}