{"id":667,"date":"2017-05-31T17:23:27","date_gmt":"2017-05-31T15:23:27","guid":{"rendered":"http:\/\/wp.unil.ch\/histoireparlesdonnees\/?page_id=667"},"modified":"2017-05-31T18:32:00","modified_gmt":"2017-05-31T16:32:00","slug":"guerre-du-vietnam","status":"publish","type":"page","link":"https:\/\/wp.unil.ch\/histoireparlesdonnees\/les-travaux\/comparaison-du-traitement-mediatique-de-la-guerre-de-coree-et-de-la-guerre-du-vietnam\/interpretation\/guerre-du-vietnam\/","title":{"rendered":"Guerre du Vietnam"},"content":{"rendered":"<p align=\"justify\"><span style=\"font-family: Times New Roman,serif\"><span style=\"font-size: medium\"><span style=\"font-family: Calibri,serif\"> ??De la m\u00eame mani\u00e8re que pour la Guerre de Cor\u00e9e, le traitement par m\u00e9thode<\/span><span style=\"font-family: Calibri,serif\">\u00a0<\/span><span style=\"font-family: Calibri,serif\">Reinert<\/span><span style=\"font-family: Calibri,serif\">\u00a0<\/span><span style=\"font-family: Calibri,serif\">des deux corpus traitant de la Guerre du Vietnam<\/span><span style=\"font-family: Calibri,serif\">\u00a0<\/span><span style=\"font-family: Calibri,serif\">aboutit \u00e0 une classification proche pour les deux journaux. Le corpus de la Gazette de Lausanne est ainsi regroup\u00e9 en 18 classes et celui du Journal de Gen\u00e8ve en 16 classes.<\/span><span style=\"font-family: Calibri,serif\">\u00a0<\/span><\/span><\/span><\/p>\n<p align=\"justify\"><span style=\"font-family: Times New Roman,serif\"><span style=\"font-size: medium\"><span style=\"font-family: Calibri,serif\">??Les classes 9 et 10 de la Gazette de Lausanne et<\/span><span style=\"font-family: Calibri,serif\">\u00a0<\/span><span style=\"font-family: Calibri,serif\">3 du Journal de Gen\u00e8ve sont \u00e0 n\u00e9gliger pour l\u2019\u00e9tude de la Guerre du Vietnam. En effet, ces classes d\u00e9crivent des programmes culturels pr\u00e9sentant des documentaires sur le Vietnam. Ces classes sont int\u00e9ressantes car elles montrent<\/span><span style=\"font-family: Calibri,serif\">\u00a0<\/span><span style=\"font-family: Calibri,serif\">l\u2019int\u00e9r\u00eat du peuple suisse dans ce conflit,<\/span><span style=\"font-family: Calibri,serif\">\u00a0<\/span><span style=\"font-family: Calibri,serif\">mais elles<\/span><span style=\"font-family: Calibri,serif\">\u00a0<\/span><span style=\"font-family: Calibri,serif\">ne sont pas interpr\u00e9tables<\/span><span style=\"font-family: Calibri,serif\">\u00a0<\/span><span style=\"font-family: Calibri,serif\">\u00e0 cause des toutes les autres manifestations culturelles qui n\u2019ont aucun lien avec le Vietnam et qui sont pr\u00e9sent\u00e9es dans les m\u00eames textes.\u00a0<\/span><span style=\"font-family: Calibri,serif\">\u00a0<\/span><\/span><\/span><\/p>\n<p align=\"justify\"><span style=\"font-family: Times New Roman,serif\"><span style=\"font-size: medium\"><span style=\"font-family: Calibri,serif\">??Un premier groupe de classes semble se d\u00e9marquer par son champ lexical du combat. En effet, les classes 5, 6 et 14 de la Gazette de Lausanne et les classes 1 et 9 du Journal de Gen\u00e8ve d\u00e9crivent avec un langage tr\u00e8s militaire le conflit au Vietnam. Il est \u00e9galement \u00e0 noter que les bombardements du Vietnam du Nord par les Etats-Unis sont \u00e9galement d\u00e9crits<\/span><span style=\"font-family: Calibri,serif\">\u00a0<\/span><span style=\"font-family: Calibri,serif\">avec ce vocabulaire purement militaire, sans trop commenter le choix de l\u2019usage du napalm (69 articles dans la Gazette de Lausanne et 65 dans le Journal de Gen\u00e8ve, r\u00e9partis de mani\u00e8re homog\u00e8ne entre 1960 et 1975, y font allusion).\u00a0Il est int\u00e9ressant de comparer ces chiffres avec ceux d\u2019une presse suisse socialiste. Les archives des journaux Le Peuple (1960-1965) et Le Peuple La Sentinelle (1965-1971) \u00e9galement num\u00e9ris\u00e9es, r\u00e9v\u00e8lent de mani\u00e8re surprenante un nombre d\u2019articles traitant du napalm sensiblement \u00e9gal. Cela sugg\u00e8re que la controverse de l\u2019utilisation du napalm n\u2019est apparue qu\u2019ult\u00e9rieurement.<\/span><\/span><\/span><\/p>\n<p align=\"justify\"><span style=\"font-family: Times New Roman,serif\"><span style=\"font-size: medium\"><span style=\"font-family: Calibri,serif\">??Les classes 1 et 15 de la Gazette de Lausanne, ainsi que<\/span><span style=\"font-family: Calibri,serif\">\u00a0<\/span><span style=\"font-family: Calibri,serif\">les<\/span><span style=\"font-family: Calibri,serif\">\u00a0<\/span><span style=\"font-family: Calibri,serif\">classes 4 et 11 du Journal de Gen\u00e8ve traitent du d\u00e9but du conflit, notamment des attentats perp\u00e9tr\u00e9s par le Front National de Lib\u00e9ration et par des commandos<\/span><span style=\"font-family: Calibri,serif\">\u00a0<\/span><span style=\"font-family: Calibri,serif\">Vietcongs<\/span><span style=\"font-family: Calibri,serif\">. Les deux journaux reprennent de nombreuses fois les paroles de diplomates pour pr\u00e9senter l&#8217;intervention am\u00e9ricaine qui est tr\u00e8s fr\u00e9quemment d\u00e9crite en termes d&#8217;agression, comme dans l&#8217;extrait suivant : &#8220;l&#8217;ambassadeur Tsarapkine n&#8217;a consacr\u00e9 que cinq lignes de son discours \u00e0 \u00ab la situation alarmante dans le Sud-Est asiatique \u00bb, o\u00f9 \u00ab les Etats-Unis m\u00e8nent une politique d&#8217;agression \u00bb \u00ab assument une lourde responsabilit\u00e9 \u00bb et augmentent la tension internationale.&#8221;<\/span><span style=\"font-family: Calibri,serif\">\u00a0<\/span><span style=\"font-family: Calibri,serif\">L\u2019imp\u00e9rialisme am\u00e9ricain est \u00e9galement<\/span><span style=\"font-family: Calibri,serif\">\u00a0<\/span><span style=\"font-family: Calibri,serif\">remis en cause.<\/span><span style=\"font-family: Calibri,serif\">\u00a0Le graphe Gephi de la classe 4 du Journal de Gen\u00e8ve est expos\u00e9 en figure 5.<\/span><\/span><\/span><\/p>\n<p style=\"text-align: center\" align=\"justify\"><img alt=\"\" loading=\"lazy\" decoding=\"async\" class=\"wp-image-812 aligncenter\" src=\"https:\/\/wp.unil.ch\/histoireparlesdonnees\/files\/2017\/05\/8_figure5.png\" alt=\"\" width=\"400\" height=\"400\" srcset=\"https:\/\/wp.unil.ch\/histoireparlesdonnees\/files\/2017\/05\/8_figure5.png 1024w, https:\/\/wp.unil.ch\/histoireparlesdonnees\/files\/2017\/05\/8_figure5-150x150.png 150w, https:\/\/wp.unil.ch\/histoireparlesdonnees\/files\/2017\/05\/8_figure5-300x300.png 300w, https:\/\/wp.unil.ch\/histoireparlesdonnees\/files\/2017\/05\/8_figure5-768x768.png 768w, https:\/\/wp.unil.ch\/histoireparlesdonnees\/files\/2017\/05\/8_figure5-230x230.png 230w, https:\/\/wp.unil.ch\/histoireparlesdonnees\/files\/2017\/05\/8_figure5-365x365.png 365w\" sizes=\"auto, (max-width: 400px) 100vw, 400px\" \/><\/p>\n<p align=\"center\"><span style=\"color: #44546a\"><span style=\"font-size: small\"><i><b>Figure 5<\/b> \u2013 Graphe Gephi de la classe 4 du corpus du Journal de Gen\u00e8ve sur la Guerre du Vietnam.<\/i><\/span><\/span><\/p>\n<p align=\"justify\"><span style=\"font-family: Times New Roman,serif\"><span style=\"font-size: medium\"><span style=\"font-family: Calibri,serif\">??La Guerre du Vietnam est aussi la source de questionnement dans le monde entier<\/span><span style=\"font-family: Calibri,serif\">\u00a0<\/span><span style=\"font-family: Calibri,serif\">entre le ralliement au bloc occidental et le ralliement au bloc sovi\u00e9tique. En effet, comme durant la Guerre de Cor\u00e9e, un risque d\u2019extension de la guerre \u00e0 un niveau mondial inqui\u00e8te. Les pays europ\u00e9ens sont partag\u00e9s sur l\u2019adh\u00e9sion \u00e0 l\u2019OTAN et\/ou un rapprochement avec Moscou. La Chine, actrice majeure dans la r\u00e9gion, a des relations tendues avec l\u2019URSS et les Etats-Unis, apr\u00e8s sa r\u00e9volution culturelle. Pendant cette p\u00e9riode, la politique ext\u00e9rieure suisse a \u00e9t\u00e9 mise \u00e0 l\u2019\u00e9preuve entre sa volont\u00e9 de neutralit\u00e9 et ses int\u00e9r\u00eats \u00e9conomiques.\u00a0 Les classes 2, 3, 4, 11 et 12<\/span><span style=\"font-family: Calibri,serif\">\u00a0<\/span><span style=\"font-family: Calibri,serif\">de la Gazette de Lausanne ainsi que les classes 2, 7, 10, 12 et 13 du Journal de Gen\u00e8ve d\u00e9crivent cette tension mondiale caract\u00e9ristique de la p\u00e9riode de la Guerre Froide.<\/span><span style=\"font-family: Calibri,serif\">\u00a0<\/span><\/span><\/span><\/p>\n<p align=\"justify\"><span style=\"font-family: Times New Roman,serif\"><span style=\"font-size: medium\"><span style=\"font-family: Calibri,serif\">??Les classes 7 et 8 de la Gazette de Lausanne et les classes 5 et 8 du Journal de Gen\u00e8ve d\u00e9crivent le processus de paix se concluant avec l\u2019accord de Paris sign\u00e9 le 27 janvier 1973.<\/span><span style=\"font-family: Calibri,serif\">\u00a0<\/span><span style=\"font-family: Calibri,serif\">Contrairement au cas de la Guerre de Cor\u00e9e, ce processus de paix n\u2019implique pas la Suisse, ce qui prouve l\u2019ambigu\u00eft\u00e9 de la politique \u00e9trang\u00e8re suisse au Vietnam. En effet, ayant trop tard\u00e9 \u00e0 reconnaitre le Vietnam du Nord et ayant des relations \u00e9conomiques beaucoup plus d\u00e9velopp\u00e9es avec le Vietnam du Sud, la neutralit\u00e9 de la Suisse est remise en doute par le Nord.<\/span><\/span><\/span><\/p>\n<p align=\"justify\"><span style=\"font-family: Times New Roman,serif\"><span style=\"font-size: medium\"><span style=\"font-family: Calibri,serif\">??Enfin, les classes 17 et 18 de la Gazette de Lausanne et les classes 15 et 16 du Journal de Gen\u00e8ve r\u00e9v\u00e8lent l\u2019impact politique que la Guerre du Vietnam a sur les \u00e9lections pr\u00e9sidentielles am\u00e9ricaines de 1960 \u00e0 1976. L\u2019impact sur les \u00e9conomies mondiales et plus pr\u00e9cis\u00e9ment sur la bourse<\/span><span style=\"font-family: Calibri,serif\">\u00a0<\/span><span style=\"font-family: Calibri,serif\">am\u00e9ricaine est \u00e9voqu\u00e9 dans ces derni\u00e8res classes, qui ont un fort taux de pr\u00e9sence dans les corpus (par exemple 9,2% pour la classe 16 du Journal de Gen\u00e8ve). Ceci peut s\u2019expliquer par la fr\u00e9quence r\u00e9guli\u00e8re des articles traitant de l\u2019\u00e9conomie et cela prouve que l\u2019impact du conflit sur l\u2019\u00e9conomie est relat\u00e9 tout au long de la guerre.<\/span><\/span><\/span><\/p>\n<p align=\"justify\"><span style=\"font-family: Times New Roman,serif\"><span style=\"font-size: medium\"><span style=\"font-family: Calibri,serif\"><img alt=\"\" loading=\"lazy\" decoding=\"async\" class=\"alignleft size-full wp-image-776\" src=\"https:\/\/wp.unil.ch\/histoireparlesdonnees\/files\/2017\/05\/8_dendrogramme_GDL_Vietnam.png\" alt=\"\" width=\"1400\" height=\"1000\" srcset=\"https:\/\/wp.unil.ch\/histoireparlesdonnees\/files\/2017\/05\/8_dendrogramme_GDL_Vietnam.png 1400w, https:\/\/wp.unil.ch\/histoireparlesdonnees\/files\/2017\/05\/8_dendrogramme_GDL_Vietnam-300x214.png 300w, https:\/\/wp.unil.ch\/histoireparlesdonnees\/files\/2017\/05\/8_dendrogramme_GDL_Vietnam-768x549.png 768w, https:\/\/wp.unil.ch\/histoireparlesdonnees\/files\/2017\/05\/8_dendrogramme_GDL_Vietnam-1024x731.png 1024w\" sizes=\"auto, (max-width: 1400px) 100vw, 1400px\" \/><\/span><\/span><\/span><\/p>\n<p style=\"text-align: center\" align=\"justify\"><span style=\"color: #44546a\"><span style=\"font-size: small\"><i><b>Dendrogramme du corpus sur la Guerre du Vietnam dans la Gazette de Lausanne<\/b><\/i><\/span><\/span><\/p>\n<p align=\"justify\"><span style=\"font-family: Times New Roman,serif\"><span style=\"font-size: medium\"><span style=\"font-family: Calibri,serif\"><img alt=\"\" loading=\"lazy\" decoding=\"async\" class=\"alignleft size-full wp-image-778\" src=\"https:\/\/wp.unil.ch\/histoireparlesdonnees\/files\/2017\/05\/8_dendrogramme_JDG_vietnam.png\" alt=\"\" width=\"1400\" height=\"1000\" srcset=\"https:\/\/wp.unil.ch\/histoireparlesdonnees\/files\/2017\/05\/8_dendrogramme_JDG_vietnam.png 1400w, https:\/\/wp.unil.ch\/histoireparlesdonnees\/files\/2017\/05\/8_dendrogramme_JDG_vietnam-300x214.png 300w, https:\/\/wp.unil.ch\/histoireparlesdonnees\/files\/2017\/05\/8_dendrogramme_JDG_vietnam-768x549.png 768w, https:\/\/wp.unil.ch\/histoireparlesdonnees\/files\/2017\/05\/8_dendrogramme_JDG_vietnam-1024x731.png 1024w\" sizes=\"auto, (max-width: 1400px) 100vw, 1400px\" \/><\/span><\/span><\/span><\/p>\n<p style=\"text-align: center\" align=\"justify\"><span style=\"color: #44546a\"><span style=\"font-size: small\"><i><b>Dendrogramme du corpus sur la Guerre du Vietnam dans le Journal de Gen\u00e8ve<br \/>\n<\/b><\/i><\/span><\/span><\/p>\n<p align=\"justify\">\n<div style=\"background-color: #eee;padding: 20px 20px\">\n<h2>Table des mati\u00e8res<\/h2>\n<ul style=\"margin-bottom: 0;padding-bottom: 0\">\n<li><a href=\"https:\/\/wp.unil.ch\/histoireparlesdonnees\/les-travaux\/comparaison-du-traitement-mediatique-de-la-guerre-de-coree-et-de-la-guerre-du-vietnam\/\">Comparaison du traitement m\u00e9diatique de la Guerre de Cor\u00e9e et de la Guerre du Vietnam<\/a><\/li>\n<\/ul>\n<ol style=\"margin-bottom: 0;padding-bottom: 0\">\n<li><a href=\"https:\/\/wp.unil.ch\/histoireparlesdonnees\/les-travaux\/comparaison-du-traitement-mediatique-de-la-guerre-de-coree-et-de-la-guerre-du-vietnam\/la-guerre-de-coree\/\">La guerre de Cor\u00e9e<\/a><\/li>\n<li><a href=\"https:\/\/wp.unil.ch\/histoireparlesdonnees\/les-travaux\/comparaison-du-traitement-mediatique-de-la-guerre-de-coree-et-de-la-guerre-du-vietnam\/la-guerre-du-vietnam\/\">La guerre du Vietnam<\/a><\/li>\n<li><a href=\"https:\/\/wp.unil.ch\/histoireparlesdonnees\/les-travaux\/comparaison-du-traitement-mediatique-de-la-guerre-de-coree-et-de-la-guerre-du-vietnam\/definition-des-corpus\/\">D\u00e9finition des corpus<\/a><\/li>\n<li><a href=\"https:\/\/wp.unil.ch\/histoireparlesdonnees\/les-travaux\/comparaison-du-traitement-mediatique-de-la-guerre-de-coree-et-de-la-guerre-du-vietnam\/traitement-informatique\/\">Traitement informatique<\/a><\/li>\n<li><a href=\"https:\/\/wp.unil.ch\/histoireparlesdonnees\/les-travaux\/comparaison-du-traitement-mediatique-de-la-guerre-de-coree-et-de-la-guerre-du-vietnam\/interpretation\/\">Interpr\u00e9tation<\/a>\n<ol>\n<li><a href=\"https:\/\/wp.unil.ch\/histoireparlesdonnees\/les-travaux\/comparaison-du-traitement-mediatique-de-la-guerre-de-coree-et-de-la-guerre-du-vietnam\/interpretation\/guerre-de-coree\/\">Guerre de Cor\u00e9e<\/a><\/li>\n<li><a href=\"https:\/\/wp.unil.ch\/histoireparlesdonnees\/les-travaux\/comparaison-du-traitement-mediatique-de-la-guerre-de-coree-et-de-la-guerre-du-vietnam\/interpretation\/guerre-du-vietnam\/\">Guerre du Vietnam<\/a><\/li>\n<\/ol>\n<\/li>\n<li><a href=\"https:\/\/wp.unil.ch\/histoireparlesdonnees\/les-travaux\/comparaison-du-traitement-mediatique-de-la-guerre-de-coree-et-de-la-guerre-du-vietnam\/conclusion\/\">Conclusion<\/a><\/li>\n<li><a href=\"https:\/\/wp.unil.ch\/histoireparlesdonnees\/les-travaux\/comparaison-du-traitement-mediatique-de-la-guerre-de-coree-et-de-la-guerre-du-vietnam\/bibliographie\/\">Bibliographie<\/a><\/li>\n<\/ol>\n<\/div>\n","protected":false},"excerpt":{"rendered":"<p>??De la m\u00eame mani\u00e8re que pour la Guerre de Cor\u00e9e, le traitement par m\u00e9thode\u00a0Reinert\u00a0des deux corpus traitant de la Guerre du Vietnam\u00a0aboutit \u00e0 une classification proche pour les deux journaux. Le corpus de la Gazette de Lausanne est ainsi regroup\u00e9<\/p>\n","protected":false},"author":1001264,"featured_media":0,"parent":651,"menu_order":2,"comment_status":"closed","ping_status":"closed","template":"","meta":{"_seopress_robots_primary_cat":"","_seopress_titles_title":"","_seopress_titles_desc":"","_seopress_robots_index":"","footnotes":""},"class_list":["post-667","page","type-page","status-publish"],"_links":{"self":[{"href":"https:\/\/wp.unil.ch\/histoireparlesdonnees\/wp-json\/wp\/v2\/pages\/667","targetHints":{"allow":["GET"]}}],"collection":[{"href":"https:\/\/wp.unil.ch\/histoireparlesdonnees\/wp-json\/wp\/v2\/pages"}],"about":[{"href":"https:\/\/wp.unil.ch\/histoireparlesdonnees\/wp-json\/wp\/v2\/types\/page"}],"author":[{"embeddable":true,"href":"https:\/\/wp.unil.ch\/histoireparlesdonnees\/wp-json\/wp\/v2\/users\/1001264"}],"replies":[{"embeddable":true,"href":"https:\/\/wp.unil.ch\/histoireparlesdonnees\/wp-json\/wp\/v2\/comments?post=667"}],"version-history":[{"count":0,"href":"https:\/\/wp.unil.ch\/histoireparlesdonnees\/wp-json\/wp\/v2\/pages\/667\/revisions"}],"up":[{"embeddable":true,"href":"https:\/\/wp.unil.ch\/histoireparlesdonnees\/wp-json\/wp\/v2\/pages\/651"}],"wp:attachment":[{"href":"https:\/\/wp.unil.ch\/histoireparlesdonnees\/wp-json\/wp\/v2\/media?parent=667"}],"curies":[{"name":"wp","href":"https:\/\/api.w.org\/{rel}","templated":true}]}}