{"id":661,"date":"2017-05-31T17:24:36","date_gmt":"2017-05-31T15:24:36","guid":{"rendered":"http:\/\/wp.unil.ch\/histoireparlesdonnees\/?page_id=661"},"modified":"2017-05-31T18:18:32","modified_gmt":"2017-05-31T16:18:32","slug":"comparaison-avec-le-reste-du-journal","status":"publish","type":"page","link":"https:\/\/wp.unil.ch\/histoireparlesdonnees\/les-travaux\/les-relations-internationales-de-la-suisse-dans-la-une-de-deux-journaux-liberaux-romands\/interpretation\/comparaison-avec-le-reste-du-journal\/","title":{"rendered":"Comparaison avec le reste du journal"},"content":{"rendered":"<h3>Table des mati\u00e8res<\/h3>\n<ul>\n<li><a href=\"https:\/\/wp.unil.ch\/histoireparlesdonnees\/les-travaux\/les-relations-internationales-de-la-suisse-dans-la-une-de-deux-journaux-liberaux-romands\/historique-de-la-presse-romande\/\">Introduction<\/a><\/li>\n<li><a href=\"https:\/\/wp.unil.ch\/histoireparlesdonnees\/les-travaux\/les-relations-internationales-de-la-suisse-dans-la-une-de-deux-journaux-liberaux-romands\/methodologie\/\">M\u00e9thodologie<\/a><\/li>\n<li><a href=\"https:\/\/wp.unil.ch\/histoireparlesdonnees\/les-travaux\/les-relations-internationales-de-la-suisse-dans-la-une-de-deux-journaux-liberaux-romands\/interpretation\/\">Interpr\u00e9tation<\/a>\n<ul>\n<li><a href=\"https:\/\/wp.unil.ch\/histoireparlesdonnees\/les-travaux\/les-relations-internationales-de-la-suisse-dans-la-une-de-deux-journaux-liberaux-romands\/interpretation\/comparaison-entre-les-deux-journaux\/\">Comparaison entre les deux journaux<\/a><\/li>\n<li><a href=\"https:\/\/wp.unil.ch\/histoireparlesdonnees\/les-travaux\/les-relations-internationales-de-la-suisse-dans-la-une-de-deux-journaux-liberaux-romands\/interpretation\/zoom-sur-les-classes\/\">Zoom sur les classes<\/a><\/li>\n<li><a href=\"https:\/\/wp.unil.ch\/histoireparlesdonnees\/les-travaux\/les-relations-internationales-de-la-suisse-dans-la-une-de-deux-journaux-liberaux-romands\/interpretation\/comparaison-avec-le-reste-du-journal\/\">Comparaison avec le reste du journal<\/a><\/li>\n<li><a href=\"https:\/\/wp.unil.ch\/histoireparlesdonnees\/les-travaux\/les-relations-internationales-de-la-suisse-dans-la-une-de-deux-journaux-liberaux-romands\/interpretation\/comparaison-avec-un-journal-socialiste\/\">Comparaison avec un journal socialiste<\/a><\/li>\n<li><a href=\"https:\/\/wp.unil.ch\/histoireparlesdonnees\/les-travaux\/les-relations-internationales-de-la-suisse-dans-la-une-de-deux-journaux-liberaux-romands\/interpretation\/difficultes\/\">Difficult\u00e9s<\/a><\/li>\n<li><a href=\"https:\/\/wp.unil.ch\/histoireparlesdonnees\/les-travaux\/les-relations-internationales-de-la-suisse-dans-la-une-de-deux-journaux-liberaux-romands\/interpretation\/conclusion\/\">Conclusion<\/a><\/li>\n<\/ul>\n<\/li>\n<li><a href=\"https:\/\/wp.unil.ch\/histoireparlesdonnees\/les-travaux\/les-relations-internationales-de-la-suisse-dans-la-une-de-deux-journaux-liberaux-romands\/bibliographie\/\">Bibliographie<\/a><\/li>\n<\/ul>\n<p>&nbsp;<\/p>\n<p>En effectuant des analyses similaires sur le reste du journal on obtient des r\u00e9sultats diff\u00e9rents:<\/p>\n<figure id=\"attachment_584\" aria-describedby=\"caption-attachment-584\" style=\"width: 1400px\" class=\"wp-caption aligncenter\"><a href=\"https:\/\/wp.unil.ch\/histoireparlesdonnees\/les-travaux\/les-relations-internationales-de-la-suisse-dans-la-une-de-deux-journaux-liberaux-romands\/methodologie\/9_dendrogramme_sansunes\/\" rel=\"attachment wp-att-584\"><img alt=\"\" loading=\"lazy\" decoding=\"async\" class=\"size-full wp-image-584\" src=\"https:\/\/wp.unil.ch\/histoireparlesdonnees\/files\/2017\/05\/9_dendrogramme_sansUnes.png\" alt=\"\" width=\"1400\" height=\"1000\" srcset=\"https:\/\/wp.unil.ch\/histoireparlesdonnees\/files\/2017\/05\/9_dendrogramme_sansUnes.png 1400w, https:\/\/wp.unil.ch\/histoireparlesdonnees\/files\/2017\/05\/9_dendrogramme_sansUnes-300x214.png 300w, https:\/\/wp.unil.ch\/histoireparlesdonnees\/files\/2017\/05\/9_dendrogramme_sansUnes-768x549.png 768w, https:\/\/wp.unil.ch\/histoireparlesdonnees\/files\/2017\/05\/9_dendrogramme_sansUnes-1024x731.png 1024w\" sizes=\"auto, (max-width: 1400px) 100vw, 1400px\" \/><\/a><figcaption id=\"caption-attachment-584\" class=\"wp-caption-text\">Fig. 8 Dendrogramme des classes des journaux sans les Unes.<\/figcaption><\/figure>\n<p>&nbsp;<\/p>\n<p>On peut remarquer que l\u2019importance de la guerre a nettement diminu\u00e9: on ne retrouve qu\u2019une classe ne repr\u00e9sentant que 3.7% des segments.<\/p>\n<p>Le vocabulaire composant ce groupe, bien que li\u00e9 \u00e0 la guerre, est diff\u00e9rent de celui pr\u00e9sent en Une: les mots synonymes des grandes batailles tels que \u201coffensive\u201d, \u201cfront\u201d, \u201cennemi\u201d, se trouvent remplac\u00e9s par le champ lexical du terrorisme et de la gu\u00e9rilla. A l&#8217;oppos\u00e9 de ce que l\u2019on trouve en Une, cette classe est peu repr\u00e9sent\u00e9e avant 1985. On y retrouve les guerres distantes, notamment celles d\u2019Asie et du Proche-Orient. Les classes repr\u00e9sentant les relations avec le bloc de l\u2019Est (classes 4 et 1) sont notamment absentes. Cela nous laisse penser que les relations entre les deux blocs se trouvent principalement en Une. Contrairement \u00e0 la politique suisse dont la pr\u00e9sence reste uniforme \u00e0 travers le journal, soit 13.8% des segments en Une r\u00e9partis entre les classes 5, 6 et 7 contre 14.3% dans les pages suivantes avec les classes 8, 9 et 10.<\/p>\n<p style=\"text-align: right\"><a href=\"https:\/\/wp.unil.ch\/histoireparlesdonnees\/les-travaux\/les-relations-internationales-de-la-suisse-dans-la-une-de-deux-journaux-liberaux-romands\/interpretation\/comparaison-avec-un-journal-socialiste\/\">-&gt;<\/a><\/p>\n","protected":false},"excerpt":{"rendered":"<p>Table des mati\u00e8res Introduction M\u00e9thodologie Interpr\u00e9tation Comparaison entre les deux journaux Zoom sur les classes Comparaison avec le reste du journal Comparaison avec un journal socialiste Difficult\u00e9s Conclusion Bibliographie &nbsp; En effectuant des analyses similaires sur le reste du journal<\/p>\n","protected":false},"author":1001264,"featured_media":0,"parent":601,"menu_order":2,"comment_status":"closed","ping_status":"closed","template":"","meta":{"_seopress_robots_primary_cat":"","_seopress_titles_title":"","_seopress_titles_desc":"","_seopress_robots_index":"","footnotes":""},"class_list":["post-661","page","type-page","status-publish"],"_links":{"self":[{"href":"https:\/\/wp.unil.ch\/histoireparlesdonnees\/wp-json\/wp\/v2\/pages\/661","targetHints":{"allow":["GET"]}}],"collection":[{"href":"https:\/\/wp.unil.ch\/histoireparlesdonnees\/wp-json\/wp\/v2\/pages"}],"about":[{"href":"https:\/\/wp.unil.ch\/histoireparlesdonnees\/wp-json\/wp\/v2\/types\/page"}],"author":[{"embeddable":true,"href":"https:\/\/wp.unil.ch\/histoireparlesdonnees\/wp-json\/wp\/v2\/users\/1001264"}],"replies":[{"embeddable":true,"href":"https:\/\/wp.unil.ch\/histoireparlesdonnees\/wp-json\/wp\/v2\/comments?post=661"}],"version-history":[{"count":0,"href":"https:\/\/wp.unil.ch\/histoireparlesdonnees\/wp-json\/wp\/v2\/pages\/661\/revisions"}],"up":[{"embeddable":true,"href":"https:\/\/wp.unil.ch\/histoireparlesdonnees\/wp-json\/wp\/v2\/pages\/601"}],"wp:attachment":[{"href":"https:\/\/wp.unil.ch\/histoireparlesdonnees\/wp-json\/wp\/v2\/media?parent=661"}],"curies":[{"name":"wp","href":"https:\/\/api.w.org\/{rel}","templated":true}]}}