{"id":651,"date":"2017-05-31T17:19:36","date_gmt":"2017-05-31T15:19:36","guid":{"rendered":"http:\/\/wp.unil.ch\/histoireparlesdonnees\/?page_id=651"},"modified":"2017-05-31T18:31:41","modified_gmt":"2017-05-31T16:31:41","slug":"interpretation","status":"publish","type":"page","link":"https:\/\/wp.unil.ch\/histoireparlesdonnees\/les-travaux\/comparaison-du-traitement-mediatique-de-la-guerre-de-coree-et-de-la-guerre-du-vietnam\/interpretation\/","title":{"rendered":"Interpr\u00e9tation"},"content":{"rendered":"<p align=\"justify\"><span style=\"font-family: Times New Roman,serif\"><span style=\"font-size: medium\"><span style=\"font-family: Calibri,serif\">??Le traitement par m\u00e9thode<\/span><span style=\"font-family: Calibri,serif\">\u00a0<\/span><span style=\"font-family: Calibri,serif\">Reinert<\/span><span style=\"font-family: Calibri,serif\">\u00a0<\/span><span style=\"font-family: Calibri,serif\">des deux corpus du Journal de Gen\u00e8ve et de la Gazette de Lausanne traitant de la Guerre de Cor\u00e9e aboutit<\/span><span style=\"font-family: Calibri,serif\">\u00a0<\/span><span style=\"font-family: Calibri,serif\">\u00e0 une classification<\/span><span style=\"font-family: Calibri,serif\">\u00a0<\/span><span style=\"font-family: Calibri,serif\">proche. Le corpus de la Gazette de Lausanne est ainsi regroup\u00e9 en 18 classes et celui du Journal de Gen\u00e8ve en 19 classes.\u00a0Ces classes ont toutes un taux de pr\u00e9sence relativement proches (de 4,3 \u00e0 7,8%) dans la Gazette de Lausanne et des taux plus vari\u00e9s dans le Journal de Gen\u00e8ve (de 3 \u00e0 8%).<\/span><\/span><\/span><\/p>\n<ul>\n<li><a href=\"https:\/\/wp.unil.ch\/histoireparlesdonnees\/les-travaux\/comparaison-du-traitement-mediatique-de-la-guerre-de-coree-et-de-la-guerre-du-vietnam\/interpretation\/guerre-de-coree\/\">Guerre de Cor\u00e9e <\/a><\/li>\n<\/ul>\n<p><a href=\"https:\/\/wp.unil.ch\/histoireparlesdonnees\/les-travaux\/comparaison-du-traitement-mediatique-de-la-guerre-de-coree-et-de-la-guerre-du-vietnam\/interpretation\/guerre-de-coree\/\"><img alt=\"\" loading=\"lazy\" decoding=\"async\" class=\"wp-image-777 alignnone\" src=\"https:\/\/wp.unil.ch\/histoireparlesdonnees\/files\/2017\/05\/8_dendrogramme_JDG_cor\u00e9e.png\" alt=\"\" width=\"324\" height=\"231\" srcset=\"https:\/\/wp.unil.ch\/histoireparlesdonnees\/files\/2017\/05\/8_dendrogramme_JDG_cor\u00e9e.png 1400w, https:\/\/wp.unil.ch\/histoireparlesdonnees\/files\/2017\/05\/8_dendrogramme_JDG_cor\u00e9e-300x214.png 300w, https:\/\/wp.unil.ch\/histoireparlesdonnees\/files\/2017\/05\/8_dendrogramme_JDG_cor\u00e9e-768x549.png 768w, https:\/\/wp.unil.ch\/histoireparlesdonnees\/files\/2017\/05\/8_dendrogramme_JDG_cor\u00e9e-1024x731.png 1024w\" sizes=\"auto, (max-width: 324px) 100vw, 324px\" \/><\/a> <a href=\"https:\/\/wp.unil.ch\/histoireparlesdonnees\/les-travaux\/comparaison-du-traitement-mediatique-de-la-guerre-de-coree-et-de-la-guerre-du-vietnam\/interpretation\/guerre-de-coree\/\"><img alt=\"\" loading=\"lazy\" decoding=\"async\" class=\"wp-image-775 alignnone\" src=\"https:\/\/wp.unil.ch\/histoireparlesdonnees\/files\/2017\/05\/8_dendrogramme_GDL_cor\u00e9e.png\" alt=\"\" width=\"324\" height=\"231\" srcset=\"https:\/\/wp.unil.ch\/histoireparlesdonnees\/files\/2017\/05\/8_dendrogramme_GDL_cor\u00e9e.png 1400w, https:\/\/wp.unil.ch\/histoireparlesdonnees\/files\/2017\/05\/8_dendrogramme_GDL_cor\u00e9e-300x214.png 300w, https:\/\/wp.unil.ch\/histoireparlesdonnees\/files\/2017\/05\/8_dendrogramme_GDL_cor\u00e9e-768x549.png 768w, https:\/\/wp.unil.ch\/histoireparlesdonnees\/files\/2017\/05\/8_dendrogramme_GDL_cor\u00e9e-1024x731.png 1024w\" sizes=\"auto, (max-width: 324px) 100vw, 324px\" \/><\/a><\/p>\n<ul>\n<li><a href=\"https:\/\/wp.unil.ch\/histoireparlesdonnees\/les-travaux\/comparaison-du-traitement-mediatique-de-la-guerre-de-coree-et-de-la-guerre-du-vietnam\/interpretation\/guerre-du-vietnam\/\">Guerre du Vietnam<\/a><\/li>\n<\/ul>\n<p><a href=\"https:\/\/wp.unil.ch\/histoireparlesdonnees\/les-travaux\/comparaison-du-traitement-mediatique-de-la-guerre-de-coree-et-de-la-guerre-du-vietnam\/interpretation\/guerre-du-vietnam\/\"><img alt=\"\" loading=\"lazy\" decoding=\"async\" class=\"alignnone wp-image-776\" src=\"https:\/\/wp.unil.ch\/histoireparlesdonnees\/files\/2017\/05\/8_dendrogramme_GDL_Vietnam.png\" alt=\"\" width=\"324\" height=\"231\" srcset=\"https:\/\/wp.unil.ch\/histoireparlesdonnees\/files\/2017\/05\/8_dendrogramme_GDL_Vietnam.png 1400w, https:\/\/wp.unil.ch\/histoireparlesdonnees\/files\/2017\/05\/8_dendrogramme_GDL_Vietnam-300x214.png 300w, https:\/\/wp.unil.ch\/histoireparlesdonnees\/files\/2017\/05\/8_dendrogramme_GDL_Vietnam-768x549.png 768w, https:\/\/wp.unil.ch\/histoireparlesdonnees\/files\/2017\/05\/8_dendrogramme_GDL_Vietnam-1024x731.png 1024w\" sizes=\"auto, (max-width: 324px) 100vw, 324px\" \/><\/a><a href=\"https:\/\/wp.unil.ch\/histoireparlesdonnees\/les-travaux\/comparaison-du-traitement-mediatique-de-la-guerre-de-coree-et-de-la-guerre-du-vietnam\/interpretation\/guerre-du-vietnam\/\"><img alt=\"\" loading=\"lazy\" decoding=\"async\" class=\"wp-image-778 alignnone\" src=\"https:\/\/wp.unil.ch\/histoireparlesdonnees\/files\/2017\/05\/8_dendrogramme_JDG_vietnam.png\" alt=\"\" width=\"324\" height=\"231\" srcset=\"https:\/\/wp.unil.ch\/histoireparlesdonnees\/files\/2017\/05\/8_dendrogramme_JDG_vietnam.png 1400w, https:\/\/wp.unil.ch\/histoireparlesdonnees\/files\/2017\/05\/8_dendrogramme_JDG_vietnam-300x214.png 300w, https:\/\/wp.unil.ch\/histoireparlesdonnees\/files\/2017\/05\/8_dendrogramme_JDG_vietnam-768x549.png 768w, https:\/\/wp.unil.ch\/histoireparlesdonnees\/files\/2017\/05\/8_dendrogramme_JDG_vietnam-1024x731.png 1024w\" sizes=\"auto, (max-width: 324px) 100vw, 324px\" \/><\/a><\/p>\n<div style=\"background-color: #eee;padding: 20px 20px\">\n<h2>Table des mati\u00e8res<\/h2>\n<ul style=\"margin-bottom: 0;padding-bottom: 0\">\n<li><a href=\"https:\/\/wp.unil.ch\/histoireparlesdonnees\/les-travaux\/comparaison-du-traitement-mediatique-de-la-guerre-de-coree-et-de-la-guerre-du-vietnam\/\">Comparaison du traitement m\u00e9diatique de la Guerre de Cor\u00e9e et de la Guerre du Vietnam<\/a><\/li>\n<\/ul>\n<ol style=\"margin-bottom: 0;padding-bottom: 0\">\n<li><a href=\"https:\/\/wp.unil.ch\/histoireparlesdonnees\/les-travaux\/comparaison-du-traitement-mediatique-de-la-guerre-de-coree-et-de-la-guerre-du-vietnam\/la-guerre-de-coree\/\">La guerre de Cor\u00e9e<\/a><\/li>\n<li><a href=\"https:\/\/wp.unil.ch\/histoireparlesdonnees\/les-travaux\/comparaison-du-traitement-mediatique-de-la-guerre-de-coree-et-de-la-guerre-du-vietnam\/la-guerre-du-vietnam\/\">La guerre du Vietnam<\/a><\/li>\n<li><a href=\"https:\/\/wp.unil.ch\/histoireparlesdonnees\/les-travaux\/comparaison-du-traitement-mediatique-de-la-guerre-de-coree-et-de-la-guerre-du-vietnam\/definition-des-corpus\/\">D\u00e9finition des corpus<\/a><\/li>\n<li><a href=\"https:\/\/wp.unil.ch\/histoireparlesdonnees\/les-travaux\/comparaison-du-traitement-mediatique-de-la-guerre-de-coree-et-de-la-guerre-du-vietnam\/traitement-informatique\/\">Traitement informatique<\/a><\/li>\n<li><a href=\"https:\/\/wp.unil.ch\/histoireparlesdonnees\/les-travaux\/comparaison-du-traitement-mediatique-de-la-guerre-de-coree-et-de-la-guerre-du-vietnam\/interpretation\/\">Interpr\u00e9tation<\/a>\n<ol>\n<li><a href=\"https:\/\/wp.unil.ch\/histoireparlesdonnees\/les-travaux\/comparaison-du-traitement-mediatique-de-la-guerre-de-coree-et-de-la-guerre-du-vietnam\/interpretation\/guerre-de-coree\/\">Guerre de Cor\u00e9e<\/a><\/li>\n<li><a href=\"https:\/\/wp.unil.ch\/histoireparlesdonnees\/les-travaux\/comparaison-du-traitement-mediatique-de-la-guerre-de-coree-et-de-la-guerre-du-vietnam\/interpretation\/guerre-du-vietnam\/\">Guerre du Vietnam<\/a><\/li>\n<\/ol>\n<\/li>\n<li><a href=\"https:\/\/wp.unil.ch\/histoireparlesdonnees\/les-travaux\/comparaison-du-traitement-mediatique-de-la-guerre-de-coree-et-de-la-guerre-du-vietnam\/conclusion\/\">Conclusion<\/a><\/li>\n<li><a href=\"https:\/\/wp.unil.ch\/histoireparlesdonnees\/les-travaux\/comparaison-du-traitement-mediatique-de-la-guerre-de-coree-et-de-la-guerre-du-vietnam\/bibliographie\/\">Bibliographie<\/a><\/li>\n<\/ol>\n<\/div>\n","protected":false},"excerpt":{"rendered":"<p>??Le traitement par m\u00e9thode\u00a0Reinert\u00a0des deux corpus du Journal de Gen\u00e8ve et de la Gazette de Lausanne traitant de la Guerre de Cor\u00e9e aboutit\u00a0\u00e0 une classification\u00a0proche. Le corpus de la Gazette de Lausanne est ainsi regroup\u00e9 en 18 classes et celui<\/p>\n","protected":false},"author":1001264,"featured_media":0,"parent":149,"menu_order":5,"comment_status":"closed","ping_status":"closed","template":"","meta":{"_seopress_robots_primary_cat":"","_seopress_titles_title":"","_seopress_titles_desc":"","_seopress_robots_index":"","footnotes":""},"class_list":["post-651","page","type-page","status-publish"],"_links":{"self":[{"href":"https:\/\/wp.unil.ch\/histoireparlesdonnees\/wp-json\/wp\/v2\/pages\/651","targetHints":{"allow":["GET"]}}],"collection":[{"href":"https:\/\/wp.unil.ch\/histoireparlesdonnees\/wp-json\/wp\/v2\/pages"}],"about":[{"href":"https:\/\/wp.unil.ch\/histoireparlesdonnees\/wp-json\/wp\/v2\/types\/page"}],"author":[{"embeddable":true,"href":"https:\/\/wp.unil.ch\/histoireparlesdonnees\/wp-json\/wp\/v2\/users\/1001264"}],"replies":[{"embeddable":true,"href":"https:\/\/wp.unil.ch\/histoireparlesdonnees\/wp-json\/wp\/v2\/comments?post=651"}],"version-history":[{"count":0,"href":"https:\/\/wp.unil.ch\/histoireparlesdonnees\/wp-json\/wp\/v2\/pages\/651\/revisions"}],"up":[{"embeddable":true,"href":"https:\/\/wp.unil.ch\/histoireparlesdonnees\/wp-json\/wp\/v2\/pages\/149"}],"wp:attachment":[{"href":"https:\/\/wp.unil.ch\/histoireparlesdonnees\/wp-json\/wp\/v2\/media?parent=651"}],"curies":[{"name":"wp","href":"https:\/\/api.w.org\/{rel}","templated":true}]}}