{"id":631,"date":"2017-05-31T17:13:03","date_gmt":"2017-05-31T15:13:03","guid":{"rendered":"http:\/\/wp.unil.ch\/histoireparlesdonnees\/?page_id=631"},"modified":"2017-05-31T18:17:50","modified_gmt":"2017-05-31T16:17:50","slug":"comparaison-entre-les-deux-journaux","status":"publish","type":"page","link":"https:\/\/wp.unil.ch\/histoireparlesdonnees\/les-travaux\/les-relations-internationales-de-la-suisse-dans-la-une-de-deux-journaux-liberaux-romands\/interpretation\/comparaison-entre-les-deux-journaux\/","title":{"rendered":"Comparaison entre les deux journaux"},"content":{"rendered":"<h3>Table des mati\u00e8res<\/h3>\n<ul>\n<li><a href=\"https:\/\/wp.unil.ch\/histoireparlesdonnees\/les-travaux\/les-relations-internationales-de-la-suisse-dans-la-une-de-deux-journaux-liberaux-romands\/historique-de-la-presse-romande\/\">Introduction<\/a><\/li>\n<li><a href=\"https:\/\/wp.unil.ch\/histoireparlesdonnees\/les-travaux\/les-relations-internationales-de-la-suisse-dans-la-une-de-deux-journaux-liberaux-romands\/methodologie\/\">M\u00e9thodologie<\/a><\/li>\n<li><a href=\"https:\/\/wp.unil.ch\/histoireparlesdonnees\/les-travaux\/les-relations-internationales-de-la-suisse-dans-la-une-de-deux-journaux-liberaux-romands\/interpretation\/\">Interpr\u00e9tation<\/a>\n<ul>\n<li><a href=\"https:\/\/wp.unil.ch\/histoireparlesdonnees\/les-travaux\/les-relations-internationales-de-la-suisse-dans-la-une-de-deux-journaux-liberaux-romands\/interpretation\/comparaison-entre-les-deux-journaux\/\">Comparaison entre les deux journaux<\/a><\/li>\n<li><a href=\"https:\/\/wp.unil.ch\/histoireparlesdonnees\/les-travaux\/les-relations-internationales-de-la-suisse-dans-la-une-de-deux-journaux-liberaux-romands\/interpretation\/zoom-sur-les-classes\/\">Zoom sur les classes<\/a><\/li>\n<li><a href=\"https:\/\/wp.unil.ch\/histoireparlesdonnees\/les-travaux\/les-relations-internationales-de-la-suisse-dans-la-une-de-deux-journaux-liberaux-romands\/interpretation\/comparaison-avec-le-reste-du-journal\/\">Comparaison avec le reste du journal<\/a><\/li>\n<li><a href=\"https:\/\/wp.unil.ch\/histoireparlesdonnees\/les-travaux\/les-relations-internationales-de-la-suisse-dans-la-une-de-deux-journaux-liberaux-romands\/interpretation\/comparaison-avec-un-journal-socialiste\/\">Comparaison avec un journal socialiste<\/a><\/li>\n<li><a href=\"https:\/\/wp.unil.ch\/histoireparlesdonnees\/les-travaux\/les-relations-internationales-de-la-suisse-dans-la-une-de-deux-journaux-liberaux-romands\/interpretation\/difficultes\/\">Difficult\u00e9s<\/a><\/li>\n<li><a href=\"https:\/\/wp.unil.ch\/histoireparlesdonnees\/les-travaux\/les-relations-internationales-de-la-suisse-dans-la-une-de-deux-journaux-liberaux-romands\/interpretation\/conclusion\/\">Conclusion<\/a><\/li>\n<\/ul>\n<\/li>\n<li><a href=\"https:\/\/wp.unil.ch\/histoireparlesdonnees\/les-travaux\/les-relations-internationales-de-la-suisse-dans-la-une-de-deux-journaux-liberaux-romands\/bibliographie\/\">Bibliographie<\/a><\/li>\n<\/ul>\n<p>&nbsp;<\/p>\n<p>Nous souhaitons d\u00e9terminer si des diff\u00e9rences de r\u00e9partition des classes sont pr\u00e9sentes entre nos deux journaux. Nous avons donc effectu\u00e9 un test X2 pour trouver la concordance entre les classes et les journaux.<\/p>\n<p>On remarque que les classes 17, 18 sur l\u2019industrie et la finance sont plus pr\u00e9sentes dans le <i>Journal de Gen\u00e8ve <\/i>et inversement, la classe 19 sur la litt\u00e9rature et plus pr\u00e9sente dans la <i>Gazette de Lausanne<\/i>. Ces diff\u00e9rences peuvent s\u2019expliquer par les choix des lignes \u00e9ditoriales. En effet, le JDG contient souvent en Une des informations sur la bourse et les cours des monnaies ainsi que des articles sur l\u2019industrie et l\u2019\u00e9conomie par exemple, alors qu\u2019on retrouve ce genre d\u2019informations dans les derni\u00e8res pages de la GDL. Inversement, on retrouve fr\u00e9quemment des po\u00e8mes, des passages de romans et des annonces pour des \u00e9v\u00e9nements culturels locaux en Une de la <i>Gazette de Lausanne<\/i>, ce qui est moins le cas dans les Unes du JDG. On remarque \u00e9galement que certaines classes sur la culture (8,9,10,11) sont l\u00e9g\u00e8rement plus pr\u00e9sentes dans la <i>Gazette de Lausanne<\/i>, ce qui est sans doute d\u00fb \u00e0 la m\u00eame raison que pour la classe 19.<\/p>\n<p>Les classes restantes sont pr\u00e9sentes de fa\u00e7on \u00e9quilibr\u00e9es entre les deux journaux, notamment les classes affili\u00e9es \u00e0 la politique tant nationale qu\u2019internationale, ainsi que les classes se rapportant aux guerres et aux conflits. Il y a tout de m\u00eame une exception concernant la classe 22, qui parle des guerres du Proche-Orient, principalement entre Isra\u00ebl et les pays arabes, la Palestine, etc. et qui est beaucoup plus pr\u00e9sente dans le JDG.<\/p>\n<p>On peut en conclure que les deux journaux diff\u00e8rent peu en ce qui concerne la pr\u00e9sence des classes qui nous int\u00e9ressent le plus, \u00e0 savoir les relations internationales, la politique et les conflits, qui correspondent aux classes les plus pr\u00e9sentent en Une. Par contre, on note une certaine diff\u00e9rence dans la pr\u00e9sence des sujets ne se rapportant pas aux th\u00e8mes principaux, \u00a0justifiables par le choix d\u2019une ligne \u00e9ditoriale ainsi que par le choix d\u2019un public cible. On retrouve dans cette cat\u00e9gorie les classes concernant l\u2019\u00e9conomie et la litt\u00e9rature.<\/p>\n<p style=\"text-align: right\"><a href=\"https:\/\/wp.unil.ch\/histoireparlesdonnees\/les-travaux\/les-relations-internationales-de-la-suisse-dans-la-une-de-deux-journaux-liberaux-romands\/interpretation\/zoom-sur-les-classes\/\">-&gt;<\/a><\/p>\n","protected":false},"excerpt":{"rendered":"<p>Table des mati\u00e8res Introduction M\u00e9thodologie Interpr\u00e9tation Comparaison entre les deux journaux Zoom sur les classes Comparaison avec le reste du journal Comparaison avec un journal socialiste Difficult\u00e9s Conclusion Bibliographie &nbsp; Nous souhaitons d\u00e9terminer si des diff\u00e9rences de r\u00e9partition des classes<\/p>\n","protected":false},"author":1001264,"featured_media":0,"parent":601,"menu_order":0,"comment_status":"closed","ping_status":"closed","template":"","meta":{"_seopress_robots_primary_cat":"","_seopress_titles_title":"","_seopress_titles_desc":"","_seopress_robots_index":"","footnotes":""},"class_list":["post-631","page","type-page","status-publish"],"_links":{"self":[{"href":"https:\/\/wp.unil.ch\/histoireparlesdonnees\/wp-json\/wp\/v2\/pages\/631","targetHints":{"allow":["GET"]}}],"collection":[{"href":"https:\/\/wp.unil.ch\/histoireparlesdonnees\/wp-json\/wp\/v2\/pages"}],"about":[{"href":"https:\/\/wp.unil.ch\/histoireparlesdonnees\/wp-json\/wp\/v2\/types\/page"}],"author":[{"embeddable":true,"href":"https:\/\/wp.unil.ch\/histoireparlesdonnees\/wp-json\/wp\/v2\/users\/1001264"}],"replies":[{"embeddable":true,"href":"https:\/\/wp.unil.ch\/histoireparlesdonnees\/wp-json\/wp\/v2\/comments?post=631"}],"version-history":[{"count":0,"href":"https:\/\/wp.unil.ch\/histoireparlesdonnees\/wp-json\/wp\/v2\/pages\/631\/revisions"}],"up":[{"embeddable":true,"href":"https:\/\/wp.unil.ch\/histoireparlesdonnees\/wp-json\/wp\/v2\/pages\/601"}],"wp:attachment":[{"href":"https:\/\/wp.unil.ch\/histoireparlesdonnees\/wp-json\/wp\/v2\/media?parent=631"}],"curies":[{"name":"wp","href":"https:\/\/api.w.org\/{rel}","templated":true}]}}