{"id":623,"date":"2017-05-31T17:13:18","date_gmt":"2017-05-31T15:13:18","guid":{"rendered":"http:\/\/wp.unil.ch\/histoireparlesdonnees\/?page_id=623"},"modified":"2017-05-31T18:31:18","modified_gmt":"2017-05-31T16:31:18","slug":"definition-des-corpus","status":"publish","type":"page","link":"https:\/\/wp.unil.ch\/histoireparlesdonnees\/les-travaux\/comparaison-du-traitement-mediatique-de-la-guerre-de-coree-et-de-la-guerre-du-vietnam\/definition-des-corpus\/","title":{"rendered":"D\u00e9finition des corpus"},"content":{"rendered":"<p align=\"justify\"><span style=\"font-family: Times New Roman,serif\"><span style=\"font-size: medium\"><span style=\"font-family: Calibri,serif\">??Dans le cadre de l\u2019\u00e9tude du traitement m\u00e9diatique de la Guerre de Cor\u00e9e, nous avons analys\u00e9 les archives du Temps, regroupant la Gazette de Lausanne et le Journal de Gen\u00e8ve, sur la p\u00e9riode 1945-1953. En effet, bien que le 25 juin 1950 soit consid\u00e9r\u00e9 comme le d\u00e9but de la guerre avec une prem<\/span><\/span><\/span><span style=\"font-family: Times New Roman,serif\"><span style=\"font-size: medium\"><span style=\"font-family: Calibri,serif\">i\u00e8re offensive de la Cor\u00e9e du Nord, les tensions sont palpables dans la p\u00e9ninsule d\u00e8s 1945 marquant le partage de la Cor\u00e9e, entre les Etats-Unis et l\u2019URSS, suite \u00e0 la capitulation japonaise. Le 27 juillet 1953 marque la fin de la guerre<\/span><\/span><\/span><span style=\"font-family: Times New Roman,serif\"><span style=\"font-size: medium\"><span style=\"font-family: Calibri,serif\"> apr\u00e8s la signature d\u2019un pacte de non-agression et la d\u00e9militarisation de la fronti\u00e8re entre les deux Cor\u00e9es. La Suisse envoyant des soldats surveiller la fronti\u00e8re et l\u2019application du pacte de non-agression, dans le cadre de la commission de supervision des nations neutres (NNSC), d\u00e8s juillet 1953, nous nous sommes limit\u00e9s \u00e0 cette p\u00e9riode pour n\u2019\u00e9tudier que la vision de la guerre et non pas de la surveillance de la fronti\u00e8re<\/span><a href=\"https:\/\/wp.unil.ch\/histoireparlesdonnees\/les-travaux\/comparaison-du-traitement-mediatique-de-la-guerre-de-coree-et-de-la-guerre-du-vietnam\/bibliographie\/\"><sup><span style=\"font-family: Calibri,serif\">[3]<\/span><\/sup><\/a><span style=\"font-family: Calibri,serif\">. Pour s\u00e9lectionner les articles, nous avons utilis\u00e9 le mot-cl\u00e9 &#8220;Cor\u00e9e&#8221;. En effet, sur la p\u00e9riode indiqu\u00e9e, tout sujet comportant le mot &#8220;Cor\u00e9e&#8221; traite de la guerre en elle-m\u00eame ou nous donne des pr\u00e9cisions sur la vision de la Cor\u00e9e par les deux journaux. Cela correspond \u00e0 un corpus de 8040 articles. <\/span><\/span><\/span><\/p>\n<p align=\"justify\"><span style=\"font-family: Times New Roman,serif\"><span style=\"font-size: medium\"><span style=\"font-family: Calibri,serif\">??Dans le cadre de l\u2019\u00e9tude de la perception de la Guerre du Vietnam, nous avons analys\u00e9 la p\u00e9riode 1960-1976 utilis\u00e9e par David Gaffino<\/span><a href=\"https:\/\/wp.unil.ch\/histoireparlesdonnees\/les-travaux\/comparaison-du-traitement-mediatique-de-la-guerre-de-coree-et-de-la-guerre-du-vietnam\/bibliographie\/\"><sup><span style=\"font-family: Calibri,serif\">[2]<\/span><\/sup><\/a><span style=\"font-family: Calibri,serif\"> dans son ouvrage sur l\u2019attitude des autorit\u00e9s et entreprises suisses durant ce conflit. Ce cadre chronologique d\u00e9bute 4 ans avant ce qui est consid\u00e9r\u00e9 comme le d\u00e9but de la Guerre du Vietnam avec l\u2019engagement de l\u2019arm\u00e9e am\u00e9ricaine le 2 ao\u00fbt 1964 suite \u00e0 une attaque d\u2019un de ses navires par l\u2019arm\u00e9e nord-vietnamienne. En effet, d\u00e8s la fin de l\u2019ann\u00e9e 1960, une guerre semble de plus en plus in\u00e9vitable avec la cr\u00e9ation du Front National de Lib\u00e9ration, fortement sous influence du Nord-Vietnam, s\u2019opposant au r\u00e9gime de Saigon pendant que ce dernier s\u2019arme lourdement aupr\u00e8s des Etats-Unis. De la m\u00eame mani\u00e8re, l\u2019\u00e9tude ne s\u2019arr\u00eate pas \u00e0 la signature des accords de Paris sur le d\u00e9sengagement des Etats-Unis, mais \u00e0 la r\u00e9unification des deux Vietnams apr\u00e8s l\u2019annexion du Sud par le Vietnam du Nord. Nous ne consid\u00e9rerons que le mot-cl\u00e9 &#8220;Vietnam&#8221; pour les m\u00eames raisons que pour la Cor\u00e9e, ce qui conduit \u00e0 un corpus de 19301 articles. <\/span><\/span><\/span><\/p>\n<p align=\"justify\"><span style=\"font-family: Times New Roman,serif\"><span style=\"font-size: medium\"><span style=\"font-family: Calibri,serif\">??Les deux corpus sont de taille in\u00e9gale, ce qui s\u2019explique par la diff\u00e9rence de dur\u00e9e des deux p\u00e9riodes \u00e9tudi\u00e9es. En effet, la quantit\u00e9 d\u2019articles publi\u00e9e par mois est quasiment identique pour les deux corpus pendant les dates officielles des conflits (voir figure 1). Les guerres de Cor\u00e9e et du Vietnam ont donc eu un traitement m\u00e9diatique d\u2019une ampleur proche. <\/span><\/span><\/span><\/p>\n<p align=\"justify\"><span style=\"font-family: Times New Roman,serif\"><span style=\"font-size: medium\"><span style=\"font-family: Calibri,serif\"><img alt=\"\" loading=\"lazy\" decoding=\"async\" class=\"size-full wp-image-761 alignleft\" src=\"https:\/\/wp.unil.ch\/histoireparlesdonnees\/files\/2017\/05\/8-homog\u00e9n\u00e9it\u00e9_corpus.png\" alt=\"\" width=\"2699\" height=\"1600\" srcset=\"https:\/\/wp.unil.ch\/histoireparlesdonnees\/files\/2017\/05\/8-homog\u00e9n\u00e9it\u00e9_corpus.png 2699w, https:\/\/wp.unil.ch\/histoireparlesdonnees\/files\/2017\/05\/8-homog\u00e9n\u00e9it\u00e9_corpus-300x178.png 300w, https:\/\/wp.unil.ch\/histoireparlesdonnees\/files\/2017\/05\/8-homog\u00e9n\u00e9it\u00e9_corpus-768x455.png 768w, https:\/\/wp.unil.ch\/histoireparlesdonnees\/files\/2017\/05\/8-homog\u00e9n\u00e9it\u00e9_corpus-1024x607.png 1024w\" sizes=\"auto, (max-width: 2699px) 100vw, 2699px\" \/><\/span><\/span><\/span><\/p>\n<p align=\"justify\"><span style=\"color: #44546a\"><span style=\"font-size: small\"><i><b>Figure 1<\/b> <span style=\"font-family: Calibri,serif\">\u2013 Nombre d\u2019articles contenant le mot-cl\u00e9 par mois dans chaque corpus. En haut \u00e0 gauche, articles contenant le mot \u00ab\u00a0Cor\u00e9e\u00a0\u00bb dans la Gazette de Lausanne. En haut \u00e0 droite, articles contenant le mot \u00ab\u00a0Cor\u00e9e\u00a0\u00bb dans le Journal de Gen\u00e8ve. En bas \u00e0 gauche, articles contenant le mot \u00ab\u00a0Vietnam\u00a0\u00bb dans la Gazette de Lausanne. En bas \u00e0 droite, articles contenant le mot \u00ab\u00a0Vietnam\u00a0\u00bb dans le Journal de Gen\u00e8ve.<\/span><\/i><\/span><\/span><\/p>\n<div style=\"background-color: #eee;padding: 20px 20px\">\n<h2>Table des mati\u00e8res<\/h2>\n<ul style=\"margin-bottom: 0;padding-bottom: 0\">\n<li><a href=\"https:\/\/wp.unil.ch\/histoireparlesdonnees\/les-travaux\/comparaison-du-traitement-mediatique-de-la-guerre-de-coree-et-de-la-guerre-du-vietnam\/\">Comparaison du traitement m\u00e9diatique de la Guerre de Cor\u00e9e et de la Guerre du Vietnam<\/a><\/li>\n<\/ul>\n<ol style=\"margin-bottom: 0;padding-bottom: 0\">\n<li><a href=\"https:\/\/wp.unil.ch\/histoireparlesdonnees\/les-travaux\/comparaison-du-traitement-mediatique-de-la-guerre-de-coree-et-de-la-guerre-du-vietnam\/la-guerre-de-coree\/\">La guerre de Cor\u00e9e<\/a><\/li>\n<li><a href=\"https:\/\/wp.unil.ch\/histoireparlesdonnees\/les-travaux\/comparaison-du-traitement-mediatique-de-la-guerre-de-coree-et-de-la-guerre-du-vietnam\/la-guerre-du-vietnam\/\">La guerre du Vietnam<\/a><\/li>\n<li><a href=\"https:\/\/wp.unil.ch\/histoireparlesdonnees\/les-travaux\/comparaison-du-traitement-mediatique-de-la-guerre-de-coree-et-de-la-guerre-du-vietnam\/definition-des-corpus\/\">D\u00e9finition des corpus<\/a><\/li>\n<li><a href=\"https:\/\/wp.unil.ch\/histoireparlesdonnees\/les-travaux\/comparaison-du-traitement-mediatique-de-la-guerre-de-coree-et-de-la-guerre-du-vietnam\/traitement-informatique\/\">Traitement informatique<\/a><\/li>\n<li><a href=\"https:\/\/wp.unil.ch\/histoireparlesdonnees\/les-travaux\/comparaison-du-traitement-mediatique-de-la-guerre-de-coree-et-de-la-guerre-du-vietnam\/interpretation\/\">Interpr\u00e9tation<\/a>\n<ol>\n<li><a href=\"https:\/\/wp.unil.ch\/histoireparlesdonnees\/les-travaux\/comparaison-du-traitement-mediatique-de-la-guerre-de-coree-et-de-la-guerre-du-vietnam\/interpretation\/guerre-de-coree\/\">Guerre de Cor\u00e9e<\/a><\/li>\n<li><a href=\"https:\/\/wp.unil.ch\/histoireparlesdonnees\/les-travaux\/comparaison-du-traitement-mediatique-de-la-guerre-de-coree-et-de-la-guerre-du-vietnam\/interpretation\/guerre-du-vietnam\/\">Guerre du Vietnam<\/a><\/li>\n<\/ol>\n<\/li>\n<li><a href=\"https:\/\/wp.unil.ch\/histoireparlesdonnees\/les-travaux\/comparaison-du-traitement-mediatique-de-la-guerre-de-coree-et-de-la-guerre-du-vietnam\/conclusion\/\">Conclusion<\/a><\/li>\n<li><a href=\"https:\/\/wp.unil.ch\/histoireparlesdonnees\/les-travaux\/comparaison-du-traitement-mediatique-de-la-guerre-de-coree-et-de-la-guerre-du-vietnam\/bibliographie\/\">Bibliographie<\/a><\/li>\n<\/ol>\n<\/div>\n","protected":false},"excerpt":{"rendered":"<p>??Dans le cadre de l\u2019\u00e9tude du traitement m\u00e9diatique de la Guerre de Cor\u00e9e, nous avons analys\u00e9 les archives du Temps, regroupant la Gazette de Lausanne et le Journal de Gen\u00e8ve, sur la p\u00e9riode 1945-1953. En effet, bien que le 25<\/p>\n","protected":false},"author":1001264,"featured_media":0,"parent":149,"menu_order":3,"comment_status":"closed","ping_status":"closed","template":"","meta":{"_seopress_robots_primary_cat":"","_seopress_titles_title":"","_seopress_titles_desc":"","_seopress_robots_index":"","footnotes":""},"class_list":["post-623","page","type-page","status-publish"],"_links":{"self":[{"href":"https:\/\/wp.unil.ch\/histoireparlesdonnees\/wp-json\/wp\/v2\/pages\/623","targetHints":{"allow":["GET"]}}],"collection":[{"href":"https:\/\/wp.unil.ch\/histoireparlesdonnees\/wp-json\/wp\/v2\/pages"}],"about":[{"href":"https:\/\/wp.unil.ch\/histoireparlesdonnees\/wp-json\/wp\/v2\/types\/page"}],"author":[{"embeddable":true,"href":"https:\/\/wp.unil.ch\/histoireparlesdonnees\/wp-json\/wp\/v2\/users\/1001264"}],"replies":[{"embeddable":true,"href":"https:\/\/wp.unil.ch\/histoireparlesdonnees\/wp-json\/wp\/v2\/comments?post=623"}],"version-history":[{"count":0,"href":"https:\/\/wp.unil.ch\/histoireparlesdonnees\/wp-json\/wp\/v2\/pages\/623\/revisions"}],"up":[{"embeddable":true,"href":"https:\/\/wp.unil.ch\/histoireparlesdonnees\/wp-json\/wp\/v2\/pages\/149"}],"wp:attachment":[{"href":"https:\/\/wp.unil.ch\/histoireparlesdonnees\/wp-json\/wp\/v2\/media?parent=623"}],"curies":[{"name":"wp","href":"https:\/\/api.w.org\/{rel}","templated":true}]}}