{"id":558,"date":"2017-05-31T16:57:47","date_gmt":"2017-05-31T14:57:47","guid":{"rendered":"http:\/\/wp.unil.ch\/histoireparlesdonnees\/?page_id=558"},"modified":"2017-05-31T17:26:16","modified_gmt":"2017-05-31T15:26:16","slug":"critique-des-methodes-utilisees","status":"publish","type":"page","link":"https:\/\/wp.unil.ch\/histoireparlesdonnees\/les-travaux\/perceptions-du-conflit-israelo-palestinien-dans-la-gazette-de-lausanne-et-le-journal-de-geneve\/critique-des-methodes-utilisees\/","title":{"rendered":"Critiques des m\u00e9thodes utilis\u00e9es"},"content":{"rendered":"<div style=\"background-color: #ffd9f2;padding: 20px 20px\">\n<h2>Table des mati\u00e8res<\/h2>\n<ul style=\"margin-bottom: 0;padding-bottom: 0\">\n<li><a href=\"https:\/\/wp.unil.ch\/histoireparlesdonnees\/les-travaux\/perceptions-du-conflit-israelo-palestinien-dans-la-gazette-de-lausanne-et-le-journal-de-geneve\">Pr\u00e9sentation du projet<\/a><\/li>\n<li><a href=\"https:\/\/wp.unil.ch\/histoireparlesdonnees\/les-travaux\/perceptions-du-conflit-israelo-palestinien-dans-la-gazette-de-lausanne-et-le-journal-de-geneve\/analyse-et-interpretations\/\">Analyse et interpr\u00e9tation<\/a><\/li>\n<li><a href=\"https:\/\/wp.unil.ch\/histoireparlesdonnees\/les-travaux\/perceptions-du-conflit-israelo-palestinien-dans-la-gazette-de-lausanne-et-le-journal-de-geneve\/critique-des-methodes-utilisees\/\">Critiques des m\u00e9thodes utilis\u00e9es<\/a><\/li>\n<li><a href=\"https:\/\/wp.unil.ch\/histoireparlesdonnees\/les-travaux\/perceptions-du-conflit-israelo-palestinien-dans-la-gazette-de-lausanne-et-le-journal-de-geneve\/bibliographie\/\">Bibliographie<\/a><\/li>\n<\/ul>\n<\/div>\n<p>D\u2019abord, nous avons d\u00fb limiter l\u2019\u00e9tude dans le temps, pour des raisons de calcul. Nous ne pouvons donc pas contin\u00fbment observer l\u2019\u00e9volution des formes dans les journaux\u00a0; or, la vision du conflit peut tr\u00e8s bien \u00e9voluer en dehors des ann\u00e9es de guerre. Aussi, le choix des formes pour la sp\u00e9cificit\u00e9 n\u2019est pas justifi\u00e9 de mani\u00e8re rigoureuse, et dans certains cas nous avons trait\u00e9 des mots qui faisaient partie d\u2019une paire comme s\u00e9par\u00e9s, comme \u00ab\u00a0nations\u00a0\u00bb et \u00ab\u00a0unies\u00a0\u00bb. Au niveau des donn\u00e9es, nous n\u2019avons pas utilis\u00e9 toutes les variables \u00e0 disposition (page, etc.). Enfin, les dates choisies sont espac\u00e9es de mani\u00e8re irr\u00e9guli\u00e8re, et donc les changements d\u2019opinions potentiels s\u2019op\u00e8rent sur des intervalles de temps diff\u00e9rents.<\/p>\n<p>Dans la partie Machine Learning, il y a plusieurs d\u00e9fauts\u00a0:<\/p>\n<p>1. Le mod\u00e8le que nous utilisons a \u00e9t\u00e9 con\u00e7u pour l&#8217;analyse des sentiments de textes plus simples, par exemple des critiques de films. Pour les discours plus nuanc\u00e9s comme les analyses g\u00e9opolitiques, le mod\u00e8le utilis\u00e9 est certainement trop simpliste.<\/p>\n<p>2. Le corpus utilis\u00e9 contient tous les articles contenant au moins une fois les mots \u00ab Isra\u00ebl \u00bb ou \u00ab Palestine \u00bb. Le mot \u00ab Isra\u00ebl \u00bb apparait 5968 fois, \u00ab Palestine \u00bb n&#8217;apparait que 2824 fois. Nous suspectons que le mot \u00ab Palestine \u00bb est principalement utilis\u00e9 dans les articles sur le conflit isra\u00e9lo-palestinien (donc \u00e0 connotation plut\u00f4t n\u00e9gative), alors que le mot \u00ab Isra\u00ebl \u00bb apparait aussi dans des articles plus g\u00e9n\u00e9raux.<br \/>\n<img vspace=\"10\" \/><\/p>\n<ul>\n<li><a href=\"https:\/\/wp.unil.ch\/histoireparlesdonnees\/les-travaux\/perceptions-du-conflit-israelo-palestinien-dans-la-gazette-de-lausanne-et-le-journal-de-geneve\/bibliographie\/\">Page suivante<\/a><\/li>\n<li><a href=\"https:\/\/wp.unil.ch\/histoireparlesdonnees\/les-travaux\/perceptions-du-conflit-israelo-palestinien-dans-la-gazette-de-lausanne-et-le-journal-de-geneve\/analyse-et-interpretations\/\">Page pr\u00e9c\u00e9dente<\/a><\/li>\n<\/ul>\n","protected":false},"excerpt":{"rendered":"<p>Table des mati\u00e8res Pr\u00e9sentation du projet Analyse et interpr\u00e9tation Critiques des m\u00e9thodes utilis\u00e9es Bibliographie D\u2019abord, nous avons d\u00fb limiter l\u2019\u00e9tude dans le temps, pour des raisons de calcul. Nous ne pouvons donc pas contin\u00fbment observer l\u2019\u00e9volution des formes dans les<\/p>\n","protected":false},"author":1001264,"featured_media":0,"parent":81,"menu_order":0,"comment_status":"closed","ping_status":"closed","template":"","meta":{"_seopress_robots_primary_cat":"","_seopress_titles_title":"","_seopress_titles_desc":"","_seopress_robots_index":"","footnotes":""},"class_list":["post-558","page","type-page","status-publish"],"_links":{"self":[{"href":"https:\/\/wp.unil.ch\/histoireparlesdonnees\/wp-json\/wp\/v2\/pages\/558","targetHints":{"allow":["GET"]}}],"collection":[{"href":"https:\/\/wp.unil.ch\/histoireparlesdonnees\/wp-json\/wp\/v2\/pages"}],"about":[{"href":"https:\/\/wp.unil.ch\/histoireparlesdonnees\/wp-json\/wp\/v2\/types\/page"}],"author":[{"embeddable":true,"href":"https:\/\/wp.unil.ch\/histoireparlesdonnees\/wp-json\/wp\/v2\/users\/1001264"}],"replies":[{"embeddable":true,"href":"https:\/\/wp.unil.ch\/histoireparlesdonnees\/wp-json\/wp\/v2\/comments?post=558"}],"version-history":[{"count":0,"href":"https:\/\/wp.unil.ch\/histoireparlesdonnees\/wp-json\/wp\/v2\/pages\/558\/revisions"}],"up":[{"embeddable":true,"href":"https:\/\/wp.unil.ch\/histoireparlesdonnees\/wp-json\/wp\/v2\/pages\/81"}],"wp:attachment":[{"href":"https:\/\/wp.unil.ch\/histoireparlesdonnees\/wp-json\/wp\/v2\/media?parent=558"}],"curies":[{"name":"wp","href":"https:\/\/api.w.org\/{rel}","templated":true}]}}