{"id":557,"date":"2017-05-31T17:06:12","date_gmt":"2017-05-31T15:06:12","guid":{"rendered":"http:\/\/wp.unil.ch\/histoireparlesdonnees\/?page_id=557"},"modified":"2017-05-31T18:35:50","modified_gmt":"2017-05-31T16:35:50","slug":"methodologie","status":"publish","type":"page","link":"https:\/\/wp.unil.ch\/histoireparlesdonnees\/les-travaux\/les-relations-internationales-de-la-suisse-dans-la-une-de-deux-journaux-liberaux-romands\/methodologie\/","title":{"rendered":"M\u00e9thodologie"},"content":{"rendered":"<h3>Table des mati\u00e8res<\/h3>\n<ul>\n<li><a href=\"https:\/\/wp.unil.ch\/histoireparlesdonnees\/les-travaux\/les-relations-internationales-de-la-suisse-dans-la-une-de-deux-journaux-liberaux-romands\/historique-de-la-presse-romande\/\">Introduction<\/a><\/li>\n<li><a href=\"https:\/\/wp.unil.ch\/histoireparlesdonnees\/les-travaux\/les-relations-internationales-de-la-suisse-dans-la-une-de-deux-journaux-liberaux-romands\/methodologie\/\">M\u00e9thodologie<\/a><\/li>\n<li><a href=\"https:\/\/wp.unil.ch\/histoireparlesdonnees\/les-travaux\/les-relations-internationales-de-la-suisse-dans-la-une-de-deux-journaux-liberaux-romands\/interpretation\/\">Interpr\u00e9tation<\/a>\n<ul>\n<li><a href=\"https:\/\/wp.unil.ch\/histoireparlesdonnees\/les-travaux\/les-relations-internationales-de-la-suisse-dans-la-une-de-deux-journaux-liberaux-romands\/interpretation\/comparaison-entre-les-deux-journaux\/\">Comparaison entre les deux journaux<\/a><\/li>\n<li><a href=\"https:\/\/wp.unil.ch\/histoireparlesdonnees\/les-travaux\/les-relations-internationales-de-la-suisse-dans-la-une-de-deux-journaux-liberaux-romands\/interpretation\/zoom-sur-les-classes\/\">Zoom sur les classes<\/a><\/li>\n<li><a href=\"https:\/\/wp.unil.ch\/histoireparlesdonnees\/les-travaux\/les-relations-internationales-de-la-suisse-dans-la-une-de-deux-journaux-liberaux-romands\/interpretation\/comparaison-avec-le-reste-du-journal\/\">Comparaison avec le reste du journal<\/a><\/li>\n<li><a href=\"https:\/\/wp.unil.ch\/histoireparlesdonnees\/les-travaux\/les-relations-internationales-de-la-suisse-dans-la-une-de-deux-journaux-liberaux-romands\/interpretation\/comparaison-avec-un-journal-socialiste\/\">Comparaison avec un journal socialiste<\/a><\/li>\n<li><a href=\"https:\/\/wp.unil.ch\/histoireparlesdonnees\/les-travaux\/les-relations-internationales-de-la-suisse-dans-la-une-de-deux-journaux-liberaux-romands\/interpretation\/difficultes\/\">Difficult\u00e9s<\/a><\/li>\n<li><a href=\"https:\/\/wp.unil.ch\/histoireparlesdonnees\/les-travaux\/les-relations-internationales-de-la-suisse-dans-la-une-de-deux-journaux-liberaux-romands\/interpretation\/conclusion\/\">Conclusion<\/a><\/li>\n<\/ul>\n<\/li>\n<li><a href=\"https:\/\/wp.unil.ch\/histoireparlesdonnees\/les-travaux\/les-relations-internationales-de-la-suisse-dans-la-une-de-deux-journaux-liberaux-romands\/bibliographie\/\">Bibliographie<\/a><\/li>\n<\/ul>\n<p>&nbsp;<\/p>\n<p>Afin de r\u00e9pondre \u00e0 la probl\u00e9matique pos\u00e9e en introduction, nous avons effectu\u00e9 diff\u00e9rents types d\u2019analyse sur notre corpus. Nous avons r\u00e9alis\u00e9 des analyses quantitatives en utilisant les outils informatiques \u00e0 notre disposition, principalement Iramuteq, en combinaison avec une analyse plus qualitative en se basant sur les Unes num\u00e9ris\u00e9es du site des archives du Temps. Chaque m\u00e9thode pr\u00e9sente ses avantages et ses inconv\u00e9nients, que nous d\u00e9crivons ci-dessous.<\/p>\n<p>Nous avons exploit\u00e9 plusieurs approches. Dans un premier temps, nous avons effectu\u00e9 une analyse globale des th\u00e8mes trait\u00e9s en Unes et dans le reste des journaux, ceci afin de d\u00e9terminer quels genre d\u2019informations se retrouvent en Unes et quelles informations ne le sont pas. Nous avons aussi r\u00e9alis\u00e9 une comparaison avec d\u2019autres journaux de bords politiques diff\u00e9rents, dans le but de d\u00e9terminer comment l\u2019orientation politique d\u2019un journal influe sur les th\u00e8mes trait\u00e9s par celui-ci. Pour ce faire, nous avons compar\u00e9 le traitement de certains \u00e9v\u00e9nements pr\u00e9cis pr\u00e9sents en Une de nos deux journaux lib\u00e9raux et d\u2019un journal socialiste.<\/p>\n<h1>Information sur le corpus<\/h1>\n<p>La base de donn\u00e9e \u00e0 notre disposition est constitu\u00e9e de la totalit\u00e9 des \u00e9ditions des journaux la <em>Gazette de Lausanne<\/em> et le <em>Journal de Gen\u00e8ve<\/em>, en format XML. Ainsi, puisque nous ne travaillons que sur les Unes et durant la seconde moiti\u00e9 du 20<sup>e<\/sup> si\u00e8cle, nous avons commenc\u00e9 par extraire les articles correspondant \u00e0 ces crit\u00e8res \u00e0 l&#8217;aide d&#8217;un script Python. Cela nous donne un corpus compos\u00e9 de 88 millions de mots provenant de 200 000 articles et pesant 3.2 Go. Afin de pouvoir effectuer une analyse quantitative sur l&#8217;int\u00e9gralit\u00e9 de notre p\u00e9riode, nous avons r\u00e9duit la taille de notre corpus en effectuant un \u00e9chantillonnage: chaque semaine un jour est choisi al\u00e9atoirement, afin de minimiser le biais, et uniquement les articles de ce jour sont compt\u00e9s pour cette semaine. Les articles de moins de 300 mots sont exclus, la grande majorit\u00e9 \u00e9tant des publicit\u00e9s. \u00a0Ceci nous permet de r\u00e9duire nos donn\u00e9es \u00e0 11 millions de mots provenant de 17 000 articles. L&#8217;\u00e9chantillonnage d\u2019un jour par semaine divise par sept et l\u2019\u00e9lagage des petits articles r\u00e9duit le nombre de mots de 11% et le nombre d\u2019articles de 30%<\/p>\n<h1>Analyses statistiques<\/h1>\n<p>Afin de d\u00e9terminer le type de sujets pr\u00e9sents habituellement en Unes, nous utilisons la m\u00e9thode de Reinert fournie par Iramuteq. Cette analyse regroupe les segments de textes par th\u00e8me, nous permettant de cat\u00e9goriser les diff\u00e9rents articles. Gr\u00e2ce \u00e0 ces donn\u00e9es, nous pouvons non seulement d\u00e9terminer les principaux th\u00e8mes pr\u00e9sents en Unes, mais aussi voir quels sont ceux qui sont absents ou peu pr\u00e9sents en faisant une comparaison avec le reste du journal. De plus, gr\u00e2ce \u00e0 ces donn\u00e9es, nous pouvons comparer les th\u00e8mes pr\u00e9sents en Une de chacun de nos journaux.<\/p>\n<p>En croisant ces donn\u00e9es avec les dates de publication des articles analys\u00e9s, nous pouvons mettre en avant l\u2019\u00e9volution des th\u00e8mes trait\u00e9s en Une. Ces analyses doivent \u00eatre effectu\u00e9es en groupant les articles par mois, ann\u00e9e, ou m\u00eame d\u00e9cennie; les donn\u00e9es \u00e9tant trop irr\u00e9guli\u00e8res pour pouvoir mener des \u00e9tudes sur de plus courtes p\u00e9riodes.<\/p>\n<p>Ces analyses ont \u00e9t\u00e9 reproduites sur le reste du journal afin de comparer le type d\u2019information pr\u00e9sente en Une et dans les autres pages.<\/p>\n<p>&nbsp;<\/p>\n<h2>R\u00e9sultats interm\u00e9diaires<\/h2>\n<p>Apr\u00e8s avoir effectu\u00e9 une classification hi\u00e9rarchique descendante sur l\u2019int\u00e9gralit\u00e9 de nos Unes, nous nous sommes rendu compte qu\u2019un graphique complet n\u2019\u00e9tait pas lisible. Nous l\u2019avons donc d\u00e9coup\u00e9 en p\u00e9riodes de dix ans et nous avons regroup\u00e9 les donn\u00e9es par mois. Voici un exemple pour les ann\u00e9es de 1940 \u00e0 1949 (fig. 1).<\/p>\n<p>&nbsp;<\/p>\n<figure id=\"attachment_574\" aria-describedby=\"caption-attachment-574\" style=\"width: 825px\" class=\"wp-caption aligncenter\"><a href=\"https:\/\/wp.unil.ch\/histoireparlesdonnees\/les-travaux\/les-relations-internationales-de-la-suisse-dans-la-une-de-deux-journaux-liberaux-romands\/methodologie\/9_chd_40-49\/\" rel=\"attachment wp-att-574\"><img alt=\"\" loading=\"lazy\" decoding=\"async\" class=\"size-full wp-image-574\" src=\"https:\/\/wp.unil.ch\/histoireparlesdonnees\/files\/2017\/05\/9_chd_40-49.png\" alt=\"\" width=\"825\" height=\"589\" srcset=\"https:\/\/wp.unil.ch\/histoireparlesdonnees\/files\/2017\/05\/9_chd_40-49.png 825w, https:\/\/wp.unil.ch\/histoireparlesdonnees\/files\/2017\/05\/9_chd_40-49-300x214.png 300w, https:\/\/wp.unil.ch\/histoireparlesdonnees\/files\/2017\/05\/9_chd_40-49-768x548.png 768w\" sizes=\"auto, (max-width: 825px) 100vw, 825px\" \/><\/a><figcaption id=\"caption-attachment-574\" class=\"wp-caption-text\">Fig. 1 M\u00e9thode de Reinert sur les Unes de la GDL pour les ann\u00e9es 1940 \u00e0 1949.<\/figcaption><\/figure>\n<p>&nbsp;<\/p>\n<p>Les r\u00e9sultats sont tr\u00e8s irr\u00e9guliers et nous pensons qu\u2019il sera difficile de les interpr\u00e9ter tels quels. On remarque toutefois que certains pics sont pr\u00e9sent, comme le th\u00e8me des conflits en septembre 1944. Nous pensons que ce genre de pics peut repr\u00e9senter un \u00e9v\u00e9nement qui a \u00e9t\u00e9 beaucoup couvert par la <i>Gazette de Lausanne <\/i>et avons donc voulu faire une analyse uniquement pour ce mois-ci, cette fois-ci pour tous les jours du mois (fig. 2).<\/p>\n<p>Sur la figure 2, on constate que le nombre de groupes a diminu\u00e9 et aussi que le groupe \u201cConflit\u201d de la figure 1 a \u00e9t\u00e9 divis\u00e9 en deux parties, l\u2019une plus centr\u00e9e sur la Seconde Guerre mondiale en France et l\u2019autre avec des mots se r\u00e9f\u00e9rant plus \u00e0 l\u2019URSS et au communisme.<\/p>\n<p>&nbsp;<\/p>\n<figure id=\"attachment_575\" aria-describedby=\"caption-attachment-575\" style=\"width: 656px\" class=\"wp-caption aligncenter\"><a href=\"https:\/\/wp.unil.ch\/histoireparlesdonnees\/les-travaux\/les-relations-internationales-de-la-suisse-dans-la-une-de-deux-journaux-liberaux-romands\/methodologie\/9_chd_sept44\/\" rel=\"attachment wp-att-575\"><img alt=\"\" loading=\"lazy\" decoding=\"async\" class=\"size-full wp-image-575\" src=\"https:\/\/wp.unil.ch\/histoireparlesdonnees\/files\/2017\/05\/9_chd_sept44.png\" alt=\"\" width=\"656\" height=\"433\" srcset=\"https:\/\/wp.unil.ch\/histoireparlesdonnees\/files\/2017\/05\/9_chd_sept44.png 656w, https:\/\/wp.unil.ch\/histoireparlesdonnees\/files\/2017\/05\/9_chd_sept44-300x198.png 300w\" sizes=\"auto, (max-width: 656px) 100vw, 656px\" \/><\/a><figcaption id=\"caption-attachment-575\" class=\"wp-caption-text\">Fig. 2 M\u00e9thode de Reinert sur les Unes de la GDL, en septembre 1944.<\/figcaption><\/figure>\n<p>&nbsp;<\/p>\n<p>L\u2019analyse sur toute notre p\u00e9riode nous permet de d\u00e9terminer des tendances mais pas de d\u00e9celer de subtiles variations localis\u00e9es sur de courts intervalles de temps. A partir des graphiques obtenus, nous nous penchons donc sur certains pics afin d&#8217;effectuer une analyse plus pouss\u00e9e. Par exemple, on remarque que les 2 et 16 septembre 1944, le groupe que nous avons d\u00e9cid\u00e9 d\u2019appeler \u201cLib\u00e9ration de la France\u201d est ici largement majoritaire, nous pouvons donc nous baser directement sur les pages scann\u00e9es correspondantes dans la base de donn\u00e9e sur le site du <i>Temps<\/i>, ceci afin de d\u00e9terminer quels sont le types d\u2019informations qui sont les plus pr\u00e9sents en Unes.<\/p>\n<p>De plus, nous avons utilis\u00e9 plus de classes dans l&#8217;interpr\u00e9tation; en effet, la faible quantit\u00e9 de classes utilis\u00e9es dans les analyses pr\u00e9c\u00e9dentes ne permet pas d\u2019obtenir des r\u00e9sultat assez pr\u00e9cis pour en tirer des conclusions.<\/p>\n<p style=\"text-align: right\"><a href=\"https:\/\/wp.unil.ch\/histoireparlesdonnees\/les-travaux\/les-relations-internationales-de-la-suisse-dans-la-une-de-deux-journaux-liberaux-romands\/interpretation\/\">-&gt;<\/a><\/p>\n","protected":false},"excerpt":{"rendered":"<p>Table des mati\u00e8res Introduction M\u00e9thodologie Interpr\u00e9tation Comparaison entre les deux journaux Zoom sur les classes Comparaison avec le reste du journal Comparaison avec un journal socialiste Difficult\u00e9s Conclusion Bibliographie &nbsp; Afin de r\u00e9pondre \u00e0 la probl\u00e9matique pos\u00e9e en introduction, nous<\/p>\n","protected":false},"author":1001264,"featured_media":0,"parent":40,"menu_order":2,"comment_status":"closed","ping_status":"closed","template":"","meta":{"_seopress_robots_primary_cat":"","_seopress_titles_title":"","_seopress_titles_desc":"","_seopress_robots_index":"","footnotes":""},"class_list":["post-557","page","type-page","status-publish"],"_links":{"self":[{"href":"https:\/\/wp.unil.ch\/histoireparlesdonnees\/wp-json\/wp\/v2\/pages\/557","targetHints":{"allow":["GET"]}}],"collection":[{"href":"https:\/\/wp.unil.ch\/histoireparlesdonnees\/wp-json\/wp\/v2\/pages"}],"about":[{"href":"https:\/\/wp.unil.ch\/histoireparlesdonnees\/wp-json\/wp\/v2\/types\/page"}],"author":[{"embeddable":true,"href":"https:\/\/wp.unil.ch\/histoireparlesdonnees\/wp-json\/wp\/v2\/users\/1001264"}],"replies":[{"embeddable":true,"href":"https:\/\/wp.unil.ch\/histoireparlesdonnees\/wp-json\/wp\/v2\/comments?post=557"}],"version-history":[{"count":0,"href":"https:\/\/wp.unil.ch\/histoireparlesdonnees\/wp-json\/wp\/v2\/pages\/557\/revisions"}],"up":[{"embeddable":true,"href":"https:\/\/wp.unil.ch\/histoireparlesdonnees\/wp-json\/wp\/v2\/pages\/40"}],"wp:attachment":[{"href":"https:\/\/wp.unil.ch\/histoireparlesdonnees\/wp-json\/wp\/v2\/media?parent=557"}],"curies":[{"name":"wp","href":"https:\/\/api.w.org\/{rel}","templated":true}]}}