{"id":49,"date":"2017-02-27T10:23:38","date_gmt":"2017-02-27T09:23:38","guid":{"rendered":"http:\/\/wp.unil.ch\/histoireparlesdonnees\/?page_id=49"},"modified":"2017-05-31T18:33:14","modified_gmt":"2017-05-31T16:33:14","slug":"historique-de-la-presse-romande","status":"publish","type":"page","link":"https:\/\/wp.unil.ch\/histoireparlesdonnees\/les-travaux\/les-relations-internationales-de-la-suisse-dans-la-une-de-deux-journaux-liberaux-romands\/historique-de-la-presse-romande\/","title":{"rendered":"Introduction"},"content":{"rendered":"<h3>Table des mati\u00e8res<\/h3>\n<ul>\n<li><a href=\"https:\/\/wp.unil.ch\/histoireparlesdonnees\/les-travaux\/les-relations-internationales-de-la-suisse-dans-la-une-de-deux-journaux-liberaux-romands\/historique-de-la-presse-romande\/\">Introduction<\/a><\/li>\n<li><a href=\"https:\/\/wp.unil.ch\/histoireparlesdonnees\/les-travaux\/les-relations-internationales-de-la-suisse-dans-la-une-de-deux-journaux-liberaux-romands\/methodologie\/\">M\u00e9thodologie<\/a><\/li>\n<li><a href=\"https:\/\/wp.unil.ch\/histoireparlesdonnees\/les-travaux\/les-relations-internationales-de-la-suisse-dans-la-une-de-deux-journaux-liberaux-romands\/interpretation\/\">Interpr\u00e9tation<\/a>\n<ul>\n<li><a href=\"https:\/\/wp.unil.ch\/histoireparlesdonnees\/les-travaux\/les-relations-internationales-de-la-suisse-dans-la-une-de-deux-journaux-liberaux-romands\/interpretation\/comparaison-entre-les-deux-journaux\/\">Comparaison entre les deux journaux<\/a><\/li>\n<li><a href=\"https:\/\/wp.unil.ch\/histoireparlesdonnees\/les-travaux\/les-relations-internationales-de-la-suisse-dans-la-une-de-deux-journaux-liberaux-romands\/interpretation\/zoom-sur-les-classes\/\">Zoom sur les classes<\/a><\/li>\n<li><a href=\"https:\/\/wp.unil.ch\/histoireparlesdonnees\/les-travaux\/les-relations-internationales-de-la-suisse-dans-la-une-de-deux-journaux-liberaux-romands\/interpretation\/comparaison-avec-le-reste-du-journal\/\">Comparaison avec le reste du journal<\/a><\/li>\n<li><a href=\"https:\/\/wp.unil.ch\/histoireparlesdonnees\/les-travaux\/les-relations-internationales-de-la-suisse-dans-la-une-de-deux-journaux-liberaux-romands\/interpretation\/comparaison-avec-un-journal-socialiste\/\">Comparaison avec un journal socialiste<\/a><\/li>\n<li><a href=\"https:\/\/wp.unil.ch\/histoireparlesdonnees\/les-travaux\/les-relations-internationales-de-la-suisse-dans-la-une-de-deux-journaux-liberaux-romands\/interpretation\/difficultes\/\">Difficult\u00e9s<\/a><\/li>\n<li><a href=\"https:\/\/wp.unil.ch\/histoireparlesdonnees\/les-travaux\/les-relations-internationales-de-la-suisse-dans-la-une-de-deux-journaux-liberaux-romands\/interpretation\/conclusion\/\">Conclusion<\/a><\/li>\n<\/ul>\n<\/li>\n<li><a href=\"https:\/\/wp.unil.ch\/histoireparlesdonnees\/les-travaux\/les-relations-internationales-de-la-suisse-dans-la-une-de-deux-journaux-liberaux-romands\/bibliographie\/\">Bibliographie<\/a><\/li>\n<\/ul>\n<h1>Historique de la presse romande<\/h1>\n<p>Afin de mieux comprendre le contexte dans lequel \u00e9voluent nos deux journaux, nous commen\u00e7ons par faire un bref historique de la presse durant notre p\u00e9riode d\u2019analyse, de 1939 \u00e0 1999.<\/p>\n<p>Apr\u00e8s la Premi\u00e8re Guerre mondiale, les petits journaux souffrent financi\u00e8rement mais ceux ayant plus de moyens pour relayer les informations internationales se d\u00e9veloppent, notamment en se vendant en France. A cette \u00e9poque, la presse est divis\u00e9e en deux types, la presse d\u2019information, lue par un public populaire et la presse d\u2019opinion avec un public consid\u00e9r\u00e9 comme plus \u00e9litiste. Durant les ann\u00e9es 1930, on assiste \u00e0 une forte opposition entre journaux de diff\u00e9rents bords politiques et les journaux neutres se politisent. La presse est, apr\u00e8s la Seconde Guerre mondiale, majoritairement une presse d\u2019opinion, politiquement engag\u00e9e.<\/p>\n<p>La Suisse offre une grande quantit\u00e9 de journaux quotidiens, c\u2019est-\u00e0-dire des journaux paraissant au moins cinq fois par semaine, malgr\u00e9 sa petite taille. En effet, en 1975, la Suisse recensait 116 quotidiens contre 97 pour la France ou encore 73 pour l\u2019Italie. Au vu des fronti\u00e8res linguistiques qui font obstacle \u00e0 la diffusion nationale, la presse suisse est d\u00e9centralis\u00e9e et se distribue r\u00e9gionalement et localement.<\/p>\n<p>&nbsp;<\/p>\n<h1>Historique du corpus<\/h1>\n<p>Le <i>Journal de Gen\u00e8ve<\/i> et la <i>Gazette de Lausanne<\/i> sont des journaux de tendance lib\u00e9rale. La GDL est l\u2019un des plus vieux quotidiens suisses, cr\u00e9\u00e9 en 1798. Il est aussi connu \u00e0 l\u2019international, principalement en France o\u00f9 il fut publi\u00e9 jusque peu apr\u00e8s la Deuxi\u00e8me Guerre mondiale. Le JDG a \u00e9t\u00e9 cr\u00e9\u00e9 le 6 Janvier 1826.<\/p>\n<p>En 1985, le nombre de tirages des journaux en Suisse s\u2019\u00e9levait \u00e0 2 660 000, dont seulement 540 000 en Suisse romande. Nos deux quotidiens produisent un nombre de tirage r\u00e9duit en comparaison avec les journaux les plus d\u00e9velopp\u00e9s de leur r\u00e9gions respectives, soit le <i>24 Heures<\/i> (96 850 tirages contre 9 700 pour la GDL) dans le canton de Vaud et La Suisse (69 800 tirages contre 19 900 pour le JDG) dans le canton de Gen\u00e8ve.<\/p>\n<p>A partir de 1972, la <i>Gazette de Lausanne<\/i> est victime de grosses difficult\u00e9s financi\u00e8res et est sauv\u00e9e par le d\u00e9but de la collaboration avec le <i>Journal de Gen\u00e8ve<\/i>. Dans un premier temps, cette collaboration concerne uniquement les pages financi\u00e8res et \u00e9conomiques, puis \u00e9volue vers un accord d\u2019affermage le 1er Juillet 1976. Par cons\u00e9quent, depuis cette p\u00e9riode, la majorit\u00e9 des articles, et donc des Unes, sont identiques entre les deux journaux. En 1975, le <i>Journal de Gen\u00e8ve<\/i> et la <i>Gazette de Lausanne<\/i> se vendaient majoritairement \u00e0 leurs abonn\u00e9s, ce qui repr\u00e9sentait 80% des ventes.<\/p>\n<p>&nbsp;<\/p>\n<h1>Caract\u00e9ristiques et r\u00f4les de la Une<\/h1>\n<p>La Une correspond \u00e0 la premi\u00e8re page d\u2019un journal. De ce fait, elle permet de renseigner sur le contenu de ce dernier et doit \u00eatre suffisamment interpellante pour motiver son achat. C\u2019est durant la seconde moiti\u00e9 du 20<sup>e <\/sup>si\u00e8cle que les Unes des journaux commenc\u00e8rent \u00e0 se d\u00e9marquer des autres pages, \u00e0 un tel point que certains journaux d\u00e9cid\u00e8rent de publier des int\u00e9grales de leurs Unes, notamment le <i>New York Times<\/i> qui a regroup\u00e9 toutes ses Unes depuis sa cr\u00e9ation, en 1851, jusqu\u2019en 2009.<\/p>\n<p>Nos deux journaux ob\u00e9issent \u00e0 cette tendance : durant notre p\u00e9riode d&#8217;\u00e9tude, leurs Unes se modifient. D\u2019abord pour permettre une hi\u00e9rarchisation plus pouss\u00e9e de l\u2019information, puis, \u00e0 partir des ann\u00e9es 1980, pour accommoder un nombre croissant d\u2019images. Ainsi, le nombre de mots composant la Une est presque divis\u00e9 par trois en 45 ans, passant de plus de 4000 \u00e0 1500 mots en moyenne.<\/p>\n<p>La Une d\u2019un journal se caract\u00e9rise par plusieurs parties et poss\u00e8de une structure diff\u00e9rente des autres pages du journal. On retrouve notamment le bandeau, contenant entre autres le nom du journal, il y a aussi la manchette, servant \u00e0 attirer l\u2019attention du lecteur sur un th\u00e8me en particulier et comprenant le titre du jour. On retrouve sur les Unes les informations principales du jour, prenant plus ou moins de place suivant l\u2019importance de celles-ci. Il peut m\u00eame arriver qu\u2019un sujet extr\u00eamement important recouvre la majorit\u00e9 de la Une, mais g\u00e9n\u00e9ralement les journaux essaient de conserver un aspect homog\u00e8ne entre les diff\u00e9rents num\u00e9ros afin de respecter leur l\u2019identit\u00e9 visuelle. En effet, une fonction tr\u00e8s importante des Unes est de permettre aux potentiels lecteurs de reconna\u00eetre au premier regard de quel journal il s\u2019agit.<\/p>\n<p style=\"text-align: right\"><a href=\"https:\/\/wp.unil.ch\/histoireparlesdonnees\/les-travaux\/les-relations-internationales-de-la-suisse-dans-la-une-de-deux-journaux-liberaux-romands\/methodologie\/\">-&gt;<\/a><\/p>\n","protected":false},"excerpt":{"rendered":"<p>Table des mati\u00e8res Introduction M\u00e9thodologie Interpr\u00e9tation Comparaison entre les deux journaux Zoom sur les classes Comparaison avec le reste du journal Comparaison avec un journal socialiste Difficult\u00e9s Conclusion Bibliographie Historique de la presse romande Afin de mieux comprendre le contexte<\/p>\n","protected":false},"author":1001264,"featured_media":0,"parent":40,"menu_order":1,"comment_status":"closed","ping_status":"closed","template":"","meta":{"_seopress_robots_primary_cat":"","_seopress_titles_title":"","_seopress_titles_desc":"","_seopress_robots_index":"","footnotes":""},"class_list":["post-49","page","type-page","status-publish"],"_links":{"self":[{"href":"https:\/\/wp.unil.ch\/histoireparlesdonnees\/wp-json\/wp\/v2\/pages\/49","targetHints":{"allow":["GET"]}}],"collection":[{"href":"https:\/\/wp.unil.ch\/histoireparlesdonnees\/wp-json\/wp\/v2\/pages"}],"about":[{"href":"https:\/\/wp.unil.ch\/histoireparlesdonnees\/wp-json\/wp\/v2\/types\/page"}],"author":[{"embeddable":true,"href":"https:\/\/wp.unil.ch\/histoireparlesdonnees\/wp-json\/wp\/v2\/users\/1001264"}],"replies":[{"embeddable":true,"href":"https:\/\/wp.unil.ch\/histoireparlesdonnees\/wp-json\/wp\/v2\/comments?post=49"}],"version-history":[{"count":0,"href":"https:\/\/wp.unil.ch\/histoireparlesdonnees\/wp-json\/wp\/v2\/pages\/49\/revisions"}],"up":[{"embeddable":true,"href":"https:\/\/wp.unil.ch\/histoireparlesdonnees\/wp-json\/wp\/v2\/pages\/40"}],"wp:attachment":[{"href":"https:\/\/wp.unil.ch\/histoireparlesdonnees\/wp-json\/wp\/v2\/media?parent=49"}],"curies":[{"name":"wp","href":"https:\/\/api.w.org\/{rel}","templated":true}]}}