{"id":390,"date":"2017-05-24T18:34:42","date_gmt":"2017-05-24T16:34:42","guid":{"rendered":"http:\/\/wp.unil.ch\/histoireparlesdonnees\/?page_id=390"},"modified":"2017-05-24T18:52:25","modified_gmt":"2017-05-24T16:52:25","slug":"exemples-articles-indesirables","status":"publish","type":"page","link":"https:\/\/wp.unil.ch\/histoireparlesdonnees\/les-travaux\/limportance-de-la-chine-dans-la-presse-liberale-romande-au-xxe-siecle\/exemples-articles-indesirables\/","title":{"rendered":"Exemples d&#8217;articles ind\u00e9sirables"},"content":{"rendered":"<div style=\"background-color: #eee;padding: 20px 20px;margin: 10px;float: right;width: 300px\">\n<h1 style=\"font-size: 20px;line-height: normal\">L\u2019importance de la Chine dans la presse lib\u00e9rale romande au XXe si\u00e8cle<\/h1>\n<ul style=\"margin-bottom: 0;padding-bottom: 0\">\n<li><a href=\"https:\/\/wp.unil.ch\/histoireparlesdonnees\/les-travaux\/limportance-de-la-chine-dans-la-presse-liberale-romande-au-xxe-siecle\/\">Introduction<\/a><\/li>\n<li><a href=\"https:\/\/wp.unil.ch\/histoireparlesdonnees\/les-travaux\/limportance-de-la-chine-dans-la-presse-liberale-romande-au-xxe-siecle\/contexte-historique\/\">Contexte historique<\/a><\/li>\n<li><a href=\"https:\/\/wp.unil.ch\/histoireparlesdonnees\/les-travaux\/limportance-de-la-chine-dans-la-presse-liberale-romande-au-xxe-siecle\/methodologie\/\">M\u00e9thodologie digitale<\/a><\/li>\n<li><a href=\"https:\/\/wp.unil.ch\/histoireparlesdonnees\/les-travaux\/limportance-de-la-chine-dans-la-presse-liberale-romande-au-xxe-siecle\/interpretation-des-resultats\/\">Interpr\u00e9tation des r\u00e9sultats<\/a><\/li>\n<li>Exemples d\u2019articles ind\u00e9sirables<\/li>\n<\/ul>\n<\/div>\n<p>Voici une liste non exhaustive d&#8217;articles que l&#8217;on consid\u00e8re comme ind\u00e9sirables ainsi que les moyens de les d\u00e9tecter.<\/p>\n<ol>\n<li style=\"list-style-type: none\">\n<ol>\n<li>Indices boursiers :\n<ul>\n<li>D\u00e9butent par : &#8220;<span style=\"font-size: small\">BOURS E D E GEN\u00c8V E LAUSANNE<\/span>&#8220;;<\/li>\n<li>Contiennent beaucoup de chiffres et de symbols sp\u00e9ciaux.<\/li>\n<\/ul>\n<p>Exemple du 25 mai 1985, page 14\u00a0:<br \/>\n<small> SUISSE GEN\u00c8VE Adi a Affichag e N Affichag e b. i. Alusuiss e P Alusuiss e B Alusuiss e N Baiois e N Baloise B BB C BBC B BBC N BP S BPS B BSI P Buehrl e B Buehrl e N Buehrl e P Charmille s A Charmille s B Cib a Ciy B Ciba-G y N Ciba-Gy P Cossona y Cred. Immo b CS N CS P Degross. d&#8217;O r Dubie d B Dubie d N Eau x Arv e Floklrowal l Fin. Press e Gard y Genevoise-Vi e Gran d Passag e Herm\u00e8 s P Kerm\u00e8 s N Holde r P Holder N Interdiscoun t Interswis s Italo-suiss e Ja c Suchar d B P Ja c Suchar d N Ja c Suchar d P Jelmol i Landi s N Landi s B P Nesll e P Nestl \u00e9 N Pariba s C H Parges a Perro t Duva l Publicita s Rinso z N Sando z B P Sando z N Sandoz P SBS B SBS N SBS P SGSbo n SGSno m Sla t SIBR A N SIBR A P SIP N SIP P Sogene r N Sogene r P Sopafi n Sulze r B Sulze r N Swissai r N Swissai r P UB S UBS B UBS N W&#8217;thu r B Wthu r N W&#8217;thu r P Zschokk e N Zschokk e P Zuric h P Zuric h N Zuric h B Zym a N 2 1 2 4 302 0 302 0 48 5 47 5 75 0 7401 80 0 8051 73.5 736 28 5 282 d 80 0 mo d 177 0 1775 0 173 5 174 6 29 0 267 d 29 5 300 o 169 0 189 0 167 Ihtkl 265 0 2625 d 37 8 37 0 33 2 32 3 152 5 152 5 60 0 \u00ab OUI 12 8 12 8 246 0 251 0 134 5 135 5 311 0 312 0 169 0 17001 47 4 51 5 51 7 273 0 275 0 30 0 31 0 26 0 270 1 392 5 281 0 281 0 27 8 27 9 5 8 55 d 415 0 4150 d 72 0 43 5 42 0 10 7 11 0 77 0 77 0 66 0 229 0 227 0 16 2 18 2 24 7 25 3 64 0 68 0 135 0 1350 d 607 5 612 0 237 5 235 0 183 0 182 5 185.5 18 5 625 0 632 0 328 0 328 0 42 5 415 d 144 0 145 5 3575 0 3525 0 347 5 339 0 50 0 4601 139 0 138 0 283 0 284 5 845 0 8325 d 37 4 37 4 31 1 31 2 4<\/small><\/li>\n<li>Horaires de cin\u00e9ma :\n<ul>\n<li>Contiennent beaucoup de chiffres : des horaires, des \u00e2ges;<\/li>\n<li>Contiennent des noms de cin\u00e9mas.<\/li>\n<\/ul>\n<p>Exemple du 6 septembre 1997, page 42 :<br \/>\n<small>GEN\u00c8VE H\u00e9ro\u00efnes, de G\u00e9rard Krawczyk, av. Virginie Ledoyen, Marie Lafor\u00eat ; (12 \/ 12 ans) p. fr. 14.30, 17.00, 19.30, 22.00. 40-42. r. du Rh\u00f4ne. 156 5156 ARCADES Kama Sutra, de Mira Nair, av. Indira Vanna, Sarila Choudhury ; (16 \/ 16 ans) v. o. 14.00, 22.00. Broken Silence (Silence bris\u00e9) de Wolfgang Panzer, av. Martin Huber ; (7 \/ 12 ans) v. o. 16.00, 20.00. Accro \u00e0 l&#8217;amour (Addicted to Love) de Griffln Dunne, av. Matthew Broderick, Meg Ryan ; (7 \/ 10 ans) v. o. 18.10. PI. du March\u00e9, Carouge, 3420867 BIP 72 L&#8217;h\u00e9ritage de la haine (The Chamber) de James Foley, av. G\u00e8ne Hackman ; (12 \/ 14 ans) p. fr. 14.00, 16.30, 21.00, v. o. 18.40 ; s\u00e9ance suppl. ve \/ sa v. o. 23.30. 22. r. du Cendrier. 73115 80 BROADWAY<\/small><\/li>\n<li>Les articles d&#8217;avant 1900 :<br \/>\nNotre solution consiste en omettre les articles ant\u00e9rieurs \u00e0 1890.<br \/>\nExemple du 18 septembre 1859, page 3 :<br \/>\n<small>-&#8216;~. N&#8217;S} l, J ! i ~ TRR 1 \\~. ll ~. LOXDIl. ES, 15 sep \/ embu :. (COI&#8217;I&#8217;, pa ! &#8216;L du JOil 1 &#8216;ilai de Gen\u00e8ur, _ c Les nonvellps de Chino que nous venons de l&#8217;ecevoil&#8217;Cull-! il&#8217;lllcnt tout : \\ J&#8217;ail ! i \\ 3 ddai ! s dnl 1 n\u00e9s pal&#8217;le l\u00e9l (: gl&#8217; :: phr. Slit&#8217;l&#8217;, ~ xplosion de la,&#8217;;[ 111&#8217;1&#8242;(&#8216;, Eiks nOIlS fOlli voir d :. lIls le (! t ! S ; lS- &#8221; tre du P ,. &#8216;\u00ef-ho, le ~ : ; i ! lllllf&#8217;il (&#8216;, enll &#8216;&#8221; i 1 t d&#8217;une lulle plus dang (, r ~ &#8216;usc qtle l : dlf : qUI vient de s acJwvcl&#8217;, Ii paf&#8217; ! J\u00eet. \u00e9vident anjollrd&#8217;hui que l&#8217;empcrclII&#8217;de la Chine Il&#8217;a jamais conelll s\u00e9l&#8217;i ,, ! u- sement hl paix, La sig&#8217;ilal\u00fcre qu&#8217;il a&#8217;dOlln\u00e9c au trait\u00e9 de P\u00e9kin n&#8217;\u00e9tait qu&#8217;une feinte d (~ stin\u00f4e \u00e0 I ! : lanel&#8217;du h : illp ~. ot,&#8217;. &#8221; ; -, &#8216;cl il lia jall 1 ;\\ Is donne sa p ; lI&#8217;ok que dans 10 but de la ll&#8217;ahil&#8217;. La Yl&#8217;ai \\~ cause dll d \/! bastl&#8217;C que &#8230;-ii : Ulleni, d&#8217;\u00e9pronvcl&#8217;les Allglaj ~ a d\u00e9 leu !&#8217; l : uniiance dans la bOl\u00eeUfl foi de leurs en-Bemis, Ils<\/small><\/li>\n<li>Les d\u00e9p\u00eaches internationales :<br \/>\nContiennent les expressions \u00ab\u00a0derni\u00e8re minute\u00a0\u00bb r\u00e9p\u00e9t\u00e9s ou \u00ab\u00a0d\u00e9p\u00eache internationales\u00a0\u00bb dans le titre.<br \/>\nExemple du 12 ao\u00fbt 1878, page 10 :<br \/>\n<small>DERNI\u00c8RE MINUTE DERNI\u00c8RE MINUTE DERNI\u00c8RE MINUTE Un bombardier s&#8217;\u00e9crase dans la banlieue de Chicago Northbrook (Illinois), 11 .- (AFP \/ SET) Un bombardier britannique du type \u00ab Vulcan \u00bb a pris feu en vol et s&#8217;est \u00e9cras\u00e9 vendredi dans la banlieue de Chicago. Selon la police, il n&#8217;y a aucun survivant parmi l&#8217;\u00e9quipage, probablement au nombre de cinq personnes Iran : \u00e9meutes \u00e0 Ispahan T\u00e9h\u00e9ran, 11 .- (AFP) Trois journ\u00e9es d&#8217;\u00e9meutes depuis mercredi ont caus\u00e9 des d\u00e9g\u00e2ts consid\u00e9rables \u00e0 Ispahan, la capitale historique de l&#8217;Iran, \u00e0 en juger par le reportage t\u00e9l\u00e9vis\u00e9 diffus\u00e9 vendredi soir \u00e0 T\u00e9h\u00e9ran.<\/small><\/li>\n<li>Les num\u00e9ros utiles :\n<ul>\n<li>Contiennent des noms tels que \u00ab\u00a0urgence\u00a0\u00bb, \u00ab\u00a0pharmacie\u00a0\u00bb, \u00ab\u00a0garde\u00a0\u00bb, \u00ab\u00a0commercial\u00a0\u00bb en m\u00eame temps;<\/li>\n<li>Contiennent des horaires et des num\u00e9ros pr\u00e9cis (144, 117, etc.)<\/li>\n<\/ul>\n<p><small>GEN\u00c8VE URGENCES Pharmacies de garde : du 5 octobre \u00e0 8.00 au 12 octobre \u00e0 8.00. jusqu&#8217;\u00e0 21.00 : Pharmacie Bichsel 1, place du March\u00e9, Ca rouge, \u00a9 342 00 44. Pharmacie du Centre Commercial Caroll 18 A, chemin de la Caroline, Petit-Lancy, \u00a9 792 86 66. jusqu&#8217;\u00e0 23.00 : Pharmacie des Alpes 17, rue des Alpes, \u00a9 7322780. Pharmacie de Florissant 18, route de Florissant, \u00a9 346 05 24. D\u00e8s 23.00 : Urgence seulement : \u00a9 111 ou 144. Livraisons urgentes de m\u00e9dicaments : ap pelez une des pharmacies de garde. Chaque nuit de 19.00 \u00e0 8.00 et tout le week-end. Taxe de nuit Fr. 10. \u2014, d\u00e8s la fermeture effective de la pharmacie.<\/small><\/li>\n<\/ol>\n<\/li>\n<\/ol>\n","protected":false},"excerpt":{"rendered":"<p>L\u2019importance de la Chine dans la presse lib\u00e9rale romande au XXe si\u00e8cle Introduction Contexte historique M\u00e9thodologie digitale Interpr\u00e9tation des r\u00e9sultats Exemples d\u2019articles ind\u00e9sirables Voici une liste non exhaustive d&#8217;articles que l&#8217;on consid\u00e8re comme ind\u00e9sirables ainsi que les moyens de les<\/p>\n","protected":false},"author":1001264,"featured_media":0,"parent":24,"menu_order":30,"comment_status":"closed","ping_status":"closed","template":"","meta":{"_seopress_robots_primary_cat":"","_seopress_titles_title":"","_seopress_titles_desc":"","_seopress_robots_index":"","footnotes":""},"class_list":["post-390","page","type-page","status-publish"],"_links":{"self":[{"href":"https:\/\/wp.unil.ch\/histoireparlesdonnees\/wp-json\/wp\/v2\/pages\/390","targetHints":{"allow":["GET"]}}],"collection":[{"href":"https:\/\/wp.unil.ch\/histoireparlesdonnees\/wp-json\/wp\/v2\/pages"}],"about":[{"href":"https:\/\/wp.unil.ch\/histoireparlesdonnees\/wp-json\/wp\/v2\/types\/page"}],"author":[{"embeddable":true,"href":"https:\/\/wp.unil.ch\/histoireparlesdonnees\/wp-json\/wp\/v2\/users\/1001264"}],"replies":[{"embeddable":true,"href":"https:\/\/wp.unil.ch\/histoireparlesdonnees\/wp-json\/wp\/v2\/comments?post=390"}],"version-history":[{"count":0,"href":"https:\/\/wp.unil.ch\/histoireparlesdonnees\/wp-json\/wp\/v2\/pages\/390\/revisions"}],"up":[{"embeddable":true,"href":"https:\/\/wp.unil.ch\/histoireparlesdonnees\/wp-json\/wp\/v2\/pages\/24"}],"wp:attachment":[{"href":"https:\/\/wp.unil.ch\/histoireparlesdonnees\/wp-json\/wp\/v2\/media?parent=390"}],"curies":[{"name":"wp","href":"https:\/\/api.w.org\/{rel}","templated":true}]}}