{"id":308,"date":"2017-05-24T17:37:12","date_gmt":"2017-05-24T15:37:12","guid":{"rendered":"http:\/\/wp.unil.ch\/histoireparlesdonnees\/?page_id=308"},"modified":"2017-05-24T17:55:48","modified_gmt":"2017-05-24T15:55:48","slug":"conclusion","status":"publish","type":"page","link":"https:\/\/wp.unil.ch\/histoireparlesdonnees\/les-travaux\/traitement-mediatique-de-la-neutralite-suisse\/conclusion\/","title":{"rendered":"Conclusion"},"content":{"rendered":"<p><a href=\"https:\/\/wp.unil.ch\/histoireparlesdonnees\/les-travaux\/traitement-mediatique-de-la-neutralite-suisse\/\">Introduction<\/a> <strong>\u00b7<\/strong> <a href=\"https:\/\/wp.unil.ch\/histoireparlesdonnees\/les-travaux\/traitement-mediatique-de-la-neutralite-suisse\/corpus-et-bibliographie\/\">Corpus<\/a> <strong>\u00b7<\/strong> <a href=\"https:\/\/wp.unil.ch\/histoireparlesdonnees\/les-travaux\/traitement-mediatique-de-la-neutralite-suisse\/methodologie\/\">M\u00e9thodologie<\/a> <strong>\u00b7<\/strong> <a href=\"https:\/\/wp.unil.ch\/histoireparlesdonnees\/les-travaux\/traitement-mediatique-de-la-neutralite-suisse\/resultats\/\">R\u00e9sultats<\/a> <strong>\u00b7<\/strong> <a href=\"https:\/\/wp.unil.ch\/histoireparlesdonnees\/les-travaux\/traitement-mediatique-de-la-neutralite-suisse\/interpretation\/\">Interpr\u00e9tation<\/a> <strong>\u00b7<\/strong> <a href=\"https:\/\/wp.unil.ch\/histoireparlesdonnees\/les-travaux\/traitement-mediatique-de-la-neutralite-suisse\/avantages-et-limites\/\">Avantages et limites<\/a> <strong>\u00b7<\/strong> <a href=\"https:\/\/wp.unil.ch\/histoireparlesdonnees\/les-travaux\/traitement-mediatique-de-la-neutralite-suisse\/conclusion\/\">Conclusion<\/a><\/p>\n<p>Nous avons \u00e9tudi\u00e9 le traitement m\u00e9diatique de la neutralit\u00e9 suisse pendant la Guerre froide en appliquant des m\u00e9thodes statistiques sur un corpus couvrant toute cette p\u00e9riode. Au niveau de l\u2019analyse, les mots-cl\u00e9s des articles dans les journaux que nous \u00e9tudions paraissent fortement corr\u00e9l\u00e9s avec les \u00e9v\u00e9nements importants li\u00e9s \u00e0 la politique de neutralit\u00e9. Plusieurs th\u00e8mes comme l\u2019Europe et la d\u00e9fense ont pu \u00eatre relev\u00e9s comme les grands th\u00e8mes li\u00e9s \u00e0 la politique de neutralit\u00e9. Nous constatons ensuite une diversification de ces th\u00e8mes vers la fin de la Guerre froide ce qui est justifi\u00e9 par un gouvernement suisse de plus en plus actif dans les affaires internationales. Au niveau de la m\u00e9thodologie, la principale difficult\u00e9 de nos \u00e9tudes rel\u00e8ve du conflit entre l\u2019intuition personnelle, donc subjective, et les formules math\u00e9matiques objectives. Nous avons choisi les m\u00e9thodes et les param\u00e8tres de mani\u00e8re \u00e0 produire de bons r\u00e9sultats tout en tenant compte du temps de calcul, de la qualit\u00e9 de notre source et des autres difficult\u00e9s pr\u00e9sent\u00e9es pr\u00e9c\u00e9demment. Mais comme dit le proverbe chinois : \u00ab On trouve mille Hamlet diff\u00e9rents dans un millier de regards \u00bb. Il se peut que d\u2019autres m\u00e9thodes aboutissent \u00e0 des r\u00e9sultats bien distincts des n\u00f4tres.<\/p>\n","protected":false},"excerpt":{"rendered":"<p>Introduction \u00b7 Corpus \u00b7 M\u00e9thodologie \u00b7 R\u00e9sultats \u00b7 Interpr\u00e9tation \u00b7 Avantages et limites \u00b7 Conclusion Nous avons \u00e9tudi\u00e9 le traitement m\u00e9diatique de la neutralit\u00e9 suisse pendant la Guerre froide en appliquant des m\u00e9thodes statistiques sur un corpus couvrant toute cette<\/p>\n","protected":false},"author":1001264,"featured_media":0,"parent":138,"menu_order":5,"comment_status":"closed","ping_status":"closed","template":"","meta":{"_seopress_robots_primary_cat":"","_seopress_titles_title":"","_seopress_titles_desc":"","_seopress_robots_index":"","footnotes":""},"class_list":["post-308","page","type-page","status-publish"],"_links":{"self":[{"href":"https:\/\/wp.unil.ch\/histoireparlesdonnees\/wp-json\/wp\/v2\/pages\/308","targetHints":{"allow":["GET"]}}],"collection":[{"href":"https:\/\/wp.unil.ch\/histoireparlesdonnees\/wp-json\/wp\/v2\/pages"}],"about":[{"href":"https:\/\/wp.unil.ch\/histoireparlesdonnees\/wp-json\/wp\/v2\/types\/page"}],"author":[{"embeddable":true,"href":"https:\/\/wp.unil.ch\/histoireparlesdonnees\/wp-json\/wp\/v2\/users\/1001264"}],"replies":[{"embeddable":true,"href":"https:\/\/wp.unil.ch\/histoireparlesdonnees\/wp-json\/wp\/v2\/comments?post=308"}],"version-history":[{"count":0,"href":"https:\/\/wp.unil.ch\/histoireparlesdonnees\/wp-json\/wp\/v2\/pages\/308\/revisions"}],"up":[{"embeddable":true,"href":"https:\/\/wp.unil.ch\/histoireparlesdonnees\/wp-json\/wp\/v2\/pages\/138"}],"wp:attachment":[{"href":"https:\/\/wp.unil.ch\/histoireparlesdonnees\/wp-json\/wp\/v2\/media?parent=308"}],"curies":[{"name":"wp","href":"https:\/\/api.w.org\/{rel}","templated":true}]}}