{"id":289,"date":"2017-05-24T17:36:52","date_gmt":"2017-05-24T15:36:52","guid":{"rendered":"http:\/\/wp.unil.ch\/histoireparlesdonnees\/?page_id=289"},"modified":"2017-05-24T17:56:26","modified_gmt":"2017-05-24T15:56:26","slug":"avantages-et-limites","status":"publish","type":"page","link":"https:\/\/wp.unil.ch\/histoireparlesdonnees\/les-travaux\/traitement-mediatique-de-la-neutralite-suisse\/avantages-et-limites\/","title":{"rendered":"Avantages et limites"},"content":{"rendered":"<p><a href=\"https:\/\/wp.unil.ch\/histoireparlesdonnees\/les-travaux\/traitement-mediatique-de-la-neutralite-suisse\/\">Introduction<\/a> <strong>\u00b7<\/strong> <a href=\"https:\/\/wp.unil.ch\/histoireparlesdonnees\/les-travaux\/traitement-mediatique-de-la-neutralite-suisse\/corpus-et-bibliographie\/\">Corpus<\/a> <strong>\u00b7<\/strong> <a href=\"https:\/\/wp.unil.ch\/histoireparlesdonnees\/les-travaux\/traitement-mediatique-de-la-neutralite-suisse\/methodologie\/\">M\u00e9thodologie<\/a> <strong>\u00b7<\/strong> <a href=\"https:\/\/wp.unil.ch\/histoireparlesdonnees\/les-travaux\/traitement-mediatique-de-la-neutralite-suisse\/resultats\/\">R\u00e9sultats<\/a> <strong>\u00b7<\/strong> <a href=\"https:\/\/wp.unil.ch\/histoireparlesdonnees\/les-travaux\/traitement-mediatique-de-la-neutralite-suisse\/interpretation\/\">Interpr\u00e9tation<\/a> <strong>\u00b7<\/strong> <a href=\"https:\/\/wp.unil.ch\/histoireparlesdonnees\/les-travaux\/traitement-mediatique-de-la-neutralite-suisse\/avantages-et-limites\/\">Avantages et limites<\/a> <strong>\u00b7<\/strong> <a href=\"https:\/\/wp.unil.ch\/histoireparlesdonnees\/les-travaux\/traitement-mediatique-de-la-neutralite-suisse\/conclusion\/\">Conclusion<\/a><\/p>\n<p>Les visualisations que nous avons interpr\u00e9t\u00e9es dans cet article rel\u00e8vent de m\u00e9thodes intuitives bas\u00e9es sur une analyse fr\u00e9quentielle des mots-cl\u00e9s. En dehors des avantages computationnels, il est possible d\u2019interpr\u00e9ter les r\u00e9sultats obtenus, dans la plupart des cas, intuitivement. Par exemple, la classification Reinert a fait appara\u00eetre les grands th\u00e8mes de notre corpus en les repr\u00e9sentant avec des mots courants. De telles m\u00e9thodes permettent de r\u00e9duire un corpus gigantesque tel que le n\u00f4tre en une courbe de fr\u00e9quence ou un simple dendrogramme, ce qui favorise les analyses g\u00e9n\u00e9rales.<\/p>\n<p>Cependant, rester dans la g\u00e9n\u00e9ralit\u00e9 peut devenir un d\u00e9savantage, car les \u00e9tudes historiques ont aussi besoin d\u2019analyses plus fines. En plus de cette limite, nous en avons aussi rep\u00e9r\u00e9 deux autres. Premi\u00e8rement, influenc\u00e9es par l\u2019intuition, nos m\u00e9thodes offrent peu de nouvelles perspectives. Nous nous restreignons \u00e0 l\u2019occurrence, \u00e0 la cooccurrence et aux mots-cl\u00e9s tout au long de notre analyse et nous n\u2019avons rien observ\u00e9 de contre-intuitif. De plus, les sources utilis\u00e9es sont connues et la th\u00e9matique \u00e9tudi\u00e9e a \u00e9t\u00e9 de nombreuses fois analys\u00e9e par l\u2019historiographie. Une autre limite, \u00e9galement li\u00e9e \u00e0 cette id\u00e9e de nouvelle perspective, est la justification des param\u00e8tres. Le choix de ces param\u00e8tres est souvent injustifi\u00e9. Certains sont empiriques, comme le seuil sur le nombre d&#8217;occurrences lors du calcul de TF-IDF pour ne consid\u00e9rer que les mots courants (et de mettre les \u00ab?bons?\u00bb mots au premier rang). Certains sont purement arbitraires. Le choix de l\u2019indice de similitude en est un. Bien que certains param\u00e8tres offrent une nouvelle perspective en donnant un r\u00e9sultat inattendu, il est difficile d\u2019interpr\u00e9ter l\u2019influence de ces param\u00e8tres et donc impossible d\u2019explorer cette perspective.<\/p>\n<p style=\"text-align: right\"><a href=\"https:\/\/wp.unil.ch\/histoireparlesdonnees\/les-travaux\/traitement-mediatique-de-la-neutralite-suisse\/conclusion\/\">-&gt;<\/a><\/p>\n","protected":false},"excerpt":{"rendered":"<p>Introduction \u00b7 Corpus \u00b7 M\u00e9thodologie \u00b7 R\u00e9sultats \u00b7 Interpr\u00e9tation \u00b7 Avantages et limites \u00b7 Conclusion Les visualisations que nous avons interpr\u00e9t\u00e9es dans cet article rel\u00e8vent de m\u00e9thodes intuitives bas\u00e9es sur une analyse fr\u00e9quentielle des mots-cl\u00e9s. En dehors des avantages computationnels,<\/p>\n","protected":false},"author":1001264,"featured_media":0,"parent":138,"menu_order":4,"comment_status":"closed","ping_status":"closed","template":"","meta":{"_seopress_robots_primary_cat":"","_seopress_titles_title":"","_seopress_titles_desc":"","_seopress_robots_index":"","footnotes":""},"class_list":["post-289","page","type-page","status-publish"],"_links":{"self":[{"href":"https:\/\/wp.unil.ch\/histoireparlesdonnees\/wp-json\/wp\/v2\/pages\/289","targetHints":{"allow":["GET"]}}],"collection":[{"href":"https:\/\/wp.unil.ch\/histoireparlesdonnees\/wp-json\/wp\/v2\/pages"}],"about":[{"href":"https:\/\/wp.unil.ch\/histoireparlesdonnees\/wp-json\/wp\/v2\/types\/page"}],"author":[{"embeddable":true,"href":"https:\/\/wp.unil.ch\/histoireparlesdonnees\/wp-json\/wp\/v2\/users\/1001264"}],"replies":[{"embeddable":true,"href":"https:\/\/wp.unil.ch\/histoireparlesdonnees\/wp-json\/wp\/v2\/comments?post=289"}],"version-history":[{"count":0,"href":"https:\/\/wp.unil.ch\/histoireparlesdonnees\/wp-json\/wp\/v2\/pages\/289\/revisions"}],"up":[{"embeddable":true,"href":"https:\/\/wp.unil.ch\/histoireparlesdonnees\/wp-json\/wp\/v2\/pages\/138"}],"wp:attachment":[{"href":"https:\/\/wp.unil.ch\/histoireparlesdonnees\/wp-json\/wp\/v2\/media?parent=289"}],"curies":[{"name":"wp","href":"https:\/\/api.w.org\/{rel}","templated":true}]}}