{"id":283,"date":"2017-05-24T18:18:03","date_gmt":"2017-05-24T16:18:03","guid":{"rendered":"http:\/\/wp.unil.ch\/histoireparlesdonnees\/?page_id=283"},"modified":"2017-05-24T18:30:49","modified_gmt":"2017-05-24T16:30:49","slug":"conclusion","status":"publish","type":"page","link":"https:\/\/wp.unil.ch\/histoireparlesdonnees\/les-travaux\/evolution-linguistique-du-debat-public-autour-de-limmigration-en-suisse\/conclusion\/","title":{"rendered":"Conclusion"},"content":{"rendered":"<ul>\n<li><a href=\"https:\/\/wp.unil.ch\/histoireparlesdonnees\/les-travaux\/evolution-linguistique-du-debat-public-autour-de-limmigration-en-suisse\/\">Introduction<\/a><\/li>\n<li><a href=\"https:\/\/wp.unil.ch\/histoireparlesdonnees\/les-travaux\/evolution-linguistique-du-debat-public-autour-de-limmigration-en-suisse\/contexte\/\">Contexte<\/a><\/li>\n<li><a href=\"https:\/\/wp.unil.ch\/histoireparlesdonnees\/les-travaux\/evolution-linguistique-du-debat-public-autour-de-limmigration-en-suisse\/corpus-et-methodologie\/\">Corpus et m\u00e9thodologie<\/a><\/li>\n<li><a href=\"https:\/\/wp.unil.ch\/histoireparlesdonnees\/les-travaux\/evolution-linguistique-du-debat-public-autour-de-limmigration-en-suisse\/resultats-et-visualisation\/\">R\u00e9sultats et visualisation<\/a><\/li>\n<li><a href=\"https:\/\/wp.unil.ch\/histoireparlesdonnees\/les-travaux\/evolution-linguistique-du-debat-public-autour-de-limmigration-en-suisse\/conclusion\/\">Conclusion<\/a><\/li>\n<\/ul>\n<p>Dans ce travail, nous avons cherch\u00e9 \u00e0 savoir si les initiatives populaires avaient une influence sur le vocabulaire du d\u00e9bat public sur l\u2019immigration en Suisse. Pour ce faire, nous avons \u00e9labor\u00e9 un filtre efficace nous permettant d\u2019isoler les articles qui nous concernent, puis nous nous sommes appuy\u00e9s sur le travail de Vincent Buntinx pour d\u00e9velopper une m\u00e9thode sp\u00e9cifique \u00e0 notre probl\u00e9matique.<\/p>\n<p>Cela nous a permis de d\u00e9tecter l\u2019apparition de nouveaux mots importants et de classer ceux-ci en fonction de la notion quantitative d\u2019<em>influence<\/em> que nous avons mise en place<em>.<\/em> Comme nous pouvons le voir sur les visualisations, la m\u00e9thode met bel et bien en exergue des mots fortement li\u00e9s au th\u00e8me de l\u2019immigration, parmi lesquels on retrouve des termes issus des initiatives populaires qui nous int\u00e9ressent.<\/p>\n<p>Nous sommes donc \u00e0 m\u00eame de r\u00e9pondre \u00e0 notre question de recherche en constatant que, oui, ces mots ont une influence sur le vocabulaire de notre corpus, mais cette influence est d\u2019une relativement courte dur\u00e9e. Le mot <em>emprise<\/em>, par exemple, est d\u00e9tect\u00e9 par notre m\u00e9thode mais n\u2019est pr\u00e9sent que dans le noyau lexical des ann\u00e9es proches du d\u00e9p\u00f4t des premi\u00e8res initiatives Schwarzenbach.<\/p>\n<p>Au-del\u00e0 de cette question, notre derni\u00e8re visualisation offre un r\u00e9sum\u00e9 linguistique de notre p\u00e9riode. On y distingue les \u00e9v\u00e8nements marquants et les termes qui en sont issus, ainsi m\u00eame que certains noms propres associ\u00e9s \u00e0 la politique de l\u2019immigration.<\/p>\n","protected":false},"excerpt":{"rendered":"<p>Introduction Contexte Corpus et m\u00e9thodologie R\u00e9sultats et visualisation Conclusion Dans ce travail, nous avons cherch\u00e9 \u00e0 savoir si les initiatives populaires avaient une influence sur le vocabulaire du d\u00e9bat public sur l\u2019immigration en Suisse. Pour ce faire, nous avons \u00e9labor\u00e9<\/p>\n","protected":false},"author":1001264,"featured_media":0,"parent":91,"menu_order":3,"comment_status":"closed","ping_status":"closed","template":"","meta":{"_seopress_robots_primary_cat":"","_seopress_titles_title":"","_seopress_titles_desc":"","_seopress_robots_index":"","footnotes":""},"class_list":["post-283","page","type-page","status-publish"],"_links":{"self":[{"href":"https:\/\/wp.unil.ch\/histoireparlesdonnees\/wp-json\/wp\/v2\/pages\/283","targetHints":{"allow":["GET"]}}],"collection":[{"href":"https:\/\/wp.unil.ch\/histoireparlesdonnees\/wp-json\/wp\/v2\/pages"}],"about":[{"href":"https:\/\/wp.unil.ch\/histoireparlesdonnees\/wp-json\/wp\/v2\/types\/page"}],"author":[{"embeddable":true,"href":"https:\/\/wp.unil.ch\/histoireparlesdonnees\/wp-json\/wp\/v2\/users\/1001264"}],"replies":[{"embeddable":true,"href":"https:\/\/wp.unil.ch\/histoireparlesdonnees\/wp-json\/wp\/v2\/comments?post=283"}],"version-history":[{"count":0,"href":"https:\/\/wp.unil.ch\/histoireparlesdonnees\/wp-json\/wp\/v2\/pages\/283\/revisions"}],"up":[{"embeddable":true,"href":"https:\/\/wp.unil.ch\/histoireparlesdonnees\/wp-json\/wp\/v2\/pages\/91"}],"wp:attachment":[{"href":"https:\/\/wp.unil.ch\/histoireparlesdonnees\/wp-json\/wp\/v2\/media?parent=283"}],"curies":[{"name":"wp","href":"https:\/\/api.w.org\/{rel}","templated":true}]}}