{"id":275,"date":"2017-05-24T17:30:04","date_gmt":"2017-05-24T15:30:04","guid":{"rendered":"http:\/\/wp.unil.ch\/histoireparlesdonnees\/?page_id=275"},"modified":"2017-05-24T18:30:32","modified_gmt":"2017-05-24T16:30:32","slug":"resultats-et-visualisation","status":"publish","type":"page","link":"https:\/\/wp.unil.ch\/histoireparlesdonnees\/les-travaux\/evolution-linguistique-du-debat-public-autour-de-limmigration-en-suisse\/resultats-et-visualisation\/","title":{"rendered":"R\u00e9sultats et visualisation"},"content":{"rendered":"<ul>\n<li><a href=\"https:\/\/wp.unil.ch\/histoireparlesdonnees\/les-travaux\/evolution-linguistique-du-debat-public-autour-de-limmigration-en-suisse\/\">Introduction<\/a><\/li>\n<li><a href=\"https:\/\/wp.unil.ch\/histoireparlesdonnees\/les-travaux\/evolution-linguistique-du-debat-public-autour-de-limmigration-en-suisse\/contexte\/\">Contexte<\/a><\/li>\n<li><a href=\"https:\/\/wp.unil.ch\/histoireparlesdonnees\/les-travaux\/evolution-linguistique-du-debat-public-autour-de-limmigration-en-suisse\/corpus-et-methodologie\/\">Corpus et m\u00e9thodologie<\/a><\/li>\n<li><a href=\"https:\/\/wp.unil.ch\/histoireparlesdonnees\/les-travaux\/evolution-linguistique-du-debat-public-autour-de-limmigration-en-suisse\/resultats-et-visualisation\/\">R\u00e9sultats et visualisation<\/a><\/li>\n<li><a href=\"https:\/\/wp.unil.ch\/histoireparlesdonnees\/les-travaux\/evolution-linguistique-du-debat-public-autour-de-limmigration-en-suisse\/conclusion\/\">Conclusion<\/a><\/li>\n<\/ul>\n<h2>Premi\u00e8res visualisations<\/h2>\n<p>Nous avons donc d\u2019abord assign\u00e9 \u00e0 chaque ann\u00e9e <em>a<\/em> entre 1950 et 1993 le noyau lexical entre <em>a<\/em> et les ann\u00e9es <em>a<\/em>+1, <em>a<\/em>+5, <em>a<\/em>+10, puis nous avons calcul\u00e9 la distance entre ces noyaux selon une formule \u00e9tablie par Vincent Buntinx. Ceci a donn\u00e9 lieu \u00e0 la visualisation ci-dessous.<\/p>\n<figure id=\"attachment_301\" aria-describedby=\"caption-attachment-301\" style=\"width: 721px\" class=\"wp-caption aligncenter\"><img alt=\"\" loading=\"lazy\" decoding=\"async\" class=\"size-full wp-image-301\" src=\"https:\/\/wp.unil.ch\/histoireparlesdonnees\/files\/2017\/05\/03_fig5.png\" alt=\"\" width=\"721\" height=\"496\" srcset=\"https:\/\/wp.unil.ch\/histoireparlesdonnees\/files\/2017\/05\/03_fig5.png 721w, https:\/\/wp.unil.ch\/histoireparlesdonnees\/files\/2017\/05\/03_fig5-300x206.png 300w\" sizes=\"auto, (max-width: 721px) 100vw, 721px\" \/><figcaption id=\"caption-attachment-301\" class=\"wp-caption-text\">Distances entre noyaux<\/figcaption><\/figure>\n<p>Malheureusement, elle n\u2019est pas \u00e9vidente \u00e0 interpr\u00e9ter. Cependant, il se trouve qu\u2019en se penchant simplement sur la taille des noyaux, on obtient un graphique dont la forme est similaire (ci-dessous) et dont la lecture est plus intuitive. Une variation de la quantit\u00e9 de mots dans le noyau correspond \u00e0 une \u00e9volution du langage. En particulier, une diminution de la taille du noyau, associ\u00e9e \u00e0 une stabilit\u00e9 du nombre d\u2019articles dans le corpus, d\u00e9note une acc\u00e9l\u00e9ration de l\u2019\u00e9volution linguistique \u00e0 cette p\u00e9riode. De nouveaux termes sont introduits dans le langage, rempla\u00e7ant les anciens.<\/p>\n<figure id=\"attachment_302\" aria-describedby=\"caption-attachment-302\" style=\"width: 702px\" class=\"wp-caption aligncenter\"><img alt=\"\" loading=\"lazy\" decoding=\"async\" class=\"size-full wp-image-302\" src=\"https:\/\/wp.unil.ch\/histoireparlesdonnees\/files\/2017\/05\/03_fig6.png\" alt=\"\" width=\"702\" height=\"483\" srcset=\"https:\/\/wp.unil.ch\/histoireparlesdonnees\/files\/2017\/05\/03_fig6.png 702w, https:\/\/wp.unil.ch\/histoireparlesdonnees\/files\/2017\/05\/03_fig6-300x206.png 300w\" sizes=\"auto, (max-width: 702px) 100vw, 702px\" \/><figcaption id=\"caption-attachment-302\" class=\"wp-caption-text\">Taille des noyaux<\/figcaption><\/figure>\n<p>On constate sur le graphique ci-dessus une forte diminution de la taille des noyaux entre 1965 et 1975. Cette p\u00e9riode correspond \u00e0 la pr\u00e9sence dans le d\u00e9bat public des initiatives Schwarzenbach. Les marqueurs rouges d\u00e9limitent la p\u00e9riode durant laquelle le nom <em>Schwarzenbach<\/em> est pr\u00e9sent chaque ann\u00e9e.<\/p>\n<p>Il y a donc ici un intrigant parall\u00e8le. Il est cependant difficile d\u2019attribuer l\u2019\u00e9volution linguistique aux remous du d\u00e9bat public \u00e9tant donn\u00e9 que l\u2019on n\u2019a qu\u2019une donn\u00e9e quantitative. Nous avons donc d\u00e9velopp\u00e9 un moyen de d\u00e9couvrir quels mots ont le plus d\u2019influence sur cette \u00e9volution.<\/p>\n<h2>Mots influents<\/h2>\n<p>L\u2019id\u00e9e est d\u2019\u00e9tudier l\u2019apparition de nouveaux mots et de d\u00e9terminer leur influence. Pour ce faire, on consid\u00e8re, pour chaque ann\u00e9e <em>a<\/em>, le <em>compl\u00e9ment<\/em> du noyau linguistique en <em>a<\/em>. On d\u00e9finit le compl\u00e9ment <em>C<sub>a<\/sub> <\/em>comme <em>K<sub>a,a+5<\/sub>\\K<sub>a-5,a<\/sub><\/em> (o\u00f9 \\ d\u00e9note la diff\u00e9rence d\u2019ensembles). Il s\u2019agit des mots qui seront utilis\u00e9s chaque ann\u00e9e pendant 5 ans apr\u00e8s <em>a<\/em>, mais n\u2019ont pas \u00e9t\u00e9 utilis\u00e9s chaque ann\u00e9e pendant 5 ans avant <em>a<\/em>.<\/p>\n<p>La prochaine \u00e9tape consiste \u00e0 assigner \u00e0 chaque mot d&#8217;un ensemble <em>C<sub>a<\/sub><\/em> une valeur qui correspond \u00e0 son influence. Nous avons d\u00e9cid\u00e9 de consid\u00e9rer qu&#8217;un mot est influent si la moyenne de ses occurrences apr\u00e8s sa premi\u00e8re apparition est plus grande que celle d&#8217;avant, combin\u00e9 avec la taille de son premier pic et le nombre d&#8217;ann\u00e9es <em>a\u2019 <\/em>dont ce mot appartient \u00e0 l\u2019ensemble <em>C<sub>a\u2019<\/sub>.<\/em><\/p>\n<p>Les deux visualisations suivantes sont issues de ce processus.<\/p>\n<p>La premi\u00e8re visualisation donne une image de l&#8217;\u00e9volution du noyau linguistique dans le temps. Chaque ligne repr\u00e9sente un mot et elle est color\u00e9e en orange si le mot est pr\u00e9sent dans le noyau, plus ou moins fonc\u00e9 selon la valeur d&#8217;influence calcul\u00e9e pour ce mot. Les mots influents y sont not\u00e9s.<\/p>\n<p>Elle offre une vision d\u2019ensemble, au prix de la facilit\u00e9 de lecture. On y remarque toutefois une l\u00e9g\u00e8re tendance cyclique dans la vie des mots. La fin des ann\u00e9es 80 voit r\u00e9appara\u00eetre un certain nombre de mots. On constate aussi que la majeure partie du vocabulaire <em>nucl\u00e9aire<\/em> de notre corpus est \u00e9tablie entre les ann\u00e9es 60 et 70. Cela correspond aussi \u00e0 une augmentation du nombre d&#8217;articles en ces p\u00e9riodes.<\/p>\n<figure id=\"attachment_304\" aria-describedby=\"caption-attachment-304\" style=\"width: 940px\" class=\"wp-caption aligncenter\"><img alt=\"\" loading=\"lazy\" decoding=\"async\" class=\"size-full wp-image-304\" src=\"https:\/\/wp.unil.ch\/histoireparlesdonnees\/files\/2017\/05\/03_fig7.png\" alt=\"\" width=\"940\" height=\"1281\" srcset=\"https:\/\/wp.unil.ch\/histoireparlesdonnees\/files\/2017\/05\/03_fig7.png 940w, https:\/\/wp.unil.ch\/histoireparlesdonnees\/files\/2017\/05\/03_fig7-220x300.png 220w, https:\/\/wp.unil.ch\/histoireparlesdonnees\/files\/2017\/05\/03_fig7-768x1047.png 768w, https:\/\/wp.unil.ch\/histoireparlesdonnees\/files\/2017\/05\/03_fig7-751x1024.png 751w\" sizes=\"auto, (max-width: 940px) 100vw, 940px\" \/><figcaption id=\"caption-attachment-304\" class=\"wp-caption-text\">Evolution du noyau<\/figcaption><\/figure>\n<p>Afin de clarifier la lecture, nous avons g\u00e9n\u00e9r\u00e9 une visualisation qui suit le m\u00eame principe, mais o\u00f9 l&#8217;on ne consid\u00e8re que les trois mots les plus influents du compl\u00e9ment <em>C<sub>a<\/sub><\/em> pour chaque ann\u00e9e a.<\/p>\n<figure id=\"attachment_305\" aria-describedby=\"caption-attachment-305\" style=\"width: 938px\" class=\"wp-caption aligncenter\"><img alt=\"\" loading=\"lazy\" decoding=\"async\" class=\"size-full wp-image-305\" src=\"https:\/\/wp.unil.ch\/histoireparlesdonnees\/files\/2017\/05\/03_fig8.png\" alt=\"\" width=\"938\" height=\"1166\" srcset=\"https:\/\/wp.unil.ch\/histoireparlesdonnees\/files\/2017\/05\/03_fig8.png 938w, https:\/\/wp.unil.ch\/histoireparlesdonnees\/files\/2017\/05\/03_fig8-241x300.png 241w, https:\/\/wp.unil.ch\/histoireparlesdonnees\/files\/2017\/05\/03_fig8-768x955.png 768w, https:\/\/wp.unil.ch\/histoireparlesdonnees\/files\/2017\/05\/03_fig8-824x1024.png 824w\" sizes=\"auto, (max-width: 938px) 100vw, 938px\" \/><figcaption id=\"caption-attachment-305\" class=\"wp-caption-text\">Les trois mots les plus influents par ann\u00e9e<\/figcaption><\/figure>\n<p>On y constate l&#8217;apparition et l&#8217;influence de mots li\u00e9s au th\u00e8me de l&#8217;immigration et cette visualisation donne des indices quant \u00e0 la politisation du langage. Les exemples <em>Schwarzenbach, emprise <\/em>et <em>etre solidaire<\/em> (le fait que <em>\u00eatre<\/em> apparaisse sans accent est d\u00fb au traitement pr\u00e9alable du texte) montrent une influence (couleur fonc\u00e9e) de courte dur\u00e9e. Ils ne reviennent pas plus tard dans les noyaux et ne sont donc pas entr\u00e9s dans le vocabulaire de mani\u00e8re permanente.<\/p>\n<h2>Forces et faiblesses<\/h2>\n<p>Les nouvelles visualisations permettent une analyse plus d\u00e9taill\u00e9e de notre probl\u00e9matique et pr\u00e9sentent l\u2019avantage d\u2019\u00eatre applicables \u00e0 tout corpus et toute p\u00e9riode.<\/p>\n<p>Elles p\u00eachent cependant par leur caract\u00e8re exp\u00e9rimental, en particulier concernant la notion d\u2019<em>influence<\/em> d\u2019un mot. Il se pourrait aussi que le choix des mots-cl\u00e9s du filtre produise un biais dans les r\u00e9sultats. Il serait souhaitable de mener le travail plus loin et d\u2019en raffiner les concepts.<\/p>\n","protected":false},"excerpt":{"rendered":"<p>Introduction Contexte Corpus et m\u00e9thodologie R\u00e9sultats et visualisation Conclusion Premi\u00e8res visualisations Nous avons donc d\u2019abord assign\u00e9 \u00e0 chaque ann\u00e9e a entre 1950 et 1993 le noyau lexical entre a et les ann\u00e9es a+1, a+5, a+10, puis nous avons calcul\u00e9 la<\/p>\n","protected":false},"author":1001264,"featured_media":0,"parent":91,"menu_order":2,"comment_status":"closed","ping_status":"closed","template":"","meta":{"_seopress_robots_primary_cat":"","_seopress_titles_title":"","_seopress_titles_desc":"","_seopress_robots_index":"","footnotes":""},"class_list":["post-275","page","type-page","status-publish"],"_links":{"self":[{"href":"https:\/\/wp.unil.ch\/histoireparlesdonnees\/wp-json\/wp\/v2\/pages\/275","targetHints":{"allow":["GET"]}}],"collection":[{"href":"https:\/\/wp.unil.ch\/histoireparlesdonnees\/wp-json\/wp\/v2\/pages"}],"about":[{"href":"https:\/\/wp.unil.ch\/histoireparlesdonnees\/wp-json\/wp\/v2\/types\/page"}],"author":[{"embeddable":true,"href":"https:\/\/wp.unil.ch\/histoireparlesdonnees\/wp-json\/wp\/v2\/users\/1001264"}],"replies":[{"embeddable":true,"href":"https:\/\/wp.unil.ch\/histoireparlesdonnees\/wp-json\/wp\/v2\/comments?post=275"}],"version-history":[{"count":0,"href":"https:\/\/wp.unil.ch\/histoireparlesdonnees\/wp-json\/wp\/v2\/pages\/275\/revisions"}],"up":[{"embeddable":true,"href":"https:\/\/wp.unil.ch\/histoireparlesdonnees\/wp-json\/wp\/v2\/pages\/91"}],"wp:attachment":[{"href":"https:\/\/wp.unil.ch\/histoireparlesdonnees\/wp-json\/wp\/v2\/media?parent=275"}],"curies":[{"name":"wp","href":"https:\/\/api.w.org\/{rel}","templated":true}]}}