{"id":2442,"date":"2024-05-28T10:39:26","date_gmt":"2024-05-28T08:39:26","guid":{"rendered":"https:\/\/wp.unil.ch\/histoireparlesdonnees\/?page_id=2442"},"modified":"2024-05-28T10:39:27","modified_gmt":"2024-05-28T08:39:27","slug":"travaux-2023-2024","status":"publish","type":"page","link":"https:\/\/wp.unil.ch\/histoireparlesdonnees\/travaux-2023-2024\/","title":{"rendered":"Travaux 2023-2024"},"content":{"rendered":"\n<h3 class=\"wp-block-heading\"><\/h3>\n\n\n\n<ul class=\"wp-block-list\" id=\"menu-travaux-2023-2024\">\n<li><a href=\"https:\/\/wp.unil.ch\/histoireparlesdonnees\/tourisme-indigene\/\">\u00c9conomie de guerre: La promotion du tourisme indig\u00e8ne dans les m\u00e9dias<\/a><\/li>\n\n\n\n<li><a href=\"https:\/\/wp.unil.ch\/histoireparlesdonnees\/refugies-guerre\/\">Le traitement m\u00e9diatique d\u2019une question sensible: l\u2019accueil des r\u00e9fugi\u00e9s en temps de guerre<\/a><\/li>\n\n\n\n<li><a href=\"https:\/\/wp.unil.ch\/histoireparlesdonnees\/landi-1939\/\">Au c\u0153ur de la \u201cd\u00e9fense nationale spirituelle\u201d: l\u2019Exposition nationale suisse de 1939 et son retentissement m\u00e9diatique<\/a><\/li>\n\n\n\n<li><a href=\"https:\/\/wp.unil.ch\/histoireparlesdonnees\/femmes-effort-guerre\/\">L\u2019effort de guerre: la place accord\u00e9e aux femmes dans les actualit\u00e9s<\/a><\/li>\n\n\n\n<li><a href=\"https:\/\/wp.unil.ch\/histoireparlesdonnees\/guisan\/\">L\u2019image m\u00e9diatique d\u2019Henri Guisan et de l\u2019arm\u00e9e suisse<\/a><\/li>\n\n\n\n<li><a href=\"https:\/\/wp.unil.ch\/histoireparlesdonnees\/plan-wahlen\/\">\u00c9conomie de guerre : La couverture m\u00e9diatique de la \u201cbataille des champs\u201d (plan Wahlen)<\/a><\/li>\n\n\n\n<li><a href=\"https:\/\/wp.unil.ch\/histoireparlesdonnees\/rationnement\/\">\u00c9conomie de guerre: la probl\u00e9matique du rationnement au c\u0153ur de l\u2019information<\/a><\/li>\n\n\n\n<li><a href=\"https:\/\/wp.unil.ch\/histoireparlesdonnees\/censure\/\">Une information corset\u00e9e: les traces laiss\u00e9es par la censure dans la presse et la radio suisses<\/a><\/li>\n<\/ul>\n","protected":false},"excerpt":{"rendered":"","protected":false},"author":1285,"featured_media":0,"parent":0,"menu_order":0,"comment_status":"closed","ping_status":"closed","template":"","meta":{"_seopress_robots_primary_cat":"","_seopress_titles_title":"","_seopress_titles_desc":"","_seopress_robots_index":"","footnotes":""},"class_list":["post-2442","page","type-page","status-publish"],"_links":{"self":[{"href":"https:\/\/wp.unil.ch\/histoireparlesdonnees\/wp-json\/wp\/v2\/pages\/2442","targetHints":{"allow":["GET"]}}],"collection":[{"href":"https:\/\/wp.unil.ch\/histoireparlesdonnees\/wp-json\/wp\/v2\/pages"}],"about":[{"href":"https:\/\/wp.unil.ch\/histoireparlesdonnees\/wp-json\/wp\/v2\/types\/page"}],"author":[{"embeddable":true,"href":"https:\/\/wp.unil.ch\/histoireparlesdonnees\/wp-json\/wp\/v2\/users\/1285"}],"replies":[{"embeddable":true,"href":"https:\/\/wp.unil.ch\/histoireparlesdonnees\/wp-json\/wp\/v2\/comments?post=2442"}],"version-history":[{"count":3,"href":"https:\/\/wp.unil.ch\/histoireparlesdonnees\/wp-json\/wp\/v2\/pages\/2442\/revisions"}],"predecessor-version":[{"id":2446,"href":"https:\/\/wp.unil.ch\/histoireparlesdonnees\/wp-json\/wp\/v2\/pages\/2442\/revisions\/2446"}],"wp:attachment":[{"href":"https:\/\/wp.unil.ch\/histoireparlesdonnees\/wp-json\/wp\/v2\/media?parent=2442"}],"curies":[{"name":"wp","href":"https:\/\/api.w.org\/{rel}","templated":true}]}}