{"id":240,"date":"2017-05-24T17:32:04","date_gmt":"2017-05-24T15:32:04","guid":{"rendered":"http:\/\/wp.unil.ch\/histoireparlesdonnees\/?page_id=240"},"modified":"2017-05-24T17:55:56","modified_gmt":"2017-05-24T15:55:56","slug":"resultats","status":"publish","type":"page","link":"https:\/\/wp.unil.ch\/histoireparlesdonnees\/les-travaux\/traitement-mediatique-de-la-neutralite-suisse\/resultats\/","title":{"rendered":"R\u00e9sultats"},"content":{"rendered":"<p><a href=\"https:\/\/wp.unil.ch\/histoireparlesdonnees\/les-travaux\/traitement-mediatique-de-la-neutralite-suisse\/\">Introduction<\/a> <strong>\u00b7<\/strong> <a href=\"https:\/\/wp.unil.ch\/histoireparlesdonnees\/les-travaux\/traitement-mediatique-de-la-neutralite-suisse\/corpus-et-bibliographie\/\">Corpus<\/a> <strong>\u00b7<\/strong> <a href=\"https:\/\/wp.unil.ch\/histoireparlesdonnees\/les-travaux\/traitement-mediatique-de-la-neutralite-suisse\/methodologie\/\">M\u00e9thodologie<\/a> <strong>\u00b7<\/strong> <a href=\"https:\/\/wp.unil.ch\/histoireparlesdonnees\/les-travaux\/traitement-mediatique-de-la-neutralite-suisse\/resultats\/\">R\u00e9sultats<\/a> <strong>\u00b7<\/strong> <a href=\"https:\/\/wp.unil.ch\/histoireparlesdonnees\/les-travaux\/traitement-mediatique-de-la-neutralite-suisse\/interpretation\/\">Interpr\u00e9tation<\/a> <strong>\u00b7<\/strong> <a href=\"https:\/\/wp.unil.ch\/histoireparlesdonnees\/les-travaux\/traitement-mediatique-de-la-neutralite-suisse\/avantages-et-limites\/\">Avantages et limites<\/a> <strong>\u00b7<\/strong> <a href=\"https:\/\/wp.unil.ch\/histoireparlesdonnees\/les-travaux\/traitement-mediatique-de-la-neutralite-suisse\/conclusion\/\">Conclusion<\/a><\/p>\n<p>Dans cette partie, nous exposons les visualisations que nous jugeons int\u00e9ressantes pour notre analyse. Chaque visualisation est accompagn\u00e9e des quelques mots expliquant l\u2019intuition qui la sous-tend et comment nous l\u2019avons obtenue.<\/p>\n<h3>Courbe de fr\u00e9quence aux diff\u00e9rentes \u00e9chelles<\/h3>\n<figure id=\"attachment_252\" aria-describedby=\"caption-attachment-252\" style=\"width: 1500px\" class=\"wp-caption aligncenter\"><img alt=\"\" loading=\"lazy\" decoding=\"async\" class=\"size-full wp-image-252\" src=\"https:\/\/wp.unil.ch\/histoireparlesdonnees\/files\/2017\/05\/tf_idf.png\" alt=\"\" width=\"1500\" height=\"1003\" srcset=\"https:\/\/wp.unil.ch\/histoireparlesdonnees\/files\/2017\/05\/tf_idf.png 1500w, https:\/\/wp.unil.ch\/histoireparlesdonnees\/files\/2017\/05\/tf_idf-300x201.png 300w, https:\/\/wp.unil.ch\/histoireparlesdonnees\/files\/2017\/05\/tf_idf-768x514.png 768w, https:\/\/wp.unil.ch\/histoireparlesdonnees\/files\/2017\/05\/tf_idf-1024x685.png 1024w\" sizes=\"auto, (max-width: 1500px) 100vw, 1500px\" \/><figcaption id=\"caption-attachment-252\" class=\"wp-caption-text\"><em>Figure 1. La courbe de fr\u00e9quence de \u00ab neutralit\u00e9 \u00bb \u00e0 chaque mois de 1947 \u00e0 1996 (50 ans), les trois mots-cl\u00e9s TF-IDF (points rouges) et les faits historiques (lignes vertes)<\/em><\/figcaption><\/figure>\n<p>L\u2019image ci-dessus illustre le changement de la fr\u00e9quence du mot \u00ab neutralit\u00e9 \u00bb en Une (corpus \u00ab?neutralit\u00e9 \/ Une?\u00bb). Le comptage se fait sur tous les mois. Nous y ajoutons ensuite les mots repr\u00e9sentatifs calcul\u00e9s via TF-IDF et quelques \u00e9v\u00e9nements historiques pour mieux situer les pics sur la courbe dans le temps. Cette premi\u00e8re figure met en lien les grands \u00e9v\u00e9nements de la Guerre froide avec les articles associ\u00e9s. Nous pouvons faire le m\u00eame exercice avec une \u00e9chelle plus grande, celle de l\u2019ann\u00e9e, la courbe est similaire, mais les mots repr\u00e9sentatifs s\u2019av\u00e8rent plus difficiles \u00e0 extraire.<\/p>\n<h3>Regroupement des segments de textes<\/h3>\n<p>Le regroupement des mots permet de retrouver les principaux th\u00e8mes \u00e9voqu\u00e9s en m\u00eame temps que la neutralit\u00e9. Le r\u00e9sultat ci-dessus est obtenu sur le corpus \u00ab?neutralit\u00e9?\u00bb. Nous distinguons bien deux groupes de mots li\u00e9s \u00e0 la relation internationale (en vert) et un groupe sur le gouvernement suisse (en rouge).<\/p>\n<figure id=\"attachment_268\" aria-describedby=\"caption-attachment-268\" style=\"width: 1200px\" class=\"wp-caption aligncenter\"><img alt=\"\" loading=\"lazy\" decoding=\"async\" class=\"size-full wp-image-268\" src=\"https:\/\/wp.unil.ch\/histoireparlesdonnees\/files\/2017\/05\/07_02.jpg\" alt=\"\" width=\"1200\" height=\"800\" srcset=\"https:\/\/wp.unil.ch\/histoireparlesdonnees\/files\/2017\/05\/07_02.jpg 1200w, https:\/\/wp.unil.ch\/histoireparlesdonnees\/files\/2017\/05\/07_02-300x200.jpg 300w, https:\/\/wp.unil.ch\/histoireparlesdonnees\/files\/2017\/05\/07_02-768x512.jpg 768w, https:\/\/wp.unil.ch\/histoireparlesdonnees\/files\/2017\/05\/07_02-1024x683.jpg 1024w\" sizes=\"auto, (max-width: 1200px) 100vw, 1200px\" \/><figcaption id=\"caption-attachment-268\" class=\"wp-caption-text\">Figure 2 Le dendrogramme calcul\u00e9 sur tout le corpus avec une taille de segment de texte 40 et 20 classes \u00e0 la fin de la premi\u00e8re phase de la m\u00e9thode Reinert<\/figcaption><\/figure>\n<p>Apr\u00e8s avoir regroup\u00e9 les segments de textes, Iramuteq calcule automatiquement la distance ?<sup>2<\/sup> entre chaque groupe de mot dans un sous-ensemble du corpus d\u00e9fini par une variable, par exemple une ann\u00e9e pr\u00e9cise. Ces valeurs repr\u00e9sentent l\u2019importance d\u2019un groupe dans un sous-corpus donn\u00e9. Autrement dit, elles repr\u00e9sentent les th\u00e8mes les plus abord\u00e9s sur un certain intervalle de temps. L\u2019\u00e9volution de la distance de chaque groupe de mots se trouve sur la figure 3.<\/p>\n<figure id=\"attachment_258\" aria-describedby=\"caption-attachment-258\" style=\"width: 1264px\" class=\"wp-caption aligncenter\"><img alt=\"\" loading=\"lazy\" decoding=\"async\" class=\"size-full wp-image-258\" src=\"https:\/\/wp.unil.ch\/histoireparlesdonnees\/files\/2017\/05\/07_03.jpg\" alt=\"\" width=\"1264\" height=\"685\" srcset=\"https:\/\/wp.unil.ch\/histoireparlesdonnees\/files\/2017\/05\/07_03.jpg 1264w, https:\/\/wp.unil.ch\/histoireparlesdonnees\/files\/2017\/05\/07_03-300x163.jpg 300w, https:\/\/wp.unil.ch\/histoireparlesdonnees\/files\/2017\/05\/07_03-768x416.jpg 768w, https:\/\/wp.unil.ch\/histoireparlesdonnees\/files\/2017\/05\/07_03-1024x555.jpg 1024w\" sizes=\"auto, (max-width: 1264px) 100vw, 1264px\" \/><figcaption id=\"caption-attachment-258\" class=\"wp-caption-text\">Figure 3 Distances ?2 calcul\u00e9es en m\u00eame temps que la figure 2. La surface (ou l\u2019\u00e9paisseur) correspond \u00e0 l\u2019importance d\u2019un th\u00e8me \u00e0 un moment pr\u00e9cis<\/figcaption><\/figure>\n<h3>Graphe de similitude<\/h3>\n<p>L\u2019objectif du graphe de similitude est tr\u00e8s proche de celui du regroupement, c\u2019est-\u00e0-dire de trouver les grands th\u00e8mes li\u00e9s \u00e0 la \u00ab neutralit\u00e9 \u00bb. Pour obtenir le r\u00e9sultat dans la figure 4, nous avons utilis\u00e9 d\u2019abord?<em>ForceAtlas2<\/em>, puis Noverlap pour former les groupes sans que les n\u0153uds se superposent. Nous voyons d\u2019abord que la \u00ab neutralit\u00e9 \u00bb reste bien proche de la \u00ab politique \u00bb et la \u00ab Suisse \u00bb. Puis?nous avons des groupes form\u00e9s autour de \u00ab?l\u2019ind\u00e9pendance?\u00bb et la \u00ab?d\u00e9fense?\u00bb.<\/p>\n<figure id=\"attachment_292\" aria-describedby=\"caption-attachment-292\" style=\"width: 1855px\" class=\"wp-caption aligncenter\"><img alt=\"\" loading=\"lazy\" decoding=\"async\" class=\"size-full wp-image-292\" src=\"https:\/\/wp.unil.ch\/histoireparlesdonnees\/files\/2017\/05\/07_04.png\" alt=\"\" width=\"1855\" height=\"1200\" srcset=\"https:\/\/wp.unil.ch\/histoireparlesdonnees\/files\/2017\/05\/07_04.png 1855w, https:\/\/wp.unil.ch\/histoireparlesdonnees\/files\/2017\/05\/07_04-300x194.png 300w, https:\/\/wp.unil.ch\/histoireparlesdonnees\/files\/2017\/05\/07_04-768x497.png 768w, https:\/\/wp.unil.ch\/histoireparlesdonnees\/files\/2017\/05\/07_04-1024x662.png 1024w\" sizes=\"auto, (max-width: 1855px) 100vw, 1855px\" \/><figcaption id=\"caption-attachment-292\" class=\"wp-caption-text\">Figure 4 Graphe de similitude avec l\u2019indice de similitude Mountford<\/figcaption><\/figure>\n<p>La m\u00e9thodologie que nous pr\u00e9sentons dans cette partie se limite \u00e0 des m\u00e9thodes classiques. Ce choix est non seulement d\u00fb aux moyens dont nous disposons, mais aussi \u00e0 la qualit\u00e9 de nos donn\u00e9es et \u00e0 notre expertise dans le domaine.<\/p>\n<p style=\"text-align: right\"><a href=\"https:\/\/wp.unil.ch\/histoireparlesdonnees\/les-travaux\/traitement-mediatique-de-la-neutralite-suisse\/interpretation\/\">-&gt;<\/a><\/p>\n","protected":false},"excerpt":{"rendered":"<p>Introduction \u00b7 Corpus \u00b7 M\u00e9thodologie \u00b7 R\u00e9sultats \u00b7 Interpr\u00e9tation \u00b7 Avantages et limites \u00b7 Conclusion Dans cette partie, nous exposons les visualisations que nous jugeons int\u00e9ressantes pour notre analyse. Chaque visualisation est accompagn\u00e9e des quelques mots expliquant l\u2019intuition qui la<\/p>\n","protected":false},"author":1001264,"featured_media":0,"parent":138,"menu_order":2,"comment_status":"closed","ping_status":"closed","template":"","meta":{"_seopress_robots_primary_cat":"","_seopress_titles_title":"","_seopress_titles_desc":"","_seopress_robots_index":"","footnotes":""},"class_list":["post-240","page","type-page","status-publish"],"_links":{"self":[{"href":"https:\/\/wp.unil.ch\/histoireparlesdonnees\/wp-json\/wp\/v2\/pages\/240","targetHints":{"allow":["GET"]}}],"collection":[{"href":"https:\/\/wp.unil.ch\/histoireparlesdonnees\/wp-json\/wp\/v2\/pages"}],"about":[{"href":"https:\/\/wp.unil.ch\/histoireparlesdonnees\/wp-json\/wp\/v2\/types\/page"}],"author":[{"embeddable":true,"href":"https:\/\/wp.unil.ch\/histoireparlesdonnees\/wp-json\/wp\/v2\/users\/1001264"}],"replies":[{"embeddable":true,"href":"https:\/\/wp.unil.ch\/histoireparlesdonnees\/wp-json\/wp\/v2\/comments?post=240"}],"version-history":[{"count":0,"href":"https:\/\/wp.unil.ch\/histoireparlesdonnees\/wp-json\/wp\/v2\/pages\/240\/revisions"}],"up":[{"embeddable":true,"href":"https:\/\/wp.unil.ch\/histoireparlesdonnees\/wp-json\/wp\/v2\/pages\/138"}],"wp:attachment":[{"href":"https:\/\/wp.unil.ch\/histoireparlesdonnees\/wp-json\/wp\/v2\/media?parent=240"}],"curies":[{"name":"wp","href":"https:\/\/api.w.org\/{rel}","templated":true}]}}