{"id":24,"date":"2017-02-27T09:58:45","date_gmt":"2017-02-27T08:58:45","guid":{"rendered":"http:\/\/wp.unil.ch\/histoireparlesdonnees\/?page_id=24"},"modified":"2017-05-24T18:36:20","modified_gmt":"2017-05-24T16:36:20","slug":"limportance-de-la-chine-dans-la-presse-liberale-romande-au-xxe-siecle","status":"publish","type":"page","link":"https:\/\/wp.unil.ch\/histoireparlesdonnees\/les-travaux\/limportance-de-la-chine-dans-la-presse-liberale-romande-au-xxe-siecle\/","title":{"rendered":"L\u2019importance de la Chine dans la presse lib\u00e9rale romande au XXe si\u00e8cle"},"content":{"rendered":"<p>par S\u00e9bastien Chevalley, Natalija Gucevska et Pierre Quinton<\/p>\n<p>Le but de ce projet est d\u2019explorer les relations sino-helv\u00e9tiques avec une approche nouvelle : celle des donn\u00e9es et des outils informatiques utilis\u00e9s pour traiter une large quantit\u00e9 d\u2019information. Quotidiens romands publi\u00e9s pendant pr\u00e8s de deux si\u00e8cles, le Journal de Gen\u00e8ve et la Gazette de Lausanne vont nous permettre d\u2019explorer comment cette presse \u00e0 tendance lib\u00e9rale traite de l\u2019Empire du Milieu. Ce travail de recherche est une opportunit\u00e9 pour mesurer la popularit\u00e9 de la Chine dans ce large corpus et d\u2019analyser comment les \u00e9v\u00e9nements sont trait\u00e9s dans les articles. Dans le paysage suisse contemporain, l\u2019\u00e9conomie et les droits de l\u2019homme se sont impos\u00e9s comme des sujets importants au regard des relations sino-helv\u00e9tiques. Toutefois, l\u2019utilisation de ces outils, syst\u00e8mes de base de donn\u00e9es, moteurs de recherche et outils de classification automatiques, est l\u2019occasion de dresser un portrait in\u00e9dit de la question pour confirmer ou non cette intuition.<\/p>\n<div style=\"background-color:#eee;padding:20px 20px\">\n<h2>Table des mati\u00e8res<\/h2>\n<ul style=\"margin-bottom:0;padding-bottom:0\">\n<li><a href=\"https:\/\/wp.unil.ch\/histoireparlesdonnees\/les-travaux\/limportance-de-la-chine-dans-la-presse-liberale-romande-au-xxe-siecle\/contexte-historique\/\">Contexte historique<\/a><\/li>\n<li><a href=\"https:\/\/wp.unil.ch\/histoireparlesdonnees\/les-travaux\/limportance-de-la-chine-dans-la-presse-liberale-romande-au-xxe-siecle\/methodologie\/\">M\u00e9thodologie digitale<\/a><\/li>\n<li><a href=\"https:\/\/wp.unil.ch\/histoireparlesdonnees\/les-travaux\/limportance-de-la-chine-dans-la-presse-liberale-romande-au-xxe-siecle\/interpretation-des-resultats\/\">Interpr\u00e9tation des r\u00e9sultats<\/a><\/li>\n<li><a href=\"https:\/\/wp.unil.ch\/histoireparlesdonnees\/les-travaux\/limportance-de-la-chine-dans-la-presse-liberale-romande-au-xxe-siecle\/exemples-articles-indesirables\/\">Exemples d&#8217;articles ind\u00e9sirables<\/a><\/li>\n<\/ul>\n<\/div>\n","protected":false},"excerpt":{"rendered":"<p>par S\u00e9bastien Chevalley, Natalija Gucevska et Pierre Quinton Le but de ce projet est d\u2019explorer les relations sino-helv\u00e9tiques avec une approche nouvelle : celle des donn\u00e9es et des outils informatiques utilis\u00e9s pour traiter une large quantit\u00e9 d\u2019information. Quotidiens romands publi\u00e9s<\/p>\n","protected":false},"author":1001264,"featured_media":0,"parent":17,"menu_order":2,"comment_status":"closed","ping_status":"closed","template":"","meta":{"_seopress_robots_primary_cat":"","_seopress_titles_title":"","_seopress_titles_desc":"","_seopress_robots_index":"","footnotes":""},"class_list":["post-24","page","type-page","status-publish"],"_links":{"self":[{"href":"https:\/\/wp.unil.ch\/histoireparlesdonnees\/wp-json\/wp\/v2\/pages\/24","targetHints":{"allow":["GET"]}}],"collection":[{"href":"https:\/\/wp.unil.ch\/histoireparlesdonnees\/wp-json\/wp\/v2\/pages"}],"about":[{"href":"https:\/\/wp.unil.ch\/histoireparlesdonnees\/wp-json\/wp\/v2\/types\/page"}],"author":[{"embeddable":true,"href":"https:\/\/wp.unil.ch\/histoireparlesdonnees\/wp-json\/wp\/v2\/users\/1001264"}],"replies":[{"embeddable":true,"href":"https:\/\/wp.unil.ch\/histoireparlesdonnees\/wp-json\/wp\/v2\/comments?post=24"}],"version-history":[{"count":0,"href":"https:\/\/wp.unil.ch\/histoireparlesdonnees\/wp-json\/wp\/v2\/pages\/24\/revisions"}],"up":[{"embeddable":true,"href":"https:\/\/wp.unil.ch\/histoireparlesdonnees\/wp-json\/wp\/v2\/pages\/17"}],"wp:attachment":[{"href":"https:\/\/wp.unil.ch\/histoireparlesdonnees\/wp-json\/wp\/v2\/media?parent=24"}],"curies":[{"name":"wp","href":"https:\/\/api.w.org\/{rel}","templated":true}]}}