{"id":219,"date":"2017-05-24T17:13:41","date_gmt":"2017-05-24T15:13:41","guid":{"rendered":"http:\/\/wp.unil.ch\/histoireparlesdonnees\/?page_id=219"},"modified":"2017-06-06T18:18:01","modified_gmt":"2017-06-06T16:18:01","slug":"contexte-historique-et-problematique-du-travail","status":"publish","type":"page","link":"https:\/\/wp.unil.ch\/histoireparlesdonnees\/les-travaux\/perception-de-la-decolonisation-et-des-nouvelles-independances-dans-la-gazette-de-lausanne-et-le-journal-de-geneve-durant-la-guerre-froide\/contexte-historique-et-problematique-du-travail\/","title":{"rendered":"Contexte historique et probl\u00e9matique du travail"},"content":{"rendered":"<p><a href=\"https:\/\/wp.unil.ch\/histoireparlesdonnees\/les-travaux\/perception-de-la-decolonisation-et-des-nouvelles-independances-dans-la-gazette-de-lausanne-et-le-journal-de-geneve-durant-la-guerre-froide\/\">Accueil<\/a> | <a href=\"https:\/\/wp.unil.ch\/histoireparlesdonnees\/les-travaux\/perception-de-la-decolonisation-et-des-nouvelles-independances-dans-la-gazette-de-lausanne-et-le-journal-de-geneve-durant-la-guerre-froide\/contexte-historique-et-problematique-du-travail\/\">Contexte historique et probl\u00e9matique du travail<\/a> | <a href=\"https:\/\/wp.unil.ch\/histoireparlesdonnees\/les-travaux\/perception-de-la-decolonisation-et-des-nouvelles-independances-dans-la-gazette-de-lausanne-et-le-journal-de-geneve-durant-la-guerre-froide\/methodologie\/\">M\u00e9thodologie<\/a> | <a href=\"https:\/\/wp.unil.ch\/histoireparlesdonnees\/les-travaux\/perception-de-la-decolonisation-et-des-nouvelles-independances-dans-la-gazette-de-lausanne-et-le-journal-de-geneve-durant-la-guerre-froide\/interpretation-des-resultats\/\">Interpr\u00e9tation des r\u00e9sultats<\/a> | <a href=\"https:\/\/wp.unil.ch\/histoireparlesdonnees\/les-travaux\/perception-de-la-decolonisation-et-des-nouvelles-independances-dans-la-gazette-de-lausanne-et-le-journal-de-geneve-durant-la-guerre-froide\/bibiographie\/\">Bibliographie<\/a> | <a href=\"https:\/\/wp.unil.ch\/histoireparlesdonnees\/les-travaux\/perception-de-la-decolonisation-et-des-nouvelles-independances-dans-la-gazette-de-lausanne-et-le-journal-de-geneve-durant-la-guerre-froide\/annexes\/\">Annexes<\/a><\/p>\n<p>La d\u00e9colonisation a \u00e9t\u00e9 sans conteste l\u2019un des \u00e9v\u00e9nements majeurs qui a marqu\u00e9 la deuxi\u00e8me partie du XX<sup>e<\/sup> si\u00e8cle. Si l\u2019on accepte que le terme d\u00e9colonisation \u00ab doit \u00eatre r\u00e9serv\u00e9 \u00e0 l\u2019\u00e9mancipation des peuples d\u2019Asie et d\u2019Afrique, ayant subi au XIX<sup>e<\/sup> si\u00e8cle une emprise coloniale qui, dans la quasi-totalit\u00e9 des cas, ne s\u2019est pas accompagn\u00e9e ni n\u2019a \u00e9t\u00e9 suivie d\u2019un peuplement europ\u00e9en significatif<a href=\"#_ftn1\" name=\"_ftnref1\"><sup>[1]<\/sup><\/a>\u00a0\u00bb alors en effet, la grande majorit\u00e9 de la d\u00e9colonisation a pris place apr\u00e8s la Seconde Guerre mondiale.<\/p>\n<p>Les causes de ce ph\u00e9nom\u00e8ne sont multiples. Premi\u00e8rement, les deux grands conflits mondiaux ont fortement affect\u00e9 les puissances coloniales europ\u00e9ennes. Elles ont perdu en prestige et en moyens. Des mouvements de contestation de l\u2019entreprise coloniale font \u00e9galement leur apparition dans les soci\u00e9t\u00e9s colonisatrices. Deuxi\u00e8mement, ce sont les acteurs principaux de la Guerre froide eux-m\u00eames qui jouent un r\u00f4le important. D\u2019un c\u00f4t\u00e9, les \u00c9tats-Unis suivent une politique tr\u00e8s anticolonialiste, alors que, d\u2019un autre c\u00f4t\u00e9, l\u2019URSS suit une politique anti-imp\u00e9rialiste. La conjugaison des deux encourage fortement les pays colonis\u00e9s \u00e0 demander et \u00e0 lutter pour leur ind\u00e9pendance. En dernier point, notons que les colonies d\u2019Asie et d\u2019Afrique sont en grande majorit\u00e9 tr\u00e8s faiblement peupl\u00e9es par des colons europ\u00e9ens et sont donc fragiles et difficiles \u00e0 maintenir<a href=\"#_ftn2\" name=\"_ftnref2\"><sup>[2]<\/sup><\/a>.<\/p>\n<p>Les d\u00e9colonisations ont \u00e9t\u00e9 diff\u00e9rentes selon les pays et l\u2019on peut recenser quatre types d\u2019ind\u00e9pendance. Celles obtenues par les armes comme en Indochine, Alg\u00e9rie et Angola-Mozambique, celles octroy\u00e9es par les puissances coloniales, celles que les nouveaux pays ind\u00e9pendants ont acquises par des n\u00e9gociations, et finalement, celles qui ont \u00e9t\u00e9 consenties sous la pression internationale<a href=\"#_ftn3\" name=\"_ftnref3\"><sup>[3]<\/sup><\/a>. La majorit\u00e9 des anciennes colonies ont obtenu leur ind\u00e9pendance entre 1945 et la fin des ann\u00e9es 1960. Quelques exceptions sont pourtant \u00e0 noter telles que l\u2019Angola et le Mozambique en 1975, le Zimbabwe en 1980 ou encore la Namibie en 1990<a href=\"#_ftn4\" name=\"_ftnref4\"><sup>[4]<\/sup><\/a>.<\/p>\n<p>Tous ces nouveaux \u00e9tats issus de la d\u00e9colonisation, et fr\u00e9quemment associ\u00e9s \u00e0 partir des ann\u00e9es 1950 au dit <em>tiers-monde<\/em>, deviennent de nouveaux acteurs sur la sc\u00e8ne internationale. La Suisse, pays neutre, qui n\u2019a jamais \u00e9t\u00e9 une puissance coloniale, b\u00e9n\u00e9ficie d\u2019une position privil\u00e9gi\u00e9e pour entrer en relation avec ces pays nouvellement ind\u00e9pendants. Favorisant une approche bilat\u00e9rale facilit\u00e9e par son statut sp\u00e9cifique, elle noue un important r\u00e9seau de relations diplomatiques et consulaires. Ces relations s\u2019articulent autour de trois axes\u00a0: la solidarit\u00e9, l\u2019int\u00e9r\u00eat \u00e9conomique et la lutte contre l\u2019influence communiste. D\u00e8s les ann\u00e9es 1950, la Suisse met en place une politique d\u2019aide publique au d\u00e9veloppement soit \u00e0 travers des contributions financi\u00e8res, soit par un soutien technique directement<a href=\"#_ftn5\" name=\"_ftnref5\"><sup>[5]<\/sup><\/a>. Mais la Conf\u00e9d\u00e9ration a \u00e9galement rapidement compris l\u2019int\u00e9r\u00eat \u00e9conomique que repr\u00e9sentent ces nouveaux pays comme partenaires et comme d\u00e9bouch\u00e9s commerciaux. La rapide reconnaissance des nouveaux \u00e9tats semble en attester. En dernier point, les ann\u00e9es 1950 et 1960 ont vu une globalisation de la Guerre froide qui s\u2019est \u00e9tendue \u00e0 toutes les r\u00e9gions du monde, et qui a influenc\u00e9 les relations de la Suisse avec le tiers-monde. Le gouvernement suisse tente, par sa politique \u00e9trang\u00e8re, d\u2019\u0153uvrer afin d\u2019\u00e9viter l\u2019expansion du communisme dans les pays nouvellement d\u00e9colonis\u00e9s<a href=\"#_ftn6\" name=\"_ftnref6\"><sup>[6]<\/sup><\/a>. Bien souvent, ces trois axes s\u2019entrem\u00ealent. L\u2019aide au d\u00e9veloppement a \u00e9t\u00e9 critiqu\u00e9e pour son utilisation politique. Il n\u2019est pas toujours ais\u00e9 de voir si cette derni\u00e8re a \u00e9t\u00e9 utilis\u00e9e pour des raisons de solidarit\u00e9 ou si elle a \u00e9t\u00e9 un instrument destin\u00e9 \u00e0 accro\u00eetre l\u2019influence suisse dans les pays \u00e0 fort int\u00e9r\u00eat \u00e9conomique ou pour lutter contre le communisme. La solidarit\u00e9 et la d\u00e9fense des int\u00e9r\u00eats suisses ont parfois \u00e9t\u00e9 tr\u00e8s li\u00e9s.<\/p>\n<p>En ce qui concerne l\u2019analyse de ces changements importants faite par la Conf\u00e9d\u00e9ration suisse, \u00ab\u00a0les autorit\u00e9s f\u00e9d\u00e9rales ont souvent une vision o\u00f9 se m\u00ealent craintes et espoirs vis-\u00e0-vis de ces nouveaux gouvernements ind\u00e9pendants et de l\u2019avenir aussi bien politique qu\u2019\u00e9conomique de certains de ces \u00c9tats<a href=\"#_ftn7\" name=\"_ftnref7\"><sup>[7]<\/sup><\/a>\u00a0\u00bb. De plus, dans un article du <em>Journal de Gen\u00e8ve<\/em> dat\u00e9 du 25 mai 1962, on rapporte les propos de l\u2019intellectuel suisse et europ\u00e9iste Denis de Rougemont qui s\u2019interroge \u00ab si la d\u00e9colonisation ne signifie pas le d\u00e9clin de l\u2019influence mondiale de l\u2019Europe au profit d\u2019autres cultures\u00a0? \u00bb<a href=\"#_ftn8\" name=\"_ftnref8\"><sup>[8]<\/sup><\/a>. Il semble donc qu\u2019il y ait un int\u00e9r\u00eat pour la question. Notons \u00e9galement que les ann\u00e9es 1960 ont vu l\u2019\u00e9mergence des mouvements tiers-mondistes en Suisse qui ont influenc\u00e9 le d\u00e9bat.<\/p>\n<p>\u00c0 travers l\u2019analyse de deux journaux lib\u00e9raux suisses romands, le <em>Journal de Gen\u00e8ve<\/em> (JDG) et la <em>Gazette de Lausanne<\/em> (GDL), nous allons t\u00e2cher de mettre en lumi\u00e8re quelle a \u00e9t\u00e9 la perception de la d\u00e9colonisation et des nouvelles ind\u00e9pendances. Nous allons tenter de r\u00e9pondre \u00e0 un certain nombre de questions. Comment ont \u00e9t\u00e9 trait\u00e9s ces \u00e9v\u00e9nements dans cette presse sp\u00e9cifique ? Y-a-t-il eu des d\u00e9colonisations ou des ind\u00e9pendances qui ont \u00e9t\u00e9 plus, ou pas, trait\u00e9es ? Quel est le discours employ\u00e9 ? Y-a-t-il eu une \u00e9volution du discours entre les premi\u00e8res d\u00e9colonisations et celles qui se sont pass\u00e9es dans les ann\u00e9es 1980-1990 ? Peut-on remarquer une diff\u00e9rence de traitement selon la r\u00e9gion ? Selon l\u2019ancienne puissance coloniale ? Selon le type d\u2019accession \u00e0 l\u2019ind\u00e9pendance ? Selon l\u2019importance \u00e9conomique du nouvel \u00e9tat ? Nous essayerons \u00e9galement d\u2019observer le discours sur la politique \u00e9trang\u00e8re suisse mis en place \u00e0 cet \u00e9gard durant les ann\u00e9es de la Guerre froide.<\/p>\n<p>&nbsp;<\/p>\n<p><strong>Informations sur le corpus et les ressources bibliographiques<\/strong><\/p>\n<p>Notre corpus de sources primaires est constitu\u00e9 des archives de presse de la <em>Gazette de Lausanne<\/em> et du <em>Journal de Gen\u00e8ve<\/em>. Ces derni\u00e8res sont en libre acc\u00e8s en ligne sous forme num\u00e9ris\u00e9e<a href=\"#_ftn9\" name=\"_ftnref9\"><sup>[9]<\/sup><\/a>. Dans le cadre de notre recherche, nous nous concentrerons sur les articles publi\u00e9s depuis la fin de la Deuxi\u00e8me Guerre mondiale jusqu\u2019aux derni\u00e8res archives, en 1998.<\/p>\n<p>Respectivement cr\u00e9\u00e9s en 1798 et 1826 pour relayer les id\u00e9aux et activit\u00e9s du Parti lib\u00e9ral-conservateur, la GDL et le JDG ont compt\u00e9 parmi les titres romands les plus influents du XX<sup>e<\/sup> si\u00e8cle<a href=\"#_ftn10\" name=\"_ftnref10\"><sup>[10]<\/sup><\/a>. Le JDG et la GDL sont concurrents et partagent une m\u00eame ligne \u00e9ditoriale et un m\u00eame public. Tous deux se veulent des journaux de commentaire, \u00ab\u00a0plaident pour une presse politique<a href=\"#_ftn11\" name=\"_ftnref11\"><sup>[11]<\/sup><\/a>\u00a0\u00bb et se font les champions du \u00ab\u00a0lib\u00e9ralisme politique et \u00e9conomique, [de la] d\u00e9fense du f\u00e9d\u00e9ralisme contre la \u2018centralisation bernoise\u2019, [et de la] lutte contre le socialisme et le bolchevisme \u00bb<a href=\"#_ftn12\" name=\"_ftnref12\"><sup>[12]<\/sup><\/a>.<\/p>\n<p>Il est \u00e0 noter qu\u2019une s\u00e9rie d\u2019investissements malheureux et une gestion m\u00e9diocre contraint, en 1976, la GDL \u00e0 s\u2019atteler au JDG. A partir de cette date, la GDL ne se distingue du JDG plus que par ses pages r\u00e9gionales.<\/p>\n<p>En 1998, concurrenc\u00e9s par la presse d\u2019information et en difficult\u00e9s financi\u00e8res depuis plusieurs ann\u00e9es, le JDG, la GDL et le <em>Nouveau Quotidien<\/em>, un autre journal de commentaire, fusionnent finalement pour fonder <em>Le Temps<a href=\"#_ftn13\" name=\"_ftnref13\"><sup><strong>[13]<\/strong><\/sup><\/a>.<\/em><\/p>\n<p>Le JDG se diff\u00e9rencie de la GDL principalement par un accent g\u00e9n\u00e9ralement plus prononc\u00e9 sur la politique internationale, la GDL \u00e9tant plus port\u00e9e sur les informations locales. A noter \u00e9galement que la GDL s\u2019\u00e9carte en partie de sa ligne traditionnellement lib\u00e9rale-conservatrice sous l\u2019influence plus progressiste de Pierre B\u00e9guin, r\u00e9dacteur en chef entre 1950 et 1965<a href=\"#_ftn14\" name=\"_ftnref14\"><sup>[14]<\/sup><\/a>.<\/p>\n<hr \/>\n<p><a href=\"#_ftnref1\" name=\"_ftn1\"><sup>[1]<\/sup><\/a> ETEMAD, Bouda, <em>La Possession du monde. Poids et mesures de la colonisation. <\/em>Bruxelles: Editions Complexe, 2000, p. 263.<\/p>\n<p><a href=\"#_ftnref2\" name=\"_ftn2\"><sup>[2]<\/sup><\/a> <em>Ibid<\/em>., pp. 266-267.<\/p>\n<p><a href=\"#_ftnref3\" name=\"_ftn3\"><sup>[3]<\/sup><\/a> <em>Ibid<\/em>., p. 270.<\/p>\n<p><a href=\"#_ftnref4\" name=\"_ftn4\"><sup>[4]<\/sup><\/a> <em>Ibid<\/em>., p. 279.<\/p>\n<p><a href=\"#_ftnref5\" name=\"_ftn5\"><sup>[5]<\/sup><\/a> ALTERMATT, Claude, <em>La politique \u00e9trang\u00e8re de la Suisse pendant la Guerre froide<\/em>, Lausanne : Presses polytechniques et universitaires romandes, 2003, p. 77.<\/p>\n<p><a href=\"#_ftnref6\" name=\"_ftn6\"><sup>[6]<\/sup><\/a> <em>Ibid., <\/em>p. 76.<\/p>\n<p><a href=\"#_ftnref7\" name=\"_ftn7\"><sup>[7]<\/sup><\/a> BOTT, Sandra <em>et alii<\/em>., \u00ab Le r\u00f4le international de la Suisse dans la Guerre froide globale : un \u00e9quilibre pr\u00e9caire \u00bb, <em>Relations internationales,<\/em> 2015\/3 (n\u00b0 163), p. 10.<\/p>\n<p><a href=\"#_ftnref8\" name=\"_ftn8\"><sup>[8]<\/sup><\/a> \u00ab Les vraies chances de l\u2019Europe sont dans le f\u00e9d\u00e9ralisme \u00bb, <em>Journal de Gen\u00e8ve<\/em>, 25.05.1962, p.16.<\/p>\n<p><a href=\"#_ftnref9\" name=\"_ftn9\"><sup>[9]<\/sup><\/a> <a href=\"https:\/\/www.letempsarchives.ch\/\">https:\/\/www.letempsarchives.ch<\/a><\/p>\n<p><a href=\"#_ftnref10\" name=\"_ftn10\"><sup>[10]<\/sup><\/a> CLAVIEN, Alain, <em>Grandeurs et mis\u00e8res de la presse politique<\/em>, Lausanne : Antipodes, 2010, p. 9.<\/p>\n<p><a href=\"#_ftnref11\" name=\"_ftn11\"><sup>[11]<\/sup><\/a> <em>Ibid<\/em>., p. 10.<\/p>\n<p><a href=\"#_ftnref12\" name=\"_ftn12\"><sup>[12]<\/sup><\/a> <em>Ibid.<\/em>, p. 9.<\/p>\n<p><a href=\"#_ftnref13\" name=\"_ftn13\"><sup>[13]<\/sup><\/a> <em>Ibid.<\/em>, p. 298.<\/p>\n<p><a href=\"#_ftnref14\" name=\"_ftn14\"><sup>[14]<\/sup><\/a> <em>Ibid<\/em>., p. 208.<\/p>\n","protected":false},"excerpt":{"rendered":"<p>Accueil | Contexte historique et probl\u00e9matique du travail | M\u00e9thodologie | Interpr\u00e9tation des r\u00e9sultats | Bibliographie | Annexes La d\u00e9colonisation a \u00e9t\u00e9 sans conteste l\u2019un des \u00e9v\u00e9nements majeurs qui a marqu\u00e9 la deuxi\u00e8me partie du XXe si\u00e8cle. Si l\u2019on accepte<\/p>\n","protected":false},"author":1001264,"featured_media":0,"parent":68,"menu_order":0,"comment_status":"closed","ping_status":"closed","template":"","meta":{"_seopress_robots_primary_cat":"","_seopress_titles_title":"","_seopress_titles_desc":"","_seopress_robots_index":"","footnotes":""},"class_list":["post-219","page","type-page","status-publish"],"_links":{"self":[{"href":"https:\/\/wp.unil.ch\/histoireparlesdonnees\/wp-json\/wp\/v2\/pages\/219","targetHints":{"allow":["GET"]}}],"collection":[{"href":"https:\/\/wp.unil.ch\/histoireparlesdonnees\/wp-json\/wp\/v2\/pages"}],"about":[{"href":"https:\/\/wp.unil.ch\/histoireparlesdonnees\/wp-json\/wp\/v2\/types\/page"}],"author":[{"embeddable":true,"href":"https:\/\/wp.unil.ch\/histoireparlesdonnees\/wp-json\/wp\/v2\/users\/1001264"}],"replies":[{"embeddable":true,"href":"https:\/\/wp.unil.ch\/histoireparlesdonnees\/wp-json\/wp\/v2\/comments?post=219"}],"version-history":[{"count":0,"href":"https:\/\/wp.unil.ch\/histoireparlesdonnees\/wp-json\/wp\/v2\/pages\/219\/revisions"}],"up":[{"embeddable":true,"href":"https:\/\/wp.unil.ch\/histoireparlesdonnees\/wp-json\/wp\/v2\/pages\/68"}],"wp:attachment":[{"href":"https:\/\/wp.unil.ch\/histoireparlesdonnees\/wp-json\/wp\/v2\/media?parent=219"}],"curies":[{"name":"wp","href":"https:\/\/api.w.org\/{rel}","templated":true}]}}