{"id":208,"date":"2017-05-24T16:48:50","date_gmt":"2017-05-24T14:48:50","guid":{"rendered":"http:\/\/wp.unil.ch\/histoireparlesdonnees\/?page_id=208"},"modified":"2017-05-24T18:50:52","modified_gmt":"2017-05-24T16:50:52","slug":"contexte-historique","status":"publish","type":"page","link":"https:\/\/wp.unil.ch\/histoireparlesdonnees\/les-travaux\/limportance-de-la-chine-dans-la-presse-liberale-romande-au-xxe-siecle\/contexte-historique\/","title":{"rendered":"Contexte historique"},"content":{"rendered":"<div style=\"background-color: #eee;padding: 20px 20px;margin: 10px;float: right;width: 300px\">\n<h1 style=\"font-size: 20px;line-height: normal\">L\u2019importance de la Chine dans la presse lib\u00e9rale romande au XXe si\u00e8cle<\/h1>\n<ul style=\"margin-bottom: 0;padding-bottom: 0\">\n<li><a href=\"https:\/\/wp.unil.ch\/histoireparlesdonnees\/les-travaux\/limportance-de-la-chine-dans-la-presse-liberale-romande-au-xxe-siecle\/\">Introduction<\/a><\/li>\n<li>Contexte historique<\/li>\n<li><a href=\"https:\/\/wp.unil.ch\/histoireparlesdonnees\/les-travaux\/limportance-de-la-chine-dans-la-presse-liberale-romande-au-xxe-siecle\/methodologie\/\">M\u00e9thodologie digitale<\/a><\/li>\n<li><a href=\"https:\/\/wp.unil.ch\/histoireparlesdonnees\/les-travaux\/limportance-de-la-chine-dans-la-presse-liberale-romande-au-xxe-siecle\/interpretation-des-resultats\/\">Interpr\u00e9tation des r\u00e9sultats<\/a><\/li>\n<li><a href=\"https:\/\/wp.unil.ch\/histoireparlesdonnees\/les-travaux\/limportance-de-la-chine-dans-la-presse-liberale-romande-au-xxe-siecle\/exemples-articles-indesirables\/\">Exemples d\u2019articles ind\u00e9sirables<\/a><\/li>\n<\/ul>\n<\/div>\n<p>Au d\u00e9but du XXe si\u00e8cle, la Chine voit se succ\u00e9der trois r\u00e9gimes : l\u2019Empire, la R\u00e9publique de Chine et la R\u00e9publique Populaire de Chine (RPC). La p\u00e9riode est emplie de troubles civils. De nombreuses r\u00e9voltes \u00e9clatent au d\u00e9but du si\u00e8cle notamment entre 1899 et 1901 avec la r\u00e9volte des Boxers puis en 1911. La RPC, elle, est le r\u00e9sultat d\u2019un conflit d\u00e9but\u00e9 en 1927 entre les nationalistes et communistes qui se solde par la proclamation de la RPC fin 1949 par Mao Ts\u00e9-Tung, figure de proue du Parti Communiste Chinois (PCC) puis dirigeant de la RPC jusqu\u2019\u00e0 sa mort en 1976.<\/p>\n<p>La RPC est ferm\u00e9e \u2013 comme le t\u00e9moignent les Documents Diplomatiques Suisses : on peut attendre jusqu\u2019\u00e0 deux ans pour obtenir un visa d\u2019entr\u00e9e<a id=\"_ftnref1\" href=\"#_ftn1\"><sup>[1]<\/sup><\/a>. Ses habitants sont victimes de la collectivisation forc\u00e9e, de la famine. On retient le Grand Bond en avant et la R\u00e9volution culturelle : deux \u00e9v\u00e9nements qui respectivement visaient \u00e0 l\u2019industrialisation sur un mod\u00e8le stalinien et \u00e0 restaurer le pouvoir de Mao au sein du PCC. Avec le d\u00e9c\u00e8s de Mao en 1976, Deng Xiaoping lui succ\u00e8de jusqu\u2019en 1992 et lib\u00e9ralise l\u2019\u00e9conomie. Les manifestations de la place Tian\u2019anmen se produisent sous son mandat. Il s\u2019agit des premi\u00e8res manifestations d\u2019envergure (plus d\u2019un million de P\u00e9kinois y particip\u00e8rent) r\u00e9prim\u00e9es dans le sang par l\u2019arm\u00e9e.<\/p>\n<p>Du point de vue des relations sino-suisses, des comptoirs notamment sous protectorat fran\u00e7ais ont exist\u00e9 \u00e0 partir de la moiti\u00e9 du XIXe si\u00e8cle. Avant, ce sont des j\u00e9suites horlogers qui travaillaient pour l\u2019empereur. Durant cette p\u00e9riode, la Chine a surtout une importance \u00e9conomique pour la Conf\u00e9d\u00e9ration. Un contact officiel est \u00e9tabli en 1906, une maison de commerce ouvre en 1912 \u00e0 Shangha\u00ef et les deux pays signent<a id=\"_ftnref2\" href=\"#_ftn2\"><sup>[2]<\/sup><\/a> un trait\u00e9 d\u2019amiti\u00e9 o\u00f9 la Conf\u00e9d\u00e9ration est d\u00e9sign\u00e9e comme <em>nation la plus favoris\u00e9e<\/em><a id=\"_ftnref3\" href=\"#_ftn3\"><sup>[3]<\/sup><\/a>. La Suisse y re\u00e7oit des droits d\u2019extraterritorialit\u00e9 similaires aux trait\u00e9s in\u00e9gaux impos\u00e9s \u00e0 la Chine au XIXe si\u00e8cle par les puissances coloniales.<\/p>\n<p>En 1949, la Suisse est l\u2019un des premiers pays d\u2019Occident \u00e0 reconna\u00eetre la RPC. Elle \u00e9tait pr\u00e9occup\u00e9e par cette question<a id=\"_ftnref4\" href=\"#_ftn4\"><sup>[4]<\/sup><\/a>. Cela d\u00e9coulait de l\u2019\u00e9chec de la reconnaissance tardive de l\u2019URSS et parce que le calendrier \u00e9tait important \u00e0 cause de la neutralit\u00e9. \u00catre les premiers aurait pu \u00eatre consid\u00e9r\u00e9 comme opportuniste.<\/p>\n<blockquote><p>Nul ne peut pr\u00e9tendre embrasser l\u2019imbroglio chinois en quelques semaines<br \/>\n<cite>Henri de Torrent\u00e9<\/cite><\/p><\/blockquote>\n<p>Toutefois, la Suisse est tr\u00e8s anticommuniste<a id=\"_ftnref5\" href=\"#_ftn5\"><sup>[5]<\/sup><\/a>. Cette d\u00e9cision est prise alors que la situation en Chine est floue. Henri de Torrent\u00e9 \u2013 \u00e0 la t\u00eate de la l\u00e9gation suisse en 1946 \u2013 dit \u00ab?Nul ne peut pr\u00e9tendre embrasser l\u2019imbroglio chinois en quelques semaines?\u00bb<a id=\"_ftnref6\" href=\"#_ftn6\"><sup>[6]<\/sup><\/a>. Max Petitpierre \u2013 conseiller f\u00e9d\u00e9ral aux affaires \u00e9trang\u00e8res de 1945 \u00e0 1961 \u2013 va convaincre le Conseil f\u00e9d\u00e9ral de mettre en \u0153uvre cette reconnaissance. L\u2019aspect \u00e9conomique permet en partie d\u2019expliquer pourquoi la Suisse a privil\u00e9gi\u00e9 un r\u00e9gime communiste<a id=\"_ftnref7\" href=\"#_ftn7\"><sup>[7]<\/sup><\/a> alors qu\u2019habituellement, elle participe aux mouvements qui limitent l\u2019expansion du communisme dans le monde. Cette reconnaissance offre une opportunit\u00e9 \u00e0 la RPC de se r\u00e9affirmer, notamment lors de la conf\u00e9rence sur l\u2019Indochine en 1954 \u00e0 Gen\u00e8ve<a id=\"_ftnref8\" href=\"#_ftn8\"><sup>[8]<\/sup><\/a>. La Chine r\u00e9clame \u00e9galement la r\u00e9vocation des trait\u00e9s in\u00e9gaux suite \u00e0 la fin de la guerre.<\/p>\n<p>La Suisse, qui offre ses bons offices<a id=\"_ftnref9\" href=\"#_ftn9\"><sup>[9]<\/sup><\/a> durant la guerre de Cor\u00e9e, est amen\u00e9e \u00e0 communiquer avec la Chine pour le compte d\u2019autres pays, notamment via Clemente Rezzonico, repr\u00e9sentant suisse en RPC en 1950. La RPC a une de ses plus importantes repr\u00e9sentations d\u2019Occident [occidentales ?] en Suisse. Elle va s\u2019en servir durant la R\u00e9volution culturelle comme d\u2019une plateforme de diffusion de propagande vers d\u2019autres pays au prix de l\u2019agacement de ses h\u00f4tes.<\/p>\n<p>Malgr\u00e9 la pr\u00e9cocit\u00e9 et la richesse en accords \u00e9conomiques, des frictions pars\u00e8ment les relations sino-helv\u00e9tiques. Le \u00ab sentiment d\u2019humiliation nationale \u00bb<a id=\"_ftnref10\" href=\"#_ftn10\"><sup>[10]<\/sup><\/a> \u2013 un des pr\u00e9ceptes id\u00e9ologiques de Mao<em> \u2013<\/em> pousse les diplomates chinois en Suisse \u00e0 adopter des discours extr\u00eames, mena\u00e7ant les relations entre les deux pays<a id=\"_ftnref11\" href=\"#_ftn11\"><sup>[11]<\/sup><\/a>. Dans une Suisse tr\u00e8s anticommuniste, cette activit\u00e9 m\u00e8ne les autorit\u00e9s \u00e0 surveiller <em>tous les restaurants chinois<\/em><a id=\"_ftnref12\" href=\"#_ftn12\"><sup>[12]<\/sup><\/a>.<\/p>\n<p>Avec la r\u00e9volte tib\u00e9taine en 1959, la Suisse autorise l\u2019accueil de r\u00e9fugi\u00e9s tib\u00e9tains en 1963 et des visites du Dala\u00ef-Lama<a id=\"_ftnref13\" href=\"#_ftn13\"><sup>[13]<\/sup><\/a>. Cela soul\u00e8ve la col\u00e8re des autorit\u00e9s chinoises notamment en 1999 lors d\u2019une visite officielle par le pr\u00e9sident chinois en Suisse. Il est siffl\u00e9 par des manifestants pro-tib\u00e9tains et son agacement est tel que sa r\u00e9ponse va d\u00e9passer le protocole diplomatique.<\/p>\n<p>Cependant, d\u00e8s les ann\u00e9es 1970, la Suisse et la Chine intensifient leurs relations et signent des accords autour du commerce et de la coop\u00e9ration scientifique<a id=\"_ftnref14\" href=\"#_ftn14\"><sup>[14]<\/sup><\/a>.<\/p>\n<h1>Bibliographie<\/h1>\n<ul>\n<li>Berg\u00e8re, Marie-Claire. <em>La Chine de 1949 \u00e0 nos jours<\/em>. A. Colin, 2000.<\/li>\n<li>Coduri, Michele. \u00ab La Reconnaissance de la Chine populaire par la Suisse et l&#8217;\u00e9tablissement des relations diplomatiques\u00bb <em>Politorbis<\/em> 25, 2000 : 5-11<\/li>\n<li>Coduri, Michele, Alois Riklin, et Antoine Fleury. <em>La Suisse face \u00e0 la Chine: une continuit\u00e9 impossible ?<\/em> Bruylant-Academia, 2004.<\/li>\n<li>Coduri, Michele. \u00ab Protection des int\u00e9r\u00eats \u00e9trangers et bons offices dans l\u2019espace sino-cor\u00e9en au d\u00e9but des ann\u00e9es 1950\u00bb <em>Relations internationales<\/em> 4, 2010 : 51-64<\/li>\n<li>Keller, Hans. \u00ab Les relations entre la Suisse et la Chine\u00bb <em>Bulletin de Sinologie,<\/em> 1987 : 22-28<\/li>\n<li>Kn\u00fcsel, Ariane. \u00ab \u2039 Arm\u00e9 de la pens\u00e9e de Mao Ts\u00e9-toung, on peut r\u00e9soudre tous les probl\u00e8mes \u203a l\u2019influence de la R\u00e9volution culturelle sur les relations entre la Suisse et la R\u00e9publique populaire de Chine. \u00bb <em>Relations internationales<\/em> 3, 2015 : 29-46.<\/li>\n<\/ul>\n<p><a id=\"_ftn1\" href=\"#_ftnref1\"><sup>[1]<\/sup><\/a> Documents Diplomatiques Suisses, <a href=\"https:\/\/dodis.ch\/8172\">https:\/\/dodis.ch\/8172<\/a> et <a href=\"https:\/\/dodis.ch\/8179\">https:\/\/dodis.ch\/8179<\/a>, consult\u00e9 le 20 novembre 2016<\/p>\n<p><a id=\"_ftn2\" href=\"#_ftnref2\"><sup>[2]<\/sup><\/a> D\u00e9partement f\u00e9d\u00e9ral des affaires \u00e9trang\u00e8res, <a href=\"https:\/\/www.eda.admin.ch\/eda\/fr\/home\/laender-reise-information\/china\/schweiz-china.html\">https:\/\/www.eda.admin.ch\/eda\/fr\/home\/laender-reise-information\/china\/schweiz-china.html<\/a>, consult\u00e9 le 20 novembre 2016<\/p>\n<p><a id=\"_ftn3\" href=\"#_ftnref3\"><sup>[3]<\/sup><\/a> D\u00e9partement f\u00e9d\u00e9ral des affaires \u00e9trang\u00e8res, <a href=\"https:\/\/www.admin.ch\/opc\/fr\/classified-compilation\/19180011\/index.html\">https:\/\/www.admin.ch\/opc\/fr\/classified-compilation\/19180011\/index.html<\/a>, consult\u00e9 le 20 novembre 2016<\/p>\n<p><a id=\"_ftn4\" href=\"#_ftnref4\"><sup>[4]<\/sup><\/a> Coduri, Michele. \u00ab La Reconnaissance de la Chine populaire par la Suisse et l&#8217;\u00e9tablissement des relations diplomatiques\u00bb <em>Politorbis<\/em> 25, 2000 : 5<\/p>\n<p><a id=\"_ftn5\" href=\"#_ftnref5\"><sup>[5]<\/sup><\/a> Kn\u00fcsel, Ariane. \u00ab \u2039 Arm\u00e9 de la pens\u00e9e de Mao Ts\u00e9-toung, on peut r\u00e9soudre tous les probl\u00e8mes \u203a l\u2019influence de la R\u00e9volution culturelle sur les relations entre la Suisse et la R\u00e9publique populaire de Chine. \u00bb Relations internationales 3, 2015 : 31.<\/p>\n<p><a id=\"_ftn6\" href=\"#_ftnref6\"><sup>[6]<\/sup><\/a> Documents Diplomatiques Suisses, <a href=\"https:\/\/dodis.ch\/2303\">https:\/\/dodis.ch\/2303<\/a> consult\u00e9 le 20 novembre 2016<\/p>\n<p><a id=\"_ftn7\" href=\"#_ftnref7\"><sup>[7]<\/sup><\/a> Documents Diplomatiques Suisses, <a href=\"https:\/\/dodis.ch\/11574\">https:\/\/dodis.ch\/11574<\/a>, consult\u00e9 le 7 d\u00e9cembre 2016, Fernand Bernoulli, ambassadeur de Suisse \u00e0 Beijing, \u00ab Wirtschaftsbeziehungen mit China \u00bb, 26 juin 1956,<\/p>\n<p><a id=\"_ftn8\" href=\"#_ftnref8\"><sup>[8]<\/sup><\/a> Cable, James. \u00ab La conf\u00e9rence de Gen\u00e8ve sur l\u2019Indochine \u00bb. <em>Histoire, \u00e9conomie et soci\u00e9t\u00e9 <\/em>13e ann\u00e9e, n\u00b01, 1994 : 63<\/p>\n<p><a id=\"_ftn9\" href=\"#_ftnref9\"><sup>[9]<\/sup><\/a> Coduri, Michele, \u00ab Protection des int\u00e9r\u00eats \u00e9trangers et bons offices dans l\u2019espace sino-cor\u00e9en au d\u00e9but des ann\u00e9es 1950 \u00bb <em>Relations internationales<\/em> 4, 2010 : 51-64<\/p>\n<p><a id=\"_ftn10\" href=\"#_ftnref10\"><sup>[10]<\/sup><\/a> Kn\u00fcsel, Ariane. \u00ab \u2039 Arm\u00e9 de la pens\u00e9e de Mao Ts\u00e9-toung, on peut r\u00e9soudre tous les probl\u00e8mes \u203a l\u2019influence de la R\u00e9volution culturelle sur les relations entre la Suisse et la R\u00e9publique populaire de Chine. \u00bb Relations internationales 3, 2015 : 31.<\/p>\n<p><a id=\"_ftn11\" href=\"#_ftnref11\"><sup>[11]<\/sup><\/a> ibid, 38. Note de bas de page 41, citant les documents f\u00e9d\u00e9raux : \u00ab dossier \u00ab Affaire Tibet \u00bb, lettre d\u2019Oscar Rossetti, ambassadeur de Suisse \u00e0 Beijing, au conseiller f\u00e9d\u00e9ral Willy Sp\u00fchler, 16 ao\u00fbt 1967 ; AFS, E2200.174#1988\/78#53*, dossier \u00ab Affaire Tibet \u00bb, Felix Weber, vice-chancelier, \u00ab Protestation de la Chine au sujet des r\u00e9fugi\u00e9s tib\u00e9tains en Suisse \u00bb, 16 ao\u00fbt 1967 ; DDS, <a href=\"https:\/\/www.dodis.ch\/33531\">www.dodis.ch\/33531<\/a>, \u00ab Protokoll der Sitzung der Nationalr\u00e4tlichen Kommission f\u00fcr ausw\u00e4rtige Angelegenheiten vom 13.9.1967 \u00bb ; DDS, <a href=\"https:\/\/www.dodis.ch\/30921\">www.dodis.ch\/30921<\/a>, t\u00e9l. de l\u2019ambassade de Suisse \u00e0 Beijing au DPF, 5 septembre 1966. \u00bb<\/p>\n<p><a id=\"_ftn12\" href=\"#_ftnref12\"><sup>[12]<\/sup><\/a> ibid, 43.<\/p>\n<p><a id=\"_ftn13\" href=\"#_ftnref13\"><sup>[13]<\/sup><\/a> Documents Diplomatiques Suisses, <a href=\"https:\/\/dodis.ch\/37704\">https:\/\/dodis.ch\/37704<\/a>, consult\u00e9 le 22 novembre 2016.<\/p>\n<p><a id=\"_ftn14\" href=\"#_ftnref14\"><sup>[14]<\/sup><\/a> <a href=\"https:\/\/www.admin.ch\/opc\/fr\/classified-compilation\/19740367\/197504300000\/0.946.292.491.pdf\">https:\/\/www.admin.ch\/opc\/fr\/classified-compilation\/19740367\/197504300000\/0.946.292.491.pdf<\/a>, <a href=\"https:\/\/www.admin.ch\/opc\/fr\/classified-compilation\/19820345\/198301010000\/0.632.624.9.pdf\">https:\/\/www.admin.ch\/opc\/fr\/classified-compilation\/19820345\/198301010000\/0.632.624.9.pdf<\/a>, <a href=\"https:\/\/www.admin.ch\/opc\/fr\/classified-compilation\/19890027\/198902240000\/0.974.224.9.pdf\">https:\/\/www.admin.ch\/opc\/fr\/classified-compilation\/19890027\/198902240000\/0.974.224.9.pdf<\/a>,<br \/>\nconsult\u00e9s le 20 novembre 2016<\/p>\n","protected":false},"excerpt":{"rendered":"<p>L\u2019importance de la Chine dans la presse lib\u00e9rale romande au XXe si\u00e8cle Introduction Contexte historique M\u00e9thodologie digitale Interpr\u00e9tation des r\u00e9sultats Exemples d\u2019articles ind\u00e9sirables Au d\u00e9but du XXe si\u00e8cle, la Chine voit se succ\u00e9der trois r\u00e9gimes : l\u2019Empire, la R\u00e9publique de<\/p>\n","protected":false},"author":1001264,"featured_media":0,"parent":24,"menu_order":0,"comment_status":"closed","ping_status":"closed","template":"","meta":{"_seopress_robots_primary_cat":"","_seopress_titles_title":"","_seopress_titles_desc":"","_seopress_robots_index":"","footnotes":""},"class_list":["post-208","page","type-page","status-publish"],"_links":{"self":[{"href":"https:\/\/wp.unil.ch\/histoireparlesdonnees\/wp-json\/wp\/v2\/pages\/208","targetHints":{"allow":["GET"]}}],"collection":[{"href":"https:\/\/wp.unil.ch\/histoireparlesdonnees\/wp-json\/wp\/v2\/pages"}],"about":[{"href":"https:\/\/wp.unil.ch\/histoireparlesdonnees\/wp-json\/wp\/v2\/types\/page"}],"author":[{"embeddable":true,"href":"https:\/\/wp.unil.ch\/histoireparlesdonnees\/wp-json\/wp\/v2\/users\/1001264"}],"replies":[{"embeddable":true,"href":"https:\/\/wp.unil.ch\/histoireparlesdonnees\/wp-json\/wp\/v2\/comments?post=208"}],"version-history":[{"count":0,"href":"https:\/\/wp.unil.ch\/histoireparlesdonnees\/wp-json\/wp\/v2\/pages\/208\/revisions"}],"up":[{"embeddable":true,"href":"https:\/\/wp.unil.ch\/histoireparlesdonnees\/wp-json\/wp\/v2\/pages\/24"}],"wp:attachment":[{"href":"https:\/\/wp.unil.ch\/histoireparlesdonnees\/wp-json\/wp\/v2\/media?parent=208"}],"curies":[{"name":"wp","href":"https:\/\/api.w.org\/{rel}","templated":true}]}}