{"id":205,"date":"2017-05-24T18:15:47","date_gmt":"2017-05-24T16:15:47","guid":{"rendered":"http:\/\/wp.unil.ch\/histoireparlesdonnees\/?page_id=205"},"modified":"2017-05-24T18:29:46","modified_gmt":"2017-05-24T16:29:46","slug":"contexte","status":"publish","type":"page","link":"https:\/\/wp.unil.ch\/histoireparlesdonnees\/les-travaux\/evolution-linguistique-du-debat-public-autour-de-limmigration-en-suisse\/contexte\/","title":{"rendered":"Contexte"},"content":{"rendered":"<ul>\n<li><a href=\"https:\/\/wp.unil.ch\/histoireparlesdonnees\/les-travaux\/evolution-linguistique-du-debat-public-autour-de-limmigration-en-suisse\/\">Introduction<\/a><\/li>\n<li><a href=\"https:\/\/wp.unil.ch\/histoireparlesdonnees\/les-travaux\/evolution-linguistique-du-debat-public-autour-de-limmigration-en-suisse\/contexte\/\">Contexte<\/a><\/li>\n<li><a href=\"https:\/\/wp.unil.ch\/histoireparlesdonnees\/les-travaux\/evolution-linguistique-du-debat-public-autour-de-limmigration-en-suisse\/corpus-et-methodologie\/\">Corpus et m\u00e9thodologie<\/a><\/li>\n<li><a href=\"https:\/\/wp.unil.ch\/histoireparlesdonnees\/les-travaux\/evolution-linguistique-du-debat-public-autour-de-limmigration-en-suisse\/resultats-et-visualisation\/\">R\u00e9sultats et visualisation<\/a><\/li>\n<li><a href=\"https:\/\/wp.unil.ch\/histoireparlesdonnees\/les-travaux\/evolution-linguistique-du-debat-public-autour-de-limmigration-en-suisse\/conclusion\/\">Conclusion<\/a><\/li>\n<\/ul>\n<h2>Contexte historique<\/h2>\n<p>De la fin de la Seconde Guerre mondiale jusqu\u2019\u00e0 la fin du XXe si\u00e8cle, la Suisse a connu plusieurs vagues d\u2019immigration compos\u00e9es surtout de travailleurs \u00e9trangers mais aussi de r\u00e9fugi\u00e9s politiques et d\u2019immigrants irr\u00e9guliers. L\u2019importance de ces vagues, en termes de nombre d\u2019immigr\u00e9s, place la Suisse au 9\u00e8me rang des pays d\u2019immigration au plan international [1].<\/p>\n<p>Une immigration de type \u00e9conomique s\u2019est d\u00e9velopp\u00e9e apr\u00e8s 1945, en r\u00e9ponse \u00e0 un besoin massif de main d\u2019\u0153uvre en Suisse corr\u00e9l\u00e9 \u00e0 une \u00e9conomie en forte expansion. S\u2019\u00e9tablit alors un recrutement syst\u00e9matique de travailleurs \u00e9trangers, venus surtout d\u2019Italie d\u00e8s 1948 (date de l\u2019accord bilat\u00e9ral entre la Suisse et l\u2019Italie) puis, plus tard, d\u2019Espagne, d\u2019Allemagne, d\u2019Autriche et de France.<\/p>\n<figure id=\"attachment_296\" aria-describedby=\"caption-attachment-296\" style=\"width: 300px\" class=\"wp-caption aligncenter\"><img alt=\"\" loading=\"lazy\" decoding=\"async\" src=\"https:\/\/wp.unil.ch\/histoireparlesdonnees\/files\/2017\/05\/03_fig1-300x174.png\" alt=\"\" width=\"300\" height=\"174\" class=\"size-medium wp-image-296\" srcset=\"https:\/\/wp.unil.ch\/histoireparlesdonnees\/files\/2017\/05\/03_fig1-300x174.png 300w, https:\/\/wp.unil.ch\/histoireparlesdonnees\/files\/2017\/05\/03_fig1.png 577w\" sizes=\"auto, (max-width: 300px) 100vw, 300px\" \/><figcaption id=\"caption-attachment-296\" class=\"wp-caption-text\">Immigration annuelle des travailleurs, OFS<\/figcaption><\/figure>\n<p>Ce mouvement d\u2019origine \u00e9conomique atteint son apog\u00e9e en 1962, puis d\u00e8s 1963 l\u2019immigration redescend fortement, dans un contexte de mouvements nationalistes et x\u00e9nophobes (Plafonnement, initiatives Schwarzenbach). La crise p\u00e9troli\u00e8re de 1973 entra\u00eene par la suite le d\u00e9part de Suisse de quelque 200&#8217;000 personnes \u00e9trang\u00e8res.<\/p>\n<p>Une deuxi\u00e8me vague de nature \u00e9conomique apparait d\u00e8s 1983, quoique quantitativement moins importante. Entrain\u00e9e par la haute conjoncture, elle atteint son maximum en 1990 et est cette fois constitu\u00e9e surtout d\u2019immigrants du Portugal, de la Yougoslavie et de la Turquie, avant de s\u2019affaiblir \u00e0 cause du ralentissement \u00e9conomique. Cette fois, c\u2019est l\u2019UDC de Christoph Blocher qui \u00e9merge comme voix nationaliste. Au total, ce sont plus de 3.3 millions de travailleurs qui ont gagn\u00e9 la Suisse entre 1949 et 1998.<\/p>\n<p>L\u2019immigration d\u2019ordre politique, quant \u00e0 elle, constitue seulement 1% du nombre d\u2019immigrants en Suisse. Elle est rythm\u00e9e par les crises politiques qui frappent l&#8217;\u00e9tranger, telles que les r\u00e9voltes en Hongrie en 1956 et en Tch\u00e9coslovaquie en 1968. L&#8217;arriv\u00e9e dans les ann\u00e9es 1990 d&#8217;un grand nombre de ressortissants des pays d\u2019ex-Yougoslavie demandant le statut de r\u00e9fugi\u00e9 politique contribue \u00e0 l&#8217;adoption d&#8217;une politique d\u2019asile plus restrictive. Beaucoup d\u2019entre eux retournent dans leur pays d\u2019origine \u00e0 la fin de la guerre des Balkans (1995).<\/p>\n<p>&nbsp;<\/p>\n<h2>Contexte politique<\/h2>\n<p>De tels mouvements migratoires donnent naissance \u00e0 un vif d\u00e9bat en Suisse, aliment\u00e9 par le d\u00e9p\u00f4t de diverses initiatives populaires visant \u00e0 enrayer l\u2019arriv\u00e9e de migrants.<\/p>\n<p>Une premi\u00e8re initiative contre la p\u00e9n\u00e9tration \u00e9trang\u00e8re est lanc\u00e9e en 1965 par le parti bourgeois zurichois Demokratische Partei et ne passe m\u00eame pas devant le peuple, ayant \u00e9t\u00e9 refus\u00e9e par l\u2019assembl\u00e9e f\u00e9d\u00e9rale. Elle marque cependant le d\u00e9but d\u2019une \u00e8re de \u00ab\u00a0lutte contre l\u2019emprise \u00e9trang\u00e8re\u00a0\u00bb. S\u2019ensuivent six initiatives marquantes d\u00e9pos\u00e9es par le groupe Action Nationale, men\u00e9 par James Schwarzenbach, conseiller national zurichois. Lanc\u00e9es entre 1969 et 1985, elles portent des noms tels que initiative \u00ab\u00a0contre l\u2019emprise \u00e9trang\u00e8re\u00a0\u00bb, \u00ab\u00a0contre l\u2019emprise \u00e9trang\u00e8re et le surpeuplement de la Suisse\u00a0\u00bb ou encore \u00ab\u00a0pour une limitation du nombre annuel de naturalisations\u00a0\u00bb.<\/p>\n<p>Bien qu&#8217;aucune de ces initiatives n\u2019aient \u00e9t\u00e9 accept\u00e9es par le peuple, elles exercent tr\u00e8s certainement une influence sur le d\u00e9bat autour de l\u2019immigration et sur les politiques adopt\u00e9es. C\u2019est dans ce contexte que des mesures sont prises dans les ann\u00e9es 1970 pour limiter le nombre d&#8217;\u00e9trangers ayant une activit\u00e9 lucrative en Suisse.<\/p>\n<p><a href=\"#_ftnref1\" name=\"_ftn1\">[1]<\/a> Etienne Piguet, <em>L\u2019immigration en Suisse<\/em>, Lausanne 2013<\/p>\n","protected":false},"excerpt":{"rendered":"<p>Introduction Contexte Corpus et m\u00e9thodologie R\u00e9sultats et visualisation Conclusion Contexte historique De la fin de la Seconde Guerre mondiale jusqu\u2019\u00e0 la fin du XXe si\u00e8cle, la Suisse a connu plusieurs vagues d\u2019immigration compos\u00e9es surtout de travailleurs \u00e9trangers mais aussi de<\/p>\n","protected":false},"author":1001264,"featured_media":0,"parent":91,"menu_order":0,"comment_status":"closed","ping_status":"closed","template":"","meta":{"_seopress_robots_primary_cat":"","_seopress_titles_title":"","_seopress_titles_desc":"","_seopress_robots_index":"","footnotes":""},"class_list":["post-205","page","type-page","status-publish"],"_links":{"self":[{"href":"https:\/\/wp.unil.ch\/histoireparlesdonnees\/wp-json\/wp\/v2\/pages\/205","targetHints":{"allow":["GET"]}}],"collection":[{"href":"https:\/\/wp.unil.ch\/histoireparlesdonnees\/wp-json\/wp\/v2\/pages"}],"about":[{"href":"https:\/\/wp.unil.ch\/histoireparlesdonnees\/wp-json\/wp\/v2\/types\/page"}],"author":[{"embeddable":true,"href":"https:\/\/wp.unil.ch\/histoireparlesdonnees\/wp-json\/wp\/v2\/users\/1001264"}],"replies":[{"embeddable":true,"href":"https:\/\/wp.unil.ch\/histoireparlesdonnees\/wp-json\/wp\/v2\/comments?post=205"}],"version-history":[{"count":0,"href":"https:\/\/wp.unil.ch\/histoireparlesdonnees\/wp-json\/wp\/v2\/pages\/205\/revisions"}],"up":[{"embeddable":true,"href":"https:\/\/wp.unil.ch\/histoireparlesdonnees\/wp-json\/wp\/v2\/pages\/91"}],"wp:attachment":[{"href":"https:\/\/wp.unil.ch\/histoireparlesdonnees\/wp-json\/wp\/v2\/media?parent=205"}],"curies":[{"name":"wp","href":"https:\/\/api.w.org\/{rel}","templated":true}]}}