{"id":2044,"date":"2023-05-30T12:13:14","date_gmt":"2023-05-30T10:13:14","guid":{"rendered":"https:\/\/wp.unil.ch\/histoireparlesdonnees\/?page_id=2044"},"modified":"2024-05-28T10:50:06","modified_gmt":"2024-05-28T08:50:06","slug":"les-travaux-2022-2023","status":"publish","type":"page","link":"https:\/\/wp.unil.ch\/histoireparlesdonnees\/les-travaux-2022-2023\/","title":{"rendered":"Travaux 2022-2023"},"content":{"rendered":"\n<ul class=\"wp-block-list\">\n<li><a href=\"https:\/\/wp.unil.ch\/histoireparlesdonnees\/2023-expos-universelles\/\" target=\"_blank\" rel=\"noreferrer noopener\">Les expositions universelles dans la presse suisse et \u00e9trang\u00e8re aux XIXe-XXe si\u00e8cles.<\/a><\/li>\n\n\n\n<li><a href=\"https:\/\/wp.unil.ch\/histoireparlesdonnees\/2023-sport\/\" target=\"_blank\" rel=\"noreferrer noopener\">La place du sport dans la presse \u00e0 la lumi\u00e8re des Jeux Olympiques.<\/a><\/li>\n\n\n\n<li><a href=\"https:\/\/wp.unil.ch\/histoireparlesdonnees\/2023-churchill-discours\/\" target=\"_blank\" rel=\"noreferrer noopener\">Winston Churchill et ses discours dans la presse helv\u00e9tique<strong> <\/strong>(XX<sup>e<\/sup> si\u00e8cle).<\/a><\/li>\n\n\n\n<li><a href=\"https:\/\/wp.unil.ch\/histoireparlesdonnees\/2023-decolonisation-asie\/\" target=\"_blank\" rel=\"noreferrer noopener\">La couverture m\u00e9diatique des \u00e9pisodes de d\u00e9colonisation asiatiques (1920-1947)<\/a>.<\/li>\n\n\n\n<li><a href=\"https:\/\/wp.unil.ch\/histoireparlesdonnees\/2023-projet-europeen\/\" data-type=\"URL\">L&#8217;int\u00e9gration europ\u00e9enne de 1945 \u00e0 1998 \u00e0 travers les presses suisses et luxembourgeoises.<\/a><\/li>\n<\/ul>\n","protected":false},"excerpt":{"rendered":"","protected":false},"author":1002410,"featured_media":0,"parent":0,"menu_order":0,"comment_status":"closed","ping_status":"closed","template":"","meta":{"_seopress_robots_primary_cat":"","_seopress_titles_title":"","_seopress_titles_desc":"","_seopress_robots_index":"","footnotes":""},"class_list":["post-2044","page","type-page","status-publish"],"_links":{"self":[{"href":"https:\/\/wp.unil.ch\/histoireparlesdonnees\/wp-json\/wp\/v2\/pages\/2044","targetHints":{"allow":["GET"]}}],"collection":[{"href":"https:\/\/wp.unil.ch\/histoireparlesdonnees\/wp-json\/wp\/v2\/pages"}],"about":[{"href":"https:\/\/wp.unil.ch\/histoireparlesdonnees\/wp-json\/wp\/v2\/types\/page"}],"author":[{"embeddable":true,"href":"https:\/\/wp.unil.ch\/histoireparlesdonnees\/wp-json\/wp\/v2\/users\/1002410"}],"replies":[{"embeddable":true,"href":"https:\/\/wp.unil.ch\/histoireparlesdonnees\/wp-json\/wp\/v2\/comments?post=2044"}],"version-history":[{"count":1,"href":"https:\/\/wp.unil.ch\/histoireparlesdonnees\/wp-json\/wp\/v2\/pages\/2044\/revisions"}],"predecessor-version":[{"id":2454,"href":"https:\/\/wp.unil.ch\/histoireparlesdonnees\/wp-json\/wp\/v2\/pages\/2044\/revisions\/2454"}],"wp:attachment":[{"href":"https:\/\/wp.unil.ch\/histoireparlesdonnees\/wp-json\/wp\/v2\/media?parent=2044"}],"curies":[{"name":"wp","href":"https:\/\/api.w.org\/{rel}","templated":true}]}}